{"id":2212,"date":"2020-03-25T03:33:11","date_gmt":"2020-03-25T03:33:11","guid":{"rendered":"https:\/\/helpocharity.artureanec.com\/?page_id=28"},"modified":"2025-11-15T20:14:42","modified_gmt":"2025-11-15T19:14:42","slug":"contact","status":"publish","type":"page","link":"https:\/\/tva-foundation.org\/de\/contact\/","title":{"rendered":"Kontakt"},"content":{"rendered":"<div data-elementor-type=\"wp-page\" data-elementor-id=\"2212\" class=\"elementor elementor-2212\" data-elementor-post-type=\"page\">\n\t\t\t\t<div class=\"elementor-element elementor-element-fb1e1ad e-flex e-con-boxed e-con e-parent\" data-id=\"fb1e1ad\" data-element_type=\"container\" data-e-type=\"container\">\n\t\t\t\t\t<div class=\"e-con-inner\">\n\t\t\t\t<div class=\"elementor-element elementor-element-4088f73 elementor-widget elementor-widget-spacer\" data-id=\"4088f73\" data-element_type=\"widget\" data-e-type=\"widget\" data-widget_type=\"spacer.default\">\n\t\t\t\t<div class=\"elementor-widget-container\">\n\t\t\t\t\t\t\t<div class=\"elementor-spacer\">\n\t\t\t<div class=\"elementor-spacer-inner\"><\/div>\n\t\t<\/div>\n\t\t\t\t\t\t<\/div>\n\t\t\t\t<\/div>\n\t\t\t\t\t<\/div>\n\t\t\t\t<\/div>\n\t\t<div class=\"elementor-element elementor-element-c563899 e-flex e-con-boxed e-con e-parent\" data-id=\"c563899\" data-element_type=\"container\" data-e-type=\"container\">\n\t\t\t\t\t<div class=\"e-con-inner\">\n\t\t\t\t<div class=\"elementor-element elementor-element-517ccae elementor-widget elementor-widget-spacer\" data-id=\"517ccae\" data-element_type=\"widget\" data-e-type=\"widget\" data-widget_type=\"spacer.default\">\n\t\t\t\t<div class=\"elementor-widget-container\">\n\t\t\t\t\t\t\t<div class=\"elementor-spacer\">\n\t\t\t<div class=\"elementor-spacer-inner\"><\/div>\n\t\t<\/div>\n\t\t\t\t\t\t<\/div>\n\t\t\t\t<\/div>\n\t\t\t\t\t<\/div>\n\t\t\t\t<\/div>\n\t\t<div class=\"elementor-element elementor-element-5a7581c e-flex e-con-boxed e-con e-parent\" data-id=\"5a7581c\" data-element_type=\"container\" data-e-type=\"container\">\n\t\t\t\t\t<div class=\"e-con-inner\">\n\t\t\t\t<div class=\"elementor-element elementor-element-b3a79a0 elementor-widget elementor-widget-heading\" data-id=\"b3a79a0\" data-element_type=\"widget\" data-e-type=\"widget\" data-widget_type=\"heading.default\">\n\t\t\t\t<div class=\"elementor-widget-container\">\n\t\t\t\t\t<h4 class=\"elementor-heading-title elementor-size-default\">Nehmen Sie Kontakt mit uns auf<\/h4>\t\t\t\t<\/div>\n\t\t\t\t<\/div>\n\t\t\t\t\t<\/div>\n\t\t\t\t<\/div>\n\t\t<div class=\"elementor-element elementor-element-c3ad6e1 e-flex e-con-boxed e-con e-parent\" data-id=\"c3ad6e1\" data-element_type=\"container\" data-e-type=\"container\">\n\t\t\t\t\t<div class=\"e-con-inner\">\n\t\t\t\t<div class=\"elementor-element elementor-element-4ce82a3 elementor-widget elementor-widget-spacer\" data-id=\"4ce82a3\" data-element_type=\"widget\" data-e-type=\"widget\" data-widget_type=\"spacer.default\">\n\t\t\t\t<div class=\"elementor-widget-container\">\n\t\t\t\t\t\t\t<div class=\"elementor-spacer\">\n\t\t\t<div class=\"elementor-spacer-inner\"><\/div>\n\t\t<\/div>\n\t\t\t\t\t\t<\/div>\n\t\t\t\t<\/div>\n\t\t\t\t\t<\/div>\n\t\t\t\t<\/div>\n\t\t<div class=\"elementor-element elementor-element-bd09b6f e-flex e-con-boxed e-con e-parent\" data-id=\"bd09b6f\" data-element_type=\"container\" data-e-type=\"container\">\n\t\t\t\t\t<div class=\"e-con-inner\">\n\t\t\t\t<div class=\"elementor-element elementor-element-f831848 elementor-widget elementor-widget-helpo_button\" data-id=\"f831848\" data-element_type=\"widget\" data-e-type=\"widget\" data-widget_type=\"helpo_button.default\">\n\t\t\t\t<div class=\"elementor-widget-container\">\n\t\t\t\t\t\n        <div class=\"helpo_button_widget\">\n            <div class=\"helpo_button_container\">\n                <a class=\"helpo_button helpo_button--primary\" href=\"https:\/\/tva-foundation.org\/de\/team\/\" target=\"_blank\">OUR TEAM<\/a>\n            <\/div>\n        <\/div>\n        \t\t\t\t<\/div>\n\t\t\t\t<\/div>\n\t\t\t\t\t<\/div>\n\t\t\t\t<\/div>\n\t\t<div class=\"elementor-element elementor-element-c6531c1 e-flex e-con-boxed e-con e-parent\" data-id=\"c6531c1\" data-element_type=\"container\" data-e-type=\"container\">\n\t\t\t\t\t<div class=\"e-con-inner\">\n\t\t\t\t<div class=\"elementor-element elementor-element-bd4ef86 elementor-widget elementor-widget-spacer\" data-id=\"bd4ef86\" data-element_type=\"widget\" data-e-type=\"widget\" data-widget_type=\"spacer.default\">\n\t\t\t\t<div class=\"elementor-widget-container\">\n\t\t\t\t\t\t\t<div class=\"elementor-spacer\">\n\t\t\t<div class=\"elementor-spacer-inner\"><\/div>\n\t\t<\/div>\n\t\t\t\t\t\t<\/div>\n\t\t\t\t<\/div>\n\t\t\t\t\t<\/div>\n\t\t\t\t<\/div>\n\t\t<div class=\"elementor-element elementor-element-4d32820 e-flex e-con-boxed e-con e-parent\" data-id=\"4d32820\" data-element_type=\"container\" data-e-type=\"container\">\n\t\t\t\t\t<div class=\"e-con-inner\">\n\t\t\t\t<div class=\"elementor-element elementor-element-b313bff elementor-widget elementor-widget-text-editor\" data-id=\"b313bff\" data-element_type=\"widget\" data-e-type=\"widget\" data-widget_type=\"text-editor.default\">\n\t\t\t\t<div class=\"elementor-widget-container\">\n\t\t\t\t\t\t\t\t\t<p><strong>Wir w\u00fcrden uns freuen, von Ihnen zu h\u00f6ren!<\/strong> \u00a0Wenn Sie Fragen oder Anregungen haben oder einfach nur Hallo sagen m\u00f6chten, k\u00f6nnen Sie uns gerne kontaktieren.  Nutzen Sie das unten stehende Kontaktformular oder finden Sie unsere Kontaktdaten f\u00fcr eine direkte Verbindung.  Ihr Feedback und Ihre Anfragen sind uns wichtig, und wir freuen uns auf den Kontakt mit Ihnen.<\/p>\t\t\t\t\t\t\t\t<\/div>\n\t\t\t\t<\/div>\n\t\t\t\t\t<\/div>\n\t\t\t\t<\/div>\n\t\t\t\t<section class=\"elementor-section elementor-top-section elementor-element elementor-element-44d849ad elementor-section-boxed elementor-section-height-default elementor-section-height-default\" data-id=\"44d849ad\" data-element_type=\"section\" data-e-type=\"section\">\n\t\t\t\t\t\t<div class=\"elementor-container elementor-column-gap-default\">\n\t\t\t\t\t<div class=\"elementor-column elementor-col-25 elementor-top-column elementor-element elementor-element-7167d6a7\" data-id=\"7167d6a7\" data-element_type=\"column\" data-e-type=\"column\">\n\t\t\t<div class=\"elementor-widget-wrap elementor-element-populated\">\n\t\t\t\t\t\t<div class=\"elementor-element elementor-element-3162986b elementor-widget elementor-widget-helpo_icon_box\" data-id=\"3162986b\" data-element_type=\"widget\" data-e-type=\"widget\" data-widget_type=\"helpo_icon_box.default\">\n\t\t\t\t<div class=\"elementor-widget-container\">\n\t\t\t\t\t\n        <div class=\"helpo_icon_box_widget\">\n            <div class=\"helpo_icon_box_item\">\n                <div class=\"helpo_icon_container\">\n                    <svg class=\"icon\">\n    <svg viewbox=\"0 0 477 477\" id=\"location-pin\" xmlns=\"http:\/\/www.w3.org\/2000\/svg\"><path d=\"M238.4 0C133 0 47.2 85.8 47.2 191.2c0 12 1.1 24.1 3.4 35.9.1.7.5 2.8 1.3 6.4 2.9 12.9 7.2 25.6 12.8 37.7 20.6 48.5 65.9 123 165.3 202.8 2.5 2 5.5 3 8.5 3s6-1 8.5-3c99.3-79.8 144.7-154.3 165.3-202.8 5.6-12.1 9.9-24.7 12.8-37.7.8-3.6 1.2-5.7 1.3-6.4 2.2-11.8 3.4-23.9 3.4-35.9C429.6 85.8 343.8 0 238.4 0zm161.2 222.4c0 .2-.1.4-.1.6-.1.5-.4 2-.9 4.3v.2c-2.5 11.2-6.2 22.1-11.1 32.6-.1.1-.1.3-.2.4-18.7 44.3-59.7 111.9-148.9 185.6-89.2-73.7-130.2-141.3-148.9-185.6-.1-.1-.1-.3-.2-.4-4.8-10.4-8.5-21.4-11.1-32.6v-.2c-.6-2.3-.8-3.8-.9-4.3 0-.2-.1-.4-.1-.7-2-10.3-3-20.7-3-31.2 0-90.5 73.7-164.2 164.2-164.2s164.2 73.7 164.2 164.2c0 10.6-1 21.1-3 31.3z\"><\/path><path d=\"M238.4 71.9c-66.9 0-121.4 54.5-121.4 121.4s54.5 121.4 121.4 121.4 121.4-54.5 121.4-121.4S305.3 71.9 238.4 71.9zm0 215.8c-52.1 0-94.4-42.4-94.4-94.4s42.4-94.4 94.4-94.4 94.4 42.4 94.4 94.4-42.3 94.4-94.4 94.4z\"><\/path><\/svg>\n<\/svg>                <\/div>\n\n                \n                                    <div class=\"helpo_info_container\">\n                                                        <p>Radetzkystrasse 22\/12 - 1030 Wien - \u00d6sterreich<\/p>\n                                                    <\/div>\n                                <\/div>\n        <\/div>\n        \t\t\t\t<\/div>\n\t\t\t\t<\/div>\n\t\t\t\t\t<\/div>\n\t\t<\/div>\n\t\t\t\t<div class=\"elementor-column elementor-col-25 elementor-top-column elementor-element elementor-element-511a7d13\" data-id=\"511a7d13\" data-element_type=\"column\" data-e-type=\"column\">\n\t\t\t<div class=\"elementor-widget-wrap elementor-element-populated\">\n\t\t\t\t\t\t<div class=\"elementor-element elementor-element-1ba4a4f1 elementor-widget elementor-widget-helpo_icon_box\" data-id=\"1ba4a4f1\" data-element_type=\"widget\" data-e-type=\"widget\" data-widget_type=\"helpo_icon_box.default\">\n\t\t\t\t<div class=\"elementor-widget-container\">\n\t\t\t\t\t\n        <div class=\"helpo_icon_box_widget\">\n            <div class=\"helpo_icon_box_item\">\n                <div class=\"helpo_icon_container\">\n                    <svg class=\"icon\">\n    <svg viewbox=\"0 0 473.806 473.806\" id=\"phone-call\" xmlns=\"http:\/\/www.w3.org\/2000\/svg\"><path d=\"M374.456 293.506c-9.7-10.1-21.4-15.5-33.8-15.5-12.3 0-24.1 5.3-34.2 15.4l-31.6 31.5c-2.6-1.4-5.2-2.7-7.7-4-3.6-1.8-7-3.5-9.9-5.3-29.6-18.8-56.5-43.3-82.3-75-12.5-15.8-20.9-29.1-27-42.6 8.2-7.5 15.8-15.3 23.2-22.8 2.8-2.8 5.6-5.7 8.4-8.5 21-21 21-48.2 0-69.2l-27.3-27.3c-3.1-3.1-6.3-6.3-9.3-9.5-6-6.2-12.3-12.6-18.8-18.6-9.7-9.6-21.3-14.7-33.5-14.7s-24 5.1-34 14.7l-.2.2-34 34.3c-12.8 12.8-20.1 28.4-21.7 46.5-2.4 29.2 6.2 56.4 12.8 74.2 16.2 43.7 40.4 84.2 76.5 127.6 43.8 52.3 96.5 93.6 156.7 122.7 23 10.9 53.7 23.8 88 26 2.1.1 4.3.2 6.3.2 23.1 0 42.5-8.3 57.7-24.8.1-.2.3-.3.4-.5 5.2-6.3 11.2-12 17.5-18.1 4.3-4.1 8.7-8.4 13-12.9 9.9-10.3 15.1-22.3 15.1-34.6 0-12.4-5.3-24.3-15.4-34.3l-54.9-55.1zm35.8 105.3c-.1 0-.1.1 0 0-3.9 4.2-7.9 8-12.2 12.2-6.5 6.2-13.1 12.7-19.3 20-10.1 10.8-22 15.9-37.6 15.9-1.5 0-3.1 0-4.6-.1-29.7-1.9-57.3-13.5-78-23.4-56.6-27.4-106.3-66.3-147.6-115.6-34.1-41.1-56.9-79.1-72-119.9-9.3-24.9-12.7-44.3-11.2-62.6 1-11.7 5.5-21.4 13.8-29.7l34.1-34.1c4.9-4.6 10.1-7.1 15.2-7.1 6.3 0 11.4 3.8 14.6 7l.3.3c6.1 5.7 11.9 11.6 18 17.9 3.1 3.2 6.3 6.4 9.5 9.7l27.3 27.3c10.6 10.6 10.6 20.4 0 31-2.9 2.9-5.7 5.8-8.6 8.6-8.4 8.6-16.4 16.6-25.1 24.4-.2.2-.4.3-.5.5-8.6 8.6-7 17-5.2 22.7l.3.9c7.1 17.2 17.1 33.4 32.3 52.7l.1.1c27.6 34 56.7 60.5 88.8 80.8 4.1 2.6 8.3 4.7 12.3 6.7 3.6 1.8 7 3.5 9.9 5.3.4.2.8.5 1.2.7 3.4 1.7 6.6 2.5 9.9 2.5 8.3 0 13.5-5.2 15.2-6.9l34.2-34.2c3.4-3.4 8.8-7.5 15.1-7.5 6.2 0 11.3 3.9 14.4 7.3l.2.2 55.1 55.1c10.3 10.2 10.3 20.7.1 31.3zm-154.2-286.1c26.2 4.4 50 16.8 69 35.8s31.3 42.8 35.8 69c1.1 6.6 6.8 11.2 13.3 11.2.8 0 1.5-.1 2.3-.2 7.4-1.2 12.3-8.2 11.1-15.6-5.4-31.7-20.4-60.6-43.3-83.5s-51.8-37.9-83.5-43.3c-7.4-1.2-14.3 3.7-15.6 11s3.5 14.4 10.9 15.6zm217.2 96.3c-8.9-52.2-33.5-99.7-71.3-137.5s-85.3-62.4-137.5-71.3c-7.3-1.3-14.2 3.7-15.5 11-1.2 7.4 3.7 14.3 11.1 15.6 46.6 7.9 89.1 30 122.9 63.7 33.8 33.8 55.8 76.3 63.7 122.9 1.1 6.6 6.8 11.2 13.3 11.2.8 0 1.5-.1 2.3-.2 7.3-1.1 12.3-8.1 11-15.4z\"\/><\/svg>\n<\/svg>                <\/div>\n\n                \n                                    <div class=\"helpo_info_container\">\n                                                        <p>Telefon: <a href=\"tel:+43 1 286 2791\">+43 1 286 2791<\/a><br><a href=\"tel:+31859644725\"> <\/a><\/p>\n                                                    <\/div>\n                                <\/div>\n        <\/div>\n        \t\t\t\t<\/div>\n\t\t\t\t<\/div>\n\t\t\t\t\t<\/div>\n\t\t<\/div>\n\t\t\t\t<div class=\"elementor-column elementor-col-25 elementor-top-column elementor-element elementor-element-43f8bc55\" data-id=\"43f8bc55\" data-element_type=\"column\" data-e-type=\"column\">\n\t\t\t<div class=\"elementor-widget-wrap elementor-element-populated\">\n\t\t\t\t\t\t<div class=\"elementor-element elementor-element-6a73f222 elementor-widget elementor-widget-helpo_icon_box\" data-id=\"6a73f222\" data-element_type=\"widget\" data-e-type=\"widget\" data-widget_type=\"helpo_icon_box.default\">\n\t\t\t\t<div class=\"elementor-widget-container\">\n\t\t\t\t\t\n        <div class=\"helpo_icon_box_widget\">\n            <div class=\"helpo_icon_box_item\">\n                <div class=\"helpo_icon_container\">\n                    <svg class=\"icon\">\n    <svg viewbox=\"0 0 483.3 483.3\" id=\"envelope\" xmlns=\"http:\/\/www.w3.org\/2000\/svg\"><path d=\"M424.3 57.75H59.1c-32.6 0-59.1 26.5-59.1 59.1v249.6c0 32.6 26.5 59.1 59.1 59.1h365.1c32.6 0 59.1-26.5 59.1-59.1v-249.5c.1-32.6-26.4-59.2-59-59.2zm32.1 308.7c0 17.7-14.4 32.1-32.1 32.1H59.1c-17.7 0-32.1-14.4-32.1-32.1v-249.5c0-17.7 14.4-32.1 32.1-32.1h365.1c17.7 0 32.1 14.4 32.1 32.1v249.5h.1z\"\/><path d=\"M304.8 238.55l118.2-106c5.5-5 6-13.5 1-19.1-5-5.5-13.5-6-19.1-1l-163 146.3-31.8-28.4c-.1-.1-.2-.2-.2-.3-.7-.7-1.4-1.3-2.2-1.9L78.3 112.35c-5.6-5-14.1-4.5-19.1 1.1-5 5.6-4.5 14.1 1.1 19.1l119.6 106.9-119.1 111.5c-5.4 5.1-5.7 13.6-.6 19.1 2.7 2.8 6.3 4.3 9.9 4.3 3.3 0 6.6-1.2 9.2-3.6l120.9-113.1 32.8 29.3c2.6 2.3 5.8 3.4 9 3.4s6.5-1.2 9-3.5l33.7-30.2 120.2 114.2c2.6 2.5 6 3.7 9.3 3.7 3.6 0 7.1-1.4 9.8-4.2 5.1-5.4 4.9-14-.5-19.1l-118.7-112.7z\"\/><\/svg>\n<\/svg>                <\/div>\n\n                \n                                    <div class=\"helpo_info_container\">\n                                                        <p><a href=\"mailto:saveasoul@tvafoundation.org\">SaveASoul@TvAFoundation.org<\/a><\/p>\n                                                    <\/div>\n                                <\/div>\n        <\/div>\n        \t\t\t\t<\/div>\n\t\t\t\t<\/div>\n\t\t\t\t\t<\/div>\n\t\t<\/div>\n\t\t\t\t<div class=\"elementor-column elementor-col-25 elementor-top-column elementor-element elementor-element-f37c136\" data-id=\"f37c136\" data-element_type=\"column\" data-e-type=\"column\">\n\t\t\t<div class=\"elementor-widget-wrap elementor-element-populated\">\n\t\t\t\t\t\t<div class=\"elementor-element elementor-element-44f4f3c8 elementor-widget elementor-widget-helpo_icon_box\" data-id=\"44f4f3c8\" data-element_type=\"widget\" data-e-type=\"widget\" data-widget_type=\"helpo_icon_box.default\">\n\t\t\t\t<div class=\"elementor-widget-container\">\n\t\t\t\t\t\n        <div class=\"helpo_icon_box_widget\">\n            <div class=\"helpo_icon_box_item\">\n                <div class=\"helpo_icon_container\">\n                    <svg class=\"icon\">\n    <svg viewbox=\"0 0 481.6 481.6\" id=\"share\" xmlns=\"http:\/\/www.w3.org\/2000\/svg\"><path d=\"M381.6 309.4c-27.7 0-52.4 13.2-68.2 33.6l-132.3-73.9c3.1-8.9 4.8-18.5 4.8-28.4 0-10-1.7-19.5-4.9-28.5l132.2-73.8c15.7 20.5 40.5 33.8 68.3 33.8 47.4 0 86.1-38.6 86.1-86.1S429 0 381.5 0s-86.1 38.6-86.1 86.1c0 10 1.7 19.6 4.9 28.5l-132.1 73.8c-15.7-20.6-40.5-33.8-68.3-33.8-47.4 0-86.1 38.6-86.1 86.1s38.7 86.1 86.2 86.1c27.8 0 52.6-13.3 68.4-33.9l132.2 73.9c-3.2 9-5 18.7-5 28.7 0 47.4 38.6 86.1 86.1 86.1s86.1-38.6 86.1-86.1-38.7-86.1-86.2-86.1zm0-282.3c32.6 0 59.1 26.5 59.1 59.1s-26.5 59.1-59.1 59.1-59.1-26.5-59.1-59.1 26.6-59.1 59.1-59.1zM100 299.8c-32.6 0-59.1-26.5-59.1-59.1s26.5-59.1 59.1-59.1 59.1 26.5 59.1 59.1-26.6 59.1-59.1 59.1zm281.6 154.7c-32.6 0-59.1-26.5-59.1-59.1s26.5-59.1 59.1-59.1 59.1 26.5 59.1 59.1-26.5 59.1-59.1 59.1z\"\/><\/svg>\n<\/svg>                <\/div>\n\n                \n                                    <div class=\"helpo_info_container\">\n                                                        <ul class=\"helpo_icon_box_socials\">\n                                    \n                                        <li>\n                                            <a href=\"https:\/\/www.facebook.com\/tvafoundation\" target=\"_blank\" rel=\"noopener\"><i class=\"fab fa-facebook-f\"><\/i><\/a>\n                                        <\/li>\n                                        \n                                        <li>\n                                            <a href=\"https:\/\/www.instagram.com\/tva.foundation\" target=\"_blank\" rel=\"noopener\"><i class=\"fab fa-instagram\"><\/i><\/a>\n                                        <\/li>\n                                        \n                                        <li>\n                                            <a href=\"https:\/\/youtube.com\/@tvafoundation\" target=\"_blank\" rel=\"noopener\"><i class=\"fab fa-youtube\"><\/i><\/a>\n                                        <\/li>\n                                        \n                                        <li>\n                                            <a href=\"https:\/\/www.linkedin.com\/company\/tvafoundation\/\" target=\"_blank\" rel=\"noopener\"><i class=\"fab fa-linkedin-in\"><\/i><\/a>\n                                        <\/li>\n                                                                        <\/ul>\n                                                    <\/div>\n                                <\/div>\n        <\/div>\n        \t\t\t\t<\/div>\n\t\t\t\t<\/div>\n\t\t\t\t\t<\/div>\n\t\t<\/div>\n\t\t\t\t\t<\/div>\n\t\t<\/section>\n\t\t\t\t<section class=\"elementor-section elementor-top-section elementor-element elementor-element-32bd92a4 elementor-section-boxed elementor-section-height-default elementor-section-height-default\" data-id=\"32bd92a4\" data-element_type=\"section\" data-e-type=\"section\">\n\t\t\t\t\t\t<div class=\"elementor-container elementor-column-gap-default\">\n\t\t\t\t\t<div class=\"elementor-column elementor-col-50 elementor-top-column elementor-element elementor-element-33be8bd8\" data-id=\"33be8bd8\" data-element_type=\"column\" data-e-type=\"column\">\n\t\t\t<div class=\"elementor-widget-wrap elementor-element-populated\">\n\t\t\t\t\t\t<div class=\"elementor-element elementor-element-0119a21 elementor-widget elementor-widget-google_maps\" data-id=\"0119a21\" data-element_type=\"widget\" data-e-type=\"widget\" data-widget_type=\"google_maps.default\">\n\t\t\t\t<div class=\"elementor-widget-container\">\n\t\t\t\t\t\t\t<div class=\"elementor-custom-embed\">\n\t\t\t<iframe loading=\"lazy\"\n\t\t\t\t\tsrc=\"https:\/\/maps.google.com\/maps?q=Radetzkystrasse%2022%2F12%20-%201030%20Vienna%20-%20Austria&#038;t=m&#038;z=10&#038;output=embed&#038;iwloc=near\"\n\t\t\t\t\ttitle=\"Radetzkystrasse 22\/12 - 1030 Wien - \u00d6sterreich\"\n\t\t\t\t\taria-label=\"Radetzkystrasse 22\/12 - 1030 Wien - \u00d6sterreich\"\n\t\t\t><\/iframe>\n\t\t<\/div>\n\t\t\t\t\t\t<\/div>\n\t\t\t\t<\/div>\n\t\t\t\t\t<\/div>\n\t\t<\/div>\n\t\t\t\t<div class=\"elementor-column elementor-col-50 elementor-top-column elementor-element elementor-element-3dd74321\" data-id=\"3dd74321\" data-element_type=\"column\" data-e-type=\"column\">\n\t\t\t<div class=\"elementor-widget-wrap elementor-element-populated\">\n\t\t\t\t\t\t<div class=\"elementor-element elementor-element-77c2d5d7 elementor-widget elementor-widget-heading\" data-id=\"77c2d5d7\" data-element_type=\"widget\" data-e-type=\"widget\" data-widget_type=\"heading.default\">\n\t\t\t\t<div class=\"elementor-widget-container\">\n\t\t\t\t\t<h6 class=\"elementor-heading-title elementor-size-default\">Nachricht senden<\/h6>\t\t\t\t<\/div>\n\t\t\t\t<\/div>\n\t\t\t\t<div class=\"elementor-element elementor-element-15692420 elementor-widget elementor-widget-text-editor\" data-id=\"15692420\" data-element_type=\"widget\" data-e-type=\"widget\" data-widget_type=\"text-editor.default\">\n\t\t\t\t<div class=\"elementor-widget-container\">\n\t\t\t\t\t\t\t\t\t<p>* Die folgenden Angaben sind erforderlich<\/p>\t\t\t\t\t\t\t\t<\/div>\n\t\t\t\t<\/div>\n\t\t\t\t<div class=\"elementor-element elementor-element-1f1bd3a6 elementor-widget elementor-widget-shortcode\" data-id=\"1f1bd3a6\" data-element_type=\"widget\" data-e-type=\"widget\" data-widget_type=\"shortcode.default\">\n\t\t\t\t<div class=\"elementor-widget-container\">\n\t\t\t\t\t\t\t<div class=\"elementor-shortcode\">\n<div class=\"wpcf7 no-js\" id=\"wpcf7-f2218-o1\" lang=\"en-US\" dir=\"ltr\" data-wpcf7-id=\"2218\">\n<div class=\"screen-reader-response\"><p role=\"status\" aria-live=\"polite\" aria-atomic=\"true\"><\/p> <ul><\/ul><\/div>\n<form action=\"\/de\/wp-json\/wp\/v2\/pages\/2212#wpcf7-f2218-o1\" method=\"post\" class=\"wpcf7-form init\" aria-label=\"Contact form\" novalidate=\"novalidate\" data-status=\"init\" data-trp-original-action=\"\/de\/wp-json\/wp\/v2\/pages\/2212#wpcf7-f2218-o1\">\n<fieldset class=\"hidden-fields-container\"><input type=\"hidden\" name=\"_wpcf7\" value=\"2218\" \/><input type=\"hidden\" name=\"_wpcf7_version\" value=\"6.1.5\" \/><input type=\"hidden\" name=\"_wpcf7_locale\" value=\"en_US\" \/><input type=\"hidden\" name=\"_wpcf7_unit_tag\" value=\"wpcf7-f2218-o1\" \/><input type=\"hidden\" name=\"_wpcf7_container_post\" value=\"0\" \/><input type=\"hidden\" name=\"_wpcf7_posted_data_hash\" value=\"\" \/>\n<\/fieldset>\n<div class=\"row\">\n\t<div class=\"col-6\">\n\t\t<p><span class=\"wpcf7-form-control-wrap\" data-name=\"first-name\"><input size=\"40\" maxlength=\"400\" class=\"wpcf7-form-control wpcf7-text wpcf7-validates-as-required form__field helpo_contacts_form\" aria-required=\"true\" aria-invalid=\"false\" placeholder=\"Vorname*\" value=\"\" type=\"text\" name=\"first-name\" \/><\/span><span class=\"wpcf7-form-control-wrap\" data-name=\"your-email\"><input size=\"40\" maxlength=\"400\" class=\"wpcf7-form-control wpcf7-email wpcf7-validates-as-required wpcf7-text wpcf7-validates-as-email form__field helpo_contacts_form\" aria-required=\"true\" aria-invalid=\"false\" placeholder=\"E-Mail*\" value=\"\" type=\"email\" name=\"your-email\" \/><\/span>\n\t\t<\/p>\n\t<\/div>\n\t<div class=\"col-6\">\n\t\t<p><span class=\"wpcf7-form-control-wrap\" data-name=\"last-name\"><input size=\"40\" maxlength=\"400\" class=\"wpcf7-form-control wpcf7-text wpcf7-validates-as-required form__field helpo_contacts_form\" aria-required=\"true\" aria-invalid=\"false\" placeholder=\"Nachname*\" value=\"\" type=\"text\" name=\"last-name\" \/><\/span><span class=\"wpcf7-form-control-wrap\" data-name=\"phone\"><input size=\"40\" maxlength=\"400\" class=\"wpcf7-form-control wpcf7-tel wpcf7-text wpcf7-validates-as-tel form__field helpo_contacts_form\" aria-invalid=\"false\" placeholder=\"Telefon\" value=\"\" type=\"tel\" name=\"phone\" \/><\/span>\n\t\t<\/p>\n\t<\/div>\n\t<div class=\"col-12\">\n\t\t<p><span class=\"wpcf7-form-control-wrap\" data-name=\"message\"><textarea cols=\"40\" rows=\"10\" maxlength=\"2000\" class=\"wpcf7-form-control wpcf7-textarea form__field form__message helpo_contacts_form\" aria-invalid=\"false\" placeholder=\"Nachricht\" name=\"message\"><\/textarea><\/span><br \/>\n<span class=\"wpcf7-form-control-wrap\" data-name=\"hcap-cf7\">\t\t<input\n\t\t\t\ttype=\"hidden\"\n\t\t\t\tclass=\"hcaptcha-widget-id\"\n\t\t\t\tname=\"hcaptcha-widget-id\"\n\t\t\t\tvalue=\"eyJzb3VyY2UiOlsiY29udGFjdC1mb3JtLTdcL3dwLWNvbnRhY3QtZm9ybS03LnBocCJdLCJmb3JtX2lkIjoyNjIwfQ==-3c5143412a22fa93b5e1cab6592693a3\">\n\t\t\t\t<span id=\"hcap_cf7-69d62fc5071384.00061711\" class=\"wpcf7-form-control h-captcha\"\n\t\t\tdata-sitekey=\"96464ff8-63f0-4b3e-b142-8ea80bb06e94\"\n\t\t\tdata-theme=\"light\"\n\t\t\tdata-size=\"normal\"\n\t\t\tdata-auto=\"false\"\n\t\t\tdata-ajax=\"false\"\n\t\t\tdata-force=\"false\">\n\t\t<\/span>\n\t\t<input type=\"hidden\" id=\"_wpnonce\" name=\"_wpnonce\" value=\"81937887c5\" \/><input type=\"hidden\" name=\"_wp_http_referer\" value=\"\/de\/wp-json\/wp\/v2\/pages\/2212\" \/><\/span><input class=\"wpcf7-form-control wpcf7-submit has-spinner form__submit helpo_contacts_form\" type=\"submit\" value=\"Nachricht senden\" \/>\n\t\t<\/p>\n\t<\/div>\n<\/div><p style=\"display: none !important;\" class=\"akismet-fields-container\" data-prefix=\"_wpcf7_ak_\"><label>\u0394<textarea name=\"_wpcf7_ak_hp_textarea\" cols=\"45\" rows=\"8\" maxlength=\"100\"><\/textarea><\/label><input type=\"hidden\" id=\"ak_js_1\" name=\"_wpcf7_ak_js\" value=\"171\"\/><script>document.getElementById( \"ak_js_1\" ).setAttribute( \"value\", ( new Date() ).getTime() );<\/script><\/p><div class=\"wpcf7-response-output\" aria-hidden=\"true\"><\/div>\n<input type=\"hidden\" name=\"trp-form-language\" value=\"de\"\/><\/form>\n<\/div>\n<\/div>\n\t\t\t\t\t\t<\/div>\n\t\t\t\t<\/div>\n\t\t\t\t\t<\/div>\n\t\t<\/div>\n\t\t\t\t\t<\/div>\n\t\t<\/section>\n\t\t\t\t<\/div>","protected":false},"excerpt":{"rendered":"<p>Get in Touch with Us We&#8217;d love to hear from you! \u00a0Whether you have questions, suggestions, or just want to say hello, feel free to reach out. \u00a0Use the Contact Form below or find our contact details for a direct connection. \u00a0Your feedback and inquiries are important to us, and we look forward to connecting [&hellip;]<\/p>\n","protected":false},"author":38320787,"featured_media":20271,"parent":0,"menu_order":0,"comment_status":"closed","ping_status":"closed","template":"","meta":{"jetpack_post_was_ever_published":false,"footnotes":""},"class_list":["post-2212","page","type-page","status-publish","has-post-thumbnail","hentry"],"jetpack_likes_enabled":true,"jetpack_sharing_enabled":true,"jetpack_shortlink":"https:\/\/wp.me\/Pf58jH-zG","jetpack-related-posts":[],"_links":{"self":[{"href":"https:\/\/tva-foundation.org\/de\/wp-json\/wp\/v2\/pages\/2212","targetHints":{"allow":["GET"]}}],"collection":[{"href":"https:\/\/tva-foundation.org\/de\/wp-json\/wp\/v2\/pages"}],"about":[{"href":"https:\/\/tva-foundation.org\/de\/wp-json\/wp\/v2\/types\/page"}],"author":[{"embeddable":true,"href":"https:\/\/tva-foundation.org\/de\/wp-json\/wp\/v2\/users\/38320787"}],"replies":[{"embeddable":true,"href":"https:\/\/tva-foundation.org\/de\/wp-json\/wp\/v2\/comments?post=2212"}],"version-history":[{"count":100,"href":"https:\/\/tva-foundation.org\/de\/wp-json\/wp\/v2\/pages\/2212\/revisions"}],"predecessor-version":[{"id":21749,"href":"https:\/\/tva-foundation.org\/de\/wp-json\/wp\/v2\/pages\/2212\/revisions\/21749"}],"wp:featuredmedia":[{"embeddable":true,"href":"https:\/\/tva-foundation.org\/de\/wp-json\/wp\/v2\/media\/20271"}],"wp:attachment":[{"href":"https:\/\/tva-foundation.org\/de\/wp-json\/wp\/v2\/media?parent=2212"}],"curies":[{"name":"wp","href":"https:\/\/api.w.org\/{rel}","templated":true}]}}