{"id":23162,"date":"2026-03-12T15:05:56","date_gmt":"2026-03-12T14:05:56","guid":{"rendered":"https:\/\/tva-foundation.org\/?page_id=23162"},"modified":"2026-05-05T09:46:10","modified_gmt":"2026-05-05T07:46:10","slug":"visionary-voice","status":"publish","type":"page","link":"https:\/\/tva-foundation.org\/de\/visionary-voice\/","title":{"rendered":"Vision\u00e4re Stimme"},"content":{"rendered":"<div data-elementor-type=\"wp-page\" data-elementor-id=\"23162\" class=\"elementor elementor-23162\" data-elementor-post-type=\"page\">\n\t\t\t\t<div class=\"elementor-element elementor-element-b4525a6 e-flex e-con-boxed e-con e-parent\" data-id=\"b4525a6\" data-element_type=\"container\" data-e-type=\"container\">\n\t\t\t\t\t<div class=\"e-con-inner\">\n\t\t\t\t<div class=\"elementor-element elementor-element-859e2b6 elementor-widget elementor-widget-helpo_image\" data-id=\"859e2b6\" data-element_type=\"widget\" data-e-type=\"widget\" data-widget_type=\"helpo_image.default\">\n\t\t\t\t<div class=\"elementor-widget-container\">\n\t\t\t\t\t\n        <div class=\"helpo_image_widget\">\n            <div class=\"helpo_image_container helpo_bg_image_position_center_center\">\n                <img class=\"helpo_image_widget_main_image\" src=\"https:\/\/tva-foundation.org\/wp-content\/uploads\/2026\/03\/Image-10.jpeg\" alt=\"TvA International Foundation\" \/>\n\n                            <\/div>\n        <\/div>\n        \t\t\t\t<\/div>\n\t\t\t\t<\/div>\n\t\t\t\t\t<\/div>\n\t\t\t\t<\/div>\n\t\t<div class=\"elementor-element elementor-element-3918839 e-flex e-con-boxed e-con e-parent\" data-id=\"3918839\" data-element_type=\"container\" data-e-type=\"container\">\n\t\t\t\t\t<div class=\"e-con-inner\">\n\t\t\t\t<div class=\"elementor-element elementor-element-afd0971 elementor-widget elementor-widget-text-editor\" data-id=\"afd0971\" data-element_type=\"widget\" data-e-type=\"widget\" data-widget_type=\"text-editor.default\">\n\t\t\t\t<div class=\"elementor-widget-container\">\n\t\t\t\t\t\t\t\t\t<h6>\u00a0<\/h6><h6 style=\"text-align: center;\">F\u00fcrstin Theodora von Auersperg - Eine vision\u00e4re Stimme zu Menschlichkeit und F\u00fchrung<\/h6><p style=\"text-align: left;\"><strong>Prinzessin Theodora von Auersperg ist eine vision\u00e4re Stimme zum Thema Menschlichkeit und F\u00fchrung, die sich der F\u00f6rderung von Mitgef\u00fchl, kulturellem Dialog und verantwortungsvoller F\u00fchrung in einer sich ver\u00e4ndernden Welt verschrieben hat. Sie erforscht die tieferen Kr\u00e4fte, die unsere Gesellschaften, unsere Verantwortung und die Zukunft, die wir gemeinsam gestalten, formen.<\/strong><\/p><p>Als Gr\u00fcnder und CEO der <a href=\"chatgpt:\/\/generic-entity?number=0\">Internationale Stiftung Theodora von Auersperg<\/a>, Sie widmet sich der F\u00f6rderung einer globalen Kultur des Mitgef\u00fchls, der ethischen F\u00fchrung und des menschenzentrierten Fortschritts. Ihre Arbeit bringt Philanthropie, Kultur und soziale Verantwortung zusammen und schafft Plattformen, die den Dialog, die Zusammenarbeit und sinnvolles Handeln f\u00f6rdern.<\/p><p>Durch Initiativen wie <a href=\"chatgpt:\/\/generic-entity?number=1\">Esperanza for Life<\/a>, Sie setzt sich f\u00fcr eine Welt ein, in der Hoffnung, Empathie und Verantwortung zentrale S\u00e4ulen des menschlichen Fortschritts bleiben.<\/p><p>Die Grundsatzreden von Prinzessin Theodora verbinden philosophische \u00dcberlegungen mit praktischen Einsichten und laden die Zuh\u00f6rer ein, die Rolle von Menschlichkeit, F\u00fchrung und Gewissen in einer Zeit des raschen technologischen Wandels und der globalen Transformation zu \u00fcberdenken.<\/p><p>Ihre Vortr\u00e4ge behandeln Themen wie:<\/p><ul><li>Die Zukunft der menschlichen Intelligenz im Zeitalter der k\u00fcnstlichen Intelligenz<\/li><li>Innere F\u00fchrung und die Souver\u00e4nit\u00e4t der Gedanken<\/li><li>Mitgef\u00fchl und Verantwortung als Leitbilder f\u00fcr die Gesellschaft<\/li><li>Die Rolle von Kultur und Philanthropie bei der Gestaltung einer menschlicheren Welt<\/li><\/ul><p>Mit ihrer Stimme, die intellektuelle Reflexion und humanit\u00e4re Ziele miteinander verbindet, inspiriert Prinzessin Theodora ihr Publikum auf internationalen Foren, F\u00fchrungsgipfeln, kulturellen Institutionen und philanthropischen Veranstaltungen.<\/p><p><strong>Ihre Botschaft<\/strong> ist einfach und doch tiefgr\u00fcndig:<\/p><p><strong><span style=\"color: #d5b448;\">\u201cDie Zukunft unserer Welt wird letztlich nicht durch die Technologie, sondern durch die Tiefe unserer Menschlichkeit bestimmt werden.\u201d<\/span><\/strong><\/p><p><img fetchpriority=\"high\" data-attachment-id=\"23139\" data-permalink=\"https:\/\/tva-foundation.org\/de\/familycrest\/\" data-orig-file=\"https:\/\/tva-foundation.org\/wp-content\/uploads\/2026\/03\/familycrest.jpeg\" data-orig-size=\"260,315\" data-comments-opened=\"1\" data-image-meta=\"{&quot;aperture&quot;:&quot;0&quot;,&quot;credit&quot;:&quot;&quot;,&quot;camera&quot;:&quot;&quot;,&quot;caption&quot;:&quot;&quot;,&quot;created_timestamp&quot;:&quot;0&quot;,&quot;copyright&quot;:&quot;&quot;,&quot;focal_length&quot;:&quot;0&quot;,&quot;iso&quot;:&quot;0&quot;,&quot;shutter_speed&quot;:&quot;0&quot;,&quot;title&quot;:&quot;&quot;,&quot;orientation&quot;:&quot;0&quot;}\" data-image-title=\"TvA Crest\" data-image-description=\"\" data-image-caption=\"\" data-large-file=\"https:\/\/tva-foundation.org\/wp-content\/uploads\/2026\/03\/familycrest.jpeg\" class=\"size-medium wp-image-23139 aligncenter\" src=\"https:\/\/tva-foundation.org\/wp-content\/uploads\/2026\/03\/familycrest-248x300.jpeg\" alt=\"TvA International Foundation\" width=\"248\" height=\"300\" srcset=\"https:\/\/tva-foundation.org\/wp-content\/uploads\/2026\/03\/familycrest-248x300.jpeg 248w, https:\/\/tva-foundation.org\/wp-content\/uploads\/2026\/03\/familycrest-10x12.jpeg 10w, https:\/\/tva-foundation.org\/wp-content\/uploads\/2026\/03\/familycrest.jpeg 260w\" sizes=\"(max-width: 248px) 100vw, 248px\" \/><\/p><h5 style=\"text-align: center;\">Grundsatzreferate von F\u00fcrstin Theodora von Auersperg<\/h5><p style=\"text-align: center;\"><strong><em>Eine vision\u00e4re Stimme zu Menschlichkeit und F\u00fchrung<\/em><\/strong><\/p><p>Prinzessin Theodora von Auersperg h\u00e4lt Grundsatzreden, die sich mit der Rolle menschlicher Werte, Verantwortung und F\u00fchrung bei der Gestaltung der Zukunft unserer Gesellschaft befassen.<\/p><p>Ihre Vortr\u00e4ge laden die Zuh\u00f6rer ein, \u00fcber die tieferen Kr\u00e4fte nachzudenken, die den Fortschritt bestimmen - nicht nur \u00fcber den technologischen Fortschritt, sondern auch \u00fcber die dauerhafte Kraft des Mitgef\u00fchls, des Gewissens und der menschlichen Verbindung.<\/p><h6>1. Hoffnung, Mitgef\u00fchl und die Zukunft der Menschheit<\/h6><p><strong>Flaggschiff-Keynote<\/strong><\/p><p>In einer Welt, die zunehmend von technologischer Beschleunigung und globaler Ungewissheit gepr\u00e4gt ist, bleibt die wichtigste Frage zutiefst menschlich: Welche Art von Zukunft wollen wir gestalten?<\/p><p>In dieser Grundsatzrede wird er\u00f6rtert, warum Hoffnung und Mitgef\u00fchl keine sentimentalen Ideale sind, sondern wesentliche Kr\u00e4fte, die eine widerstandsf\u00e4hige Gesellschaft und eine verantwortungsvolle F\u00fchrung formen. Durch philosophische \u00dcberlegungen und Perspektiven aus der Praxis l\u00e4dt Prinzessin Theodora die Zuh\u00f6rer ein, die Rolle von Empathie, Verantwortung und geteilter Menschlichkeit f\u00fcr die Zukunft unserer Welt zu \u00fcberdenken.<\/p><h6>2. Die Souver\u00e4nit\u00e4t des Denkens: Innere F\u00fchrung in einer lauten Welt<\/h6><p>Wahre F\u00fchrung beginnt nicht mit Autorit\u00e4t, sondern mit der F\u00e4higkeit, unabh\u00e4ngig zu denken.<\/p><p>In dieser Keynote geht es um die Bedeutung intellektueller Unabh\u00e4ngigkeit, klarer Werte und innerer F\u00fchrung in einer Zeit, in der Meinungen im \u00dcberfluss vorhanden sind, aber Reflexion selten ist. Sie fordert die Zuh\u00f6rer auf, die Souver\u00e4nit\u00e4t ihres eigenen Denkens zur\u00fcckzuerobern.<\/p><h6>3. Wenn Intelligenz ein Herz braucht<\/h6><p>Menschliche Werte im Zeitalter der k\u00fcnstlichen Intelligenz<\/p><p>In dem Ma\u00dfe, in dem k\u00fcnstliche Intelligenz unsere Welt umgestaltet, stellt sich eine wesentliche Frage: Was zeichnet die menschliche Intelligenz aus?<\/p><p>In dieser Keynote geht es um die einzigartigen menschlichen F\u00e4higkeiten der Empathie, Ethik, Vorstellungskraft und Verantwortung - und darum, warum sie im kommenden Technologiezeitalter immer wichtiger werden.<\/p><h6>4. Freundlichkeit als Verm\u00e4chtnis<\/h6><p>Die stille Macht, die die Welt formt<\/p><p>In der Geschichte werden oft Macht und Strategie zelebriert, doch die nachhaltigsten Ver\u00e4nderungen haben ihre Wurzeln oft in der Freundlichkeit.<\/p><p>Diese Grundsatzrede befasst sich mit dem untersch\u00e4tzten Einfluss von Mitgef\u00fchl, Gro\u00dfz\u00fcgigkeit und Zivilcourage als Kr\u00e4fte, die Individuen, Gemeinschaften und Gesellschaften formen.<\/p><h6>5. Die menschliche Reise<\/h6><p>Geteilte Menschlichkeit in einer geteilten Welt<\/p><p>Trotz unserer Unterschiede teilen wir denselben grundlegenden Lebensweg.<\/p><p>Auf der Grundlage philosophischer \u00dcberlegungen und einer globalen Perspektive l\u00e4dt diese Keynote die Zuh\u00f6rer dazu ein, den gemeinsamen menschlichen Faden wiederzuentdecken, der Kulturen, Nationen und Generationen miteinander verbindet.<\/p>\t\t\t\t\t\t\t\t<\/div>\n\t\t\t\t<\/div>\n\t\t\t\t\t<\/div>\n\t\t\t\t<\/div>\n\t\t<div class=\"elementor-element elementor-element-753fe444 e-flex e-con-boxed e-con e-parent\" data-id=\"753fe444\" data-element_type=\"container\" data-e-type=\"container\">\n\t\t\t\t\t<div class=\"e-con-inner\">\n\t\t\t\t<div class=\"elementor-element elementor-element-73246cd3 elementor-widget elementor-widget-text-editor\" data-id=\"73246cd3\" data-element_type=\"widget\" data-e-type=\"widget\" data-widget_type=\"text-editor.default\">\n\t\t\t\t<div class=\"elementor-widget-container\">\n\t\t\t\t\t\t\t\t\t<h5 style=\"text-align: center;\"><img class=\"aligncenter\" src=\"https:\/\/tva-foundation.org\/wp-content\/uploads\/2025\/12\/Logo_EFL_horizontal_GOLD_1000-300x113.png\" alt=\"TvA international Foundation\" width=\"300\" height=\"113\" \/><\/h5><h5 style=\"text-align: center;\"><img class=\"aligncenter\" src=\"https:\/\/tva-foundation.org\/wp-content\/uploads\/2025\/08\/Image-18.08.25-at-10.16-300x136.jpeg\" alt=\"TvA International Foundation\" width=\"300\" height=\"136\" \/><\/h5><h6 class=\"elementor-heading-title elementor-size-default\" style=\"text-align: center;\"><a href=\"https:\/\/donorbox.org\/esperanza-for-life-membership\" target=\"_blank\" rel=\"noopener\"><span style=\"color: #d5b448;\">Werden Sie Mitglied der internationalen Gemeinschaft \"Esperanza for Life\"! - Werden Sie Mitglied. Wirken Sie mit. Feiern Sie das Leben.<\/span><\/a><\/h6>\t\t\t\t\t\t\t\t<\/div>\n\t\t\t\t<\/div>\n\t\t\t\t\t<\/div>\n\t\t\t\t<\/div>\n\t\t\t\t<\/div>","protected":false},"excerpt":{"rendered":"<p>\u00a0 Princess Theodora von Auersperg &#8211; A Visionary Voice on Humanity &amp; Leadership Princess Theodora von Auersperg is a visionary voice on humanity and leadership, dedicated to advancing compassion, cultural dialogue, and responsible leadership in a changing world. She is exploring the deeper forces that shape our societies, our responsibilities, and the future we are [&hellip;]<\/p>\n","protected":false},"author":38320787,"featured_media":23163,"parent":0,"menu_order":0,"comment_status":"closed","ping_status":"closed","template":"","meta":{"footnotes":""},"class_list":["post-23162","page","type-page","status-publish","has-post-thumbnail","hentry"],"jetpack_likes_enabled":true,"jetpack_sharing_enabled":true,"jetpack_shortlink":"https:\/\/wp.me\/Pf58jH-61A","jetpack-related-posts":[],"_links":{"self":[{"href":"https:\/\/tva-foundation.org\/de\/wp-json\/wp\/v2\/pages\/23162","targetHints":{"allow":["GET"]}}],"collection":[{"href":"https:\/\/tva-foundation.org\/de\/wp-json\/wp\/v2\/pages"}],"about":[{"href":"https:\/\/tva-foundation.org\/de\/wp-json\/wp\/v2\/types\/page"}],"author":[{"embeddable":true,"href":"https:\/\/tva-foundation.org\/de\/wp-json\/wp\/v2\/users\/38320787"}],"replies":[{"embeddable":true,"href":"https:\/\/tva-foundation.org\/de\/wp-json\/wp\/v2\/comments?post=23162"}],"version-history":[{"count":59,"href":"https:\/\/tva-foundation.org\/de\/wp-json\/wp\/v2\/pages\/23162\/revisions"}],"predecessor-version":[{"id":23569,"href":"https:\/\/tva-foundation.org\/de\/wp-json\/wp\/v2\/pages\/23162\/revisions\/23569"}],"wp:featuredmedia":[{"embeddable":true,"href":"https:\/\/tva-foundation.org\/de\/wp-json\/wp\/v2\/media\/23163"}],"wp:attachment":[{"href":"https:\/\/tva-foundation.org\/de\/wp-json\/wp\/v2\/media?parent=23162"}],"curies":[{"name":"wp","href":"https:\/\/api.w.org\/{rel}","templated":true}]}}