{"id":4264,"date":"2024-01-03T17:27:48","date_gmt":"2024-01-03T16:27:48","guid":{"rendered":"https:\/\/tva-foundation.org\/?page_id=4264"},"modified":"2026-04-29T17:32:27","modified_gmt":"2026-04-29T15:32:27","slug":"imprint","status":"publish","type":"page","link":"https:\/\/tva-foundation.org\/de\/imprint\/","title":{"rendered":"Impressum"},"content":{"rendered":"<div data-elementor-type=\"wp-page\" data-elementor-id=\"4264\" class=\"elementor elementor-4264\" data-elementor-post-type=\"page\">\n\t\t\t\t<div class=\"elementor-element elementor-element-84328a9 e-flex e-con-boxed e-con e-parent\" data-id=\"84328a9\" data-element_type=\"container\" data-e-type=\"container\">\n\t\t\t\t\t<div class=\"e-con-inner\">\n\t\t\t\t<div class=\"elementor-element elementor-element-6c342e8 elementor-widget elementor-widget-text-editor\" data-id=\"6c342e8\" data-element_type=\"widget\" data-e-type=\"widget\" data-widget_type=\"text-editor.default\">\n\t\t\t\t<div class=\"elementor-widget-container\">\n\t\t\t\t\t\t\t\t\t<p><strong><span style=\"color: #d5b448;\">| Theodora von Auersperg Internationale Stiftung |\u00a0<\/span><\/strong><\/p><p><strong><span style=\"color: #d5b448;\">| Zum Wohle der Tiere und Kinder | Save A Soul |<\/span><\/strong><\/p><p style=\"font-weight: 400;\">Die<em> Internationale Stiftung TvA <\/em>ist eine unabh\u00e4ngige Non-Profit- und Nicht-Regierungs-Organisation, die in \u00dcbereinstimmung mit dem Gesetz \u00fcber gemeinn\u00fctzige juristische Personen (NPLEA) in \u00d6sterreich und Bulgarien gegr\u00fcndet wurde. Sie dient dem Wohl von Kindern und Tieren und hat sich zum Ziel gesetzt, Tierschutz- und Kinderhilfsprojekte durch eine breite Palette von Aktivit\u00e4ten und Veranstaltungen zu unterst\u00fctzen und gleichzeitig eine globale Gemeinschaft von Gleichgesinnten aufzubauen. <em>Internationale Stiftung TvA<\/em> setzt sich f\u00fcr eine mitf\u00fchlende Welt ein, in der die Natur gesch\u00fctzt wird, in der man sich um Tiere k\u00fcmmert und in der Kinder gef\u00f6rdert werden und die M\u00f6glichkeit haben, sich zu entfalten.<\/p><p style=\"font-weight: 400;\">Die TvA International Foundation pflegt <strong><span style=\"color: #d5b448;\"><em>\"Esperanza for Life\"<\/em>- Eine globale Bewegung<\/span><\/strong> <em>- <\/em>und gleichzeitig die Philanthropie und die Kultur des Gebens in eine neue \u00c4ra zu f\u00fchren, indem sie sich f\u00fcr transformative Anliegen einsetzt, die sich auf den Naturschutz, den Tierschutz und die Unterst\u00fctzung von Kindern in Not konzentrieren.<\/p><p style=\"font-weight: 400;\">Unsere <strong><span style=\"color: #d5b448;\"><em>G<\/em><em>lobal<\/em>\u00a0<em> \"Esperanza for Life\"<\/em> Gemeinschaft<\/span><\/strong>- ist ein lebendiges Netzwerk von Innovatoren, Vision\u00e4ren, Philanthropen, Interessenvertretern und Organisationen, die sich daf\u00fcr einsetzen, die Welt durch Philanthropie, Kunst, Umweltschutz und humanit\u00e4re Bem\u00fchungen zu verbessern.<\/p><p style=\"font-weight: 400; text-align: center;\"><strong><span style=\"color: #d5b448;\">Die Natur, ihre Lebewesen und Kinder in Not achten, respektieren und sch\u00fctzen. \u00a0<\/span><\/strong><\/p><p style=\"font-weight: 400;\">Wachsen eines<strong><span style=\"color: #d5b448;\"> Global <em>\"Esperanza for Life\"<\/em> Gemeinschaft - \"Celebrate Life\" - \"HELP\" Save A Soul<\/span> - <\/strong><em>ist die Stiftung TvA International<\/em><strong><span style=\"color: #d5b448;\"> Mission<\/span>.<\/strong><\/p><p style=\"font-weight: 400; text-align: center;\"><em>TvA International Foundation's<\/em> <strong><span style=\"color: #d5b448;\">Ziel<\/span><\/strong> ist es, die n\u00e4chste Generation zu inspirieren und zu bef\u00e4higen, unseren Planeten und seine Kinder zu sch\u00fctzen. \u00a0<\/p><p style=\"font-weight: 400; text-align: center;\"><strong><span style=\"color: #d5b448;\">F\u00fcr eine bessere Welt, f\u00fcr die Tierwelt, f\u00fcr die Menschheit, f\u00fcr die Natur.<\/span><\/strong><\/p><p style=\"font-weight: 400;\"><em>Internationale Stiftung TvA<\/em><strong><span style=\"color: #d5b448;\"> umfasst alle Lebewesen, das menschliche Leben und die gesamte Natur in ihrer Sch\u00f6nheit<\/span>. <\/strong><\/p><div><div><p>TvA International Foundation ist eine Wort- und Bildmarke des Theodora von Auersperg Internationaler Verein - \u00d6sterreich (Theodora von Auersperg Internationaler Verein) und Theodora von Auersperg International Foundation - Bulgarien.\u00a0<\/p><\/div><\/div><p style=\"font-weight: 400;\"><strong>Beitr\u00e4ge\/Spenden an die Theodora von Auersperg International Foundation sind in dem Ma\u00dfe steuerlich absetzbar, wie es in Ihrem Land gesetzlich zul\u00e4ssig ist.\u00a0<\/strong><\/p><p><strong>In Bezug auf die inhaltliche Verantwortung:<\/strong>\u00a0Internationale Stiftung Theodora von Auersperg<\/p>\t\t\t\t\t\t\t\t<\/div>\n\t\t\t\t<\/div>\n\t\t\t\t\t<\/div>\n\t\t\t\t<\/div>\n\t\t<div class=\"elementor-element elementor-element-80c96a6 e-flex e-con-boxed e-con e-parent\" data-id=\"80c96a6\" data-element_type=\"container\" data-e-type=\"container\">\n\t\t\t\t\t<div class=\"e-con-inner\">\n\t\t\t\t<div class=\"elementor-element elementor-element-06dd626 elementor-widget elementor-widget-spacer\" data-id=\"06dd626\" data-element_type=\"widget\" data-e-type=\"widget\" data-widget_type=\"spacer.default\">\n\t\t\t\t<div class=\"elementor-widget-container\">\n\t\t\t\t\t\t\t<div class=\"elementor-spacer\">\n\t\t\t<div class=\"elementor-spacer-inner\"><\/div>\n\t\t<\/div>\n\t\t\t\t\t\t<\/div>\n\t\t\t\t<\/div>\n\t\t\t\t\t<\/div>\n\t\t\t\t<\/div>\n\t\t<div class=\"elementor-element elementor-element-fa10185 e-flex e-con-boxed e-con e-parent\" data-id=\"fa10185\" data-element_type=\"container\" data-e-type=\"container\">\n\t\t\t\t\t<div class=\"e-con-inner\">\n\t\t\t\t\t<\/div>\n\t\t\t\t<\/div>\n\t\t<div class=\"elementor-element elementor-element-19e7b50 e-flex e-con-boxed e-con e-parent\" data-id=\"19e7b50\" data-element_type=\"container\" data-e-type=\"container\">\n\t\t\t\t\t<div class=\"e-con-inner\">\n\t\t<div class=\"elementor-element elementor-element-8858d5b e-con-full e-flex e-con e-child\" data-id=\"8858d5b\" data-element_type=\"container\" data-e-type=\"container\">\n\t\t\t\t<div class=\"elementor-element elementor-element-ad288d2 elementor-widget elementor-widget-text-editor\" data-id=\"ad288d2\" data-element_type=\"widget\" data-e-type=\"widget\" data-widget_type=\"text-editor.default\">\n\t\t\t\t<div class=\"elementor-widget-container\">\n\t\t\t\t\t\t\t\t\t<ul><li><strong>Vorstand - \u00d6sterreich:<\/strong><\/li><li>Vorsitz\/Chief Visionary Officer: F\u00fcrstin Theodora von Auersperg<\/li><li>Ko-Vorsitzender\/CFO: Michel Pharaon<\/li><\/ul><p><strong>T<\/strong> +43 1 286 2791 - <strong>e-Mail:<\/strong> SaveASoul@TvAFoundation.org\u00a0<\/p><p style=\"font-weight: 400;\"><strong>B\u00fcro:<\/strong>\u00a0Radetzkystra\u00dfe 22\/12 - 1030 Wien\/Wien - \u00d6sterreich |<\/p><p style=\"font-weight: 400;\"><strong>Zulassungs-Nr.:<\/strong> 1443604553 - <strong>MEHRWERTSTEUER<\/strong><strong>-Nr.<\/strong>: ATU79848934<\/p><p style=\"font-weight: 400;\"><strong>Bank:<\/strong> Erste Bank der \u00f6sterreichischen Sparkassen AG\u00a0<\/p><p style=\"font-weight: 400;\"><strong>IBAN:<\/strong> AT39 2011 1848 9001 0600 \u00a0<\/p><p style=\"font-weight: 400;\"><strong>BIC\/SWIFT<\/strong>: GIBAATWWXXX<\/p><p style=\"font-weight: 400;\"><strong>PayPal:<\/strong> SaveASoul@TvAFoundation.org<img fetchpriority=\"high\" data-attachment-id=\"21856\" data-permalink=\"https:\/\/tva-foundation.org\/de\/qrcode\/\" data-orig-file=\"https:\/\/tva-foundation.org\/wp-content\/uploads\/2025\/11\/qrcode.png\" data-orig-size=\"500,500\" data-comments-opened=\"1\" data-image-meta=\"{&quot;aperture&quot;:&quot;0&quot;,&quot;credit&quot;:&quot;&quot;,&quot;camera&quot;:&quot;&quot;,&quot;caption&quot;:&quot;&quot;,&quot;created_timestamp&quot;:&quot;0&quot;,&quot;copyright&quot;:&quot;&quot;,&quot;focal_length&quot;:&quot;0&quot;,&quot;iso&quot;:&quot;0&quot;,&quot;shutter_speed&quot;:&quot;0&quot;,&quot;title&quot;:&quot;&quot;,&quot;orientation&quot;:&quot;0&quot;}\" data-image-title=\"PayPal QR code\" data-image-description=\"\" data-image-caption=\"\" data-large-file=\"https:\/\/tva-foundation.org\/wp-content\/uploads\/2025\/11\/qrcode.png\" class=\"alignnone size-medium wp-image-21856\" src=\"https:\/\/tva-foundation.org\/wp-content\/uploads\/2025\/11\/qrcode-300x300.png?crop=1\" alt=\"TvA International Foundation\" width=\"300\" height=\"300\" srcset=\"https:\/\/tva-foundation.org\/wp-content\/uploads\/2025\/11\/qrcode-300x300.png?crop=1 300w, https:\/\/tva-foundation.org\/wp-content\/uploads\/2025\/11\/qrcode-150x150.png?crop=1 150w, https:\/\/tva-foundation.org\/wp-content\/uploads\/2025\/11\/qrcode-12x12.png 12w, https:\/\/tva-foundation.org\/wp-content\/uploads\/2025\/11\/qrcode-100x100.png?crop=1 100w, https:\/\/tva-foundation.org\/wp-content\/uploads\/2025\/11\/qrcode.png 500w\" sizes=\"(max-width: 300px) 100vw, 300px\" \/><\/p>\t\t\t\t\t\t\t\t<\/div>\n\t\t\t\t<\/div>\n\t\t\t\t<\/div>\n\t\t<div class=\"elementor-element elementor-element-eb6b33d e-con-full e-flex e-con e-child\" data-id=\"eb6b33d\" data-element_type=\"container\" data-e-type=\"container\">\n\t\t\t\t<div class=\"elementor-element elementor-element-faa7c3e elementor-widget elementor-widget-text-editor\" data-id=\"faa7c3e\" data-element_type=\"widget\" data-e-type=\"widget\" data-widget_type=\"text-editor.default\">\n\t\t\t\t<div class=\"elementor-widget-container\">\n\t\t\t\t\t\t\t\t\t<ul><li><strong>Gesch\u00e4ftsf\u00fchrender Vorstand - Bulgarien:<\/strong><\/li><li>Gesch\u00e4ftsf\u00fchrender Direktor: F\u00fcrstin Theodora von Auersperg<\/li><li>Ko-Vorsitzender\/CFO: Michel Pharaon<\/li><li>Veterin\u00e4rmedizinische Abteilung\/Chef des Stabes: Dr. Madlen Mateyna<\/li><\/ul><p><strong>T<\/strong> +43 1 286 2791 - <strong>e-Mail:<\/strong> SaveASoul@TvAFoundation.org |<\/p><p style=\"font-weight: 400;\"><strong>B\u00fcro<\/strong>: 31 Eduard I. Totleben Blvd., Fl. 4\/Suite 14 - 1606 Sofia - Bulgarien |<\/p><p style=\"font-weight: 400;\"><strong>Zulassungs-Nr.<\/strong>: 207974200 - <strong>MEHRWERTSTEUER<\/strong><strong>-Nr.:<\/strong> BG207974200<\/p><p style=\"font-weight: 400;\"><strong>Bank<\/strong>: Bulgarian American Credit Bank, Sofia, Bulgarien\u00a0<\/p><p><strong>IBAN: <\/strong>BG63BGUS91601412066400<\/p><p style=\"font-weight: 400;\"><strong>BIC\/SWIFT<\/strong>: BGUSBGSFXXX<\/p><p style=\"font-weight: 400;\"><strong>PayPal<\/strong>: SaveASoul@TvAFoundation.org<img fetchpriority=\"high\" data-attachment-id=\"21856\" data-permalink=\"https:\/\/tva-foundation.org\/de\/qrcode\/\" data-orig-file=\"https:\/\/tva-foundation.org\/wp-content\/uploads\/2025\/11\/qrcode.png\" data-orig-size=\"500,500\" data-comments-opened=\"1\" data-image-meta=\"{&quot;aperture&quot;:&quot;0&quot;,&quot;credit&quot;:&quot;&quot;,&quot;camera&quot;:&quot;&quot;,&quot;caption&quot;:&quot;&quot;,&quot;created_timestamp&quot;:&quot;0&quot;,&quot;copyright&quot;:&quot;&quot;,&quot;focal_length&quot;:&quot;0&quot;,&quot;iso&quot;:&quot;0&quot;,&quot;shutter_speed&quot;:&quot;0&quot;,&quot;title&quot;:&quot;&quot;,&quot;orientation&quot;:&quot;0&quot;}\" data-image-title=\"PayPal QR code\" data-image-description=\"\" data-image-caption=\"\" data-large-file=\"https:\/\/tva-foundation.org\/wp-content\/uploads\/2025\/11\/qrcode.png\" class=\"alignnone size-medium wp-image-21856\" src=\"https:\/\/tva-foundation.org\/wp-content\/uploads\/2025\/11\/qrcode-300x300.png?crop=1\" alt=\"TvA International Foundation\" width=\"300\" height=\"300\" srcset=\"https:\/\/tva-foundation.org\/wp-content\/uploads\/2025\/11\/qrcode-300x300.png?crop=1 300w, https:\/\/tva-foundation.org\/wp-content\/uploads\/2025\/11\/qrcode-150x150.png?crop=1 150w, https:\/\/tva-foundation.org\/wp-content\/uploads\/2025\/11\/qrcode-12x12.png 12w, https:\/\/tva-foundation.org\/wp-content\/uploads\/2025\/11\/qrcode-100x100.png?crop=1 100w, https:\/\/tva-foundation.org\/wp-content\/uploads\/2025\/11\/qrcode.png 500w\" sizes=\"(max-width: 300px) 100vw, 300px\" \/><\/p><p><strong>ESPERANZA FOR LIFE CENTER EOOD - BULGARIEN<\/strong><\/p><p><strong>Manager:<\/strong> Dr. Madlen Mateyna - Chef\u00e4rztin\/Veterin\u00e4rmedizin<\/p><p><strong>T<\/strong> +359 87 7752877 - <strong>e-Mail<\/strong>: SaveASoul@TvAFoundation.org |<\/p><p><strong>Adresse: <\/strong>N\u00f6rdliche Industriezone, 6B Rogoshko Shose Str., 4003 Plovdiv\u00a0<\/p><p style=\"font-weight: 400;\"><strong>Zulassungs-Nr.<\/strong>: 208677611 - <strong>MEHRWERTSTEUER<\/strong><strong>-Nr.<\/strong>: BG208677611<\/p><p style=\"font-weight: 400;\"><strong>Bank<\/strong>: Bulgarian American Credit Bank, Plovdiv, Bulgarien\u00a0<\/p><p><strong>IBAN: <\/strong>BG18BGUS91601413606600<\/p><p style=\"font-weight: 400;\"><strong>BIC\/SWIFT<\/strong>: BGUSBGSFXXX<\/p>\t\t\t\t\t\t\t\t<\/div>\n\t\t\t\t<\/div>\n\t\t\t\t<\/div>\n\t\t\t\t\t<\/div>\n\t\t\t\t<\/div>\n\t\t<div class=\"elementor-element elementor-element-41958a7 e-flex e-con-boxed e-con e-parent\" data-id=\"41958a7\" data-element_type=\"container\" data-e-type=\"container\">\n\t\t\t\t\t<div class=\"e-con-inner\">\n\t\t\t\t<div class=\"elementor-element elementor-element-d64f478 elementor-widget elementor-widget-spacer\" data-id=\"d64f478\" data-element_type=\"widget\" data-e-type=\"widget\" data-widget_type=\"spacer.default\">\n\t\t\t\t<div class=\"elementor-widget-container\">\n\t\t\t\t\t\t\t<div class=\"elementor-spacer\">\n\t\t\t<div class=\"elementor-spacer-inner\"><\/div>\n\t\t<\/div>\n\t\t\t\t\t\t<\/div>\n\t\t\t\t<\/div>\n\t\t\t\t\t<\/div>\n\t\t\t\t<\/div>\n\t\t<div class=\"elementor-element elementor-element-a8f7898 e-flex e-con-boxed e-con e-parent\" data-id=\"a8f7898\" data-element_type=\"container\" data-e-type=\"container\">\n\t\t\t\t\t<div class=\"e-con-inner\">\n\t\t\t\t<div class=\"elementor-element elementor-element-8f3bbe4 elementor-widget elementor-widget-heading\" data-id=\"8f3bbe4\" data-element_type=\"widget\" data-e-type=\"widget\" data-widget_type=\"heading.default\">\n\t\t\t\t<div class=\"elementor-widget-container\">\n\t\t\t\t\t<h4 class=\"elementor-heading-title elementor-size-default\">Haftungsausschluss<\/h4>\t\t\t\t<\/div>\n\t\t\t\t<\/div>\n\t\t\t\t\t<\/div>\n\t\t\t\t<\/div>\n\t\t<div class=\"elementor-element elementor-element-efc2ca8 e-flex e-con-boxed e-con e-parent\" data-id=\"efc2ca8\" data-element_type=\"container\" data-e-type=\"container\">\n\t\t\t\t\t<div class=\"e-con-inner\">\n\t\t\t\t<div class=\"elementor-element elementor-element-c9b40bb elementor-widget elementor-widget-spacer\" data-id=\"c9b40bb\" data-element_type=\"widget\" data-e-type=\"widget\" data-widget_type=\"spacer.default\">\n\t\t\t\t<div class=\"elementor-widget-container\">\n\t\t\t\t\t\t\t<div class=\"elementor-spacer\">\n\t\t\t<div class=\"elementor-spacer-inner\"><\/div>\n\t\t<\/div>\n\t\t\t\t\t\t<\/div>\n\t\t\t\t<\/div>\n\t\t\t\t\t<\/div>\n\t\t\t\t<\/div>\n\t\t<div class=\"elementor-element elementor-element-d1c2179 e-flex e-con-boxed e-con e-parent\" data-id=\"d1c2179\" data-element_type=\"container\" data-e-type=\"container\">\n\t\t\t\t\t<div class=\"e-con-inner\">\n\t\t\t\t<div class=\"elementor-element elementor-element-531fd99 elementor-widget elementor-widget-text-editor\" data-id=\"531fd99\" data-element_type=\"widget\" data-e-type=\"widget\" data-widget_type=\"text-editor.default\">\n\t\t\t\t<div class=\"elementor-widget-container\">\n\t\t\t\t\t\t\t\t\t<div class=\"text-orange-500 markdown prose w-full break-words dark:prose-invert light\"><p>Die auf dieser Website zur Verf\u00fcgung gestellten Informationen dienen lediglich allgemeinen Informationszwecken.  Obwohl wir uns bem\u00fchen, die Informationen aktuell und genau zu halten, geben wir keinerlei ausdr\u00fcckliche oder stillschweigende Zusicherungen oder Gew\u00e4hrleistungen in Bezug auf die Vollst\u00e4ndigkeit, Genauigkeit, Zuverl\u00e4ssigkeit, Eignung oder Verf\u00fcgbarkeit der Website oder der auf dieser Website enthaltenen Informationen, Produkte, Dienstleistungen oder zugeh\u00f6rigen Grafiken f\u00fcr irgendeinen Zweck.  Jedes Vertrauen, das Sie auf diese Informationen setzen, geschieht daher ausschlie\u00dflich auf Ihr eigenes Risiko.<\/p><p>In keinem Fall haften wir f\u00fcr Verluste oder Sch\u00e4den, einschlie\u00dflich, aber nicht beschr\u00e4nkt auf indirekte oder Folgesch\u00e4den, oder f\u00fcr Verluste oder Sch\u00e4den, die sich aus dem Verlust von Daten oder Gewinnen ergeben, die sich aus der Nutzung dieser Website ergeben oder damit in Zusammenhang stehen.<\/p><p>\u00dcber diese Website k\u00f6nnen Sie Links zu anderen Websites herstellen, die nicht unter der Kontrolle von <strong>Internationale Stiftung TvA<\/strong>.  Wir haben keine Kontrolle \u00fcber die Art, den Inhalt und die Verf\u00fcgbarkeit dieser Websites.  Die Aufnahme von Links bedeutet nicht notwendigerweise eine Empfehlung oder eine Bef\u00fcrwortung der auf diesen Seiten ge\u00e4u\u00dferten Ansichten.<\/p><p><strong>Wir bem\u00fchen uns nach Kr\u00e4ften, die <a href=\"http:\/\/www.TvA-Foundation.org\" rel=\"nofollow\">http:\/\/www.TvA-Foundation.org<\/a> und reibungslos funktioniert.  Die TvA International Foundation \u00fcbernimmt jedoch keine Verantwortung und ist nicht haftbar f\u00fcr <a href=\"http:\/\/www.TvA-Foundation.org\" rel=\"nofollow\">http:\/\/www.TvA-Foundation.org<\/a> aufgrund von technischen Problemen, die sich unserer Kontrolle entziehen, vor\u00fcbergehend nicht verf\u00fcgbar sind.<\/strong><\/p><\/div><div class=\"mb-2 py-2 px-3 border text-gray-600 rounded-md text-sm dark:text-gray-100 border-orange-500 bg-orange-500\/10\">\u00a0F\u00fcr weitere Details verweisen wir Sie auf unsere <a href=\"https:\/\/tva-foundation.org\/de\/terms-of-use\/\">Nutzungsbedingungen<\/a> Seite.<\/div>\t\t\t\t\t\t\t\t<\/div>\n\t\t\t\t<\/div>\n\t\t\t\t\t<\/div>\n\t\t\t\t<\/div>\n\t\t\t\t<\/div>","protected":false},"excerpt":{"rendered":"<p>|\u00a0Theodora von Auersperg \u00a0International \u00a0Foundation |\u00a0 | For the Good of Animals and Children | \u00a0 Save A Soul | The TvA International Foundation is an independent Non-Profit and Non-Governmental Organization, incorporated in compliance with the Non-Profit Legal Entities Act (NPLEA) in Austria and Bulgaria, for the Good of Children and Animals with the Purpose [&hellip;]<\/p>\n","protected":false},"author":38320787,"featured_media":4265,"parent":0,"menu_order":0,"comment_status":"closed","ping_status":"closed","template":"","meta":{"footnotes":""},"class_list":["post-4264","page","type-page","status-publish","has-post-thumbnail","hentry"],"jetpack_likes_enabled":true,"jetpack_sharing_enabled":true,"jetpack_shortlink":"https:\/\/wp.me\/Pf58jH-16M","jetpack-related-posts":[],"_links":{"self":[{"href":"https:\/\/tva-foundation.org\/de\/wp-json\/wp\/v2\/pages\/4264","targetHints":{"allow":["GET"]}}],"collection":[{"href":"https:\/\/tva-foundation.org\/de\/wp-json\/wp\/v2\/pages"}],"about":[{"href":"https:\/\/tva-foundation.org\/de\/wp-json\/wp\/v2\/types\/page"}],"author":[{"embeddable":true,"href":"https:\/\/tva-foundation.org\/de\/wp-json\/wp\/v2\/users\/38320787"}],"replies":[{"embeddable":true,"href":"https:\/\/tva-foundation.org\/de\/wp-json\/wp\/v2\/comments?post=4264"}],"version-history":[{"count":100,"href":"https:\/\/tva-foundation.org\/de\/wp-json\/wp\/v2\/pages\/4264\/revisions"}],"predecessor-version":[{"id":23540,"href":"https:\/\/tva-foundation.org\/de\/wp-json\/wp\/v2\/pages\/4264\/revisions\/23540"}],"wp:featuredmedia":[{"embeddable":true,"href":"https:\/\/tva-foundation.org\/de\/wp-json\/wp\/v2\/media\/4265"}],"wp:attachment":[{"href":"https:\/\/tva-foundation.org\/de\/wp-json\/wp\/v2\/media?parent=4264"}],"curies":[{"name":"wp","href":"https:\/\/api.w.org\/{rel}","templated":true}]}}