{"id":4298,"date":"2024-01-03T18:07:38","date_gmt":"2024-01-03T17:07:38","guid":{"rendered":"https:\/\/tva-foundation.org\/?page_id=4298"},"modified":"2024-02-18T10:31:02","modified_gmt":"2024-02-18T09:31:02","slug":"cookies-policy","status":"publish","type":"page","link":"https:\/\/tva-foundation.org\/de\/cookies-policy\/","title":{"rendered":"Cookies-Politik"},"content":{"rendered":"<div data-elementor-type=\"wp-page\" data-elementor-id=\"4298\" class=\"elementor elementor-4298\" data-elementor-post-type=\"page\">\n\t\t\t\t<div class=\"elementor-element elementor-element-84328a9 e-flex e-con-boxed e-con e-parent\" data-id=\"84328a9\" data-element_type=\"container\" data-e-type=\"container\">\n\t\t\t\t\t<div class=\"e-con-inner\">\n\t\t\t\t<div class=\"elementor-element elementor-element-6c342e8 elementor-widget elementor-widget-text-editor\" data-id=\"6c342e8\" data-element_type=\"widget\" data-e-type=\"widget\" data-widget_type=\"text-editor.default\">\n\t\t\t\t<div class=\"elementor-widget-container\">\n\t\t\t\t\t\t\t\t\t<p><strong>Cookies-Richtlinie:<\/strong><\/p><p>Diese Website verwendet Cookies, um die Nutzererfahrung zu verbessern und personalisierte Dienste anzubieten. Durch die Nutzung dieser Website erkl\u00e4ren Sie sich mit der Verwendung von Cookies in \u00dcbereinstimmung mit dieser Cookie-Richtlinie einverstanden.<\/p><p>\u00a0<\/p><p><strong>Was sind Cookies?<\/strong><\/p><p>Cookies sind kleine Textdateien, die auf Ihrem Ger\u00e4t gespeichert werden, wenn Sie eine Website besuchen. Sie werden h\u00e4ufig verwendet, damit Websites effizient funktionieren und den Website-Betreibern wichtige Informationen liefern.<\/p><p>\u00a0<\/p><p><strong>Wie wir Cookies verwenden:<\/strong><\/p><ul><li><p><strong>Wesentliche Cookies:<\/strong> Diese Cookies sind f\u00fcr das ordnungsgem\u00e4\u00dfe Funktionieren der Website erforderlich. Sie erm\u00f6glichen Kernfunktionen wie Sicherheit, Netzwerkmanagement und Zug\u00e4nglichkeit.<\/p><\/li><li><p><strong>Analytische\/Leistungs-Cookies:<\/strong> Diese Cookies helfen uns zu verstehen, wie Besucher mit unserer Website interagieren, indem sie anonym Informationen sammeln und melden. Diese Informationen erm\u00f6glichen es uns, die Leistung der Website zu verbessern.<\/p><\/li><li><p><strong>Funktionalit\u00e4t Cookies:<\/strong> Diese Cookies erm\u00f6glichen erweiterte Funktionen und Personalisierung, wie z. B. das Speichern Ihrer Vorlieben und Entscheidungen.<\/p><\/li><li><p><strong>Werbe-Cookies:<\/strong> Wir k\u00f6nnen Cookies von Drittanbietern verwenden, um Werbung zu schalten, die Ihren Interessen entspricht. Diese Cookies verfolgen Ihre Surfgewohnheiten und helfen uns, gezielte Werbung zu pr\u00e4sentieren.<\/p><\/li><\/ul><p>\u00a0<\/p><p><strong>Cookies verwalten:<\/strong><\/p><p>Sie k\u00f6nnen Cookies nach Belieben kontrollieren und\/oder l\u00f6schen. Sie k\u00f6nnen alle Cookies, die sich bereits auf Ihrem Ger\u00e4t befinden, l\u00f6schen und Ihre Browsereinstellungen so konfigurieren, dass das Setzen von Cookies verhindert wird. Bitte beachten Sie jedoch, dass die Deaktivierung von Cookies die Funktionalit\u00e4t dieser Website beeintr\u00e4chtigen kann.<\/p><p>\u00a0<\/p><p><strong>\u00c4nderungen an dieser Politik:<\/strong><\/p><p>Wir behalten uns vor, diese Cookie-Richtlinie von Zeit zu Zeit zu aktualisieren, um \u00c4nderungen in der Technologie oder den rechtlichen Anforderungen Rechnung zu tragen. Alle Aktualisierungen werden auf dieser Seite ver\u00f6ffentlicht, und durch die weitere Nutzung der Website erkl\u00e4ren Sie sich mit der aktualisierten Richtlinie einverstanden.<\/p><p>\u00a0<\/p><p><strong>Kontaktinformationen:<\/strong><\/p><p>Wenn Sie Fragen zu unserer Cookie-Politik haben, kontaktieren Sie uns bitte \u00fcber unsere <a href=\"https:\/\/tva-foundation.org\/de\/contact\/\">Kontakt Seite<\/a>.<\/p>\t\t\t\t\t\t\t\t<\/div>\n\t\t\t\t<\/div>\n\t\t\t\t\t<\/div>\n\t\t\t\t<\/div>\n\t\t<div class=\"elementor-element elementor-element-43ed57c e-flex e-con-boxed e-con e-parent\" data-id=\"43ed57c\" data-element_type=\"container\" data-e-type=\"container\">\n\t\t\t\t\t<div class=\"e-con-inner\">\n\t\t\t\t<div class=\"elementor-element elementor-element-bd98993 elementor-widget elementor-widget-spacer\" data-id=\"bd98993\" data-element_type=\"widget\" data-e-type=\"widget\" data-widget_type=\"spacer.default\">\n\t\t\t\t<div class=\"elementor-widget-container\">\n\t\t\t\t\t\t\t<div class=\"elementor-spacer\">\n\t\t\t<div class=\"elementor-spacer-inner\"><\/div>\n\t\t<\/div>\n\t\t\t\t\t\t<\/div>\n\t\t\t\t<\/div>\n\t\t\t\t\t<\/div>\n\t\t\t\t<\/div>\n\t\t\t\t<\/div>","protected":false},"excerpt":{"rendered":"<p>Cookies Policy: This website uses cookies to enhance the user experience and provide personalized services. By using this website, you agree to the use of cookies in accordance with this Cookies Policy. \u00a0 What are Cookies? Cookies are small text files that are stored on your device when you visit a website. They are widely [&hellip;]<\/p>\n","protected":false},"author":38320787,"featured_media":4299,"parent":0,"menu_order":0,"comment_status":"closed","ping_status":"closed","template":"","meta":{"jetpack_post_was_ever_published":false,"footnotes":""},"class_list":["post-4298","page","type-page","status-publish","has-post-thumbnail","hentry"],"jetpack_likes_enabled":true,"jetpack_sharing_enabled":true,"jetpack_shortlink":"https:\/\/wp.me\/Pf58jH-17k","jetpack-related-posts":[],"_links":{"self":[{"href":"https:\/\/tva-foundation.org\/de\/wp-json\/wp\/v2\/pages\/4298","targetHints":{"allow":["GET"]}}],"collection":[{"href":"https:\/\/tva-foundation.org\/de\/wp-json\/wp\/v2\/pages"}],"about":[{"href":"https:\/\/tva-foundation.org\/de\/wp-json\/wp\/v2\/types\/page"}],"author":[{"embeddable":true,"href":"https:\/\/tva-foundation.org\/de\/wp-json\/wp\/v2\/users\/38320787"}],"replies":[{"embeddable":true,"href":"https:\/\/tva-foundation.org\/de\/wp-json\/wp\/v2\/comments?post=4298"}],"version-history":[{"count":19,"href":"https:\/\/tva-foundation.org\/de\/wp-json\/wp\/v2\/pages\/4298\/revisions"}],"predecessor-version":[{"id":7997,"href":"https:\/\/tva-foundation.org\/de\/wp-json\/wp\/v2\/pages\/4298\/revisions\/7997"}],"wp:featuredmedia":[{"embeddable":true,"href":"https:\/\/tva-foundation.org\/de\/wp-json\/wp\/v2\/media\/4299"}],"wp:attachment":[{"href":"https:\/\/tva-foundation.org\/de\/wp-json\/wp\/v2\/media?parent=4298"}],"curies":[{"name":"wp","href":"https:\/\/api.w.org\/{rel}","templated":true}]}}