{"id":4321,"date":"2024-01-03T18:31:55","date_gmt":"2024-01-03T17:31:55","guid":{"rendered":"https:\/\/tva-foundation.org\/?page_id=4321"},"modified":"2025-12-19T15:10:33","modified_gmt":"2025-12-19T14:10:33","slug":"agb","status":"publish","type":"page","link":"https:\/\/tva-foundation.org\/de\/agb\/","title":{"rendered":"AGB\/Allgemeine Gesch\u00e4ftsbedingungen"},"content":{"rendered":"<div data-elementor-type=\"wp-page\" data-elementor-id=\"4321\" class=\"elementor elementor-4321\" data-elementor-post-type=\"page\">\n\t\t\t\t<div class=\"elementor-element elementor-element-3451dc6 e-flex e-con-boxed e-con e-parent\" data-id=\"3451dc6\" data-element_type=\"container\" data-e-type=\"container\">\n\t\t\t\t\t<div class=\"e-con-inner\">\n\t\t\t\t<div class=\"elementor-element elementor-element-32774b4 elementor-widget elementor-widget-heading\" data-id=\"32774b4\" data-element_type=\"widget\" data-e-type=\"widget\" data-widget_type=\"heading.default\">\n\t\t\t\t<div class=\"elementor-widget-container\">\n\t\t\t\t\t<h4 class=\"elementor-heading-title elementor-size-default\">Allgemeine Gesch\u00e4ftsbedingungen (AGB) - Allgemeine Gesch\u00e4ftsbedingungen<\/h4>\t\t\t\t<\/div>\n\t\t\t\t<\/div>\n\t\t\t\t\t<\/div>\n\t\t\t\t<\/div>\n\t\t<div class=\"elementor-element elementor-element-0e77d6f e-flex e-con-boxed e-con e-parent\" data-id=\"0e77d6f\" data-element_type=\"container\" data-e-type=\"container\">\n\t\t\t\t\t<div class=\"e-con-inner\">\n\t\t\t\t<div class=\"elementor-element elementor-element-3f66eaa elementor-widget elementor-widget-spacer\" data-id=\"3f66eaa\" data-element_type=\"widget\" data-e-type=\"widget\" data-widget_type=\"spacer.default\">\n\t\t\t\t<div class=\"elementor-widget-container\">\n\t\t\t\t\t\t\t<div class=\"elementor-spacer\">\n\t\t\t<div class=\"elementor-spacer-inner\"><\/div>\n\t\t<\/div>\n\t\t\t\t\t\t<\/div>\n\t\t\t\t<\/div>\n\t\t\t\t\t<\/div>\n\t\t\t\t<\/div>\n\t\t<div class=\"elementor-element elementor-element-84328a9 e-flex e-con-boxed e-con e-parent\" data-id=\"84328a9\" data-element_type=\"container\" data-e-type=\"container\">\n\t\t\t\t\t<div class=\"e-con-inner\">\n\t\t\t\t<div class=\"elementor-element elementor-element-6c342e8 elementor-widget elementor-widget-text-editor\" data-id=\"6c342e8\" data-element_type=\"widget\" data-e-type=\"widget\" data-widget_type=\"text-editor.default\">\n\t\t\t\t<div class=\"elementor-widget-container\">\n\t\t\t\t\t\t\t\t\t<p><strong>1. Geltungsbereich (Scope of Application):<\/strong><\/p><p>Diese Allgemeinen Gesch\u00e4ftsbedingungen (AGB) regeln die Nutzung der Website <a href=\"http:\/\/www.TvA-Foundation.org\" rel=\"nofollow\">http:\/\/www.TvA-Foundation.org<\/a> (nachfolgend \"Website\") durch die Nutzer.<\/p><p>(Diese Allgemeinen Gesch\u00e4ftsbedingungen regeln die Nutzung der <a href=\"http:\/\/www.TvA-Foundation.org\" rel=\"nofollow\">http:\/\/www.TvA-Foundation.org<\/a> Website (nachstehend \"Website\") durch die Nutzer).<\/p><p><strong>2. Nutzung der Website (Nutzung der Website):<\/strong><\/p><p>a) Die Website dient der Information \u00fcber die Aktivit\u00e4ten und Projekte der <strong>Internationale Stiftung Theodora von Auersperg<\/strong> (nachfolgend \"Organisation\").<\/p><p>(a) Die Website dient der Information \u00fcber die Aktivit\u00e4ten und Projekte von <strong>Internationale Stiftung Theodora von Auersperg<\/strong> (nachstehend \"Organisation\" genannt).<\/p><p>b) Nutzer erkl\u00e4ren sich damit einverstanden, die Website nur f\u00fcr rechtm\u00e4\u00dfige und nicht kommerzielle Zwecke zu nutzen.<\/p><p>(b) Die Nutzer erkl\u00e4ren sich damit einverstanden, die Website nur f\u00fcr rechtm\u00e4\u00dfige und nicht kommerzielle Zwecke zu nutzen.<\/p><p><strong>3. Haftungsausschluss (Disclaimer):<\/strong><\/p><p>a) Die Organisation \u00fcbernimmt keine Gew\u00e4hr f\u00fcr die Richtigkeit, Vollst\u00e4ndigkeit oder Aktualit\u00e4t der auf der Website bereitgestellten Informationen.<\/p><p>(a) Die Organisation \u00fcbernimmt keine Gew\u00e4hr f\u00fcr die Richtigkeit, Vollst\u00e4ndigkeit oder Aktualit\u00e4t der auf der Website bereitgestellten Informationen.<\/p><p>b) Die Organisation haftet nicht f\u00fcr Sch\u00e4den, die durch die Nutzung der Website oder die Unm\u00f6glichkeit der Nutzung entstehen.<\/p><p>(b) Die Organisation haftet nicht f\u00fcr Sch\u00e4den, die sich aus der Nutzung oder Unm\u00f6glichkeit der Nutzung der Website ergeben.<\/p><p><strong>4. Datenschutz (Data Protection):<\/strong><\/p><p>Die Nutzung personenbezogener Daten erfolgt gem\u00e4\u00df den Bestimmungen der <a href=\"https:\/\/tva-foundation.org\/de\/privacy-policy\/\">Datenschutzerkl\u00e4rung<\/a>.<\/p><p>(Die Verwendung von personenbezogenen Daten unterliegt den Bestimmungen des <a href=\"https:\/\/tva-foundation.org\/de\/privacy-policy\/\">Datenschutz<\/a>.)<\/p><p><strong>5. \u00c4nderungen der AGB (\u00c4nderungen der Allgemeinen Gesch\u00e4ftsbedingungen):<\/strong><\/p><p>Die Organisation beh\u00e4lt sich das Recht vor, diese AGB jederzeit zu \u00e4ndern. Die Nutzer werden \u00fcber \u00c4nderungen rechtzeitig informiert.<\/p><p>(Die Organisation beh\u00e4lt sich das Recht vor, diese Allgemeinen Gesch\u00e4ftsbedingungen jederzeit zu \u00e4ndern. Die Nutzer werden rechtzeitig \u00fcber \u00c4nderungen informiert).<\/p><p><strong>6. Schlussbestimmungen (Final Provisions):<\/strong><\/p><p>Es gilt \u00f6sterreichisches oder bulgarisches Recht. Gerichtsstand ist der Sitz der Organisation - Sofia, Bulgarien.<\/p><p>(Es gilt \u00f6sterreichisches oder bulgarisches Recht. Der Gerichtsstand ist der eingetragene Hauptsitz der Organisation in Sofia, Bulgarien).<\/p><p>Mehr Details unter <a href=\"https:\/\/tva-foundation.org\/de\/terms-of-use\/\"><strong>Nutzungsbedingungen<\/strong><\/a><\/p>\t\t\t\t\t\t\t\t<\/div>\n\t\t\t\t<\/div>\n\t\t\t\t\t<\/div>\n\t\t\t\t<\/div>\n\t\t<div class=\"elementor-element elementor-element-43ed57c e-flex e-con-boxed e-con e-parent\" data-id=\"43ed57c\" data-element_type=\"container\" data-e-type=\"container\">\n\t\t\t\t\t<div class=\"e-con-inner\">\n\t\t\t\t<div class=\"elementor-element elementor-element-bd98993 elementor-widget elementor-widget-spacer\" data-id=\"bd98993\" data-element_type=\"widget\" data-e-type=\"widget\" data-widget_type=\"spacer.default\">\n\t\t\t\t<div class=\"elementor-widget-container\">\n\t\t\t\t\t\t\t<div class=\"elementor-spacer\">\n\t\t\t<div class=\"elementor-spacer-inner\"><\/div>\n\t\t<\/div>\n\t\t\t\t\t\t<\/div>\n\t\t\t\t<\/div>\n\t\t\t\t\t<\/div>\n\t\t\t\t<\/div>\n\t\t\t\t<\/div>","protected":false},"excerpt":{"rendered":"<p>Allgemeine Gesch\u00e4ftsbedingungen (AGB) &#8211; Terms and Conditions 1. Geltungsbereich (Scope of Application): Diese Allgemeinen Gesch\u00e4ftsbedingungen (AGB) regeln die Nutzung der Website <a href=\"http:\/\/www.TvA-Foundation.org\" rel=\"nofollow\">http:\/\/www.TvA-Foundation.org<\/a> (nachfolgend &#8220;Website&#8221;) durch die Nutzer. (These Terms and Conditions govern the use of the <a href=\"http:\/\/www.TvA-Foundation.org\" rel=\"nofollow\">http:\/\/www.TvA-Foundation.org<\/a> website (hereinafter &#8220;Website&#8221;) by users.) 2. Nutzung der Website (Use of the Website): a) Die Website dient der [&hellip;]<\/p>\n","protected":false},"author":38320787,"featured_media":441,"parent":0,"menu_order":0,"comment_status":"closed","ping_status":"closed","template":"","meta":{"footnotes":""},"class_list":["post-4321","page","type-page","status-publish","has-post-thumbnail","hentry"],"jetpack_likes_enabled":true,"jetpack_sharing_enabled":true,"jetpack_shortlink":"https:\/\/wp.me\/Pf58jH-17H","jetpack-related-posts":[],"_links":{"self":[{"href":"https:\/\/tva-foundation.org\/de\/wp-json\/wp\/v2\/pages\/4321","targetHints":{"allow":["GET"]}}],"collection":[{"href":"https:\/\/tva-foundation.org\/de\/wp-json\/wp\/v2\/pages"}],"about":[{"href":"https:\/\/tva-foundation.org\/de\/wp-json\/wp\/v2\/types\/page"}],"author":[{"embeddable":true,"href":"https:\/\/tva-foundation.org\/de\/wp-json\/wp\/v2\/users\/38320787"}],"replies":[{"embeddable":true,"href":"https:\/\/tva-foundation.org\/de\/wp-json\/wp\/v2\/comments?post=4321"}],"version-history":[{"count":43,"href":"https:\/\/tva-foundation.org\/de\/wp-json\/wp\/v2\/pages\/4321\/revisions"}],"predecessor-version":[{"id":22141,"href":"https:\/\/tva-foundation.org\/de\/wp-json\/wp\/v2\/pages\/4321\/revisions\/22141"}],"wp:featuredmedia":[{"embeddable":true,"href":"https:\/\/tva-foundation.org\/de\/wp-json\/wp\/v2\/media\/441"}],"wp:attachment":[{"href":"https:\/\/tva-foundation.org\/de\/wp-json\/wp\/v2\/media?parent=4321"}],"curies":[{"name":"wp","href":"https:\/\/api.w.org\/{rel}","templated":true}]}}