{"id":4331,"date":"2024-01-03T18:48:43","date_gmt":"2024-01-03T17:48:43","guid":{"rendered":"https:\/\/tva-foundation.org\/?page_id=4331"},"modified":"2025-03-07T10:05:55","modified_gmt":"2025-03-07T09:05:55","slug":"terms-of-use","status":"publish","type":"page","link":"https:\/\/tva-foundation.org\/de\/terms-of-use\/","title":{"rendered":"Bedingungen und Konditionen"},"content":{"rendered":"<div data-elementor-type=\"wp-page\" data-elementor-id=\"4331\" class=\"elementor elementor-4331\" data-elementor-post-type=\"page\">\n\t\t\t\t<div class=\"elementor-element elementor-element-84328a9 e-flex e-con-boxed e-con e-parent\" data-id=\"84328a9\" data-element_type=\"container\" data-e-type=\"container\">\n\t\t\t\t\t<div class=\"e-con-inner\">\n\t\t\t\t<div class=\"elementor-element elementor-element-6c342e8 elementor-widget elementor-widget-text-editor\" data-id=\"6c342e8\" data-element_type=\"widget\" data-e-type=\"widget\" data-widget_type=\"text-editor.default\">\n\t\t\t\t<div class=\"elementor-widget-container\">\n\t\t\t\t\t\t\t\t\t<div class=\"elementor-element elementor-element-a8f7898 e-flex e-con-boxed e-con e-parent\" data-id=\"a8f7898\" data-element_type=\"container\" data-settings=\"{&quot;content_width&quot;:&quot;boxed&quot;}\" data-core-v316-plus=\"true\"><div class=\"e-con-inner\"><div class=\"elementor-element elementor-element-8f3bbe4 elementor-widget elementor-widget-heading\" data-id=\"8f3bbe4\" data-element_type=\"widget\" data-widget_type=\"heading.default\"><div class=\"elementor-widget-container\"><h4 class=\"elementor-heading-title elementor-size-default\">Haftungsausschluss<\/h4><\/div><\/div><\/div><\/div><div class=\"elementor-element elementor-element-efc2ca8 e-flex e-con-boxed e-con e-parent\" data-id=\"efc2ca8\" data-element_type=\"container\" data-settings=\"{&quot;content_width&quot;:&quot;boxed&quot;}\" data-core-v316-plus=\"true\"><div class=\"e-con-inner\"><div class=\"elementor-element elementor-element-c9b40bb elementor-widget elementor-widget-spacer\" data-id=\"c9b40bb\" data-element_type=\"widget\" data-widget_type=\"spacer.default\"><div class=\"elementor-widget-container\"><div class=\"elementor-spacer\"><div class=\"elementor-spacer-inner\">Die auf dieser Website zur Verf\u00fcgung gestellten Informationen dienen lediglich allgemeinen Informationszwecken.  Obwohl wir uns bem\u00fchen, die Informationen aktuell und genau zu halten, geben wir keinerlei ausdr\u00fcckliche oder stillschweigende Zusicherungen oder Gew\u00e4hrleistungen in Bezug auf die Vollst\u00e4ndigkeit, Genauigkeit, Zuverl\u00e4ssigkeit, Eignung oder Verf\u00fcgbarkeit der Website oder der auf dieser Website enthaltenen Informationen, Produkte, Dienstleistungen oder zugeh\u00f6rigen Grafiken f\u00fcr irgendeinen Zweck.  Jedes Vertrauen, das Sie auf diese Informationen setzen, geschieht daher ausschlie\u00dflich auf Ihr eigenes Risiko.<\/div><\/div><\/div><\/div><\/div><\/div><div class=\"elementor-element elementor-element-d1c2179 e-flex e-con-boxed e-con e-parent\" data-id=\"d1c2179\" data-element_type=\"container\" data-settings=\"{&quot;content_width&quot;:&quot;boxed&quot;}\" data-core-v316-plus=\"true\"><div class=\"e-con-inner\"><div class=\"elementor-element elementor-element-531fd99 elementor-widget elementor-widget-text-editor\" data-id=\"531fd99\" data-element_type=\"widget\" data-widget_type=\"text-editor.default\"><div class=\"elementor-widget-container\"><div class=\"text-orange-500 markdown prose w-full break-words dark:prose-invert light\"><p>In keinem Fall haften wir f\u00fcr Verluste oder Sch\u00e4den, einschlie\u00dflich, aber nicht beschr\u00e4nkt auf indirekte oder Folgesch\u00e4den, oder f\u00fcr Verluste oder Sch\u00e4den, die sich aus dem Verlust von Daten oder Gewinnen ergeben, die sich aus der Nutzung dieser Website ergeben oder damit in Zusammenhang stehen.<\/p><p>\u00dcber diese Website k\u00f6nnen Sie Links zu anderen Websites herstellen, die nicht unter der Kontrolle von <strong>Internationale Stiftung TvA<\/strong>.  Wir haben keine Kontrolle \u00fcber die Art, den Inhalt und die Verf\u00fcgbarkeit dieser Websites.  Die Aufnahme von Links bedeutet nicht notwendigerweise eine Empfehlung oder eine Bef\u00fcrwortung der auf diesen Seiten ge\u00e4u\u00dferten Ansichten.<\/p><p><strong>Wir bem\u00fchen uns nach Kr\u00e4ften, die <a href=\"http:\/\/www.TvAFoundation.org\" rel=\"nofollow noopener\" target=\"_blank\">http:\/\/www.TvAFoundation.org<\/a> und reibungslos funktioniert.  Die TvA International Foundation \u00fcbernimmt jedoch keine Verantwortung und ist nicht haftbar f\u00fcr <a href=\"http:\/\/www.TvAFoundation.org\" rel=\"nofollow noopener\" target=\"_blank\">http:\/\/www.TvAFoundation.org<\/a> aufgrund von technischen Problemen, die sich unserer Kontrolle entziehen, vor\u00fcbergehend nicht verf\u00fcgbar sind.<\/strong><\/p><\/div><\/div><\/div><\/div><\/div><p><strong>1. Akzeptanz der Bedingungen:<\/strong><\/p><ul><li>Durch den Zugriff auf und die Nutzung von <a href=\"http:\/\/www.TvAFoundation.org\" rel=\"nofollow\">http:\/\/www.TvAFoundation.org<\/a> (die \"Website\") erkl\u00e4ren Sie sich damit einverstanden, diese Nutzungsbedingungen einzuhalten und an sie gebunden zu sein. Wenn Sie mit einem Teil dieser Bedingungen nicht einverstanden sind, nutzen Sie die Website bitte nicht.<\/li><\/ul><p><strong>2. Verhalten der Benutzer:<\/strong><\/p><ul><li>a) Sie verpflichten sich, die Website f\u00fcr rechtm\u00e4\u00dfige und ordnungsgem\u00e4\u00dfe Zwecke zu nutzen.<\/li><li>b) Sie sind f\u00fcr alle Inhalte verantwortlich, die Sie auf der Website ver\u00f6ffentlichen oder hochladen, und diese d\u00fcrfen nicht gegen geltende Gesetze versto\u00dfen oder die Rechte anderer verletzen.<\/li><\/ul><p><strong>3. Geistiges Eigentum:<\/strong><\/p><ul><li>a) Der gesamte Inhalt der Website, einschlie\u00dflich Text, Grafiken, Logos, Bilder und Software, ist Eigentum von <strong>Internationale Stiftung Theodora von Auersperg<\/strong> und ist durch Gesetze zum Schutz des geistigen Eigentums gesch\u00fctzt.<\/li><li>b) Sie d\u00fcrfen Inhalte der Website nicht ohne vorherige schriftliche Zustimmung vervielf\u00e4ltigen, verbreiten, ver\u00e4ndern oder anderweitig nutzen.<\/li><\/ul><p><strong>4. Der Datenschutz:<\/strong><\/p><ul><li>Ihre Nutzung der Website unterliegt au\u00dferdem unseren <a href=\"https:\/\/tva-foundation.org\/de\/privacy-policy\/\">Datenschutz<\/a>in der dargelegt wird, wie wir Ihre pers\u00f6nlichen Daten erfassen, verwenden und weitergeben.<\/li><\/ul><p><strong>5. Links zu Drittanbietern:<\/strong><\/p><ul><li>Die Website kann Links zu Websites Dritter enthalten. <strong>Internationale Stiftung TvA<\/strong> ist nicht verantwortlich f\u00fcr den Inhalt oder die Praktiken dieser Websites, und ihre Aufnahme bedeutet nicht, dass sie gebilligt werden.<\/li><\/ul><p><strong>6. Begrenzung der Haftung:<\/strong><\/p><ul><li>a) <strong>Internationale Stiftung TvA<\/strong> ist nicht haftbar f\u00fcr direkte, indirekte, zuf\u00e4llige oder Folgesch\u00e4den, die sich aus der Nutzung der Website durch Sie ergeben.<\/li><li>b) Die Website wird ohne M\u00e4ngelgew\u00e4hr zur Verf\u00fcgung gestellt, und <strong>Internationale Stiftung TvA<\/strong> \u00fcbernimmt keine ausdr\u00fccklichen oder stillschweigenden Garantien f\u00fcr die Richtigkeit, Vollst\u00e4ndigkeit oder Eignung f\u00fcr einen bestimmten Zweck.<\/li><\/ul><p><strong>7. \u00c4nderungen der Bedingungen:<\/strong><\/p><ul><li><strong>Internationale Stiftung TvA<\/strong> beh\u00e4lt sich das Recht vor, diese Nutzungsbedingungen jederzeit zu aktualisieren oder zu \u00e4ndern. \u00c4nderungen werden sofort mit der Ver\u00f6ffentlichung auf der Website wirksam. Ihre fortgesetzte Nutzung der Website gilt als Zustimmung zu den ge\u00e4nderten Bedingungen.<\/li><\/ul><p><strong>8. Geltendes Recht:<\/strong><\/p><ul><li>Diese Nutzungsbedingungen unterliegen den Gesetzen \u00d6sterreichs und Bulgariens und werden in \u00dcbereinstimmung mit diesen ausgelegt. Alle Streitigkeiten, die sich aus oder im Zusammenhang mit diesen Bedingungen ergeben, unterliegen der ausschlie\u00dflichen Zust\u00e4ndigkeit der Gerichte in \u00d6sterreich oder Bulgarien.<\/li><\/ul>\t\t\t\t\t\t\t\t<\/div>\n\t\t\t\t<\/div>\n\t\t\t\t\t<\/div>\n\t\t\t\t<\/div>\n\t\t\t\t<\/div>","protected":false},"excerpt":{"rendered":"<p>Disclaimer The information provided on this website is for general informational purposes only. \u00a0While we strive to keep the information up-to-date and accurate, we make no representations or warranties of any kind, express or implied, about the completeness, accuracy, reliability, suitability, or availability with respect to website or the information, products, services, or related graphics [&hellip;]<\/p>\n","protected":false},"author":38320787,"featured_media":4332,"parent":0,"menu_order":0,"comment_status":"closed","ping_status":"closed","template":"","meta":{"jetpack_post_was_ever_published":false,"footnotes":""},"class_list":["post-4331","page","type-page","status-publish","has-post-thumbnail","hentry"],"jetpack_likes_enabled":true,"jetpack_sharing_enabled":true,"jetpack_shortlink":"https:\/\/wp.me\/Pf58jH-17R","jetpack-related-posts":[],"_links":{"self":[{"href":"https:\/\/tva-foundation.org\/de\/wp-json\/wp\/v2\/pages\/4331","targetHints":{"allow":["GET"]}}],"collection":[{"href":"https:\/\/tva-foundation.org\/de\/wp-json\/wp\/v2\/pages"}],"about":[{"href":"https:\/\/tva-foundation.org\/de\/wp-json\/wp\/v2\/types\/page"}],"author":[{"embeddable":true,"href":"https:\/\/tva-foundation.org\/de\/wp-json\/wp\/v2\/users\/38320787"}],"replies":[{"embeddable":true,"href":"https:\/\/tva-foundation.org\/de\/wp-json\/wp\/v2\/comments?post=4331"}],"version-history":[{"count":53,"href":"https:\/\/tva-foundation.org\/de\/wp-json\/wp\/v2\/pages\/4331\/revisions"}],"predecessor-version":[{"id":16424,"href":"https:\/\/tva-foundation.org\/de\/wp-json\/wp\/v2\/pages\/4331\/revisions\/16424"}],"wp:featuredmedia":[{"embeddable":true,"href":"https:\/\/tva-foundation.org\/de\/wp-json\/wp\/v2\/media\/4332"}],"wp:attachment":[{"href":"https:\/\/tva-foundation.org\/de\/wp-json\/wp\/v2\/media?parent=4331"}],"curies":[{"name":"wp","href":"https:\/\/api.w.org\/{rel}","templated":true}]}}