{"id":8320,"date":"2024-04-16T18:39:54","date_gmt":"2024-04-16T16:39:54","guid":{"rendered":"https:\/\/tva-foundation.org\/?page_id=8320"},"modified":"2024-06-15T17:43:12","modified_gmt":"2024-06-15T15:43:12","slug":"partnership-opportunities","status":"publish","type":"page","link":"https:\/\/tva-foundation.org\/de\/partnership-opportunities\/","title":{"rendered":"M\u00f6glichkeiten der Partnerschaft"},"content":{"rendered":"<div data-elementor-type=\"wp-page\" data-elementor-id=\"8320\" class=\"elementor elementor-8320\" data-elementor-post-type=\"page\">\n\t\t\t\t<div class=\"elementor-element elementor-element-ab54848 e-flex e-con-boxed e-con e-parent\" data-id=\"ab54848\" data-element_type=\"container\" data-e-type=\"container\">\n\t\t\t\t\t<div class=\"e-con-inner\">\n\t\t\t\t<div class=\"elementor-element elementor-element-1ffcccf elementor-widget elementor-widget-heading\" data-id=\"1ffcccf\" data-element_type=\"widget\" data-e-type=\"widget\" data-widget_type=\"heading.default\">\n\t\t\t\t<div class=\"elementor-widget-container\">\n\t\t\t\t\t<h4 class=\"elementor-heading-title elementor-size-default\">Willkommen auf unserer Seite \u00fcber Partnerschaftsm\u00f6glichkeiten! <\/h4>\t\t\t\t<\/div>\n\t\t\t\t<\/div>\n\t\t\t\t\t<\/div>\n\t\t\t\t<\/div>\n\t\t<div class=\"elementor-element elementor-element-619d69a e-flex e-con-boxed e-con e-parent\" data-id=\"619d69a\" data-element_type=\"container\" data-e-type=\"container\">\n\t\t\t\t\t<div class=\"e-con-inner\">\n\t\t\t\t<div class=\"elementor-element elementor-element-e6dedc3 elementor-widget elementor-widget-spacer\" data-id=\"e6dedc3\" data-element_type=\"widget\" data-e-type=\"widget\" data-widget_type=\"spacer.default\">\n\t\t\t\t<div class=\"elementor-widget-container\">\n\t\t\t\t\t\t\t<div class=\"elementor-spacer\">\n\t\t\t<div class=\"elementor-spacer-inner\"><\/div>\n\t\t<\/div>\n\t\t\t\t\t\t<\/div>\n\t\t\t\t<\/div>\n\t\t\t\t\t<\/div>\n\t\t\t\t<\/div>\n\t\t<div class=\"elementor-element elementor-element-e82d4df e-flex e-con-boxed e-con e-parent\" data-id=\"e82d4df\" data-element_type=\"container\" data-e-type=\"container\">\n\t\t\t\t\t<div class=\"e-con-inner\">\n\t\t\t\t<div class=\"elementor-element elementor-element-cd71437 elementor-widget elementor-widget-text-editor\" data-id=\"cd71437\" data-element_type=\"widget\" data-e-type=\"widget\" data-widget_type=\"text-editor.default\">\n\t\t\t\t<div class=\"elementor-widget-container\">\n\t\t\t\t\t\t\t\t\t<p>Wir sind davon \u00fcberzeugt, dass die Zusammenarbeit der Schl\u00fcssel zur F\u00f6rderung von Wirkung und Innovation ist.<\/p><p>Eine Partnerschaft mit uns \u00f6ffnet die T\u00fcr zu einer Welt der M\u00f6glichkeiten, in der wir unsere St\u00e4rken kombinieren k\u00f6nnen, um gemeinsame Ziele zu erreichen.<\/p><p>Informieren Sie sich \u00fcber die verschiedenen Partnerschaftsm\u00f6glichkeiten und entdecken Sie, wie wir gemeinsam etwas Au\u00dfergew\u00f6hnliches schaffen k\u00f6nnen.<\/p><p>\u00a0<\/p>\t\t\t\t\t\t\t\t<\/div>\n\t\t\t\t<\/div>\n\t\t\t\t\t<\/div>\n\t\t\t\t<\/div>\n\t\t<div class=\"elementor-element elementor-element-26865ca e-flex e-con-boxed e-con e-parent\" data-id=\"26865ca\" data-element_type=\"container\" data-e-type=\"container\">\n\t\t\t\t\t<div class=\"e-con-inner\">\n\t\t\t\t<div class=\"elementor-element elementor-element-e12d624 elementor-widget elementor-widget-heading\" data-id=\"e12d624\" data-element_type=\"widget\" data-e-type=\"widget\" data-widget_type=\"heading.default\">\n\t\t\t\t<div class=\"elementor-widget-container\">\n\t\t\t\t\t<h4 class=\"elementor-heading-title elementor-size-default\">Warum mit uns zusammenarbeiten?<\/h4>\t\t\t\t<\/div>\n\t\t\t\t<\/div>\n\t\t\t\t\t<\/div>\n\t\t\t\t<\/div>\n\t\t<div class=\"elementor-element elementor-element-d00ec37 e-flex e-con-boxed e-con e-parent\" data-id=\"d00ec37\" data-element_type=\"container\" data-e-type=\"container\">\n\t\t\t\t\t<div class=\"e-con-inner\">\n\t\t\t\t<div class=\"elementor-element elementor-element-d9b7f34 elementor-widget elementor-widget-spacer\" data-id=\"d9b7f34\" data-element_type=\"widget\" data-e-type=\"widget\" data-widget_type=\"spacer.default\">\n\t\t\t\t<div class=\"elementor-widget-container\">\n\t\t\t\t\t\t\t<div class=\"elementor-spacer\">\n\t\t\t<div class=\"elementor-spacer-inner\"><\/div>\n\t\t<\/div>\n\t\t\t\t\t\t<\/div>\n\t\t\t\t<\/div>\n\t\t\t\t\t<\/div>\n\t\t\t\t<\/div>\n\t\t<div class=\"elementor-element elementor-element-48664bc e-flex e-con-boxed e-con e-parent\" data-id=\"48664bc\" data-element_type=\"container\" data-e-type=\"container\">\n\t\t\t\t\t<div class=\"e-con-inner\">\n\t\t\t\t<div class=\"elementor-element elementor-element-3733c58 elementor-widget elementor-widget-text-editor\" data-id=\"3733c58\" data-element_type=\"widget\" data-e-type=\"widget\" data-widget_type=\"text-editor.default\">\n\t\t\t\t<div class=\"elementor-widget-container\">\n\t\t\t\t\t\t\t\t\t<ul><li><p><strong><span style=\"color: #d5b448;\">Gemeinsame Vision:<\/span><\/strong> Bringen Sie Ihre Marke mit unserem Auftrag und unseren Werten in Einklang und demonstrieren Sie damit Ihr Engagement, etwas zu bewirken.<\/p><\/li><li><p><strong><span style=\"color: #d5b448;\">Erh\u00f6hte Reichweite:<\/span> <\/strong>Nutzen Sie unser Publikum und unsere Netzwerke, um Ihre Botschaft zu verst\u00e4rken und die Sichtbarkeit Ihrer Marke zu erh\u00f6hen.<\/p><\/li><li><p><strong><span style=\"color: #d5b448;\">Innovative L\u00f6sungen:<\/span> <\/strong>Wir b\u00fcndeln unsere Ressourcen und unser Fachwissen, um innovative L\u00f6sungen zu entwickeln, die wichtige Herausforderungen angehen und positive Ver\u00e4nderungen bewirken.<\/p><\/li><li><p><strong><span style=\"color: #d5b448;\">Markenverband: <\/span><\/strong>Profitieren Sie von der positiven Assoziation mit Ihrer Marke und verbessern Sie Ihren Ruf, indem Sie mit einer vertrauensw\u00fcrdigen und angesehenen Organisation zusammenarbeiten.<\/p><\/li><\/ul>\t\t\t\t\t\t\t\t<\/div>\n\t\t\t\t<\/div>\n\t\t\t\t\t<\/div>\n\t\t\t\t<\/div>\n\t\t<div class=\"elementor-element elementor-element-c89a5b9 e-flex e-con-boxed e-con e-parent\" data-id=\"c89a5b9\" data-element_type=\"container\" data-e-type=\"container\">\n\t\t\t\t\t<div class=\"e-con-inner\">\n\t\t\t\t<div class=\"elementor-element elementor-element-33da7a0 elementor-widget elementor-widget-spacer\" data-id=\"33da7a0\" data-element_type=\"widget\" data-e-type=\"widget\" data-widget_type=\"spacer.default\">\n\t\t\t\t<div class=\"elementor-widget-container\">\n\t\t\t\t\t\t\t<div class=\"elementor-spacer\">\n\t\t\t<div class=\"elementor-spacer-inner\"><\/div>\n\t\t<\/div>\n\t\t\t\t\t\t<\/div>\n\t\t\t\t<\/div>\n\t\t\t\t\t<\/div>\n\t\t\t\t<\/div>\n\t\t<div class=\"elementor-element elementor-element-a37890a e-flex e-con-boxed e-con e-parent\" data-id=\"a37890a\" data-element_type=\"container\" data-e-type=\"container\">\n\t\t\t\t\t<div class=\"e-con-inner\">\n\t\t\t\t<div class=\"elementor-element elementor-element-e37535e elementor-widget elementor-widget-heading\" data-id=\"e37535e\" data-element_type=\"widget\" data-e-type=\"widget\" data-widget_type=\"heading.default\">\n\t\t\t\t<div class=\"elementor-widget-container\">\n\t\t\t\t\t<h4 class=\"elementor-heading-title elementor-size-default\">Wege zur Partnerschaft<\/h4>\t\t\t\t<\/div>\n\t\t\t\t<\/div>\n\t\t\t\t\t<\/div>\n\t\t\t\t<\/div>\n\t\t<div class=\"elementor-element elementor-element-f0a0d78 e-flex e-con-boxed e-con e-parent\" data-id=\"f0a0d78\" data-element_type=\"container\" data-e-type=\"container\">\n\t\t\t\t\t<div class=\"e-con-inner\">\n\t\t\t\t<div class=\"elementor-element elementor-element-d550c75 elementor-widget elementor-widget-spacer\" data-id=\"d550c75\" data-element_type=\"widget\" data-e-type=\"widget\" data-widget_type=\"spacer.default\">\n\t\t\t\t<div class=\"elementor-widget-container\">\n\t\t\t\t\t\t\t<div class=\"elementor-spacer\">\n\t\t\t<div class=\"elementor-spacer-inner\"><\/div>\n\t\t<\/div>\n\t\t\t\t\t\t<\/div>\n\t\t\t\t<\/div>\n\t\t\t\t\t<\/div>\n\t\t\t\t<\/div>\n\t\t<div class=\"elementor-element elementor-element-a88d5e4 e-flex e-con-boxed e-con e-parent\" data-id=\"a88d5e4\" data-element_type=\"container\" data-e-type=\"container\">\n\t\t\t\t\t<div class=\"e-con-inner\">\n\t\t\t\t<div class=\"elementor-element elementor-element-7315f78 elementor-widget elementor-widget-text-editor\" data-id=\"7315f78\" data-element_type=\"widget\" data-e-type=\"widget\" data-widget_type=\"text-editor.default\">\n\t\t\t\t<div class=\"elementor-widget-container\">\n\t\t\t\t\t\t\t\t\t<ol><li><p><strong><span style=\"color: #d5b448;\">Strategische Allianz: <\/span><\/strong>Zusammenarbeit bei langfristigen strategischen Initiativen, die unsere jeweiligen St\u00e4rken und Ressourcen nutzen, um gemeinsame Ziele zu erreichen.<\/p><\/li><li><p><strong><span style=\"color: #d5b448;\">Programm-Sponsoring: <\/span><\/strong>Unterst\u00fctzen Sie spezifische Programme, Veranstaltungen oder Initiativen, die mit Ihren Markenwerten und -zielen \u00fcbereinstimmen, und verschaffen Sie sich so Sichtbarkeit und Anerkennung als gesch\u00e4tzter Partner.<\/p><\/li><li><p><strong><span style=\"color: #d5b448;\">Inhaltliche Zusammenarbeit:<\/span> <\/strong>Erstellen Sie gemeinsam Inhalte wie Artikel, Videos oder Webinare, die wertvolle Erkenntnisse liefern und unser gemeinsames Publikum ansprechen.<\/p><\/li><li><p><strong><span style=\"color: #d5b448;\">Gemeinsame Marketing-Kampagnen:<\/span> <\/strong>Starten Sie gemeinsame Marketingkampagnen zur F\u00f6rderung von Produkten, Dienstleistungen oder Anliegen und nutzen Sie dabei die Plattformen und Kan\u00e4le der jeweils anderen Seite, um eine maximale Wirkung zu erzielen.<\/p><\/li><li><p><strong><span style=\"color: #d5b448;\">Produktintegration: <\/span><\/strong>Sondieren Sie M\u00f6glichkeiten zur Produktintegration oder zum Co-Branding, um innovative Angebote zu schaffen, die den Kunden einen Mehrwert bieten.<\/p><\/li><\/ol>\t\t\t\t\t\t\t\t<\/div>\n\t\t\t\t<\/div>\n\t\t\t\t\t<\/div>\n\t\t\t\t<\/div>\n\t\t<div class=\"elementor-element elementor-element-f045859 e-flex e-con-boxed e-con e-parent\" data-id=\"f045859\" data-element_type=\"container\" data-e-type=\"container\">\n\t\t\t\t\t<div class=\"e-con-inner\">\n\t\t\t\t<div class=\"elementor-element elementor-element-a2cee2d elementor-widget elementor-widget-spacer\" data-id=\"a2cee2d\" data-element_type=\"widget\" data-e-type=\"widget\" data-widget_type=\"spacer.default\">\n\t\t\t\t<div class=\"elementor-widget-container\">\n\t\t\t\t\t\t\t<div class=\"elementor-spacer\">\n\t\t\t<div class=\"elementor-spacer-inner\"><\/div>\n\t\t<\/div>\n\t\t\t\t\t\t<\/div>\n\t\t\t\t<\/div>\n\t\t\t\t\t<\/div>\n\t\t\t\t<\/div>\n\t\t<div class=\"elementor-element elementor-element-4e7dfcd e-flex e-con-boxed e-con e-parent\" data-id=\"4e7dfcd\" data-element_type=\"container\" data-e-type=\"container\">\n\t\t\t\t\t<div class=\"e-con-inner\">\n\t\t\t\t<div class=\"elementor-element elementor-element-a541d5e elementor-widget elementor-widget-heading\" data-id=\"a541d5e\" data-element_type=\"widget\" data-e-type=\"widget\" data-widget_type=\"heading.default\">\n\t\t\t\t<div class=\"elementor-widget-container\">\n\t\t\t\t\t<h4 class=\"elementor-heading-title elementor-size-default\">Engagieren Sie sich<\/h4>\t\t\t\t<\/div>\n\t\t\t\t<\/div>\n\t\t\t\t\t<\/div>\n\t\t\t\t<\/div>\n\t\t<div class=\"elementor-element elementor-element-149501e e-flex e-con-boxed e-con e-parent\" data-id=\"149501e\" data-element_type=\"container\" data-e-type=\"container\">\n\t\t\t\t\t<div class=\"e-con-inner\">\n\t\t\t\t<div class=\"elementor-element elementor-element-9aee2b1 elementor-widget elementor-widget-spacer\" data-id=\"9aee2b1\" data-element_type=\"widget\" data-e-type=\"widget\" data-widget_type=\"spacer.default\">\n\t\t\t\t<div class=\"elementor-widget-container\">\n\t\t\t\t\t\t\t<div class=\"elementor-spacer\">\n\t\t\t<div class=\"elementor-spacer-inner\"><\/div>\n\t\t<\/div>\n\t\t\t\t\t\t<\/div>\n\t\t\t\t<\/div>\n\t\t\t\t\t<\/div>\n\t\t\t\t<\/div>\n\t\t<div class=\"elementor-element elementor-element-7cae253 e-flex e-con-boxed e-con e-parent\" data-id=\"7cae253\" data-element_type=\"container\" data-e-type=\"container\">\n\t\t\t\t\t<div class=\"e-con-inner\">\n\t\t\t\t<div class=\"elementor-element elementor-element-3dcbd2c elementor-widget elementor-widget-text-editor\" data-id=\"3dcbd2c\" data-element_type=\"widget\" data-e-type=\"widget\" data-widget_type=\"text-editor.default\">\n\t\t\t\t<div class=\"elementor-widget-container\">\n\t\t\t\t\t\t\t\t\t<p>Sind Sie bereit, Partnerschaftsm\u00f6glichkeiten zu erkunden?<\/p><p>Wir freuen uns darauf, zu besprechen, wie wir zusammenarbeiten k\u00f6nnen, um unsere gemeinsamen Ziele zu erreichen.<\/p><p><strong><span style=\"color: #d5b448;\"><a style=\"color: #d5b448;\" href=\"https:\/\/tva-foundation.org\/de\/contact\/\">Kontakt<\/a><\/span><\/strong> um das Gespr\u00e4ch zu beginnen und das Potenzial einer Partnerschaft zu erschlie\u00dfen.<\/p>\t\t\t\t\t\t\t\t<\/div>\n\t\t\t\t<\/div>\n\t\t\t\t\t<\/div>\n\t\t\t\t<\/div>\n\t\t<div class=\"elementor-element elementor-element-d5650bb e-flex e-con-boxed e-con e-parent\" data-id=\"d5650bb\" data-element_type=\"container\" data-e-type=\"container\">\n\t\t\t\t\t<div class=\"e-con-inner\">\n\t\t\t\t<div class=\"elementor-element elementor-element-a102e45 elementor-widget elementor-widget-spacer\" data-id=\"a102e45\" data-element_type=\"widget\" data-e-type=\"widget\" data-widget_type=\"spacer.default\">\n\t\t\t\t<div class=\"elementor-widget-container\">\n\t\t\t\t\t\t\t<div class=\"elementor-spacer\">\n\t\t\t<div class=\"elementor-spacer-inner\"><\/div>\n\t\t<\/div>\n\t\t\t\t\t\t<\/div>\n\t\t\t\t<\/div>\n\t\t\t\t\t<\/div>\n\t\t\t\t<\/div>\n\t\t<div class=\"elementor-element elementor-element-e46e371 e-flex e-con-boxed e-con e-parent\" data-id=\"e46e371\" data-element_type=\"container\" data-e-type=\"container\">\n\t\t\t\t\t<div class=\"e-con-inner\">\n\t\t\t\t<div class=\"elementor-element elementor-element-e3ca177 elementor-widget elementor-widget-helpo_button\" data-id=\"e3ca177\" data-element_type=\"widget\" data-e-type=\"widget\" data-widget_type=\"helpo_button.default\">\n\t\t\t\t<div class=\"elementor-widget-container\">\n\t\t\t\t\t\n        <div class=\"helpo_button_widget\">\n            <div class=\"helpo_button_container\">\n                <a class=\"helpo_button helpo_button--primary\" href=\"https:\/\/tva-foundation.org\/de\/sponsorship-opportunities\/\" target=\"_blank\">SPONSOSHIP OPPORTUNITIES<\/a>\n            <\/div>\n        <\/div>\n        \t\t\t\t<\/div>\n\t\t\t\t<\/div>\n\t\t\t\t\t<\/div>\n\t\t\t\t<\/div>\n\t\t\t\t<\/div>","protected":false},"excerpt":{"rendered":"<p>Welcome to our Partnership Opportunities page! We believe that collaboration is key to driving meaningful impact and innovation. Partnering with us opens the door to a world of possibilities where we can combine our strengths to achieve shared goals. Explore the diverse partnership opportunities below and discover how we can create something extraordinary together. Why [&hellip;]<\/p>\n","protected":false},"author":38320787,"featured_media":8544,"parent":0,"menu_order":0,"comment_status":"closed","ping_status":"closed","template":"","meta":{"footnotes":""},"class_list":["post-8320","page","type-page","status-publish","has-post-thumbnail","hentry"],"jetpack_likes_enabled":true,"jetpack_sharing_enabled":true,"jetpack_shortlink":"https:\/\/wp.me\/Pf58jH-2ac","jetpack-related-posts":[],"_links":{"self":[{"href":"https:\/\/tva-foundation.org\/de\/wp-json\/wp\/v2\/pages\/8320","targetHints":{"allow":["GET"]}}],"collection":[{"href":"https:\/\/tva-foundation.org\/de\/wp-json\/wp\/v2\/pages"}],"about":[{"href":"https:\/\/tva-foundation.org\/de\/wp-json\/wp\/v2\/types\/page"}],"author":[{"embeddable":true,"href":"https:\/\/tva-foundation.org\/de\/wp-json\/wp\/v2\/users\/38320787"}],"replies":[{"embeddable":true,"href":"https:\/\/tva-foundation.org\/de\/wp-json\/wp\/v2\/comments?post=8320"}],"version-history":[{"count":67,"href":"https:\/\/tva-foundation.org\/de\/wp-json\/wp\/v2\/pages\/8320\/revisions"}],"predecessor-version":[{"id":11371,"href":"https:\/\/tva-foundation.org\/de\/wp-json\/wp\/v2\/pages\/8320\/revisions\/11371"}],"wp:featuredmedia":[{"embeddable":true,"href":"https:\/\/tva-foundation.org\/de\/wp-json\/wp\/v2\/media\/8544"}],"wp:attachment":[{"href":"https:\/\/tva-foundation.org\/de\/wp-json\/wp\/v2\/media?parent=8320"}],"curies":[{"name":"wp","href":"https:\/\/api.w.org\/{rel}","templated":true}]}}