{"id":8436,"date":"2024-04-19T09:44:10","date_gmt":"2024-04-19T07:44:10","guid":{"rendered":"https:\/\/tva-foundation.org\/?page_id=8436"},"modified":"2025-07-05T10:56:29","modified_gmt":"2025-07-05T08:56:29","slug":"fundraising-campaigns","status":"publish","type":"page","link":"https:\/\/tva-foundation.org\/de\/fundraising-campaigns\/","title":{"rendered":"Fundraising-Kampagnen"},"content":{"rendered":"<div data-elementor-type=\"wp-page\" data-elementor-id=\"8436\" class=\"elementor elementor-8436\" data-elementor-post-type=\"page\">\n\t\t\t\t<div class=\"elementor-element elementor-element-7d144ff e-flex e-con-boxed e-con e-parent\" data-id=\"7d144ff\" data-element_type=\"container\" data-e-type=\"container\">\n\t\t\t\t\t<div class=\"e-con-inner\">\n\t\t\t\t<div class=\"elementor-element elementor-element-d87809d elementor-widget elementor-widget-heading\" data-id=\"d87809d\" data-element_type=\"widget\" data-e-type=\"widget\" data-widget_type=\"heading.default\">\n\t\t\t\t<div class=\"elementor-widget-container\">\n\t\t\t\t\t<h4 class=\"elementor-heading-title elementor-size-default\">Willkommen auf unserer Seite f\u00fcr Fundraising-Kampagnen!<\/h4>\t\t\t\t<\/div>\n\t\t\t\t<\/div>\n\t\t\t\t\t<\/div>\n\t\t\t\t<\/div>\n\t\t<div class=\"elementor-element elementor-element-32240d4 e-flex e-con-boxed e-con e-parent\" data-id=\"32240d4\" data-element_type=\"container\" data-e-type=\"container\">\n\t\t\t\t\t<div class=\"e-con-inner\">\n\t\t\t\t<div class=\"elementor-element elementor-element-d471073 elementor-widget elementor-widget-spacer\" data-id=\"d471073\" data-element_type=\"widget\" data-e-type=\"widget\" data-widget_type=\"spacer.default\">\n\t\t\t\t<div class=\"elementor-widget-container\">\n\t\t\t\t\t\t\t<div class=\"elementor-spacer\">\n\t\t\t<div class=\"elementor-spacer-inner\"><\/div>\n\t\t<\/div>\n\t\t\t\t\t\t<\/div>\n\t\t\t\t<\/div>\n\t\t\t\t\t<\/div>\n\t\t\t\t<\/div>\n\t\t<div class=\"elementor-element elementor-element-9a1835d e-flex e-con-boxed e-con e-parent\" data-id=\"9a1835d\" data-element_type=\"container\" data-e-type=\"container\">\n\t\t\t\t\t<div class=\"e-con-inner\">\n\t\t\t\t<div class=\"elementor-element elementor-element-11895b3 elementor-widget elementor-widget-text-editor\" data-id=\"11895b3\" data-element_type=\"widget\" data-e-type=\"widget\" data-widget_type=\"text-editor.default\">\n\t\t\t\t<div class=\"elementor-widget-container\">\n\t\t\t\t\t\t\t\t\t<p>Hier werden Sie das Herzst\u00fcck unserer Mission in Aktion entdecken.<\/p><p>Unsere Fundraising-Kampagnen sind das Herzblut unserer Organisation und treiben Initiativen voran, die sinnvolle Ver\u00e4nderungen bewirken und Leben ver\u00e4ndern. Im Folgenden finden Sie eine Vielzahl von Kampagnen, von denen jede eine einzigartige Gelegenheit bietet, etwas zu bewirken.<\/p><p>Ganz gleich, ob Sie sich f\u00fcr den Tierschutz und das Wohlergehen von Tieren, f\u00fcr Kinderhilfsprojekte, f\u00fcr Bildung oder f\u00fcr den Umweltschutz engagieren, hier finden Sie eine Kampagne, die Sie unterst\u00fctzen k\u00f6nnen.<\/p><p>Sie k\u00f6nnen beitragen <strong>direkt<\/strong> zu unseren Anliegen gleich hier <strong>auf unserer Website<\/strong>wo jede Spende dazu beitr\u00e4gt, unsere Mission zu unterst\u00fctzen und einen sp\u00fcrbaren Unterschied in der Welt zu bewirken.<\/p><p>Au\u00dferdem haben wir Folgendes eingerichtet <strong>zus\u00e4tzliche Online-Fundraising-Kampagnen<\/strong> auf Plattformen wie<strong> Donorbox und Betterworld<\/strong>\u00a0Wir bieten Ihnen bequeme M\u00f6glichkeiten, sich zu engagieren und unser Anliegen mit Freunden, Familie und Kollegen zu teilen.<\/p><p>Begleiten Sie uns auf unserem Weg, die Welt zu einem besseren Ort zu machen, eine Kampagne nach der anderen!<\/p><p>Gemeinsam k\u00f6nnen wir einen dauerhaften Wandel herbeif\u00fchren und das Leben der Menschen zum Besseren wenden.<\/p>\t\t\t\t\t\t\t\t<\/div>\n\t\t\t\t<\/div>\n\t\t\t\t\t<\/div>\n\t\t\t\t<\/div>\n\t\t<div class=\"elementor-element elementor-element-db4ccb2 e-flex e-con-boxed e-con e-parent\" data-id=\"db4ccb2\" data-element_type=\"container\" data-e-type=\"container\">\n\t\t\t\t\t<div class=\"e-con-inner\">\n\t\t\t\t<div class=\"elementor-element elementor-element-da3548e elementor-widget elementor-widget-spacer\" data-id=\"da3548e\" data-element_type=\"widget\" data-e-type=\"widget\" data-widget_type=\"spacer.default\">\n\t\t\t\t<div class=\"elementor-widget-container\">\n\t\t\t\t\t\t\t<div class=\"elementor-spacer\">\n\t\t\t<div class=\"elementor-spacer-inner\"><\/div>\n\t\t<\/div>\n\t\t\t\t\t\t<\/div>\n\t\t\t\t<\/div>\n\t\t\t\t\t<\/div>\n\t\t\t\t<\/div>\n\t\t<div class=\"elementor-element elementor-element-7a014fb e-flex e-con-boxed e-con e-parent\" data-id=\"7a014fb\" data-element_type=\"container\" data-e-type=\"container\">\n\t\t\t\t\t<div class=\"e-con-inner\">\n\t\t\t\t<div class=\"elementor-element elementor-element-a8a96d8 elementor-widget elementor-widget-heading\" data-id=\"a8a96d8\" data-element_type=\"widget\" data-e-type=\"widget\" data-widget_type=\"heading.default\">\n\t\t\t\t<div class=\"elementor-widget-container\">\n\t\t\t\t\t<h4 class=\"elementor-heading-title elementor-size-default\">Aktuelle Fundraising-Kampagnen<\/h4>\t\t\t\t<\/div>\n\t\t\t\t<\/div>\n\t\t\t\t\t<\/div>\n\t\t\t\t<\/div>\n\t\t<div class=\"elementor-element elementor-element-99e248b e-flex e-con-boxed e-con e-parent\" data-id=\"99e248b\" data-element_type=\"container\" data-e-type=\"container\">\n\t\t\t\t\t<div class=\"e-con-inner\">\n\t\t\t\t<div class=\"elementor-element elementor-element-edfb175 elementor-widget elementor-widget-spacer\" data-id=\"edfb175\" data-element_type=\"widget\" data-e-type=\"widget\" data-widget_type=\"spacer.default\">\n\t\t\t\t<div class=\"elementor-widget-container\">\n\t\t\t\t\t\t\t<div class=\"elementor-spacer\">\n\t\t\t<div class=\"elementor-spacer-inner\"><\/div>\n\t\t<\/div>\n\t\t\t\t\t\t<\/div>\n\t\t\t\t<\/div>\n\t\t\t\t\t<\/div>\n\t\t\t\t<\/div>\n\t\t<div class=\"elementor-element elementor-element-27c1e00 e-flex e-con-boxed e-con e-parent\" data-id=\"27c1e00\" data-element_type=\"container\" data-e-type=\"container\">\n\t\t\t\t\t<div class=\"e-con-inner\">\n\t\t\t\t<div class=\"elementor-element elementor-element-7ea61e7 elementor-widget elementor-widget-heading\" data-id=\"7ea61e7\" data-element_type=\"widget\" data-e-type=\"widget\" data-widget_type=\"heading.default\">\n\t\t\t\t<div class=\"elementor-widget-container\">\n\t\t\t\t\t<h5 class=\"elementor-heading-title elementor-size-default\">Donorbox-Kampagnen<\/h5>\t\t\t\t<\/div>\n\t\t\t\t<\/div>\n\t\t\t\t\t<\/div>\n\t\t\t\t<\/div>\n\t\t<div class=\"elementor-element elementor-element-a2dfe7c e-flex e-con-boxed e-con e-parent\" data-id=\"a2dfe7c\" data-element_type=\"container\" data-e-type=\"container\">\n\t\t\t\t\t<div class=\"e-con-inner\">\n\t\t\t\t<div class=\"elementor-element elementor-element-a78dc14 elementor-widget elementor-widget-spacer\" data-id=\"a78dc14\" data-element_type=\"widget\" data-e-type=\"widget\" data-widget_type=\"spacer.default\">\n\t\t\t\t<div class=\"elementor-widget-container\">\n\t\t\t\t\t\t\t<div class=\"elementor-spacer\">\n\t\t\t<div class=\"elementor-spacer-inner\"><\/div>\n\t\t<\/div>\n\t\t\t\t\t\t<\/div>\n\t\t\t\t<\/div>\n\t\t\t\t\t<\/div>\n\t\t\t\t<\/div>\n\t\t<div class=\"elementor-element elementor-element-df9bb12 e-flex e-con-boxed e-con e-parent\" data-id=\"df9bb12\" data-element_type=\"container\" data-e-type=\"container\">\n\t\t\t\t\t<div class=\"e-con-inner\">\n\t\t\t\t<div class=\"elementor-element elementor-element-df00f97 elementor-widget elementor-widget-text-editor\" data-id=\"df00f97\" data-element_type=\"widget\" data-e-type=\"widget\" data-widget_type=\"text-editor.default\">\n\t\t\t\t<div class=\"elementor-widget-container\">\n\t\t\t\t\t\t\t\t\t<h6><a href=\"https:\/\/donorbox.org\/save-a-soul-17\" target=\"_blank\" rel=\"noopener\"><span style=\"color: #d5b448;\"><strong>\"HELP\" Rette eine Seele<\/strong><\/span><\/a><\/h6><ul><li><span style=\"color: #333333;\"><strong>CAUSE<\/strong>:<\/span> Beschaffung von Mitteln f\u00fcr Futter, Medikamente und tier\u00e4rztliche Versorgung f\u00fcr die Haustiere von Obdachlosen - die wertvollsten Begleiter von Menschen, die auf der Stra\u00dfe leben.<\/li><li><span style=\"color: #d5b448;\"><a style=\"color: #d5b448;\" href=\"https:\/\/donorbox.org\/save-a-soul-17\" target=\"_blank\" rel=\"noopener\"><strong>HIER SPENDEN<\/strong><\/a><\/span><img data-attachment-id=\"17842\" data-permalink=\"https:\/\/tva-foundation.org\/de\/3c32e8e6-95a8-4cb8-8778-b63ac2669f50_4_5005_c\/\" data-orig-file=\"https:\/\/tva-foundation.org\/wp-content\/uploads\/2025\/04\/3C32E8E6-95A8-4CB8-8778-B63AC2669F50_4_5005_c.jpeg\" data-orig-size=\"200,200\" data-comments-opened=\"1\" data-image-meta=\"{&quot;aperture&quot;:&quot;0&quot;,&quot;credit&quot;:&quot;&quot;,&quot;camera&quot;:&quot;&quot;,&quot;caption&quot;:&quot;&quot;,&quot;created_timestamp&quot;:&quot;0&quot;,&quot;copyright&quot;:&quot;&quot;,&quot;focal_length&quot;:&quot;0&quot;,&quot;iso&quot;:&quot;0&quot;,&quot;shutter_speed&quot;:&quot;0&quot;,&quot;title&quot;:&quot;&quot;,&quot;orientation&quot;:&quot;0&quot;}\" data-image-title=\"Donate &amp;#8211; Help Save A Soul\" data-image-description=\"\" data-image-caption=\"\" data-large-file=\"https:\/\/tva-foundation.org\/wp-content\/uploads\/2025\/04\/3C32E8E6-95A8-4CB8-8778-B63AC2669F50_4_5005_c.jpeg\" class=\"alignnone size-full wp-image-17842\" src=\"https:\/\/tva-foundation.org\/wp-content\/uploads\/2025\/04\/3C32E8E6-95A8-4CB8-8778-B63AC2669F50_4_5005_c.jpeg\" alt=\"TvA International Foundation\" width=\"200\" height=\"200\" srcset=\"https:\/\/tva-foundation.org\/wp-content\/uploads\/2025\/04\/3C32E8E6-95A8-4CB8-8778-B63AC2669F50_4_5005_c.jpeg 200w, https:\/\/tva-foundation.org\/wp-content\/uploads\/2025\/04\/3C32E8E6-95A8-4CB8-8778-B63AC2669F50_4_5005_c-150x150.jpeg?crop=1 150w, https:\/\/tva-foundation.org\/wp-content\/uploads\/2025\/04\/3C32E8E6-95A8-4CB8-8778-B63AC2669F50_4_5005_c-12x12.jpeg 12w, https:\/\/tva-foundation.org\/wp-content\/uploads\/2025\/04\/3C32E8E6-95A8-4CB8-8778-B63AC2669F50_4_5005_c-100x100.jpeg?crop=1 100w\" sizes=\"(max-width: 200px) 100vw, 200px\" \/><\/li><li><strong><a href=\"https:\/\/donorbox.org\/save-a-soul-17\" target=\"_blank\" rel=\"noopener\"><span style=\"color: #333333;\">TEILEN<\/span><\/a> - Ihre Spende z\u00e4hlt!<\/strong><\/li><\/ul><h6><a href=\"https:\/\/donorbox.org\/lend-a-helping-paw-to-animals-in-bulgaria\" target=\"_blank\" rel=\"noopener\"><span style=\"color: #d5b448;\"><strong>Eine helfende Pfote f\u00fcr Tiere in Bulgarien<\/strong><\/span><\/a><\/h6><ul><li><span style=\"color: #333333;\"><strong>CAUSE<\/strong>:<\/span> Beschaffung von Mitteln f\u00fcr Futter, Medikamente und tier\u00e4rztliche Versorgung f\u00fcr Tierheime in Bulgarien. Die Mittel werden an Tierheime in Sofia, Pazardjik und Vidin verteilt.<\/li><li><span style=\"color: #d5b448;\"><strong><a style=\"color: #d5b448;\" href=\"https:\/\/donorbox.org\/lend-a-helping-paw-to-animals-in-bulgaria\" target=\"_blank\" rel=\"noopener\">HIER SPENDEN<\/a><\/strong><\/span><img data-attachment-id=\"17850\" data-permalink=\"https:\/\/tva-foundation.org\/de\/1b313cb3-0049-4fc0-bdb4-77ebad52f0c0_4_5005_c\/\" data-orig-file=\"https:\/\/tva-foundation.org\/wp-content\/uploads\/2025\/04\/1B313CB3-0049-4FC0-BDB4-77EBAD52F0C0_4_5005_c.jpeg\" data-orig-size=\"200,200\" data-comments-opened=\"1\" data-image-meta=\"{&quot;aperture&quot;:&quot;0&quot;,&quot;credit&quot;:&quot;&quot;,&quot;camera&quot;:&quot;&quot;,&quot;caption&quot;:&quot;&quot;,&quot;created_timestamp&quot;:&quot;0&quot;,&quot;copyright&quot;:&quot;&quot;,&quot;focal_length&quot;:&quot;0&quot;,&quot;iso&quot;:&quot;0&quot;,&quot;shutter_speed&quot;:&quot;0&quot;,&quot;title&quot;:&quot;&quot;,&quot;orientation&quot;:&quot;0&quot;}\" data-image-title=\"Donate Lend A Helping Paw\" data-image-description=\"\" data-image-caption=\"\" data-large-file=\"https:\/\/tva-foundation.org\/wp-content\/uploads\/2025\/04\/1B313CB3-0049-4FC0-BDB4-77EBAD52F0C0_4_5005_c.jpeg\" class=\"alignnone size-full wp-image-17850\" src=\"https:\/\/tva-foundation.org\/wp-content\/uploads\/2025\/04\/1B313CB3-0049-4FC0-BDB4-77EBAD52F0C0_4_5005_c.jpeg\" alt=\"TvA International Foundation\" width=\"200\" height=\"200\" srcset=\"https:\/\/tva-foundation.org\/wp-content\/uploads\/2025\/04\/1B313CB3-0049-4FC0-BDB4-77EBAD52F0C0_4_5005_c.jpeg 200w, https:\/\/tva-foundation.org\/wp-content\/uploads\/2025\/04\/1B313CB3-0049-4FC0-BDB4-77EBAD52F0C0_4_5005_c-150x150.jpeg?crop=1 150w, https:\/\/tva-foundation.org\/wp-content\/uploads\/2025\/04\/1B313CB3-0049-4FC0-BDB4-77EBAD52F0C0_4_5005_c-12x12.jpeg 12w, https:\/\/tva-foundation.org\/wp-content\/uploads\/2025\/04\/1B313CB3-0049-4FC0-BDB4-77EBAD52F0C0_4_5005_c-100x100.jpeg?crop=1 100w\" sizes=\"(max-width: 200px) 100vw, 200px\" \/><\/li><li><strong><a href=\"https:\/\/donorbox.org\/lend-a-helping-paw-to-animals-in-bulgaria\" target=\"_blank\" rel=\"noopener\"><span style=\"color: #333333;\">TEILEN<\/span><\/a> - Ihre Spende z\u00e4hlt!<\/strong><\/li><\/ul><h6><a href=\"https:\/\/donorbox.org\/stray-angels-bulgaria-sos-for-justice-support\" target=\"_blank\" rel=\"noopener\"><span style=\"color: #d5b448;\"><strong>STRAY ANGELS Bulgarien - SOS f\u00fcr Gerechtigkeit und Unterst\u00fctzung<\/strong><\/span><\/a><\/h6><ul><li><span style=\"color: #333333;\"><strong>CAUSE<\/strong>:<\/span> Helfen Sie mit, dass \"Stray Angels - Bulgarien\" ihre unerm\u00fcdliche und selbstlose Arbeit auch in Zukunft fortsetzen kann.<\/li><li><span style=\"color: #d5b448;\"><strong><a style=\"color: #d5b448;\" href=\"https:\/\/donorbox.org\/stray-angels-bulgaria-sos-for-justice-support\" target=\"_blank\" rel=\"noopener\">HIER SPENDEN<\/a><\/strong><\/span><img data-attachment-id=\"17854\" data-permalink=\"https:\/\/tva-foundation.org\/de\/58c6e80f-5c1f-489c-b49e-f62394b2ad08_4_5005_c\/\" data-orig-file=\"https:\/\/tva-foundation.org\/wp-content\/uploads\/2025\/04\/58C6E80F-5C1F-489C-B49E-F62394B2AD08_4_5005_c.jpeg\" data-orig-size=\"200,200\" data-comments-opened=\"1\" data-image-meta=\"{&quot;aperture&quot;:&quot;0&quot;,&quot;credit&quot;:&quot;&quot;,&quot;camera&quot;:&quot;&quot;,&quot;caption&quot;:&quot;&quot;,&quot;created_timestamp&quot;:&quot;0&quot;,&quot;copyright&quot;:&quot;&quot;,&quot;focal_length&quot;:&quot;0&quot;,&quot;iso&quot;:&quot;0&quot;,&quot;shutter_speed&quot;:&quot;0&quot;,&quot;title&quot;:&quot;&quot;,&quot;orientation&quot;:&quot;0&quot;}\" data-image-title=\"Donate Stray Angels Bulgaria\" data-image-description=\"\" data-image-caption=\"\" data-large-file=\"https:\/\/tva-foundation.org\/wp-content\/uploads\/2025\/04\/58C6E80F-5C1F-489C-B49E-F62394B2AD08_4_5005_c.jpeg\" class=\"alignnone size-full wp-image-17854\" src=\"https:\/\/tva-foundation.org\/wp-content\/uploads\/2025\/04\/58C6E80F-5C1F-489C-B49E-F62394B2AD08_4_5005_c.jpeg\" alt=\"TvA International Foundation\" width=\"200\" height=\"200\" srcset=\"https:\/\/tva-foundation.org\/wp-content\/uploads\/2025\/04\/58C6E80F-5C1F-489C-B49E-F62394B2AD08_4_5005_c.jpeg 200w, https:\/\/tva-foundation.org\/wp-content\/uploads\/2025\/04\/58C6E80F-5C1F-489C-B49E-F62394B2AD08_4_5005_c-150x150.jpeg?crop=1 150w, https:\/\/tva-foundation.org\/wp-content\/uploads\/2025\/04\/58C6E80F-5C1F-489C-B49E-F62394B2AD08_4_5005_c-12x12.jpeg 12w, https:\/\/tva-foundation.org\/wp-content\/uploads\/2025\/04\/58C6E80F-5C1F-489C-B49E-F62394B2AD08_4_5005_c-100x100.jpeg?crop=1 100w\" sizes=\"(max-width: 200px) 100vw, 200px\" \/><\/li><li><strong><a href=\"https:\/\/donorbox.org\/stray-angels-bulgaria-sos-for-justice-support\" target=\"_blank\" rel=\"noopener\"><span style=\"color: #333333;\">TEILEN<\/span><\/a> - Ihre Spende z\u00e4hlt!<\/strong><\/li><\/ul>\t\t\t\t\t\t\t\t<\/div>\n\t\t\t\t<\/div>\n\t\t\t\t\t<\/div>\n\t\t\t\t<\/div>\n\t\t<div class=\"elementor-element elementor-element-dd8b32e e-flex e-con-boxed e-con e-parent\" data-id=\"dd8b32e\" data-element_type=\"container\" data-e-type=\"container\">\n\t\t\t\t\t<div class=\"e-con-inner\">\n\t\t\t\t<div class=\"elementor-element elementor-element-a04ab3d elementor-widget elementor-widget-spacer\" data-id=\"a04ab3d\" data-element_type=\"widget\" data-e-type=\"widget\" data-widget_type=\"spacer.default\">\n\t\t\t\t<div class=\"elementor-widget-container\">\n\t\t\t\t\t\t\t<div class=\"elementor-spacer\">\n\t\t\t<div class=\"elementor-spacer-inner\"><\/div>\n\t\t<\/div>\n\t\t\t\t\t\t<\/div>\n\t\t\t\t<\/div>\n\t\t\t\t\t<\/div>\n\t\t\t\t<\/div>\n\t\t<div class=\"elementor-element elementor-element-89e26d7 e-flex e-con-boxed e-con e-parent\" data-id=\"89e26d7\" data-element_type=\"container\" data-e-type=\"container\">\n\t\t\t\t\t<div class=\"e-con-inner\">\n\t\t\t\t<div class=\"elementor-element elementor-element-93c525f elementor-widget elementor-widget-heading\" data-id=\"93c525f\" data-element_type=\"widget\" data-e-type=\"widget\" data-widget_type=\"heading.default\">\n\t\t\t\t<div class=\"elementor-widget-container\">\n\t\t\t\t\t<h5 class=\"elementor-heading-title elementor-size-default\">Betterworld-Kampagnen<\/h5>\t\t\t\t<\/div>\n\t\t\t\t<\/div>\n\t\t\t\t\t<\/div>\n\t\t\t\t<\/div>\n\t\t<div class=\"elementor-element elementor-element-1ce2247 e-flex e-con-boxed e-con e-parent\" data-id=\"1ce2247\" data-element_type=\"container\" data-e-type=\"container\">\n\t\t\t\t\t<div class=\"e-con-inner\">\n\t\t\t\t<div class=\"elementor-element elementor-element-e0d056f elementor-widget elementor-widget-spacer\" data-id=\"e0d056f\" data-element_type=\"widget\" data-e-type=\"widget\" data-widget_type=\"spacer.default\">\n\t\t\t\t<div class=\"elementor-widget-container\">\n\t\t\t\t\t\t\t<div class=\"elementor-spacer\">\n\t\t\t<div class=\"elementor-spacer-inner\"><\/div>\n\t\t<\/div>\n\t\t\t\t\t\t<\/div>\n\t\t\t\t<\/div>\n\t\t\t\t\t<\/div>\n\t\t\t\t<\/div>\n\t\t<div class=\"elementor-element elementor-element-0631a56 e-flex e-con-boxed e-con e-parent\" data-id=\"0631a56\" data-element_type=\"container\" data-e-type=\"container\">\n\t\t\t\t\t<div class=\"e-con-inner\">\n\t\t\t\t<div class=\"elementor-element elementor-element-a91276a elementor-widget elementor-widget-text-editor\" data-id=\"a91276a\" data-element_type=\"widget\" data-e-type=\"widget\" data-widget_type=\"text-editor.default\">\n\t\t\t\t<div class=\"elementor-widget-container\">\n\t\t\t\t\t\t\t\t\t<h6><a href=\"https:\/\/tvafoundation.betterworld.org\" target=\"_blank\" rel=\"noopener\"><span style=\"color: #d5b448;\">Etwas bewirken - das Leben durch Spenden w\u00fcrdigen<\/span><\/a><\/h6><p><img loading=\"lazy\" data-attachment-id=\"17915\" data-permalink=\"https:\/\/tva-foundation.org\/de\/screenshot-52\/\" data-orig-file=\"https:\/\/tva-foundation.org\/wp-content\/uploads\/2025\/04\/44DF11ED-635D-4432-B060-8599E9FD3F4A_1_201_a.jpeg\" data-orig-size=\"491,487\" data-comments-opened=\"1\" data-image-meta=\"{&quot;aperture&quot;:&quot;0&quot;,&quot;credit&quot;:&quot;&quot;,&quot;camera&quot;:&quot;&quot;,&quot;caption&quot;:&quot;Screenshot&quot;,&quot;created_timestamp&quot;:&quot;0&quot;,&quot;copyright&quot;:&quot;&quot;,&quot;focal_length&quot;:&quot;0&quot;,&quot;iso&quot;:&quot;0&quot;,&quot;shutter_speed&quot;:&quot;0&quot;,&quot;title&quot;:&quot;Screenshot&quot;,&quot;orientation&quot;:&quot;1&quot;}\" data-image-title=\"Make an Impact &amp;#8211; Celebrate Life Through Giving\" data-image-description=\"\" data-image-caption=\"\" data-large-file=\"https:\/\/tva-foundation.org\/wp-content\/uploads\/2025\/04\/44DF11ED-635D-4432-B060-8599E9FD3F4A_1_201_a.jpeg\" class=\"alignnone size-medium wp-image-17915\" src=\"https:\/\/tva-foundation.org\/wp-content\/uploads\/2025\/04\/44DF11ED-635D-4432-B060-8599E9FD3F4A_1_201_a-300x298.jpeg\" alt=\"TvA International Foundation\" width=\"300\" height=\"298\" srcset=\"https:\/\/tva-foundation.org\/wp-content\/uploads\/2025\/04\/44DF11ED-635D-4432-B060-8599E9FD3F4A_1_201_a-300x298.jpeg 300w, https:\/\/tva-foundation.org\/wp-content\/uploads\/2025\/04\/44DF11ED-635D-4432-B060-8599E9FD3F4A_1_201_a-150x150.jpeg?crop=1 150w, https:\/\/tva-foundation.org\/wp-content\/uploads\/2025\/04\/44DF11ED-635D-4432-B060-8599E9FD3F4A_1_201_a-12x12.jpeg 12w, https:\/\/tva-foundation.org\/wp-content\/uploads\/2025\/04\/44DF11ED-635D-4432-B060-8599E9FD3F4A_1_201_a-100x100.jpeg?crop=1 100w, https:\/\/tva-foundation.org\/wp-content\/uploads\/2025\/04\/44DF11ED-635D-4432-B060-8599E9FD3F4A_1_201_a.jpeg 491w\" sizes=\"(max-width: 300px) 100vw, 300px\" \/><\/p><h6><a href=\"https:\/\/tvafoundation.betterworld.org\" target=\"_blank\" rel=\"noopener\"><span style=\"color: #d5b448;\">\"HELP\" Rette eine Seele - Lege eine helfende Hand an<\/span><\/a><\/h6><p><img loading=\"lazy\" data-attachment-id=\"17954\" data-permalink=\"https:\/\/tva-foundation.org\/de\/6f88eb7f-e090-4af1-a773-f481d3150ab8-2\/\" data-orig-file=\"https:\/\/tva-foundation.org\/wp-content\/uploads\/2025\/04\/6F88EB7F-E090-4AF1-A773-F481D3150AB8-1.png\" data-orig-size=\"494,484\" data-comments-opened=\"1\" data-image-meta=\"{&quot;aperture&quot;:&quot;0&quot;,&quot;credit&quot;:&quot;&quot;,&quot;camera&quot;:&quot;&quot;,&quot;caption&quot;:&quot;&quot;,&quot;created_timestamp&quot;:&quot;0&quot;,&quot;copyright&quot;:&quot;&quot;,&quot;focal_length&quot;:&quot;0&quot;,&quot;iso&quot;:&quot;0&quot;,&quot;shutter_speed&quot;:&quot;0&quot;,&quot;title&quot;:&quot;&quot;,&quot;orientation&quot;:&quot;0&quot;}\" data-image-title=\"HELP Save A Soul &amp;#8211; Lend A Helping Hand\" data-image-description=\"\" data-image-caption=\"\" data-large-file=\"https:\/\/tva-foundation.org\/wp-content\/uploads\/2025\/04\/6F88EB7F-E090-4AF1-A773-F481D3150AB8-1.png\" class=\"alignnone size-medium wp-image-17954\" src=\"https:\/\/tva-foundation.org\/wp-content\/uploads\/2025\/04\/6F88EB7F-E090-4AF1-A773-F481D3150AB8-1-300x294.png\" alt=\"TvA International Foundation\" width=\"300\" height=\"294\" srcset=\"https:\/\/tva-foundation.org\/wp-content\/uploads\/2025\/04\/6F88EB7F-E090-4AF1-A773-F481D3150AB8-1-300x294.png 300w, https:\/\/tva-foundation.org\/wp-content\/uploads\/2025\/04\/6F88EB7F-E090-4AF1-A773-F481D3150AB8-1-12x12.png 12w, https:\/\/tva-foundation.org\/wp-content\/uploads\/2025\/04\/6F88EB7F-E090-4AF1-A773-F481D3150AB8-1.png 494w\" sizes=\"(max-width: 300px) 100vw, 300px\" \/><\/p><p>\u00a0<\/p>\t\t\t\t\t\t\t\t<\/div>\n\t\t\t\t<\/div>\n\t\t\t\t\t<\/div>\n\t\t\t\t<\/div>\n\t\t<div class=\"elementor-element elementor-element-1374086 e-flex e-con-boxed e-con e-parent\" data-id=\"1374086\" data-element_type=\"container\" data-e-type=\"container\">\n\t\t\t\t\t<div class=\"e-con-inner\">\n\t\t<div class=\"elementor-element elementor-element-461361d e-con-full e-flex e-con e-child\" data-id=\"461361d\" data-element_type=\"container\" data-e-type=\"container\">\n\t\t\t\t<div class=\"elementor-element elementor-element-d12c5b6 elementor-widget elementor-widget-helpo_button\" data-id=\"d12c5b6\" data-element_type=\"widget\" data-e-type=\"widget\" data-widget_type=\"helpo_button.default\">\n\t\t\t\t<div class=\"elementor-widget-container\">\n\t\t\t\t\t\n        <div class=\"helpo_button_widget\">\n            <div class=\"helpo_button_container\">\n                <a class=\"helpo_button helpo_button--primary\" href=\"https:\/\/tva-foundation.org\/de\/sponsorship-opportunities\/\" target=\"_blank\">SPONSOSHIP OPPORTUNITIES<\/a>\n            <\/div>\n        <\/div>\n        \t\t\t\t<\/div>\n\t\t\t\t<\/div>\n\t\t\t\t<\/div>\n\t\t<div class=\"elementor-element elementor-element-004cd61 e-con-full e-flex e-con e-child\" data-id=\"004cd61\" data-element_type=\"container\" data-e-type=\"container\">\n\t\t\t\t<div class=\"elementor-element elementor-element-c055e9f elementor-widget elementor-widget-helpo_button\" data-id=\"c055e9f\" data-element_type=\"widget\" data-e-type=\"widget\" data-widget_type=\"helpo_button.default\">\n\t\t\t\t<div class=\"elementor-widget-container\">\n\t\t\t\t\t\n        <div class=\"helpo_button_widget\">\n            <div class=\"helpo_button_container\">\n                <a class=\"helpo_button helpo_button--primary\" href=\"https:\/\/tva-foundation.org\/de\/partnership-opportunities\/\" target=\"_blank\">PARTNERSHIP OPPORTUNITIES<\/a>\n            <\/div>\n        <\/div>\n        \t\t\t\t<\/div>\n\t\t\t\t<\/div>\n\t\t\t\t<\/div>\n\t\t\t\t\t<\/div>\n\t\t\t\t<\/div>\n\t\t<div class=\"elementor-element elementor-element-b5c071d e-flex e-con-boxed e-con e-parent\" data-id=\"b5c071d\" data-element_type=\"container\" data-e-type=\"container\">\n\t\t\t\t\t<div class=\"e-con-inner\">\n\t\t\t\t<div class=\"elementor-element elementor-element-570883e elementor-widget elementor-widget-spacer\" data-id=\"570883e\" data-element_type=\"widget\" data-e-type=\"widget\" data-widget_type=\"spacer.default\">\n\t\t\t\t<div class=\"elementor-widget-container\">\n\t\t\t\t\t\t\t<div class=\"elementor-spacer\">\n\t\t\t<div class=\"elementor-spacer-inner\"><\/div>\n\t\t<\/div>\n\t\t\t\t\t\t<\/div>\n\t\t\t\t<\/div>\n\t\t\t\t\t<\/div>\n\t\t\t\t<\/div>\n\t\t<div class=\"elementor-element elementor-element-ae8068c e-flex e-con-boxed e-con e-parent\" data-id=\"ae8068c\" data-element_type=\"container\" data-e-type=\"container\">\n\t\t\t\t\t<div class=\"e-con-inner\">\n\t\t\t\t<div class=\"elementor-element elementor-element-5e9b759 elementor-widget elementor-widget-spacer\" data-id=\"5e9b759\" data-element_type=\"widget\" data-e-type=\"widget\" data-widget_type=\"spacer.default\">\n\t\t\t\t<div class=\"elementor-widget-container\">\n\t\t\t\t\t\t\t<div class=\"elementor-spacer\">\n\t\t\t<div class=\"elementor-spacer-inner\"><\/div>\n\t\t<\/div>\n\t\t\t\t\t\t<\/div>\n\t\t\t\t<\/div>\n\t\t\t\t\t<\/div>\n\t\t\t\t<\/div>\n\t\t\t\t<\/div>","protected":false},"excerpt":{"rendered":"<p>Welcome to our Fundraising Campaigns page! Here, you&#8217;ll discover the heart of our mission in action. Our fundraising campaigns are the lifeblood of our organization, driving initiatives that create meaningful change and impact lives. Explore the diverse array of campaigns below, each representing a unique opportunity to make a difference. Whether you&#8217;re passionate about animal [&hellip;]<\/p>\n","protected":false},"author":38320787,"featured_media":20260,"parent":0,"menu_order":0,"comment_status":"closed","ping_status":"closed","template":"","meta":{"jetpack_post_was_ever_published":false,"footnotes":""},"class_list":["post-8436","page","type-page","status-publish","has-post-thumbnail","hentry"],"jetpack_likes_enabled":true,"jetpack_sharing_enabled":true,"jetpack_shortlink":"https:\/\/wp.me\/Pf58jH-2c4","jetpack-related-posts":[],"_links":{"self":[{"href":"https:\/\/tva-foundation.org\/de\/wp-json\/wp\/v2\/pages\/8436","targetHints":{"allow":["GET"]}}],"collection":[{"href":"https:\/\/tva-foundation.org\/de\/wp-json\/wp\/v2\/pages"}],"about":[{"href":"https:\/\/tva-foundation.org\/de\/wp-json\/wp\/v2\/types\/page"}],"author":[{"embeddable":true,"href":"https:\/\/tva-foundation.org\/de\/wp-json\/wp\/v2\/users\/38320787"}],"replies":[{"embeddable":true,"href":"https:\/\/tva-foundation.org\/de\/wp-json\/wp\/v2\/comments?post=8436"}],"version-history":[{"count":100,"href":"https:\/\/tva-foundation.org\/de\/wp-json\/wp\/v2\/pages\/8436\/revisions"}],"predecessor-version":[{"id":20270,"href":"https:\/\/tva-foundation.org\/de\/wp-json\/wp\/v2\/pages\/8436\/revisions\/20270"}],"wp:featuredmedia":[{"embeddable":true,"href":"https:\/\/tva-foundation.org\/de\/wp-json\/wp\/v2\/media\/20260"}],"wp:attachment":[{"href":"https:\/\/tva-foundation.org\/de\/wp-json\/wp\/v2\/media?parent=8436"}],"curies":[{"name":"wp","href":"https:\/\/api.w.org\/{rel}","templated":true}]}}