{"id":17154,"date":"2025-03-23T10:35:43","date_gmt":"2025-03-23T09:35:43","guid":{"rendered":"https:\/\/tva-foundation.org\/?post_type=product&#038;p=17154"},"modified":"2025-08-11T18:39:45","modified_gmt":"2025-08-11T16:39:45","slug":"admission-entire-program-excluding-charity-gala-dinner-sofia-global-summit-oct-1-4-2025","status":"publish","type":"product","link":"https:\/\/tva-foundation.org\/de\/produkt\/admission-entire-program-excluding-charity-gala-dinner-sofia-global-summit-oct-1-4-2025\/","title":{"rendered":"Eintritt: Gesamtes Programm (AUSSCHLIE\u00dfLICH Charity Gala Dinner) - Sofia Global Innovation, Philanthropy &amp; Arts Summit - 1. bis 4. Oktober 2025 - VERPASST"},"content":{"rendered":"<p>\ud83d\udcbc\u00a0<strong><em>Enth\u00e4lt:<\/em><\/strong><\/p>\n<ul>\n<li>Zugang zu allen Sessions, Panels und Networking-Veranstaltungen des Gipfels<\/li>\n<li>Reservierte Sitzpl\u00e4tze im\u00a0<strong><em>Esperanza for Life\u2122<\/em> Multimedia-Konzert<\/strong><\/li>\n<li>Delegierten-Kit mit Programm-Materialien<\/li>\n<li>Bericht \u00fcber die Auswirkungen nach der Veranstaltung und Nachbereitung der Vernetzung<\/li>\n<\/ul>\n<p><strong>Stornierungsbedingungen: R\u00fcckerstattungen bei Stornierungen werden bis zu 10 Arbeitstage vor der Veranstaltung gegen eine Stornierungsgeb\u00fchr von 25% gew\u00e4hrt.<\/strong><\/p>","protected":false},"excerpt":{"rendered":"<ul>\n<li>\n<h6><strong><span style=\"color: #d5b448;\">Sofia Global Economics, Philanthropy &amp; Arts Summit - Esperanza for Life\u2122<\/span><\/strong><\/h6>\n<\/li>\n<li><strong>Internationale und lokale Teilnehmer:<\/strong> <strong>\u20ac2,250<\/strong><strong>\u00a0pro Person<\/strong><\/li>\n<li><span style=\"color: #d5b448;\"><strong>Fr\u00fchbucherangebot - G\u00fcltig bis 31. August 2025: 1.750 \u20ac pro Person<\/strong><\/span><\/li>\n<li><span style=\"color: #808080;\"><strong>F\u00fcr h\u00f6here Sponsoring-Pakete f\u00fcr Unternehmen - bitte kontaktieren Sie uns direkt.<\/strong><br \/>\n<\/span><\/li>\n<li><span style=\"color: #d5b448;\"><strong><a style=\"color: #d5b448;\" href=\"https:\/\/tva-foundation.org\/de\/events\/global-economics-philanthropy-arts-summit-sofia-bulgaria\/\">REVIEW SUMMIT<\/a><\/strong><\/span><\/li>\n<\/ul>","protected":false},"featured_media":16607,"comment_status":"open","ping_status":"closed","template":"","meta":{"jetpack_post_was_ever_published":false,"jetpack_publicize_message":"","jetpack_publicize_feature_enabled":true,"jetpack_social_post_already_shared":true,"jetpack_social_options":{"image_generator_settings":{"template":"highway","default_image_id":0,"font":"","enabled":false},"version":2},"_wpas_customize_per_network":false},"product_brand":[],"product_cat":[1467,1465],"product_tag":[1388,1509,1519,1511,1542,1543,1518,1520,1510],"class_list":{"0":"post-17154","1":"product","2":"type-product","3":"status-publish","4":"has-post-thumbnail","6":"product_cat-event-tickets","7":"product_cat-events","8":"product_tag-charity","9":"product_tag-event","10":"product_tag-events","11":"product_tag-fundaraising","12":"product_tag-global-summit","13":"product_tag-sofia","14":"product_tag-ticket","15":"product_tag-tickets","16":"product_tag-tva-foundation","18":"first","19":"instock","20":"taxable","21":"shipping-taxable","22":"purchasable","23":"product-type-simple"},"jetpack_publicize_connections":[],"jetpack_likes_enabled":true,"jetpack_sharing_enabled":true,"jetpack-related-posts":[],"_links":{"self":[{"href":"https:\/\/tva-foundation.org\/de\/wp-json\/wp\/v2\/product\/17154","targetHints":{"allow":["GET"]}}],"collection":[{"href":"https:\/\/tva-foundation.org\/de\/wp-json\/wp\/v2\/product"}],"about":[{"href":"https:\/\/tva-foundation.org\/de\/wp-json\/wp\/v2\/types\/product"}],"replies":[{"embeddable":true,"href":"https:\/\/tva-foundation.org\/de\/wp-json\/wp\/v2\/comments?post=17154"}],"wp:featuredmedia":[{"embeddable":true,"href":"https:\/\/tva-foundation.org\/de\/wp-json\/wp\/v2\/media\/16607"}],"wp:attachment":[{"href":"https:\/\/tva-foundation.org\/de\/wp-json\/wp\/v2\/media?parent=17154"}],"wp:term":[{"taxonomy":"product_brand","embeddable":true,"href":"https:\/\/tva-foundation.org\/de\/wp-json\/wp\/v2\/product_brand?post=17154"},{"taxonomy":"product_cat","embeddable":true,"href":"https:\/\/tva-foundation.org\/de\/wp-json\/wp\/v2\/product_cat?post=17154"},{"taxonomy":"product_tag","embeddable":true,"href":"https:\/\/tva-foundation.org\/de\/wp-json\/wp\/v2\/product_tag?post=17154"}],"curies":[{"name":"wp","href":"https:\/\/api.w.org\/{rel}","templated":true}]}}