{"id":17168,"date":"2025-03-22T10:55:07","date_gmt":"2025-03-22T09:55:07","guid":{"rendered":"https:\/\/tva-foundation.org\/?post_type=product&#038;p=17168"},"modified":"2025-08-11T18:41:58","modified_gmt":"2025-08-11T16:41:58","slug":"admission-oct-3-sofia-global-economics-philanthropy-arts-summit-oct-1-4-2025","status":"publish","type":"product","link":"https:\/\/tva-foundation.org\/de\/produkt\/admission-oct-3-sofia-global-economics-philanthropy-arts-summit-oct-1-4-2025\/","title":{"rendered":"Eintritt: 3. Oktober - Sofia Global Innovation, Philanthropie &amp; Kunstgipfel, 1. bis 4. Oktober 2025 - VERSCHOBEN"},"content":{"rendered":"<p>\ud83d\udcbc\u00a0<strong><em>Enth\u00e4lt:<\/em><\/strong><\/p>\n<ul>\n<li><strong>Vormittag - 9:30 AM - 11:00 AM<\/strong><br \/>\n<strong>Ort: Historischer\/kultureller Veranstaltungsort (TBA)<\/strong><img fetchpriority=\"high\" data-attachment-id=\"16842\" data-permalink=\"https:\/\/tva-foundation.org\/de\/?attachment_id=16842\" data-orig-file=\"https:\/\/tva-foundation.org\/wp-content\/uploads\/2025\/03\/96C08EA7-8807-4DC5-806B-F26E7193AE92.jpeg\" data-orig-size=\"1792,1024\" data-comments-opened=\"1\" data-image-meta=\"{&quot;aperture&quot;:&quot;0&quot;,&quot;credit&quot;:&quot;&quot;,&quot;camera&quot;:&quot;&quot;,&quot;caption&quot;:&quot;&quot;,&quot;created_timestamp&quot;:&quot;0&quot;,&quot;copyright&quot;:&quot;&quot;,&quot;focal_length&quot;:&quot;0&quot;,&quot;iso&quot;:&quot;0&quot;,&quot;shutter_speed&quot;:&quot;0&quot;,&quot;title&quot;:&quot;&quot;,&quot;orientation&quot;:&quot;1&quot;}\" data-image-title=\"Global Economics, Philanthropy &amp;#038; Arts Summit &amp;#8211; Sofia, Bulgaria\" data-image-description=\"\" data-image-caption=\"\" data-large-file=\"https:\/\/tva-foundation.org\/wp-content\/uploads\/2025\/03\/96C08EA7-8807-4DC5-806B-F26E7193AE92-1024x585.jpeg\" class=\"size-medium wp-image-16842 aligncenter lazyautosizes lazyloaded\" src=\"https:\/\/tva-foundation.org\/wp-content\/uploads\/2025\/03\/96C08EA7-8807-4DC5-806B-F26E7193AE92-300x171.jpeg\" sizes=\"300px\" srcset=\"https:\/\/tva-foundation.org\/wp-content\/uploads\/2025\/03\/96C08EA7-8807-4DC5-806B-F26E7193AE92-300x171.jpeg 300w, https:\/\/tva-foundation.org\/wp-content\/uploads\/2025\/03\/96C08EA7-8807-4DC5-806B-F26E7193AE92-1024x585.jpeg 1024w, https:\/\/tva-foundation.org\/wp-content\/uploads\/2025\/03\/96C08EA7-8807-4DC5-806B-F26E7193AE92-768x439.jpeg 768w, https:\/\/tva-foundation.org\/wp-content\/uploads\/2025\/03\/96C08EA7-8807-4DC5-806B-F26E7193AE92-1536x878.jpeg 1536w, https:\/\/tva-foundation.org\/wp-content\/uploads\/2025\/03\/96C08EA7-8807-4DC5-806B-F26E7193AE92-18x10.jpeg 18w, https:\/\/tva-foundation.org\/wp-content\/uploads\/2025\/03\/96C08EA7-8807-4DC5-806B-F26E7193AE92-600x343.jpeg 600w, https:\/\/tva-foundation.org\/wp-content\/uploads\/2025\/03\/96C08EA7-8807-4DC5-806B-F26E7193AE92.jpeg.webp 1792w\" alt=\"TvA International Foundation\" width=\"300\" height=\"171\" data-medium-file=\"https:\/\/tva-foundation.org\/wp-content\/uploads\/2025\/03\/96C08EA7-8807-4DC5-806B-F26E7193AE92-300x171.jpeg\" data-src=\"https:\/\/tva-foundation.org\/wp-content\/uploads\/2025\/03\/96C08EA7-8807-4DC5-806B-F26E7193AE92-300x171.jpeg\" data-srcset=\"https:\/\/tva-foundation.org\/wp-content\/uploads\/2025\/03\/96C08EA7-8807-4DC5-806B-F26E7193AE92-300x171.jpeg 300w, https:\/\/tva-foundation.org\/wp-content\/uploads\/2025\/03\/96C08EA7-8807-4DC5-806B-F26E7193AE92-1024x585.jpeg 1024w, https:\/\/tva-foundation.org\/wp-content\/uploads\/2025\/03\/96C08EA7-8807-4DC5-806B-F26E7193AE92-768x439.jpeg 768w, https:\/\/tva-foundation.org\/wp-content\/uploads\/2025\/03\/96C08EA7-8807-4DC5-806B-F26E7193AE92-1536x878.jpeg 1536w, https:\/\/tva-foundation.org\/wp-content\/uploads\/2025\/03\/96C08EA7-8807-4DC5-806B-F26E7193AE92-18x10.jpeg 18w, https:\/\/tva-foundation.org\/wp-content\/uploads\/2025\/03\/96C08EA7-8807-4DC5-806B-F26E7193AE92-600x343.jpeg 600w, https:\/\/tva-foundation.org\/wp-content\/uploads\/2025\/03\/96C08EA7-8807-4DC5-806B-F26E7193AE92.jpeg.webp 1792w\" data-sizes=\"auto\" data-eio-rwidth=\"300\" data-eio-rheight=\"171\" data-srcset-webp=\"https:\/\/tva-foundation.org\/wp-content\/uploads\/2025\/03\/96C08EA7-8807-4DC5-806B-F26E7193AE92-300x171.jpeg 300w, https:\/\/tva-foundation.org\/wp-content\/uploads\/2025\/03\/96C08EA7-8807-4DC5-806B-F26E7193AE92-1024x585.jpeg 1024w, https:\/\/tva-foundation.org\/wp-content\/uploads\/2025\/03\/96C08EA7-8807-4DC5-806B-F26E7193AE92-768x439.jpeg 768w, https:\/\/tva-foundation.org\/wp-content\/uploads\/2025\/03\/96C08EA7-8807-4DC5-806B-F26E7193AE92-1536x878.jpeg 1536w, https:\/\/tva-foundation.org\/wp-content\/uploads\/2025\/03\/96C08EA7-8807-4DC5-806B-F26E7193AE92-18x10.jpeg 18w, https:\/\/tva-foundation.org\/wp-content\/uploads\/2025\/03\/96C08EA7-8807-4DC5-806B-F26E7193AE92-600x343.jpeg 600w, https:\/\/tva-foundation.org\/wp-content\/uploads\/2025\/03\/96C08EA7-8807-4DC5-806B-F26E7193AE92.jpeg.webp 1792w\" \/><\/p>\n<ul>\n<li><strong>Interaktive Workshops und Think Tanks:<\/strong>\n<ul>\n<li><em>Gestaltung nachhaltiger philanthropischer Modelle - Wirtschaft, Wirkung und Spende<\/em><\/li>\n<li><em>Kunst als Advocacy: Erfolgsgeschichten von globalen und lokalen Innovatoren<\/em><\/li>\n<\/ul>\n<\/li>\n<\/ul>\n<p>\u2615\u00a0<strong>Kaffeepause - 11:00 AM - 11:30 AM<\/strong><\/p>\n<p>\ud83d\udccd\u00a0<strong>Sp\u00e4ter Vormittag - 11:30 - 1:00 Uhr<\/strong><\/p>\n<ul>\n<li><strong>Kamingespr\u00e4ch:<\/strong>\u00a0<em>F\u00fchrungsrolle bei transformativen sozialen und wirtschaftlichen Auswirkungen<\/em><\/li>\n<\/ul>\n<p>\ud83c\udf7d\ufe0f\u00a0<strong>Mittagspause - 1:00 PM - 2:00 PM<\/strong><\/p>\n<ul>\n<li><strong>Networking-Brunch mit Live-Kunst und Pr\u00e4sentationen von Unternehmensinnovationen<\/strong><\/li>\n<\/ul>\n<p>\ud83d\udccd\u00a0<strong>Nachmittag - 14:00 - 16:00 Uhr<\/strong><\/p>\n<ul>\n<li><strong>Diskussionen am runden Tisch:<\/strong>\n<ul>\n<li><em>St\u00e4rkung von Basisinitiativen durch strategische Investitionen<\/em><\/li>\n<li><em>Einsatz von Technologie f\u00fcr globale Philanthropie und Kulturerhaltung<\/em><\/li>\n<\/ul>\n<\/li>\n<\/ul>\n<p><strong>\ud83d\udccdAlternatives Programm:<\/strong><\/p>\n<ul>\n<li>F\u00fchrungen durch kulturelle St\u00e4tten und Ausstellungen\u00a0<em>(F\u00fcr Delegierte mit Interesse an historisch-kulturellem Engagement)<\/em><\/li>\n<\/ul>\n<\/li>\n<\/ul>\n<p><strong>Stornierungsbedingungen: R\u00fcckerstattungen bei Stornierungen werden bis zu 10 Arbeitstage vor der Veranstaltung gegen eine Stornierungsgeb\u00fchr von 25% gew\u00e4hrt.<\/strong><\/p>","protected":false},"excerpt":{"rendered":"<ul>\n<li>\n<h6><strong><span style=\"color: #d5b448;\">Sofia Global Economics, Philanthropy &amp; Arts Summit - Esperanza for Life<\/span><\/strong><\/h6>\n<ul>\n<li><strong>Internationale und lokale Teilnehmer Zulassung:<\/strong>\u00a0<strong>850 \u20ac pro Person\/pro Tag<\/strong><strong>:<\/strong><\/li>\n<li><span style=\"color: #d5b448;\"><strong>Fr\u00fchbucherangebot - G\u00fcltig bis 31. August 2025: 750 \u20ac pro Person\/Tag<\/strong><\/span><\/li>\n<li>Tageskarten <strong>nicht enthalten<\/strong> das Abendprogramm.<\/li>\n<li><span style=\"color: #808080;\"><strong>F\u00fcr h\u00f6here Sponsoring-Pakete f\u00fcr Unternehmen - bitte kontaktieren Sie uns direkt.<\/strong><br \/>\n<\/span><\/li>\n<li><span style=\"color: #d5b448;\"><strong><a style=\"color: #d5b448;\" href=\"https:\/\/tva-foundation.org\/de\/events\/global-economics-philanthropy-arts-summit-sofia-bulgaria\/\">REVIEW SUMMIT<\/a><\/strong><\/span><\/li>\n<\/ul>\n<\/li>\n<\/ul>","protected":false},"featured_media":16603,"comment_status":"open","ping_status":"closed","template":"","meta":{"jetpack_publicize_message":"","jetpack_publicize_feature_enabled":true,"jetpack_social_post_already_shared":true,"jetpack_social_options":{"image_generator_settings":{"template":"highway","default_image_id":0,"font":"","enabled":false},"version":2},"_wpas_customize_per_network":false},"product_brand":[],"product_cat":[1467,1465],"product_tag":[1388,1509,1519,1511,1542,1543,1518,1520,1510],"class_list":{"0":"post-17168","1":"product","2":"type-product","3":"status-publish","4":"has-post-thumbnail","6":"product_cat-event-tickets","7":"product_cat-events","8":"product_tag-charity","9":"product_tag-event","10":"product_tag-events","11":"product_tag-fundaraising","12":"product_tag-global-summit","13":"product_tag-sofia","14":"product_tag-ticket","15":"product_tag-tickets","16":"product_tag-tva-foundation","18":"first","19":"instock","20":"taxable","21":"shipping-taxable","22":"purchasable","23":"product-type-simple"},"jetpack_publicize_connections":[],"jetpack_likes_enabled":true,"jetpack_sharing_enabled":true,"jetpack-related-posts":[],"_links":{"self":[{"href":"https:\/\/tva-foundation.org\/de\/wp-json\/wp\/v2\/product\/17168","targetHints":{"allow":["GET"]}}],"collection":[{"href":"https:\/\/tva-foundation.org\/de\/wp-json\/wp\/v2\/product"}],"about":[{"href":"https:\/\/tva-foundation.org\/de\/wp-json\/wp\/v2\/types\/product"}],"replies":[{"embeddable":true,"href":"https:\/\/tva-foundation.org\/de\/wp-json\/wp\/v2\/comments?post=17168"}],"wp:featuredmedia":[{"embeddable":true,"href":"https:\/\/tva-foundation.org\/de\/wp-json\/wp\/v2\/media\/16603"}],"wp:attachment":[{"href":"https:\/\/tva-foundation.org\/de\/wp-json\/wp\/v2\/media?parent=17168"}],"wp:term":[{"taxonomy":"product_brand","embeddable":true,"href":"https:\/\/tva-foundation.org\/de\/wp-json\/wp\/v2\/product_brand?post=17168"},{"taxonomy":"product_cat","embeddable":true,"href":"https:\/\/tva-foundation.org\/de\/wp-json\/wp\/v2\/product_cat?post=17168"},{"taxonomy":"product_tag","embeddable":true,"href":"https:\/\/tva-foundation.org\/de\/wp-json\/wp\/v2\/product_tag?post=17168"}],"curies":[{"name":"wp","href":"https:\/\/api.w.org\/{rel}","templated":true}]}}