{"id":17221,"date":"2025-03-23T20:18:34","date_gmt":"2025-03-23T19:18:34","guid":{"rendered":"https:\/\/tva-foundation.org\/?post_type=product&#038;p=17221"},"modified":"2025-05-01T09:39:51","modified_gmt":"2025-05-01T07:39:51","slug":"acapela-concert-vanya-moneva-choir-alexander-nevsky-crypt","status":"publish","type":"product","link":"https:\/\/tva-foundation.org\/de\/produkt\/acapela-concert-vanya-moneva-choir-alexander-nevsky-crypt\/","title":{"rendered":"1. Oktober 2025 - Acapela Konzert - Vanya Moneva &amp; Chor - Alexander-Newski-Krypta - Sofia, Bulgarien - VERSCHOBEN"},"content":{"rendered":"<p>Vanya Moneva ist einer der hellsten Namen in der bulgarischen Chorkunst - eine etablierte Dirigentin, die f\u00fcr ihren Stil, h\u00f6chste Professionalit\u00e4t und k\u00fcnstlerische Sch\u00f6nheit bekannt ist. Nicht umsonst wird sie auch als <strong>\"Der bulgarische Karajan in einem Kleid\"<\/strong> von dem Komponisten Professor Krassimir Kyurkchiyski.<\/p>\n<p><a href=\"http:\/\/www.vanyamonevachoir.com\" target=\"_blank\" rel=\"noopener\">www.vanyamonevachoir.com<\/a><\/p>","protected":false},"excerpt":{"rendered":"<ul>\n<li><span style=\"color: #d5b448;\"><strong>Kulturelle Nacht:<\/strong><strong> Sofias Erbe erforschen<\/strong><\/span>\n<ul>\n<li><strong>Acapela Konzert<\/strong> mit <strong>Vanya Moneva und Chor (begrenzte Sitzpl\u00e4tze)<\/strong><\/li>\n<li>Intensives Erlebnis mit traditioneller und zeitgen\u00f6ssischer bulgarischer Musik, visueller Kunst und Geschichtenerz\u00e4hlen<\/li>\n<li><strong>Hochwirksamer Networking-Cocktail vor dem Konzert @Sofia Balkan Palace<\/strong> - Runder Tisch Wirtschaft &amp; Philanthropie Networking<\/li>\n<li><strong><span style=\"color: #d5b448;\">Early Bird Special g\u00fcltig bis 31. August 2025<\/span><\/strong><\/li>\n<\/ul>\n<\/li>\n<\/ul>","protected":false},"featured_media":16886,"comment_status":"open","ping_status":"closed","template":"","meta":{"jetpack_publicize_message":"","jetpack_publicize_feature_enabled":true,"jetpack_social_post_already_shared":true,"jetpack_social_options":{"image_generator_settings":{"template":"highway","default_image_id":0,"font":"","enabled":false},"version":2},"_wpas_customize_per_network":false},"product_brand":[],"product_cat":[1544,1545],"product_tag":[1551,1550,1388,1547,1546,1548,1543,1549],"class_list":{"0":"post-17221","1":"product","2":"type-product","3":"status-publish","4":"has-post-thumbnail","6":"product_cat-concerts","7":"product_cat-concert-tickets","8":"product_tag-acapela","9":"product_tag-bulgaria","10":"product_tag-charity","11":"product_tag-choir","12":"product_tag-concert","13":"product_tag-crypt","14":"product_tag-sofia","15":"product_tag-summit","17":"first","18":"instock","19":"taxable","20":"shipping-taxable","21":"purchasable","22":"product-type-simple"},"jetpack_publicize_connections":[],"jetpack_likes_enabled":true,"jetpack_sharing_enabled":true,"jetpack-related-posts":[],"_links":{"self":[{"href":"https:\/\/tva-foundation.org\/de\/wp-json\/wp\/v2\/product\/17221","targetHints":{"allow":["GET"]}}],"collection":[{"href":"https:\/\/tva-foundation.org\/de\/wp-json\/wp\/v2\/product"}],"about":[{"href":"https:\/\/tva-foundation.org\/de\/wp-json\/wp\/v2\/types\/product"}],"replies":[{"embeddable":true,"href":"https:\/\/tva-foundation.org\/de\/wp-json\/wp\/v2\/comments?post=17221"}],"wp:featuredmedia":[{"embeddable":true,"href":"https:\/\/tva-foundation.org\/de\/wp-json\/wp\/v2\/media\/16886"}],"wp:attachment":[{"href":"https:\/\/tva-foundation.org\/de\/wp-json\/wp\/v2\/media?parent=17221"}],"wp:term":[{"taxonomy":"product_brand","embeddable":true,"href":"https:\/\/tva-foundation.org\/de\/wp-json\/wp\/v2\/product_brand?post=17221"},{"taxonomy":"product_cat","embeddable":true,"href":"https:\/\/tva-foundation.org\/de\/wp-json\/wp\/v2\/product_cat?post=17221"},{"taxonomy":"product_tag","embeddable":true,"href":"https:\/\/tva-foundation.org\/de\/wp-json\/wp\/v2\/product_tag?post=17221"}],"curies":[{"name":"wp","href":"https:\/\/api.w.org\/{rel}","templated":true}]}}