{"id":6151,"date":"2025-07-04T10:44:05","date_gmt":"2025-07-04T08:44:05","guid":{"rendered":"https:\/\/tva-foundation.org\/?post_type=product&#038;p=6151"},"modified":"2026-03-22T19:20:21","modified_gmt":"2026-03-22T18:20:21","slug":"sunflower","status":"publish","type":"product","link":"https:\/\/tva-foundation.org\/de\/produkt\/sunflower\/","title":{"rendered":"SONNENBLUME"},"content":{"rendered":"<h6><strong>Enth\u00fcllen Sie die strahlende Anziehungskraft von \"Sunflower\", einem Mandala-Kunstdruck in limitierter Auflage, der mit lebendiger Energie und nat\u00fcrlicher Anmut erbl\u00fcht.<\/strong><\/h6>\n<p>Die filigranen Muster spiegeln die faszinierende Geometrie der Sonnenblume wider und fangen die Essenz von W\u00e4rme und Positivit\u00e4t ein. Die goldenen Farbt\u00f6ne und zarten Details bringen den fr\u00f6hlichen Geist der sonnenbeschienenen Felder in Ihren Raum.<\/p>\n<p>Dieser exklusive Druck l\u00e4dt Sie dazu ein, sich in der Sch\u00f6nheit dieses sonnenverw\u00f6hnten Meisterwerks der Natur zu sonnen, bei dem jedes Bl\u00fctenblatt und jede Kurve die Unverw\u00fcstlichkeit und den fr\u00f6hlichen Charme der Sonnenblume widerspiegelt.<\/p>\n<p>Erhellen Sie Ihre Umgebung mit dem Mandala-Kunstdruck \"Sunflower\" in limitierter Auflage und lassen Sie seine temperamentvolle Eleganz einen Hauch von Sonnenschein in Ihren Raum bringen.<\/p>","protected":false},"excerpt":{"rendered":"<h6><strong>Mandala-Kunstdruck von Prinzessin Theodora von Auersperg in limitierter Auflage<\/strong><\/h6>\n<p>Mandalas symbolisieren die zyklische Natur des Lebens, des Universums und der verschiedenen Aspekte der Existenz und stehen f\u00fcr Ordnung und Gleichgewicht im Kosmos. Sie werden als Kunstwerke geschaffen und sind Ausdruck von Kreativit\u00e4t und Individualit\u00e4t. Das Erstellen oder Betrachten eines Mandalas wird oft als meditative Praxis betrachtet. Die sich wiederholenden Muster k\u00f6nnen zur Beruhigung des Geistes beitragen und ein Gef\u00fchl der Konzentration und Achtsamkeit f\u00f6rdern.<\/p>\n<p><strong>Preis inkl. Versand &amp; Handling<\/strong><\/p>","protected":false},"featured_media":5369,"comment_status":"open","ping_status":"closed","template":"","meta":{"jetpack_publicize_message":"","jetpack_publicize_feature_enabled":true,"jetpack_social_post_already_shared":true,"jetpack_social_options":{"image_generator_settings":{"template":"highway","default_image_id":0,"font":"","enabled":false},"version":2},"_wpas_customize_per_network":false},"product_brand":[],"product_cat":[1450,1402],"product_tag":[1451,1452,1454,1455,1457,1453,1461],"class_list":{"0":"post-6151","1":"product","2":"type-product","3":"status-publish","4":"has-post-thumbnail","6":"product_cat-art","7":"product_cat-mandalas","8":"product_tag-art","9":"product_tag-fine-art","10":"product_tag-limited-edition","11":"product_tag-mandala","12":"product_tag-princess-theodora","13":"product_tag-print","14":"product_tag-sunflower","16":"first","17":"instock","18":"taxable","19":"shipping-taxable","20":"purchasable","21":"product-type-simple"},"jetpack_publicize_connections":[],"jetpack_likes_enabled":true,"jetpack_sharing_enabled":true,"jetpack-related-posts":[],"_links":{"self":[{"href":"https:\/\/tva-foundation.org\/de\/wp-json\/wp\/v2\/product\/6151","targetHints":{"allow":["GET"]}}],"collection":[{"href":"https:\/\/tva-foundation.org\/de\/wp-json\/wp\/v2\/product"}],"about":[{"href":"https:\/\/tva-foundation.org\/de\/wp-json\/wp\/v2\/types\/product"}],"replies":[{"embeddable":true,"href":"https:\/\/tva-foundation.org\/de\/wp-json\/wp\/v2\/comments?post=6151"}],"wp:featuredmedia":[{"embeddable":true,"href":"https:\/\/tva-foundation.org\/de\/wp-json\/wp\/v2\/media\/5369"}],"wp:attachment":[{"href":"https:\/\/tva-foundation.org\/de\/wp-json\/wp\/v2\/media?parent=6151"}],"wp:term":[{"taxonomy":"product_brand","embeddable":true,"href":"https:\/\/tva-foundation.org\/de\/wp-json\/wp\/v2\/product_brand?post=6151"},{"taxonomy":"product_cat","embeddable":true,"href":"https:\/\/tva-foundation.org\/de\/wp-json\/wp\/v2\/product_cat?post=6151"},{"taxonomy":"product_tag","embeddable":true,"href":"https:\/\/tva-foundation.org\/de\/wp-json\/wp\/v2\/product_tag?post=6151"}],"curies":[{"name":"wp","href":"https:\/\/api.w.org\/{rel}","templated":true}]}}