{"id":6152,"date":"2025-07-04T10:44:06","date_gmt":"2025-07-04T08:44:06","guid":{"rendered":"https:\/\/tva-foundation.org\/?post_type=product&#038;p=6152"},"modified":"2026-03-22T19:19:40","modified_gmt":"2026-03-22T18:19:40","slug":"rose-garden","status":"publish","type":"product","link":"https:\/\/tva-foundation.org\/de\/produkt\/rose-garden\/","title":{"rendered":"ROSENGARTEN"},"content":{"rendered":"<h6><strong>Wir stellen vor: \"Rose Garden\", ein Mandala-Kunstdruck in limitierter Auflage, der mit Eleganz und zeitloser Sch\u00f6nheit erbl\u00fcht.<\/strong><\/h6>\n<p>Zarte Bl\u00fctenbl\u00e4tter und filigrane Muster verflechten sich zu einer visuellen Symphonie, die an einen \u00fcppigen Rosengarten in voller Bl\u00fcte erinnert. Die reiche und harmonische Farbpalette f\u00e4ngt die Essenz von Romantik und Ruhe ein und bringt einen Hauch von floraler Raffinesse in Ihren Raum.<\/p>\n<p>Erh\u00f6hen Sie Ihre Umgebung mit diesem exklusiven Druck. Das Mandala \"Rosengarten\" l\u00e4dt Sie ein, in die fesselnde Anziehungskraft der beliebtesten Blume der Natur einzutauchen.<\/p>\n<p>Verleihen Sie Ihrem Raum die dauerhafte Anmut dieses Meisterwerks in limitierter Auflage.<\/p>","protected":false},"excerpt":{"rendered":"<h6><strong>Mandala-Kunstdruck von Prinzessin Theodora von Auersperg in limitierter Auflage<\/strong><\/h6>\n<p>Mandalas symbolisieren die zyklische Natur des Lebens, des Universums und der verschiedenen Aspekte der Existenz und stehen f\u00fcr Ordnung und Gleichgewicht im Kosmos. Sie werden als Kunstwerke geschaffen und sind Ausdruck von Kreativit\u00e4t und Individualit\u00e4t. Das Erstellen oder Betrachten eines Mandalas wird oft als meditative Praxis betrachtet. Die sich wiederholenden Muster k\u00f6nnen zur Beruhigung des Geistes beitragen und ein Gef\u00fchl der Konzentration und Achtsamkeit f\u00f6rdern.<\/p>\n<p><strong>Preis inkl. Versand &amp; Handling<\/strong><\/p>","protected":false},"featured_media":5368,"comment_status":"open","ping_status":"closed","template":"","meta":{"jetpack_publicize_message":"","jetpack_publicize_feature_enabled":true,"jetpack_social_post_already_shared":true,"jetpack_social_options":{"image_generator_settings":{"template":"highway","default_image_id":0,"font":"","enabled":false},"version":2},"_wpas_customize_per_network":false},"product_brand":[],"product_cat":[1450,1402],"product_tag":[1451,1452,1454,1455,1457,1453,1460],"class_list":{"0":"post-6152","1":"product","2":"type-product","3":"status-publish","4":"has-post-thumbnail","6":"product_cat-art","7":"product_cat-mandalas","8":"product_tag-art","9":"product_tag-fine-art","10":"product_tag-limited-edition","11":"product_tag-mandala","12":"product_tag-princess-theodora","13":"product_tag-print","14":"product_tag-rose-garden","16":"first","17":"instock","18":"taxable","19":"shipping-taxable","20":"purchasable","21":"product-type-simple"},"jetpack_publicize_connections":[],"jetpack_likes_enabled":true,"jetpack_sharing_enabled":true,"jetpack-related-posts":[],"_links":{"self":[{"href":"https:\/\/tva-foundation.org\/de\/wp-json\/wp\/v2\/product\/6152","targetHints":{"allow":["GET"]}}],"collection":[{"href":"https:\/\/tva-foundation.org\/de\/wp-json\/wp\/v2\/product"}],"about":[{"href":"https:\/\/tva-foundation.org\/de\/wp-json\/wp\/v2\/types\/product"}],"replies":[{"embeddable":true,"href":"https:\/\/tva-foundation.org\/de\/wp-json\/wp\/v2\/comments?post=6152"}],"wp:featuredmedia":[{"embeddable":true,"href":"https:\/\/tva-foundation.org\/de\/wp-json\/wp\/v2\/media\/5368"}],"wp:attachment":[{"href":"https:\/\/tva-foundation.org\/de\/wp-json\/wp\/v2\/media?parent=6152"}],"wp:term":[{"taxonomy":"product_brand","embeddable":true,"href":"https:\/\/tva-foundation.org\/de\/wp-json\/wp\/v2\/product_brand?post=6152"},{"taxonomy":"product_cat","embeddable":true,"href":"https:\/\/tva-foundation.org\/de\/wp-json\/wp\/v2\/product_cat?post=6152"},{"taxonomy":"product_tag","embeddable":true,"href":"https:\/\/tva-foundation.org\/de\/wp-json\/wp\/v2\/product_tag?post=6152"}],"curies":[{"name":"wp","href":"https:\/\/api.w.org\/{rel}","templated":true}]}}