{"id":790,"date":"2025-07-04T04:27:15","date_gmt":"2025-07-04T02:27:15","guid":{"rendered":"https:\/\/helpocharity.artureanec.com\/?post_type=product&#038;p=790"},"modified":"2026-03-22T19:21:07","modified_gmt":"2026-03-22T18:21:07","slug":"harmony","status":"publish","type":"product","link":"https:\/\/tva-foundation.org\/de\/produkt\/harmony\/","title":{"rendered":"HARMONIE"},"content":{"rendered":"<h6><strong>Wir stellen vor: \"Harmony\", ein Mandala-Kunstdruck in limitierter Auflage, der einen komplizierten Wandteppich aus Gleichgewicht und Gelassenheit webt.<\/strong><\/h6>\n<p>Zarte Muster verflechten sich zu einer visuellen Symphonie, die die Essenz von Ruhe und Ausgeglichenheit einf\u00e4ngt. Die harmonische Farbpalette und das sorgf\u00e4ltige Design laden zur Kontemplation ein und verleihen jedem Raum einen Moment der Ruhe und Ausgeglichenheit.<\/p>\n<p>Erh\u00f6hen Sie Ihre Umgebung mit diesem exklusiven Druck, bei dem die Kunst der \"Harmony\" zu einem fesselnden Mittelpunkt wird und ein Gef\u00fchl von Ruhe und achtsamer Eleganz in Ihr Zuhause bringt.<\/p>\n<p>Tauchen Sie ein in die limitierte Auflage des Mandala-Kunstdrucks \"Harmony\" und lassen Sie seine ruhige Sch\u00f6nheit Ihren Raum in ein Heiligtum der Balance verwandeln.<\/p>\n<p>&nbsp;<\/p>","protected":false},"excerpt":{"rendered":"<h6><strong>Mandala-Kunstdruck von Prinzessin Theodora von Auersperg in limitierter Auflage <\/strong><\/h6>\n<p>Mandalas symbolisieren die zyklische Natur des Lebens, des Universums und der verschiedenen Aspekte der Existenz und stehen f\u00fcr Ordnung und Gleichgewicht im Kosmos. Sie werden als Kunstwerke geschaffen und sind Ausdruck von Kreativit\u00e4t und Individualit\u00e4t. Das Erstellen oder Betrachten eines Mandalas wird oft als meditative Praxis betrachtet. Die sich wiederholenden Muster k\u00f6nnen zur Beruhigung des Geistes beitragen und ein Gef\u00fchl der Konzentration und Achtsamkeit f\u00f6rdern.<\/p>\n<p><strong>Preis inkl. Versand &amp; Handling<\/strong><\/p>","protected":false},"featured_media":5370,"comment_status":"open","ping_status":"closed","template":"","meta":{"jetpack_publicize_message":"","jetpack_publicize_feature_enabled":true,"jetpack_social_post_already_shared":true,"jetpack_social_options":{"image_generator_settings":{"template":"highway","default_image_id":0,"font":"","enabled":false},"version":2},"_wpas_customize_per_network":false},"product_brand":[],"product_cat":[1450,1402],"product_tag":[1451,1452,1462,1454,1455,1457,1453],"class_list":{"0":"post-790","1":"product","2":"type-product","3":"status-publish","4":"has-post-thumbnail","6":"product_cat-art","7":"product_cat-mandalas","8":"product_tag-art","9":"product_tag-fine-art","10":"product_tag-harmony","11":"product_tag-limited-edition","12":"product_tag-mandala","13":"product_tag-princess-theodora","14":"product_tag-print","16":"first","17":"instock","18":"taxable","19":"shipping-taxable","20":"purchasable","21":"product-type-simple"},"jetpack_publicize_connections":[],"jetpack_likes_enabled":true,"jetpack_sharing_enabled":true,"jetpack-related-posts":[],"_links":{"self":[{"href":"https:\/\/tva-foundation.org\/de\/wp-json\/wp\/v2\/product\/790","targetHints":{"allow":["GET"]}}],"collection":[{"href":"https:\/\/tva-foundation.org\/de\/wp-json\/wp\/v2\/product"}],"about":[{"href":"https:\/\/tva-foundation.org\/de\/wp-json\/wp\/v2\/types\/product"}],"replies":[{"embeddable":true,"href":"https:\/\/tva-foundation.org\/de\/wp-json\/wp\/v2\/comments?post=790"}],"wp:featuredmedia":[{"embeddable":true,"href":"https:\/\/tva-foundation.org\/de\/wp-json\/wp\/v2\/media\/5370"}],"wp:attachment":[{"href":"https:\/\/tva-foundation.org\/de\/wp-json\/wp\/v2\/media?parent=790"}],"wp:term":[{"taxonomy":"product_brand","embeddable":true,"href":"https:\/\/tva-foundation.org\/de\/wp-json\/wp\/v2\/product_brand?post=790"},{"taxonomy":"product_cat","embeddable":true,"href":"https:\/\/tva-foundation.org\/de\/wp-json\/wp\/v2\/product_cat?post=790"},{"taxonomy":"product_tag","embeddable":true,"href":"https:\/\/tva-foundation.org\/de\/wp-json\/wp\/v2\/product_tag?post=790"}],"curies":[{"name":"wp","href":"https:\/\/api.w.org\/{rel}","templated":true}]}}