{"id":11120,"date":"2024-06-15T09:13:57","date_gmt":"2024-06-15T07:13:57","guid":{"rendered":"https:\/\/tva-foundation.org\/?page_id=11120"},"modified":"2026-04-28T22:45:40","modified_gmt":"2026-04-28T20:45:40","slug":"who-we-support","status":"publish","type":"page","link":"https:\/\/tva-foundation.org\/es\/who-we-support\/","title":{"rendered":"A qui\u00e9n apoyamos"},"content":{"rendered":"<div data-elementor-type=\"wp-page\" data-elementor-id=\"11120\" class=\"elementor elementor-11120\" data-elementor-post-type=\"page\">\n\t\t\t\t<div class=\"elementor-element elementor-element-2311fb0 e-flex e-con-boxed e-con e-parent\" data-id=\"2311fb0\" data-element_type=\"container\" data-e-type=\"container\">\n\t\t\t\t\t<div class=\"e-con-inner\">\n\t\t\t\t<div class=\"elementor-element elementor-element-d94ba38 elementor-widget elementor-widget-heading\" data-id=\"d94ba38\" data-element_type=\"widget\" data-e-type=\"widget\" data-widget_type=\"heading.default\">\n\t\t\t\t<div class=\"elementor-widget-container\">\n\t\t\t\t\t<h4 class=\"elementor-heading-title elementor-size-default\">Nuestro compromiso con el cambio positivo<\/h4>\t\t\t\t<\/div>\n\t\t\t\t<\/div>\n\t\t\t\t\t<\/div>\n\t\t\t\t<\/div>\n\t\t<div class=\"elementor-element elementor-element-1a42b91 e-flex e-con-boxed e-con e-parent\" data-id=\"1a42b91\" data-element_type=\"container\" data-e-type=\"container\">\n\t\t\t\t\t<div class=\"e-con-inner\">\n\t\t\t\t<div class=\"elementor-element elementor-element-c0f1536 elementor-widget elementor-widget-spacer\" data-id=\"c0f1536\" data-element_type=\"widget\" data-e-type=\"widget\" data-widget_type=\"spacer.default\">\n\t\t\t\t<div class=\"elementor-widget-container\">\n\t\t\t\t\t\t\t<div class=\"elementor-spacer\">\n\t\t\t<div class=\"elementor-spacer-inner\"><\/div>\n\t\t<\/div>\n\t\t\t\t\t\t<\/div>\n\t\t\t\t<\/div>\n\t\t\t\t\t<\/div>\n\t\t\t\t<\/div>\n\t\t<div class=\"elementor-element elementor-element-a60389b e-flex e-con-boxed e-con e-parent\" data-id=\"a60389b\" data-element_type=\"container\" data-e-type=\"container\">\n\t\t\t\t\t<div class=\"e-con-inner\">\n\t\t\t\t<div class=\"elementor-element elementor-element-d40add1 elementor-widget elementor-widget-text-editor\" data-id=\"d40add1\" data-element_type=\"widget\" data-e-type=\"widget\" data-widget_type=\"text-editor.default\">\n\t\t\t\t<div class=\"elementor-widget-container\">\n\t\t\t\t\t\t\t\t\t<p>Bienvenido al escaparate de organizaciones y proyectos apoyados por la Fundaci\u00f3n Internacional Theodora von Auersperg (TvA). En la Fundaci\u00f3n Internacional TvA creemos en el poder del esfuerzo colectivo para crear un impacto duradero. Nuestra fundaci\u00f3n se dedica a fomentar iniciativas que protejan y cuiden a los grupos vulnerables, centr\u00e1ndose especialmente en el bienestar de los animales y los ni\u00f1os. Nos esforzamos por crear un mundo m\u00e1s seguro, m\u00e1s sano y m\u00e1s compasivo.<\/p><p>Estamos orgullosos de colaborar con una amplia gama de socios en todo el mundo, cada uno de los cuales contribuye de forma \u00fanica a la mejora de la sociedad. Esta creciente lista refleja nuestro compromiso constante con proyectos que se ajustan a nuestra misi\u00f3n de marcar una diferencia significativa en la vida de los ni\u00f1os y los animales, as\u00ed como promover la innovaci\u00f3n, mejorar la educaci\u00f3n y apoyar la sostenibilidad medioambiental.<\/p><p><strong>Explore las iniciativas que apoyamos y \u00fanase a nosotros en la celebraci\u00f3n del extraordinario trabajo que se est\u00e1 realizando para construir un futuro mejor para todos.<\/strong> <strong><span style=\"color: #d8b448;\"><a style=\"color: #d8b448;\" href=\"https:\/\/tva-foundation.org\/es\/our-events\/\">EVENTOS<\/a><\/span><\/strong>.<\/p>\t\t\t\t\t\t\t\t<\/div>\n\t\t\t\t<\/div>\n\t\t\t\t\t<\/div>\n\t\t\t\t<\/div>\n\t\t<div class=\"elementor-element elementor-element-6ab0cf6 e-flex e-con-boxed e-con e-parent\" data-id=\"6ab0cf6\" data-element_type=\"container\" data-e-type=\"container\">\n\t\t\t\t\t<div class=\"e-con-inner\">\n\t\t\t\t<div class=\"elementor-element elementor-element-fe19eab elementor-widget elementor-widget-spacer\" data-id=\"fe19eab\" data-element_type=\"widget\" data-e-type=\"widget\" data-widget_type=\"spacer.default\">\n\t\t\t\t<div class=\"elementor-widget-container\">\n\t\t\t\t\t\t\t<div class=\"elementor-spacer\">\n\t\t\t<div class=\"elementor-spacer-inner\"><\/div>\n\t\t<\/div>\n\t\t\t\t\t\t<\/div>\n\t\t\t\t<\/div>\n\t\t\t\t\t<\/div>\n\t\t\t\t<\/div>\n\t\t<div class=\"elementor-element elementor-element-45f16c7 e-flex e-con-boxed e-con e-parent\" data-id=\"45f16c7\" data-element_type=\"container\" data-e-type=\"container\">\n\t\t\t\t\t<div class=\"e-con-inner\">\n\t\t<div class=\"elementor-element elementor-element-3c9b926 e-con-full e-flex e-con e-child\" data-id=\"3c9b926\" data-element_type=\"container\" data-e-type=\"container\">\n\t\t\t\t<div class=\"elementor-element elementor-element-b029c75 elementor-widget elementor-widget-text-editor\" data-id=\"b029c75\" data-element_type=\"widget\" data-e-type=\"widget\" data-widget_type=\"text-editor.default\">\n\t\t\t\t<div class=\"elementor-widget-container\">\n\t\t\t\t\t\t\t\t\t<h6 style=\"text-align: center;\"><strong><span style=\"color: #d5b448;\"><a style=\"color: #d5b448;\" href=\"https:\/\/sosbg.org\/\" target=\"_blank\" rel=\"noopener\">Aldeas Infantiles SOS Bulgaria<\/a><\/span><\/strong><\/h6>\t\t\t\t\t\t\t\t<\/div>\n\t\t\t\t<\/div>\n\t\t\t\t<\/div>\n\t\t<div class=\"elementor-element elementor-element-55088f4 e-con-full e-flex e-con e-child\" data-id=\"55088f4\" data-element_type=\"container\" data-e-type=\"container\">\n\t\t\t\t<div class=\"elementor-element elementor-element-b485c94 elementor-widget elementor-widget-text-editor\" data-id=\"b485c94\" data-element_type=\"widget\" data-e-type=\"widget\" data-widget_type=\"text-editor.default\">\n\t\t\t\t<div class=\"elementor-widget-container\">\n\t\t\t\t\t\t\t\t\t<h6 style=\"text-align: center;\"><strong><span style=\"color: #d5b448;\"><a style=\"color: #d5b448;\" href=\"https:\/\/www.cloud9world.com\/\" target=\"_blank\" rel=\"noopener\">Cloud9World - Personaje en construcci\u00f3n<\/a><\/span><\/strong><\/h6>\t\t\t\t\t\t\t\t<\/div>\n\t\t\t\t<\/div>\n\t\t\t\t<div class=\"elementor-element elementor-element-bfde0f5 elementor-widget elementor-widget-text-editor\" data-id=\"bfde0f5\" data-element_type=\"widget\" data-e-type=\"widget\" data-widget_type=\"text-editor.default\">\n\t\t\t\t<div class=\"elementor-widget-container\">\n\t\t\t\t\t\t\t\t\t<h6 style=\"text-align: center;\"><span style=\"color: #d5b448;\"><strong><a style=\"color: #d5b448;\" href=\"https:\/\/www.sambhali.org\" target=\"_blank\" rel=\"noopener\">SAMBHALI<\/a><\/strong><\/span><\/h6>\t\t\t\t\t\t\t\t<\/div>\n\t\t\t\t<\/div>\n\t\t\t\t<\/div>\n\t\t<div class=\"elementor-element elementor-element-4ba912c e-con-full e-flex e-con e-child\" data-id=\"4ba912c\" data-element_type=\"container\" data-e-type=\"container\">\n\t\t\t\t<div class=\"elementor-element elementor-element-d726b62 elementor-widget elementor-widget-text-editor\" data-id=\"d726b62\" data-element_type=\"widget\" data-e-type=\"widget\" data-widget_type=\"text-editor.default\">\n\t\t\t\t<div class=\"elementor-widget-container\">\n\t\t\t\t\t\t\t\t\t<h6 class=\"elementor-heading-title elementor-size-default\" style=\"text-align: center;\"><a href=\"https:\/\/together4trees.co.ke\/index-2.html\" target=\"_blank\" rel=\"noopener\"><strong><span style=\"color: #d5b448;\">JUNTOS 4 \u00c1RBOLES<\/span><\/strong><\/a><\/h6>\t\t\t\t\t\t\t\t<\/div>\n\t\t\t\t<\/div>\n\t\t\t\t<\/div>\n\t\t<div class=\"elementor-element elementor-element-db25e8a e-con-full e-flex e-con e-child\" data-id=\"db25e8a\" data-element_type=\"container\" data-e-type=\"container\">\n\t\t\t\t<div class=\"elementor-element elementor-element-666f961 elementor-widget elementor-widget-image\" data-id=\"666f961\" data-element_type=\"widget\" data-e-type=\"widget\" data-widget_type=\"image.default\">\n\t\t\t\t<div class=\"elementor-widget-container\">\n\t\t\t\t\t\t\t\t\t\t\t\t\t\t\t<img data-attachment-id=\"22243\" data-permalink=\"https:\/\/tva-foundation.org\/es\/logo-mark_gold_1000x1000\/cropped-logo-mark_gold_1000x1000-png\/\" data-orig-file=\"https:\/\/tva-foundation.org\/wp-content\/uploads\/2025\/12\/cropped-Logo-Mark_GOLD_1000x1000.png\" data-orig-size=\"512,512\" data-comments-opened=\"1\" data-image-meta=\"{&quot;aperture&quot;:&quot;0&quot;,&quot;credit&quot;:&quot;&quot;,&quot;camera&quot;:&quot;&quot;,&quot;caption&quot;:&quot;&quot;,&quot;created_timestamp&quot;:&quot;0&quot;,&quot;copyright&quot;:&quot;&quot;,&quot;focal_length&quot;:&quot;0&quot;,&quot;iso&quot;:&quot;0&quot;,&quot;shutter_speed&quot;:&quot;0&quot;,&quot;title&quot;:&quot;&quot;,&quot;orientation&quot;:&quot;0&quot;}\" data-image-title=\"TvA International Foundation\" data-image-description=\"&lt;p&gt;https:\/\/tva-foundation.org\/wp-content\/uploads\/2025\/12\/cropped-Logo-Mark_GOLD_1000x1000.png&lt;\/p&gt;\" data-image-caption=\"\" data-large-file=\"https:\/\/tva-foundation.org\/wp-content\/uploads\/2025\/12\/cropped-Logo-Mark_GOLD_1000x1000.png\" width=\"150\" height=\"150\" src=\"https:\/\/tva-foundation.org\/wp-content\/uploads\/2025\/12\/cropped-Logo-Mark_GOLD_1000x1000-150x150.png?crop=1\" class=\"attachment-thumbnail size-thumbnail wp-image-22243\" alt=\"TvA International Foundation\" srcset=\"https:\/\/tva-foundation.org\/wp-content\/uploads\/2025\/12\/cropped-Logo-Mark_GOLD_1000x1000-150x150.png?crop=1 150w, https:\/\/tva-foundation.org\/wp-content\/uploads\/2025\/12\/cropped-Logo-Mark_GOLD_1000x1000-300x300.png?crop=1 300w, https:\/\/tva-foundation.org\/wp-content\/uploads\/2025\/12\/cropped-Logo-Mark_GOLD_1000x1000-12x12.png 12w, https:\/\/tva-foundation.org\/wp-content\/uploads\/2025\/12\/cropped-Logo-Mark_GOLD_1000x1000-100x100.png?crop=1 100w, https:\/\/tva-foundation.org\/wp-content\/uploads\/2025\/12\/cropped-Logo-Mark_GOLD_1000x1000-270x270.png 270w, https:\/\/tva-foundation.org\/wp-content\/uploads\/2025\/12\/cropped-Logo-Mark_GOLD_1000x1000-192x192.png 192w, https:\/\/tva-foundation.org\/wp-content\/uploads\/2025\/12\/cropped-Logo-Mark_GOLD_1000x1000-180x180.png 180w, https:\/\/tva-foundation.org\/wp-content\/uploads\/2025\/12\/cropped-Logo-Mark_GOLD_1000x1000-32x32.png 32w, https:\/\/tva-foundation.org\/wp-content\/uploads\/2025\/12\/cropped-Logo-Mark_GOLD_1000x1000.png 512w\" sizes=\"(max-width: 150px) 100vw, 150px\" \/>\t\t\t\t\t\t\t\t\t\t\t\t\t\t\t<\/div>\n\t\t\t\t<\/div>\n\t\t\t\t<\/div>\n\t\t<div class=\"elementor-element elementor-element-f031954 e-con-full e-flex e-con e-child\" data-id=\"f031954\" data-element_type=\"container\" data-e-type=\"container\">\n\t\t\t\t<div class=\"elementor-element elementor-element-8fca766 elementor-widget elementor-widget-image\" data-id=\"8fca766\" data-element_type=\"widget\" data-e-type=\"widget\" data-widget_type=\"image.default\">\n\t\t\t\t<div class=\"elementor-widget-container\">\n\t\t\t\t\t\t\t\t\t\t\t\t\t\t\t<img fetchpriority=\"high\" data-attachment-id=\"7609\" data-permalink=\"https:\/\/tva-foundation.org\/es\/home\/img_5204\/\" data-orig-file=\"https:\/\/tva-foundation.org\/wp-content\/uploads\/2024\/02\/IMG_5204.png\" data-orig-size=\"1080,1080\" data-comments-opened=\"1\" data-image-meta=\"{&quot;aperture&quot;:&quot;0&quot;,&quot;credit&quot;:&quot;&quot;,&quot;camera&quot;:&quot;&quot;,&quot;caption&quot;:&quot;&quot;,&quot;created_timestamp&quot;:&quot;0&quot;,&quot;copyright&quot;:&quot;&quot;,&quot;focal_length&quot;:&quot;0&quot;,&quot;iso&quot;:&quot;0&quot;,&quot;shutter_speed&quot;:&quot;0&quot;,&quot;title&quot;:&quot;&quot;,&quot;orientation&quot;:&quot;0&quot;}\" data-image-title=\"Lend A Helping Hand &amp;#8211; Save A Soul\" data-image-description=\"\" data-image-caption=\"\" data-large-file=\"https:\/\/tva-foundation.org\/wp-content\/uploads\/2024\/02\/IMG_5204-1024x1024.png\" width=\"300\" height=\"300\" src=\"https:\/\/tva-foundation.org\/wp-content\/uploads\/2024\/02\/IMG_5204-300x300.png?crop=1\" class=\"attachment-medium size-medium wp-image-7609\" alt=\"Theodora von Auersperg International Foundation - Lend A Helping Hand - Save A Soul\" srcset=\"https:\/\/tva-foundation.org\/wp-content\/uploads\/2024\/02\/IMG_5204-300x300.png?crop=1 300w, https:\/\/tva-foundation.org\/wp-content\/uploads\/2024\/02\/IMG_5204-1024x1024.png 1024w, https:\/\/tva-foundation.org\/wp-content\/uploads\/2024\/02\/IMG_5204-150x150.png?crop=1 150w, https:\/\/tva-foundation.org\/wp-content\/uploads\/2024\/02\/IMG_5204-768x768.png 768w, https:\/\/tva-foundation.org\/wp-content\/uploads\/2024\/02\/IMG_5204-800x800.png?crop=1 800w, https:\/\/tva-foundation.org\/wp-content\/uploads\/2024\/02\/IMG_5204-600x600.png?crop=1 600w, https:\/\/tva-foundation.org\/wp-content\/uploads\/2024\/02\/IMG_5204-400x400.png?crop=1 400w, https:\/\/tva-foundation.org\/wp-content\/uploads\/2024\/02\/IMG_5204-200x200.png?crop=1 200w, https:\/\/tva-foundation.org\/wp-content\/uploads\/2024\/02\/IMG_5204-100x100.png?crop=1 100w, https:\/\/tva-foundation.org\/wp-content\/uploads\/2024\/02\/IMG_5204-90x90.png 90w, https:\/\/tva-foundation.org\/wp-content\/uploads\/2024\/02\/IMG_5204.png 1080w\" sizes=\"(max-width: 300px) 100vw, 300px\" \/>\t\t\t\t\t\t\t\t\t\t\t\t\t\t\t<\/div>\n\t\t\t\t<\/div>\n\t\t\t\t<\/div>\n\t\t<div class=\"elementor-element elementor-element-c013cb0 e-con-full e-flex e-con e-child\" data-id=\"c013cb0\" data-element_type=\"container\" data-e-type=\"container\">\n\t\t\t\t<div class=\"elementor-element elementor-element-d0b46d0 elementor-widget elementor-widget-image\" data-id=\"d0b46d0\" data-element_type=\"widget\" data-e-type=\"widget\" data-widget_type=\"image.default\">\n\t\t\t\t<div class=\"elementor-widget-container\">\n\t\t\t\t\t\t\t\t\t\t\t\t\t\t\t<img data-attachment-id=\"22243\" data-permalink=\"https:\/\/tva-foundation.org\/es\/logo-mark_gold_1000x1000\/cropped-logo-mark_gold_1000x1000-png\/\" data-orig-file=\"https:\/\/tva-foundation.org\/wp-content\/uploads\/2025\/12\/cropped-Logo-Mark_GOLD_1000x1000.png\" data-orig-size=\"512,512\" data-comments-opened=\"1\" data-image-meta=\"{&quot;aperture&quot;:&quot;0&quot;,&quot;credit&quot;:&quot;&quot;,&quot;camera&quot;:&quot;&quot;,&quot;caption&quot;:&quot;&quot;,&quot;created_timestamp&quot;:&quot;0&quot;,&quot;copyright&quot;:&quot;&quot;,&quot;focal_length&quot;:&quot;0&quot;,&quot;iso&quot;:&quot;0&quot;,&quot;shutter_speed&quot;:&quot;0&quot;,&quot;title&quot;:&quot;&quot;,&quot;orientation&quot;:&quot;0&quot;}\" data-image-title=\"TvA International Foundation\" data-image-description=\"&lt;p&gt;https:\/\/tva-foundation.org\/wp-content\/uploads\/2025\/12\/cropped-Logo-Mark_GOLD_1000x1000.png&lt;\/p&gt;\" data-image-caption=\"\" data-large-file=\"https:\/\/tva-foundation.org\/wp-content\/uploads\/2025\/12\/cropped-Logo-Mark_GOLD_1000x1000.png\" width=\"150\" height=\"150\" src=\"https:\/\/tva-foundation.org\/wp-content\/uploads\/2025\/12\/cropped-Logo-Mark_GOLD_1000x1000-150x150.png?crop=1\" class=\"attachment-thumbnail size-thumbnail wp-image-22243\" alt=\"TvA International Foundation\" srcset=\"https:\/\/tva-foundation.org\/wp-content\/uploads\/2025\/12\/cropped-Logo-Mark_GOLD_1000x1000-150x150.png?crop=1 150w, https:\/\/tva-foundation.org\/wp-content\/uploads\/2025\/12\/cropped-Logo-Mark_GOLD_1000x1000-300x300.png?crop=1 300w, https:\/\/tva-foundation.org\/wp-content\/uploads\/2025\/12\/cropped-Logo-Mark_GOLD_1000x1000-12x12.png 12w, https:\/\/tva-foundation.org\/wp-content\/uploads\/2025\/12\/cropped-Logo-Mark_GOLD_1000x1000-100x100.png?crop=1 100w, https:\/\/tva-foundation.org\/wp-content\/uploads\/2025\/12\/cropped-Logo-Mark_GOLD_1000x1000-270x270.png 270w, https:\/\/tva-foundation.org\/wp-content\/uploads\/2025\/12\/cropped-Logo-Mark_GOLD_1000x1000-192x192.png 192w, https:\/\/tva-foundation.org\/wp-content\/uploads\/2025\/12\/cropped-Logo-Mark_GOLD_1000x1000-180x180.png 180w, https:\/\/tva-foundation.org\/wp-content\/uploads\/2025\/12\/cropped-Logo-Mark_GOLD_1000x1000-32x32.png 32w, https:\/\/tva-foundation.org\/wp-content\/uploads\/2025\/12\/cropped-Logo-Mark_GOLD_1000x1000.png 512w\" sizes=\"(max-width: 150px) 100vw, 150px\" \/>\t\t\t\t\t\t\t\t\t\t\t\t\t\t\t<\/div>\n\t\t\t\t<\/div>\n\t\t\t\t<\/div>\n\t\t\t\t\t<\/div>\n\t\t\t\t<\/div>\n\t\t<div class=\"elementor-element elementor-element-76befe9 e-flex e-con-boxed e-con e-parent\" data-id=\"76befe9\" data-element_type=\"container\" data-e-type=\"container\">\n\t\t\t\t\t<div class=\"e-con-inner\">\n\t\t<div class=\"elementor-element elementor-element-3dbe827 e-con-full e-flex e-con e-child\" data-id=\"3dbe827\" data-element_type=\"container\" data-e-type=\"container\">\n\t\t\t\t<\/div>\n\t\t<div class=\"elementor-element elementor-element-9959303 e-con-full e-flex e-con e-child\" data-id=\"9959303\" data-element_type=\"container\" data-e-type=\"container\">\n\t\t\t\t<\/div>\n\t\t<div class=\"elementor-element elementor-element-688ee82 e-con-full e-flex e-con e-child\" data-id=\"688ee82\" data-element_type=\"container\" data-e-type=\"container\">\n\t\t\t\t<\/div>\n\t\t<div class=\"elementor-element elementor-element-e3e017d e-con-full e-flex e-con e-child\" data-id=\"e3e017d\" data-element_type=\"container\" data-e-type=\"container\">\n\t\t\t\t<\/div>\n\t\t<div class=\"elementor-element elementor-element-8da9e5d e-con-full e-flex e-con e-child\" data-id=\"8da9e5d\" data-element_type=\"container\" data-e-type=\"container\">\n\t\t\t\t<\/div>\n\t\t<div class=\"elementor-element elementor-element-aac6bb7 e-con-full e-flex e-con e-child\" data-id=\"aac6bb7\" data-element_type=\"container\" data-e-type=\"container\">\n\t\t\t\t<\/div>\n\t\t\t\t\t<\/div>\n\t\t\t\t<\/div>\n\t\t<div class=\"elementor-element elementor-element-9bd7ec1 e-flex e-con-boxed e-con e-parent\" data-id=\"9bd7ec1\" data-element_type=\"container\" data-e-type=\"container\">\n\t\t\t\t\t<div class=\"e-con-inner\">\n\t\t\t\t<div class=\"elementor-element elementor-element-a66de08 elementor-widget elementor-widget-spacer\" data-id=\"a66de08\" data-element_type=\"widget\" data-e-type=\"widget\" data-widget_type=\"spacer.default\">\n\t\t\t\t<div class=\"elementor-widget-container\">\n\t\t\t\t\t\t\t<div class=\"elementor-spacer\">\n\t\t\t<div class=\"elementor-spacer-inner\"><\/div>\n\t\t<\/div>\n\t\t\t\t\t\t<\/div>\n\t\t\t\t<\/div>\n\t\t\t\t\t<\/div>\n\t\t\t\t<\/div>\n\t\t<div class=\"elementor-element elementor-element-9556fd8 e-flex e-con-boxed e-con e-parent\" data-id=\"9556fd8\" data-element_type=\"container\" data-e-type=\"container\">\n\t\t\t\t\t<div class=\"e-con-inner\">\n\t\t<div class=\"elementor-element elementor-element-294afdd e-con-full e-flex e-con e-child\" data-id=\"294afdd\" data-element_type=\"container\" data-e-type=\"container\">\n\t\t\t\t<div class=\"elementor-element elementor-element-9909890 elementor-widget elementor-widget-helpo_button\" data-id=\"9909890\" data-element_type=\"widget\" data-e-type=\"widget\" data-widget_type=\"helpo_button.default\">\n\t\t\t\t<div class=\"elementor-widget-container\">\n\t\t\t\t\t\n        <div class=\"helpo_button_widget\">\n            <div class=\"helpo_button_container\">\n                <a class=\"helpo_button helpo_button--primary\" href=\"https:\/\/tva-foundation.org\/es\/our-story\/\" target=\"_blank\">LEA NUESTRA HISTORIA<\/a>\n            <\/div>\n        <\/div>\n        \t\t\t\t<\/div>\n\t\t\t\t<\/div>\n\t\t\t\t<\/div>\n\t\t<div class=\"elementor-element elementor-element-bd2fad9 e-con-full e-flex e-con e-child\" data-id=\"bd2fad9\" data-element_type=\"container\" data-e-type=\"container\">\n\t\t\t\t<div class=\"elementor-element elementor-element-80a7c95 elementor-widget elementor-widget-helpo_button\" data-id=\"80a7c95\" data-element_type=\"widget\" data-e-type=\"widget\" data-widget_type=\"helpo_button.default\">\n\t\t\t\t<div class=\"elementor-widget-container\">\n\t\t\t\t\t\n        <div class=\"helpo_button_widget\">\n            <div class=\"helpo_button_container\">\n                <a class=\"helpo_button helpo_button--primary\" href=\"https:\/\/tva-foundation.org\/es\/mission\/\" target=\"_blank\">NUESTRA MISI\u00d3N<\/a>\n            <\/div>\n        <\/div>\n        \t\t\t\t<\/div>\n\t\t\t\t<\/div>\n\t\t\t\t<\/div>\n\t\t\t\t\t<\/div>\n\t\t\t\t<\/div>\n\t\t<div class=\"elementor-element elementor-element-45622bd e-flex e-con-boxed e-con e-parent\" data-id=\"45622bd\" data-element_type=\"container\" data-e-type=\"container\">\n\t\t\t\t\t<div class=\"e-con-inner\">\n\t\t\t\t\t<\/div>\n\t\t\t\t<\/div>\n\t\t\t\t<\/div>","protected":false},"excerpt":{"rendered":"<p>Our Commitment to Positive Change Welcome to the Theodora von Auersperg (TvA) International Foundation&#8217;s showcase of supported organizations and projects. At TvA International Foundation, we believe in the power of collective effort to create lasting impact. Our foundation is dedicated to fostering initiatives that protect and nurture vulnerable groups, particularly focusing on animal and child [&hellip;]<\/p>\n","protected":false},"author":38320787,"featured_media":11121,"parent":0,"menu_order":0,"comment_status":"closed","ping_status":"closed","template":"","meta":{"footnotes":""},"class_list":["post-11120","page","type-page","status-publish","has-post-thumbnail","hentry"],"jetpack_likes_enabled":true,"jetpack_sharing_enabled":true,"jetpack_shortlink":"https:\/\/wp.me\/Pf58jH-2Tm","jetpack-related-posts":[],"_links":{"self":[{"href":"https:\/\/tva-foundation.org\/es\/wp-json\/wp\/v2\/pages\/11120","targetHints":{"allow":["GET"]}}],"collection":[{"href":"https:\/\/tva-foundation.org\/es\/wp-json\/wp\/v2\/pages"}],"about":[{"href":"https:\/\/tva-foundation.org\/es\/wp-json\/wp\/v2\/types\/page"}],"author":[{"embeddable":true,"href":"https:\/\/tva-foundation.org\/es\/wp-json\/wp\/v2\/users\/38320787"}],"replies":[{"embeddable":true,"href":"https:\/\/tva-foundation.org\/es\/wp-json\/wp\/v2\/comments?post=11120"}],"version-history":[{"count":100,"href":"https:\/\/tva-foundation.org\/es\/wp-json\/wp\/v2\/pages\/11120\/revisions"}],"predecessor-version":[{"id":23537,"href":"https:\/\/tva-foundation.org\/es\/wp-json\/wp\/v2\/pages\/11120\/revisions\/23537"}],"wp:featuredmedia":[{"embeddable":true,"href":"https:\/\/tva-foundation.org\/es\/wp-json\/wp\/v2\/media\/11121"}],"wp:attachment":[{"href":"https:\/\/tva-foundation.org\/es\/wp-json\/wp\/v2\/media?parent=11120"}],"curies":[{"name":"wp","href":"https:\/\/api.w.org\/{rel}","templated":true}]}}