{"id":19142,"date":"2025-05-23T15:08:20","date_gmt":"2025-05-23T13:08:20","guid":{"rendered":"https:\/\/tva-foundation.org\/?page_id=19142"},"modified":"2026-03-08T18:54:22","modified_gmt":"2026-03-08T17:54:22","slug":"esperanza-for-life-center-bulgaria","status":"publish","type":"page","link":"https:\/\/tva-foundation.org\/es\/esperanza-for-life-center-bulgaria\/","title":{"rendered":"Centro Esperanza for Life\u2122 - Bulgaria"},"content":{"rendered":"<div data-elementor-type=\"wp-page\" data-elementor-id=\"19142\" class=\"elementor elementor-19142\" data-elementor-post-type=\"page\">\n\t\t\t\t<div class=\"elementor-element elementor-element-0b4002a e-flex e-con-boxed e-con e-parent\" data-id=\"0b4002a\" data-element_type=\"container\" data-e-type=\"container\">\n\t\t\t\t\t<div class=\"e-con-inner\">\n\t\t\t\t<div class=\"elementor-element elementor-element-7cdd0e5 elementor-widget elementor-widget-helpo_button\" data-id=\"7cdd0e5\" data-element_type=\"widget\" data-e-type=\"widget\" data-widget_type=\"helpo_button.default\">\n\t\t\t\t<div class=\"elementor-widget-container\">\n\t\t\t\t\t\n        <div class=\"helpo_button_widget\">\n            <div class=\"helpo_button_container\">\n                <a class=\"helpo_button helpo_button--primary\" href=\"https:\/\/youtu.be\/ABfxhjmq5eo\" target=\"_blank\" rel=\"noopener\">VEA NUESTRO PRIMER EVENTO \"ESPERANZA FOR LIFE\"<\/a>\n            <\/div>\n        <\/div>\n        \t\t\t\t<\/div>\n\t\t\t\t<\/div>\n\t\t\t\t\t<\/div>\n\t\t\t\t<\/div>\n\t\t<div class=\"elementor-element elementor-element-bed3980 e-flex e-con-boxed e-con e-parent\" data-id=\"bed3980\" data-element_type=\"container\" data-e-type=\"container\">\n\t\t\t\t\t<div class=\"e-con-inner\">\n\t\t\t\t<div class=\"elementor-element elementor-element-53ceb27 elementor-widget elementor-widget-spacer\" data-id=\"53ceb27\" data-element_type=\"widget\" data-e-type=\"widget\" data-widget_type=\"spacer.default\">\n\t\t\t\t<div class=\"elementor-widget-container\">\n\t\t\t\t\t\t\t<div class=\"elementor-spacer\">\n\t\t\t<div class=\"elementor-spacer-inner\"><\/div>\n\t\t<\/div>\n\t\t\t\t\t\t<\/div>\n\t\t\t\t<\/div>\n\t\t\t\t\t<\/div>\n\t\t\t\t<\/div>\n\t\t<div class=\"elementor-element elementor-element-8ad7131 e-flex e-con-boxed e-con e-parent\" data-id=\"8ad7131\" data-element_type=\"container\" data-e-type=\"container\">\n\t\t\t\t\t<div class=\"e-con-inner\">\n\t\t\t\t<div class=\"elementor-element elementor-element-84beb86 elementor-widget elementor-widget-text-editor\" data-id=\"84beb86\" data-element_type=\"widget\" data-e-type=\"widget\" data-widget_type=\"text-editor.default\">\n\t\t\t\t<div class=\"elementor-widget-container\">\n\t\t\t\t\t\t\t\t\t<h5 style=\"text-align: center;\"><span style=\"color: #d5b448;\">\u00a0Esperanza for Life\u2122 - Centro<\/span><img data-attachment-id=\"23128\" data-permalink=\"https:\/\/tva-foundation.org\/es\/efl-center-tva-black-gold-500\/\" data-orig-file=\"https:\/\/tva-foundation.org\/wp-content\/uploads\/2026\/03\/EFL-Center-TvA-Black-Gold-500.png\" data-orig-size=\"501,101\" data-comments-opened=\"1\" data-image-meta=\"{&quot;aperture&quot;:&quot;0&quot;,&quot;credit&quot;:&quot;&quot;,&quot;camera&quot;:&quot;&quot;,&quot;caption&quot;:&quot;&quot;,&quot;created_timestamp&quot;:&quot;0&quot;,&quot;copyright&quot;:&quot;&quot;,&quot;focal_length&quot;:&quot;0&quot;,&quot;iso&quot;:&quot;0&quot;,&quot;shutter_speed&quot;:&quot;0&quot;,&quot;title&quot;:&quot;&quot;,&quot;orientation&quot;:&quot;0&quot;}\" data-image-title=\"Esperanza for Life Center\" data-image-description=\"\" data-image-caption=\"\" data-large-file=\"https:\/\/tva-foundation.org\/wp-content\/uploads\/2026\/03\/EFL-Center-TvA-Black-Gold-500.png\" class=\"size-medium wp-image-23128 aligncenter\" src=\"https:\/\/tva-foundation.org\/wp-content\/uploads\/2026\/03\/EFL-Center-TvA-Black-Gold-500-300x60.png\" alt=\"TvA International Foundation\" width=\"300\" height=\"60\" srcset=\"https:\/\/tva-foundation.org\/wp-content\/uploads\/2026\/03\/EFL-Center-TvA-Black-Gold-500-300x60.png 300w, https:\/\/tva-foundation.org\/wp-content\/uploads\/2026\/03\/EFL-Center-TvA-Black-Gold-500-18x4.png 18w, https:\/\/tva-foundation.org\/wp-content\/uploads\/2026\/03\/EFL-Center-TvA-Black-Gold-500.png 501w\" sizes=\"(max-width: 300px) 100vw, 300px\" \/><\/h5><h5 style=\"text-align: center;\"><span style=\"color: #d5b448;\"> <img fetchpriority=\"high\" data-attachment-id=\"20523\" data-permalink=\"https:\/\/tva-foundation.org\/es\/e0a1a9af-67ec-480c-bd54-50a252a27010_1_102_o-2\/\" data-orig-file=\"https:\/\/tva-foundation.org\/wp-content\/uploads\/2025\/07\/E0A1A9AF-67EC-480C-BD54-50A252A27010_1_102_o-1.jpeg\" data-orig-size=\"1536,1024\" data-comments-opened=\"1\" data-image-meta=\"{&quot;aperture&quot;:&quot;0&quot;,&quot;credit&quot;:&quot;&quot;,&quot;camera&quot;:&quot;&quot;,&quot;caption&quot;:&quot;&quot;,&quot;created_timestamp&quot;:&quot;0&quot;,&quot;copyright&quot;:&quot;&quot;,&quot;focal_length&quot;:&quot;0&quot;,&quot;iso&quot;:&quot;0&quot;,&quot;shutter_speed&quot;:&quot;0&quot;,&quot;title&quot;:&quot;&quot;,&quot;orientation&quot;:&quot;0&quot;}\" data-image-title=\"Esperanza for Life\" data-image-description=\"\" data-image-caption=\"\" data-large-file=\"https:\/\/tva-foundation.org\/wp-content\/uploads\/2025\/07\/E0A1A9AF-67EC-480C-BD54-50A252A27010_1_102_o-1-1024x683.jpeg\" class=\"size-medium wp-image-20523 aligncenter\" src=\"https:\/\/tva-foundation.org\/wp-content\/uploads\/2025\/07\/E0A1A9AF-67EC-480C-BD54-50A252A27010_1_102_o-1-300x200.jpeg\" alt=\"TvA International Foundation\" width=\"300\" height=\"200\" srcset=\"https:\/\/tva-foundation.org\/wp-content\/uploads\/2025\/07\/E0A1A9AF-67EC-480C-BD54-50A252A27010_1_102_o-1-300x200.jpeg 300w, https:\/\/tva-foundation.org\/wp-content\/uploads\/2025\/07\/E0A1A9AF-67EC-480C-BD54-50A252A27010_1_102_o-1-1024x683.jpeg 1024w, https:\/\/tva-foundation.org\/wp-content\/uploads\/2025\/07\/E0A1A9AF-67EC-480C-BD54-50A252A27010_1_102_o-1-768x512.jpeg 768w, https:\/\/tva-foundation.org\/wp-content\/uploads\/2025\/07\/E0A1A9AF-67EC-480C-BD54-50A252A27010_1_102_o-1-18x12.jpeg 18w, https:\/\/tva-foundation.org\/wp-content\/uploads\/2025\/07\/E0A1A9AF-67EC-480C-BD54-50A252A27010_1_102_o-1-600x400.jpeg 600w, https:\/\/tva-foundation.org\/wp-content\/uploads\/2025\/07\/E0A1A9AF-67EC-480C-BD54-50A252A27010_1_102_o-1.jpeg 1536w\" sizes=\"(max-width: 300px) 100vw, 300px\" \/><\/span><\/h5><h5 style=\"font-weight: 400;\"><span style=\"color: #d5b448;\"><strong>De la visi\u00f3n a la acci\u00f3n: Desarrollo del modelo piloto de Esperanza for Life<\/strong><\/span><span style=\"color: #d5b448;\">\u2122<\/span><\/h5><p data-start=\"205\" data-end=\"442\">Para lograr la visi\u00f3n a gran escala de la <strong data-start=\"255\" data-end=\"317\">Centro Esperanza for Life\u2122 - impulsado por la Fundaci\u00f3n TvA International<\/strong>\u00a0- como se indica a continuaci\u00f3n- nos estamos centrando en desarrollar un sistema m\u00e1s pr\u00e1ctico y aplicable. <strong data-start=\"424\" data-end=\"439\">modelo piloto<\/strong>.<\/p><p data-start=\"444\" data-end=\"728\">Este primer paso servir\u00e1 de base para hacer realidad el concepto m\u00e1s amplio a gran escala. Como ya se ha dicho, nos centraremos inicialmente en <strong data-start=\"589\" data-end=\"600\">Plovdiv<\/strong>, Bulgaria, donde colaboramos estrechamente con nuestro socio veterinario para llevar el primer <strong data-start=\"678\" data-end=\"717\">Centro Esperanza for Life\u2122<\/strong> a la vida.<\/p><p data-start=\"730\" data-end=\"821\">Se adjuntan la breve introducci\u00f3n, el plan de empresa y el programa de reconocimiento de patrocinadores que describen esta pr\u00f3xima fase de desarrollo:<\/p><ul><li data-start=\"730\" data-end=\"821\"><span style=\"color: #d5b448;\"><strong><a style=\"color: #d5b448;\" href=\"https:\/\/tva-foundation.org\/wp-content\/uploads\/2026\/01\/Esperanza-for-Life-Center_Introduction.pdf\">Centro Esperanza de Vida_Introducci\u00f3n<\/a><\/strong> <\/span><\/li><li data-start=\"730\" data-end=\"821\"><span style=\"color: #d5b448;\"><strong><a style=\"color: #d5b448;\" href=\"https:\/\/tva-foundation.org\/wp-content\/uploads\/2026\/01\/Esperanza-for-Life_Center_Mobile-Clinic_Plan-.pdf\">Esperanza de Vida_Centro_Mobile Clinic_Plan<\/a><\/strong><\/span><\/li><li data-start=\"730\" data-end=\"821\"><span style=\"color: #d5b448;\"><strong><a style=\"color: #d5b448;\" href=\"https:\/\/tva-foundation.org\/wp-content\/uploads\/2026\/01\/Investor-Sponsor-Recognition-Incentive-Program.pdf\">Programa de reconocimiento e incentivos a los inversores y patrocinadores<\/a><\/strong><\/span><\/li><\/ul><h5 style=\"text-align: center;\" data-start=\"730\" data-end=\"821\"><span style=\"color: #d5b448;\"><span style=\"color: #333333;\">La gran visi\u00f3n de un santuario para la curaci\u00f3n <\/span><span style=\"color: #333333;\">Santuario para la curaci\u00f3n<\/span><strong><a style=\"color: #d5b448;\" href=\"https:\/\/tva-foundation.org\/wp-content\/uploads\/2025\/12\/Investor-Sponsor-Recognition-Incentive-Program.pdf\"><br \/><\/a><\/strong><\/span><\/h5><p style=\"font-weight: 400;\">La Fundaci\u00f3n Theodora von Auersperg (TvA) se ha embarcado en una iniciativa pionera para crear un\u00a0<strong>Cl\u00ednica veterinaria, refugio de animales y centro terap\u00e9utico de vanguardia<\/strong>-un santuario hol\u00edstico donde la compasi\u00f3n por los animales se une a la curaci\u00f3n de los ni\u00f1os. Este proyecto emblem\u00e1tico servir\u00e1 de <strong>modelo de atenci\u00f3n humanitaria, rehabilitaci\u00f3n y educaci\u00f3n<\/strong>al tiempo que fomenta la inclusi\u00f3n social y la concienciaci\u00f3n p\u00fablica en torno al bienestar animal y el desarrollo infantil.<\/p><p style=\"font-weight: 400;\">Bajo la direcci\u00f3n de la Fundaci\u00f3n Internacional Theodora von Auersperg (TvA),\u00a0<i><strong><span style=\"color: #d5b448;\">Esperanza for Life\u2122 <\/span><\/strong><\/i>es una iniciativa ambiciosa e impulsada con el coraz\u00f3n. Este proyecto hist\u00f3rico ser\u00e1 un <strong>modelo de atenci\u00f3n humanitaria, curaci\u00f3n y esperanza<\/strong>- donde animales rescatados y ni\u00f1os vulnerables se re\u00fanen en un entorno de dignidad, amor y transformaci\u00f3n.<\/p><h6 style=\"font-weight: 400;\"><strong>Componentes clave<\/strong><\/h6><p style=\"font-weight: 400;\"><strong>\ud83e\ude7a La Cl\u00ednica Veterinaria Esperanza-for-Life\u2122<img data-attachment-id=\"23132\" data-permalink=\"https:\/\/tva-foundation.org\/es\/causes\/esperanza-for-life-veterinary-ambulatory\/image-8\/\" data-orig-file=\"https:\/\/tva-foundation.org\/wp-content\/uploads\/2026\/01\/Image-8.jpeg\" data-orig-size=\"1536,1024\" data-comments-opened=\"1\" data-image-meta=\"{&quot;aperture&quot;:&quot;0&quot;,&quot;credit&quot;:&quot;&quot;,&quot;camera&quot;:&quot;&quot;,&quot;caption&quot;:&quot;&quot;,&quot;created_timestamp&quot;:&quot;0&quot;,&quot;copyright&quot;:&quot;&quot;,&quot;focal_length&quot;:&quot;0&quot;,&quot;iso&quot;:&quot;0&quot;,&quot;shutter_speed&quot;:&quot;0&quot;,&quot;title&quot;:&quot;&quot;,&quot;orientation&quot;:&quot;1&quot;}\" data-image-title=\"Esperanza for Life Center\" data-image-description=\"\" data-image-caption=\"\" data-large-file=\"https:\/\/tva-foundation.org\/wp-content\/uploads\/2026\/01\/Image-8-1024x683.jpeg\" class=\"size-medium wp-image-23132 aligncenter\" src=\"https:\/\/tva-foundation.org\/wp-content\/uploads\/2026\/01\/Image-8-300x200.jpeg\" alt=\"TvA International Foundation\" width=\"300\" height=\"200\" srcset=\"https:\/\/tva-foundation.org\/wp-content\/uploads\/2026\/01\/Image-8-300x200.jpeg 300w, https:\/\/tva-foundation.org\/wp-content\/uploads\/2026\/01\/Image-8-1024x683.jpeg 1024w, https:\/\/tva-foundation.org\/wp-content\/uploads\/2026\/01\/Image-8-768x512.jpeg 768w, https:\/\/tva-foundation.org\/wp-content\/uploads\/2026\/01\/Image-8-18x12.jpeg 18w, https:\/\/tva-foundation.org\/wp-content\/uploads\/2026\/01\/Image-8-600x400.jpeg 600w, https:\/\/tva-foundation.org\/wp-content\/uploads\/2026\/01\/Image-8.jpeg 1536w\" sizes=\"(max-width: 300px) 100vw, 300px\" \/><\/strong><\/p><p style=\"font-weight: 400;\">Una cl\u00ednica totalmente equipada y accesible que ofrece\u00a0<strong>atenci\u00f3n m\u00e9dica y servicios preventivos de alta calidad<\/strong>\u00a0para animales, incluyendo:<\/p><ul style=\"font-weight: 400;\"><li>Servicios de urgencias y cirug\u00eda<\/li><li>Vacunas y programas de bienestar<\/li><li>Campa\u00f1as de esterilizaci\u00f3n<\/li><li><strong>\ud83d\ude90<\/strong><strong> Cl\u00ednica m\u00f3vil - \u201cCuraci\u00f3n sobre ruedas\u201d -\u00a0<\/strong>Alcance m\u00f3vil para zonas rurales y urbanas desatendidas<p><strong><img loading=\"lazy\" data-attachment-id=\"22078\" data-permalink=\"https:\/\/tva-foundation.org\/es\/8a3a3c19-6ab1-490f-8d90-37adb44a6053\/\" data-orig-file=\"https:\/\/tva-foundation.org\/wp-content\/uploads\/2025\/12\/8A3A3C19-6AB1-490F-8D90-37ADB44A6053.jpg\" data-orig-size=\"1536,1024\" data-comments-opened=\"1\" data-image-meta=\"{&quot;aperture&quot;:&quot;0&quot;,&quot;credit&quot;:&quot;&quot;,&quot;camera&quot;:&quot;&quot;,&quot;caption&quot;:&quot;&quot;,&quot;created_timestamp&quot;:&quot;0&quot;,&quot;copyright&quot;:&quot;&quot;,&quot;focal_length&quot;:&quot;0&quot;,&quot;iso&quot;:&quot;0&quot;,&quot;shutter_speed&quot;:&quot;0&quot;,&quot;title&quot;:&quot;&quot;,&quot;orientation&quot;:&quot;0&quot;}\" data-image-title=\"Esperanza for Life &amp;#8211; Mobile Clinic\" data-image-description=\"\" data-image-caption=\"\" data-large-file=\"https:\/\/tva-foundation.org\/wp-content\/uploads\/2025\/12\/8A3A3C19-6AB1-490F-8D90-37ADB44A6053-1024x683.jpg\" class=\"size-medium wp-image-22078 aligncenter\" src=\"https:\/\/tva-foundation.org\/wp-content\/uploads\/2025\/12\/8A3A3C19-6AB1-490F-8D90-37ADB44A6053-300x200.jpg\" alt=\"TvA International Foundation\" width=\"300\" height=\"200\" srcset=\"https:\/\/tva-foundation.org\/wp-content\/uploads\/2025\/12\/8A3A3C19-6AB1-490F-8D90-37ADB44A6053-300x200.jpg 300w, https:\/\/tva-foundation.org\/wp-content\/uploads\/2025\/12\/8A3A3C19-6AB1-490F-8D90-37ADB44A6053-1024x683.jpg 1024w, https:\/\/tva-foundation.org\/wp-content\/uploads\/2025\/12\/8A3A3C19-6AB1-490F-8D90-37ADB44A6053-768x512.jpg 768w, https:\/\/tva-foundation.org\/wp-content\/uploads\/2025\/12\/8A3A3C19-6AB1-490F-8D90-37ADB44A6053-18x12.jpg 18w, https:\/\/tva-foundation.org\/wp-content\/uploads\/2025\/12\/8A3A3C19-6AB1-490F-8D90-37ADB44A6053-600x400.jpg 600w, https:\/\/tva-foundation.org\/wp-content\/uploads\/2025\/12\/8A3A3C19-6AB1-490F-8D90-37ADB44A6053.jpg 1536w\" sizes=\"(max-width: 300px) 100vw, 300px\" \/><\/strong><\/p><p style=\"font-weight: 400;\">Un veh\u00edculo adaptado que ampl\u00eda el alcance del Centro a zonas desatendidas, ofreciendo:<\/p><ul><li>Campa\u00f1as de esterilizaci\u00f3n y vacunaci\u00f3n<\/li><li>Rescate de emergencia y asistencia de proximidad<\/li><li>Visitas terap\u00e9uticas m\u00f3viles y programas educativos<\/li><\/ul><\/li><\/ul><p style=\"font-weight: 400;\"><strong>\ud83d\udc3e El refugio de animales Esperanza for Life\u2122.<img loading=\"lazy\" data-attachment-id=\"21695\" data-permalink=\"https:\/\/tva-foundation.org\/es\/d3b34312-2b3f-414c-a123-47f2306017c7\/\" data-orig-file=\"https:\/\/tva-foundation.org\/wp-content\/uploads\/2025\/11\/D3B34312-2B3F-414C-A123-47F2306017C7.jpg\" data-orig-size=\"1536,1024\" data-comments-opened=\"1\" data-image-meta=\"{&quot;aperture&quot;:&quot;0&quot;,&quot;credit&quot;:&quot;&quot;,&quot;camera&quot;:&quot;&quot;,&quot;caption&quot;:&quot;&quot;,&quot;created_timestamp&quot;:&quot;0&quot;,&quot;copyright&quot;:&quot;&quot;,&quot;focal_length&quot;:&quot;0&quot;,&quot;iso&quot;:&quot;0&quot;,&quot;shutter_speed&quot;:&quot;0&quot;,&quot;title&quot;:&quot;&quot;,&quot;orientation&quot;:&quot;0&quot;}\" data-image-title=\"Esperanza for Life\" data-image-description=\"\" data-image-caption=\"\" data-large-file=\"https:\/\/tva-foundation.org\/wp-content\/uploads\/2025\/11\/D3B34312-2B3F-414C-A123-47F2306017C7-1024x683.jpg\" class=\"size-medium wp-image-21695 aligncenter\" src=\"https:\/\/tva-foundation.org\/wp-content\/uploads\/2025\/11\/D3B34312-2B3F-414C-A123-47F2306017C7-300x200.jpg\" alt=\"TvA International Foundation\" width=\"300\" height=\"200\" srcset=\"https:\/\/tva-foundation.org\/wp-content\/uploads\/2025\/11\/D3B34312-2B3F-414C-A123-47F2306017C7-300x200.jpg 300w, https:\/\/tva-foundation.org\/wp-content\/uploads\/2025\/11\/D3B34312-2B3F-414C-A123-47F2306017C7-1024x683.jpg 1024w, https:\/\/tva-foundation.org\/wp-content\/uploads\/2025\/11\/D3B34312-2B3F-414C-A123-47F2306017C7-768x512.jpg 768w, https:\/\/tva-foundation.org\/wp-content\/uploads\/2025\/11\/D3B34312-2B3F-414C-A123-47F2306017C7-18x12.jpg 18w, https:\/\/tva-foundation.org\/wp-content\/uploads\/2025\/11\/D3B34312-2B3F-414C-A123-47F2306017C7-600x400.jpg 600w, https:\/\/tva-foundation.org\/wp-content\/uploads\/2025\/11\/D3B34312-2B3F-414C-A123-47F2306017C7.jpg 1536w\" sizes=\"(max-width: 300px) 100vw, 300px\" \/><\/strong><\/p><p style=\"font-weight: 400;\">Un faro de compasi\u00f3n, este refugio de nueva generaci\u00f3n proporcionar\u00e1\u00a0<strong>refugio, recuperaci\u00f3n y realojamiento<\/strong>\u00a0para animales vagabundos, abandonados y maltratados. Contar\u00e1 con:<\/p><ul style=\"font-weight: 400;\"><li>Entornos de vida amplios y enriquecidos<\/li><li>Zonas de ejercicio y socializaci\u00f3n al aire libre<\/li><li>Programas in situ de adopci\u00f3n, formaci\u00f3n y voluntariado<\/li><li>Espacios educativos para visitas escolares y aprendizaje comunitario<\/li><\/ul><p style=\"font-weight: 400;\"><strong>El Centro de Terapia Esperanza for Life\u2122 <img loading=\"lazy\" data-attachment-id=\"21657\" data-permalink=\"https:\/\/tva-foundation.org\/es\/6d6b85f3-1b66-4a68-8536-46896b3cbc24\/\" data-orig-file=\"https:\/\/tva-foundation.org\/wp-content\/uploads\/2025\/11\/6D6B85F3-1B66-4A68-8536-46896B3CBC24.jpg\" data-orig-size=\"1536,1024\" data-comments-opened=\"1\" data-image-meta=\"{&quot;aperture&quot;:&quot;0&quot;,&quot;credit&quot;:&quot;&quot;,&quot;camera&quot;:&quot;&quot;,&quot;caption&quot;:&quot;&quot;,&quot;created_timestamp&quot;:&quot;0&quot;,&quot;copyright&quot;:&quot;&quot;,&quot;focal_length&quot;:&quot;0&quot;,&quot;iso&quot;:&quot;0&quot;,&quot;shutter_speed&quot;:&quot;0&quot;,&quot;title&quot;:&quot;&quot;,&quot;orientation&quot;:&quot;0&quot;}\" data-image-title=\"Esperanza for Life\" data-image-description=\"\" data-image-caption=\"\" data-large-file=\"https:\/\/tva-foundation.org\/wp-content\/uploads\/2025\/11\/6D6B85F3-1B66-4A68-8536-46896B3CBC24-1024x683.jpg\" class=\"size-medium wp-image-21657 aligncenter\" src=\"https:\/\/tva-foundation.org\/wp-content\/uploads\/2025\/11\/6D6B85F3-1B66-4A68-8536-46896B3CBC24-300x200.jpg\" alt=\"TvA International Foundation\" width=\"300\" height=\"200\" srcset=\"https:\/\/tva-foundation.org\/wp-content\/uploads\/2025\/11\/6D6B85F3-1B66-4A68-8536-46896B3CBC24-300x200.jpg 300w, https:\/\/tva-foundation.org\/wp-content\/uploads\/2025\/11\/6D6B85F3-1B66-4A68-8536-46896B3CBC24-1024x683.jpg 1024w, https:\/\/tva-foundation.org\/wp-content\/uploads\/2025\/11\/6D6B85F3-1B66-4A68-8536-46896B3CBC24-768x512.jpg 768w, https:\/\/tva-foundation.org\/wp-content\/uploads\/2025\/11\/6D6B85F3-1B66-4A68-8536-46896B3CBC24-18x12.jpg 18w, https:\/\/tva-foundation.org\/wp-content\/uploads\/2025\/11\/6D6B85F3-1B66-4A68-8536-46896B3CBC24-600x400.jpg 600w, https:\/\/tva-foundation.org\/wp-content\/uploads\/2025\/11\/6D6B85F3-1B66-4A68-8536-46896B3CBC24.jpg 1536w\" sizes=\"(max-width: 300px) 100vw, 300px\" \/><\/strong><\/p><p style=\"font-weight: 400;\">Un espacio profundamente enriquecedor donde <strong>los animales rescatados ayudan a curar a los ni\u00f1os<\/strong>\u00a0que se enfrentan a problemas emocionales, psicol\u00f3gicos o de desarrollo. El centro acoger\u00e1:<\/p><ul style=\"font-weight: 400;\"><li>Programas de terapia asistida con perros, caballos y peque\u00f1os animales<\/li><li>Jardines sensoriales y terap\u00e9uticos<\/li><li>Actividades en la naturaleza y talleres de atenci\u00f3n plena<\/li><li>Sesiones especializadas para ni\u00f1os de entornos desfavorecidos, incluidos hu\u00e9rfanos, ni\u00f1os con discapacidades y supervivientes de traumas.<\/li><\/ul><p style=\"font-weight: 400;\"><strong>Impacto social y objetivos<\/strong><\/p><ul style=\"font-weight: 400;\"><li>Establecer\u00a0<em>Esperanza for Life\u2122 <\/em>como el\u00a0<strong>centro de excelencia insignia<\/strong>\u00a0en el sudeste de Europa para el bienestar animal y la terapia asistida con animales.<\/li><li>Proporcionar un\u00a0<strong>alternativa humanitaria y reproducible<\/strong>\u00a0al anticuado modelo de refugios p\u00fablicos.<\/li><li>Ayudar a los ni\u00f1os necesitados con\u00a0<strong>apoyo terap\u00e9utico innovador y no invasivo<\/strong>\u00a0a trav\u00e9s de la interacci\u00f3n con los animales.<\/li><li>Cultivar una cultura de <strong>empat\u00eda, inclusi\u00f3n y cuidado responsable<\/strong>\u00a0a trav\u00e9s de la educaci\u00f3n, la divulgaci\u00f3n y la defensa.<\/li><li>Construir una plataforma para\u00a0<strong>colaboraci\u00f3n intersectorial<\/strong>-uniendo a municipios, organizaciones sin \u00e1nimo de lucro, el mundo acad\u00e9mico y el sector privado.<\/li><\/ul><p style=\"font-weight: 400;\"><strong>Sostenibilidad e innovaci\u00f3n<\/strong><\/p><ul style=\"font-weight: 400;\"><li>Dise\u00f1o respetuoso con el medio ambiente:\u00a0<strong>paneles solares, sistemas de agua de lluvia, aislamiento natural<\/strong><\/li><li>Modelos de ingresos integrados:\u00a0<strong>servicios veterinarios, programas educativos, patrocinios<\/strong><\/li><li>Asociaciones p\u00fablico-privadas y ONG para garantizar la viabilidad a largo plazo<\/li><li>Un ecosistema orientado a la misi\u00f3n y centrado en\u00a0<strong>un cambio duradero, no s\u00f3lo caridad<\/strong><\/li><\/ul><p style=\"font-weight: 400;\"><strong>Esperanza de Vida\u2122 es m\u00e1s que un proyecto: es un movimiento.<\/strong><\/p><p style=\"font-weight: 400;\">Es un lugar donde los animales y los ni\u00f1os tienen la oportunidad de\u00a0<strong>sanar, crecer y pertenecer<\/strong>. Es un lugar donde se demuestra a la sociedad que la compasi\u00f3n no es debilidad, sino fortaleza, y que la curaci\u00f3n es posible cuando cuidamos juntos de los m\u00e1s vulnerables.<\/p><p style=\"font-weight: 400;\"><strong>Participa<\/strong><\/p><p style=\"font-weight: 400;\">\u00danase a nosotros para <strong><span style=\"color: #d5b448;\">E<\/span><span style=\"color: #d5b448;\">speranza <\/span><\/strong><strong><span style=\"color: #d5b448;\">for Life\u2122. <\/span><\/strong>a la vida. Juntos podemos construir un santuario que marque una nueva pauta en bienestar animal y atenci\u00f3n humana, y compartir ese modelo con el mundo.<\/p><p style=\"font-weight: 400;\">\u00a0<\/p>\t\t\t\t\t\t\t\t<\/div>\n\t\t\t\t<\/div>\n\t\t\t\t\t<\/div>\n\t\t\t\t<\/div>\n\t\t<div class=\"elementor-element elementor-element-ac7adf2 e-flex e-con-boxed e-con e-parent\" data-id=\"ac7adf2\" data-element_type=\"container\" data-e-type=\"container\">\n\t\t\t\t\t<div class=\"e-con-inner\">\n\t\t\t\t<div class=\"elementor-element elementor-element-4842717 elementor-widget elementor-widget-helpo_button\" data-id=\"4842717\" data-element_type=\"widget\" data-e-type=\"widget\" data-widget_type=\"helpo_button.default\">\n\t\t\t\t<div class=\"elementor-widget-container\">\n\t\t\t\t\t\n        <div class=\"helpo_button_widget\">\n            <div class=\"helpo_button_container\">\n                <a class=\"helpo_button helpo_button--primary\" href=\"https:\/\/tva-foundation.org\/es\/causes\/esperanza-for-life-veterinary-ambulatory\/\" target=\"_blank\">ESPERANZA DE VIDA\u2122 AMBULATORIO VETERINARIO - PLOVDIV, BULGARIA<\/a>\n            <\/div>\n        <\/div>\n        \t\t\t\t<\/div>\n\t\t\t\t<\/div>\n\t\t\t\t\t<\/div>\n\t\t\t\t<\/div>\n\t\t<div class=\"elementor-element elementor-element-3417f8e e-flex e-con-boxed e-con e-parent\" data-id=\"3417f8e\" data-element_type=\"container\" data-e-type=\"container\">\n\t\t\t\t\t<div class=\"e-con-inner\">\n\t\t\t\t<div class=\"elementor-element elementor-element-2bbb13e elementor-widget elementor-widget-spacer\" data-id=\"2bbb13e\" data-element_type=\"widget\" data-e-type=\"widget\" data-widget_type=\"spacer.default\">\n\t\t\t\t<div class=\"elementor-widget-container\">\n\t\t\t\t\t\t\t<div class=\"elementor-spacer\">\n\t\t\t<div class=\"elementor-spacer-inner\"><\/div>\n\t\t<\/div>\n\t\t\t\t\t\t<\/div>\n\t\t\t\t<\/div>\n\t\t\t\t\t<\/div>\n\t\t\t\t<\/div>\n\t\t<div class=\"elementor-element elementor-element-e5e7127 e-flex e-con-boxed e-con e-parent\" data-id=\"e5e7127\" data-element_type=\"container\" data-e-type=\"container\">\n\t\t\t\t\t<div class=\"e-con-inner\">\n\t\t\t\t<div class=\"elementor-element elementor-element-ae22d39 elementor-widget elementor-widget-helpo_button\" data-id=\"ae22d39\" data-element_type=\"widget\" data-e-type=\"widget\" data-widget_type=\"helpo_button.default\">\n\t\t\t\t<div class=\"elementor-widget-container\">\n\t\t\t\t\t\n        <div class=\"helpo_button_widget\">\n            <div class=\"helpo_button_container\">\n                <a class=\"helpo_button helpo_button--primary\" href=\"https:\/\/tva-foundation.org\/es\/esperanza-for-life\/\" target=\"_blank\">NUESTRO MANIFIESTO ESPERANZA FOR LIFE<\/a>\n            <\/div>\n        <\/div>\n        \t\t\t\t<\/div>\n\t\t\t\t<\/div>\n\t\t\t\t\t<\/div>\n\t\t\t\t<\/div>\n\t\t\t\t<\/div>","protected":false},"excerpt":{"rendered":"<p>\u00a0Esperanza for Life\u2122 &#8211; Center From Vision to Action: Developing the Pilot Model for Esperanza for Life\u2122 In order to achieve the large-scale vision of the Esperanza for Life\u2122 Center &#8211; powered by the TvA International Foundation\u00a0\u2014 as outlined below\u2014 we are currently focusing on developing a more practical and implementable pilot model. This first [&hellip;]<\/p>\n","protected":false},"author":38320787,"featured_media":19367,"parent":0,"menu_order":0,"comment_status":"closed","ping_status":"closed","template":"","meta":{"footnotes":""},"class_list":["post-19142","page","type-page","status-publish","has-post-thumbnail","hentry"],"jetpack_likes_enabled":true,"jetpack_sharing_enabled":true,"jetpack_shortlink":"https:\/\/wp.me\/Pf58jH-4YK","jetpack-related-posts":[],"_links":{"self":[{"href":"https:\/\/tva-foundation.org\/es\/wp-json\/wp\/v2\/pages\/19142","targetHints":{"allow":["GET"]}}],"collection":[{"href":"https:\/\/tva-foundation.org\/es\/wp-json\/wp\/v2\/pages"}],"about":[{"href":"https:\/\/tva-foundation.org\/es\/wp-json\/wp\/v2\/types\/page"}],"author":[{"embeddable":true,"href":"https:\/\/tva-foundation.org\/es\/wp-json\/wp\/v2\/users\/38320787"}],"replies":[{"embeddable":true,"href":"https:\/\/tva-foundation.org\/es\/wp-json\/wp\/v2\/comments?post=19142"}],"version-history":[{"count":100,"href":"https:\/\/tva-foundation.org\/es\/wp-json\/wp\/v2\/pages\/19142\/revisions"}],"predecessor-version":[{"id":23135,"href":"https:\/\/tva-foundation.org\/es\/wp-json\/wp\/v2\/pages\/19142\/revisions\/23135"}],"wp:featuredmedia":[{"embeddable":true,"href":"https:\/\/tva-foundation.org\/es\/wp-json\/wp\/v2\/media\/19367"}],"wp:attachment":[{"href":"https:\/\/tva-foundation.org\/es\/wp-json\/wp\/v2\/media?parent=19142"}],"curies":[{"name":"wp","href":"https:\/\/api.w.org\/{rel}","templated":true}]}}