{"id":2209,"date":"2020-03-25T03:32:01","date_gmt":"2020-03-25T03:32:01","guid":{"rendered":"https:\/\/helpocharity.artureanec.com\/?page_id=18"},"modified":"2025-07-05T12:08:37","modified_gmt":"2025-07-05T10:08:37","slug":"become-a-volunteer","status":"publish","type":"page","link":"https:\/\/tva-foundation.org\/es\/become-a-volunteer\/","title":{"rendered":"Hazte voluntario"},"content":{"rendered":"<div data-elementor-type=\"wp-page\" data-elementor-id=\"2209\" class=\"elementor elementor-2209\" data-elementor-post-type=\"page\">\n\t\t\t\t\t\t<section class=\"elementor-section elementor-top-section elementor-element elementor-element-24817818 elementor-section-stretched elementor-section-boxed elementor-section-height-default elementor-section-height-default\" data-id=\"24817818\" data-element_type=\"section\" data-e-type=\"section\" data-settings=\"{&quot;stretch_section&quot;:&quot;section-stretched&quot;}\">\n\t\t\t\t\t\t<div class=\"elementor-container elementor-column-gap-default\">\n\t\t\t\t\t<div class=\"elementor-column elementor-col-50 elementor-top-column elementor-element elementor-element-19e153b8\" data-id=\"19e153b8\" data-element_type=\"column\" data-e-type=\"column\">\n\t\t\t<div class=\"elementor-widget-wrap elementor-element-populated\">\n\t\t\t\t\t\t<div class=\"elementor-element elementor-element-461c6dca elementor-hidden-tablet elementor-hidden-phone elementor-widget elementor-widget-helpo_image\" data-id=\"461c6dca\" data-element_type=\"widget\" data-e-type=\"widget\" data-widget_type=\"helpo_image.default\">\n\t\t\t\t<div class=\"elementor-widget-container\">\n\t\t\t\t\t\n        <div class=\"helpo_image_widget\">\n            <div class=\"helpo_image_container helpo_bg_image_position_center_center\">\n                <img class=\"helpo_image_widget_main_image\" src=\"\" alt=\"\" \/>\n\n                                    <img class=\"helpo_image_widget_bg\" src=\"\" alt=\"\" width=\"\" height=\"\" \/>\n                                <\/div>\n        <\/div>\n        \t\t\t\t<\/div>\n\t\t\t\t<\/div>\n\t\t\t\t<div class=\"elementor-element elementor-element-b33efa8 elementor-widget elementor-widget-image\" data-id=\"b33efa8\" data-element_type=\"widget\" data-e-type=\"widget\" data-widget_type=\"image.default\">\n\t\t\t\t<div class=\"elementor-widget-container\">\n\t\t\t\t\t\t\t\t\t\t\t\t\t\t\t<img fetchpriority=\"high\" data-attachment-id=\"20276\" data-permalink=\"https:\/\/tva-foundation.org\/es\/become-a-volunteer\/cdb09d52-c60b-40aa-9a5c-3d82a2dfad1d\/\" data-orig-file=\"https:\/\/tva-foundation.org\/wp-content\/uploads\/2025\/07\/CDB09D52-C60B-40AA-9A5C-3D82A2DFAD1D.jpeg\" data-orig-size=\"512,512\" data-comments-opened=\"1\" data-image-meta=\"{&quot;aperture&quot;:&quot;0&quot;,&quot;credit&quot;:&quot;&quot;,&quot;camera&quot;:&quot;&quot;,&quot;caption&quot;:&quot;&quot;,&quot;created_timestamp&quot;:&quot;0&quot;,&quot;copyright&quot;:&quot;&quot;,&quot;focal_length&quot;:&quot;0&quot;,&quot;iso&quot;:&quot;0&quot;,&quot;shutter_speed&quot;:&quot;0&quot;,&quot;title&quot;:&quot;&quot;,&quot;orientation&quot;:&quot;0&quot;}\" data-image-title=\"Become A Volunteer\" data-image-description=\"\" data-image-caption=\"\" data-medium-file=\"https:\/\/tva-foundation.org\/wp-content\/uploads\/2025\/07\/CDB09D52-C60B-40AA-9A5C-3D82A2DFAD1D-300x300.jpeg?crop=1\" data-large-file=\"https:\/\/tva-foundation.org\/wp-content\/uploads\/2025\/07\/CDB09D52-C60B-40AA-9A5C-3D82A2DFAD1D.jpeg\" width=\"512\" height=\"512\" src=\"https:\/\/tva-foundation.org\/wp-content\/uploads\/2025\/07\/CDB09D52-C60B-40AA-9A5C-3D82A2DFAD1D.jpeg\" class=\"attachment-large size-large wp-image-20276\" alt=\"TvA International Foundation\" srcset=\"https:\/\/tva-foundation.org\/wp-content\/uploads\/2025\/07\/CDB09D52-C60B-40AA-9A5C-3D82A2DFAD1D.jpeg 512w, https:\/\/tva-foundation.org\/wp-content\/uploads\/2025\/07\/CDB09D52-C60B-40AA-9A5C-3D82A2DFAD1D-300x300.jpeg?crop=1 300w, https:\/\/tva-foundation.org\/wp-content\/uploads\/2025\/07\/CDB09D52-C60B-40AA-9A5C-3D82A2DFAD1D-150x150.jpeg?crop=1 150w, https:\/\/tva-foundation.org\/wp-content\/uploads\/2025\/07\/CDB09D52-C60B-40AA-9A5C-3D82A2DFAD1D-12x12.jpeg 12w, https:\/\/tva-foundation.org\/wp-content\/uploads\/2025\/07\/CDB09D52-C60B-40AA-9A5C-3D82A2DFAD1D-100x100.jpeg?crop=1 100w\" sizes=\"(max-width: 512px) 100vw, 512px\" \/>\t\t\t\t\t\t\t\t\t\t\t\t\t\t\t<\/div>\n\t\t\t\t<\/div>\n\t\t\t\t\t<\/div>\n\t\t<\/div>\n\t\t\t\t<div class=\"elementor-column elementor-col-50 elementor-top-column elementor-element elementor-element-edd29f9\" data-id=\"edd29f9\" data-element_type=\"column\" data-e-type=\"column\">\n\t\t\t<div class=\"elementor-widget-wrap elementor-element-populated\">\n\t\t\t\t\t\t<div class=\"elementor-element elementor-element-6b48828a elementor-widget elementor-widget-helpo_heading\" data-id=\"6b48828a\" data-element_type=\"widget\" data-e-type=\"widget\" data-widget_type=\"helpo_heading.default\">\n\t\t\t\t<div class=\"elementor-widget-container\">\n\t\t\t\t\t\n        <div class=\"helpo_heading_widget\">\n                                <div class=\"helpo_up_heading\">Qu\u00e9 hacemos<\/div>\n                                    <h2 class=\"helpo_heading\">\n\n                    Necesitamos                         <span>Tu ayuda<\/span>\n                                        <\/h2>\n                        <\/div>\n        \t\t\t\t<\/div>\n\t\t\t\t<\/div>\n\t\t\t\t<div class=\"elementor-element elementor-element-500defb8 elementor-widget elementor-widget-text-editor\" data-id=\"500defb8\" data-element_type=\"widget\" data-e-type=\"widget\" data-widget_type=\"text-editor.default\">\n\t\t\t\t<div class=\"elementor-widget-container\">\n\t\t\t\t\t\t\t\t\t<p><strong>\u00danase a nuestro viaje de compasi\u00f3n y cambio.<\/strong>\u00a0<\/p><p>Somos un equipo incre\u00edble, unido por la pasi\u00f3n compartida de marcar la diferencia en la vida de los animales y los ni\u00f1os.<\/p><p>Cada voluntario es una parte vital de nuestra familia, que aporta a nuestra misi\u00f3n habilidades \u00fanicas y un entusiasmo sin l\u00edmites.<\/p><p>Juntos, creamos un efecto domin\u00f3 de bondad, fomentando una comunidad en la que cada acto de servicio importa.<\/p><p>Tanto si te apasionan los amigos peludos como si quieres ayudar a los ni\u00f1os a prosperar, o ambas cosas, tu dedicaci\u00f3n transforma vidas.<\/p><p><strong>Abrazar la alegr\u00eda de dar<\/strong>\u00danete a nuestro incre\u00edble equipo y creemos un impacto positivo en el mundo. \u00a0<\/p><p><strong>H\u00e1gase voluntario hoy mismo y forme parte de algo verdaderamente extraordinario.<\/strong><\/p>\t\t\t\t\t\t\t\t<\/div>\n\t\t\t\t<\/div>\n\t\t\t\t\t<\/div>\n\t\t<\/div>\n\t\t\t\t\t<\/div>\n\t\t<\/section>\n\t\t\t\t<section class=\"elementor-section elementor-top-section elementor-element elementor-element-670e9224 elementor-section-stretched elementor-section-boxed elementor-section-height-default elementor-section-height-default\" data-id=\"670e9224\" data-element_type=\"section\" data-e-type=\"section\" data-settings=\"{&quot;stretch_section&quot;:&quot;section-stretched&quot;}\">\n\t\t\t\t\t\t<div class=\"elementor-container elementor-column-gap-default\">\n\t\t\t\t\t<div class=\"elementor-column elementor-col-50 elementor-top-column elementor-element elementor-element-1e37787f\" data-id=\"1e37787f\" data-element_type=\"column\" data-e-type=\"column\">\n\t\t\t<div class=\"elementor-widget-wrap elementor-element-populated\">\n\t\t\t\t\t\t<div class=\"elementor-element elementor-element-6d04af8d elementor-widget elementor-widget-helpo_heading\" data-id=\"6d04af8d\" data-element_type=\"widget\" data-e-type=\"widget\" data-widget_type=\"helpo_heading.default\">\n\t\t\t\t<div class=\"elementor-widget-container\">\n\t\t\t\t\t\n        <div class=\"helpo_heading_widget\">\n                                <div class=\"helpo_up_heading\">Rellene este formulario y convi\u00e9rtase en voluntario<\/div>\n                                    <h2 class=\"helpo_heading\">\n\n                    - Completo                         <span>el formulario -\nSu viaje de impacto comienza aqu\u00ed<\/span>\n                                        <\/h2>\n                        <\/div>\n        \t\t\t\t<\/div>\n\t\t\t\t<\/div>\n\t\t\t\t\t<\/div>\n\t\t<\/div>\n\t\t\t\t<div class=\"elementor-column elementor-col-50 elementor-top-column elementor-element elementor-element-f36309b\" data-id=\"f36309b\" data-element_type=\"column\" data-e-type=\"column\">\n\t\t\t<div class=\"elementor-widget-wrap elementor-element-populated\">\n\t\t\t\t\t\t<div class=\"elementor-element elementor-element-1d93fc96 elementor-widget elementor-widget-text-editor\" data-id=\"1d93fc96\" data-element_type=\"widget\" data-e-type=\"widget\" data-widget_type=\"text-editor.default\">\n\t\t\t\t<div class=\"elementor-widget-container\">\n\t\t\t\t\t\t\t\t\t<p>Estamos encantados de que est\u00e9s listo para unirte a nuestro incre\u00edble equipo y marcar la diferencia. Al rellenar este formulario, estar\u00e1s dando el primer paso para convertirte en un valioso voluntario. Tus habilidades, pasi\u00f3n y dedicaci\u00f3n nos ayudar\u00e1n a crear un cambio positivo para los animales y los ni\u00f1os necesitados.<\/p><p>Empoderar a las comunidades globales a trav\u00e9s de la filantrop\u00eda y la educaci\u00f3n. \u00danase a la Fundaci\u00f3n Internacional Theodora von Auersperg para lograr un impacto duradero en todo el mundo.<\/p><p>Una vez cumplimentado el formulario, nuestro equipo se pondr\u00e1 en contacto con usted en breve para hablar de oportunidades interesantes, compartir m\u00e1s informaci\u00f3n sobre nuestros proyectos y adaptar su experiencia de voluntariado a sus intereses.<\/p><p>Gracias por elegir ser una fuerza del bien. Juntos, creemos un futuro mejor para quienes m\u00e1s lo necesitan. Comienza ahora tu aventura como voluntario.<\/p>\t\t\t\t\t\t\t\t<\/div>\n\t\t\t\t<\/div>\n\t\t\t\t\t<\/div>\n\t\t<\/div>\n\t\t\t\t\t<\/div>\n\t\t<\/section>\n\t\t\t\t<section class=\"elementor-section elementor-top-section elementor-element elementor-element-521f700f elementor-section-stretched elementor-section-boxed elementor-section-height-default elementor-section-height-default\" data-id=\"521f700f\" data-element_type=\"section\" data-e-type=\"section\" data-settings=\"{&quot;stretch_section&quot;:&quot;section-stretched&quot;}\">\n\t\t\t\t\t\t<div class=\"elementor-container elementor-column-gap-default\">\n\t\t\t\t\t<div class=\"elementor-column elementor-col-100 elementor-top-column elementor-element elementor-element-42f5a250\" data-id=\"42f5a250\" data-element_type=\"column\" data-e-type=\"column\">\n\t\t\t<div class=\"elementor-widget-wrap elementor-element-populated\">\n\t\t\t\t\t\t<div class=\"elementor-element elementor-element-61cdc86d elementor-widget elementor-widget-shortcode\" data-id=\"61cdc86d\" data-element_type=\"widget\" data-e-type=\"widget\" data-widget_type=\"shortcode.default\">\n\t\t\t\t<div class=\"elementor-widget-container\">\n\t\t\t\t\t\t\t<div class=\"elementor-shortcode\">\n<div class=\"wpcf7 no-js\" id=\"wpcf7-f283-o1\" lang=\"en-US\" dir=\"ltr\" data-wpcf7-id=\"283\">\n<div class=\"screen-reader-response\"><p role=\"status\" aria-live=\"polite\" aria-atomic=\"true\"><\/p> <ul><\/ul><\/div>\n<form action=\"\/es\/wp-json\/wp\/v2\/pages\/2209#wpcf7-f283-o1\" method=\"post\" class=\"wpcf7-form init\" aria-label=\"Contact form\" novalidate=\"novalidate\" data-status=\"init\" data-trp-original-action=\"\/es\/wp-json\/wp\/v2\/pages\/2209#wpcf7-f283-o1\">\n<fieldset class=\"hidden-fields-container\"><input type=\"hidden\" name=\"_wpcf7\" value=\"283\" \/><input type=\"hidden\" name=\"_wpcf7_version\" value=\"6.1.5\" \/><input type=\"hidden\" name=\"_wpcf7_locale\" value=\"en_US\" \/><input type=\"hidden\" name=\"_wpcf7_unit_tag\" value=\"wpcf7-f283-o1\" \/><input type=\"hidden\" name=\"_wpcf7_container_post\" value=\"0\" \/><input type=\"hidden\" name=\"_wpcf7_posted_data_hash\" value=\"\" \/>\n<\/fieldset>\n<div class=\"row helpo_volunteer_form\">\n\t<div class=\"col-6\">\n\t\t<p><span class=\"wpcf7-form-control-wrap\" data-name=\"your-name\"><input size=\"40\" maxlength=\"400\" class=\"wpcf7-form-control wpcf7-text wpcf7-validates-as-required form__field\" aria-required=\"true\" aria-invalid=\"false\" placeholder=\"Nombre\" value=\"\" type=\"text\" name=\"your-name\" \/><\/span><span class=\"wpcf7-form-control-wrap\" data-name=\"your-email\"><input size=\"40\" maxlength=\"400\" class=\"wpcf7-form-control wpcf7-email wpcf7-validates-as-required wpcf7-text wpcf7-validates-as-email form__field\" aria-required=\"true\" aria-invalid=\"false\" placeholder=\"Correo electr\u00f3nico\" value=\"\" type=\"email\" name=\"your-email\" \/><\/span><span class=\"wpcf7-form-control-wrap\" data-name=\"phone-number\"><input size=\"40\" maxlength=\"400\" class=\"wpcf7-form-control wpcf7-tel wpcf7-text wpcf7-validates-as-tel form__field\" aria-invalid=\"false\" placeholder=\"N\u00famero de tel\u00e9fono\" value=\"\" type=\"tel\" name=\"phone-number\" \/><\/span><span class=\"wpcf7-form-control-wrap\" data-name=\"date-of-birth\"><input class=\"wpcf7-form-control wpcf7-date wpcf7-validates-as-date form__field\" aria-invalid=\"false\" placeholder=\"Fecha de nacimiento\" value=\"\" type=\"date\" name=\"date-of-birth\" \/><\/span><span class=\"wpcf7-form-control-wrap\" data-name=\"address\"><input size=\"40\" maxlength=\"400\" class=\"wpcf7-form-control wpcf7-text form__field\" aria-invalid=\"false\" placeholder=\"Direcci\u00f3n\" value=\"\" type=\"text\" name=\"address\" \/><\/span>\n\t\t<\/p>\n\t<\/div>\n\t<div class=\"col-6\">\n\t\t<p><span class=\"wpcf7-form-control-wrap\" data-name=\"message\"><textarea cols=\"40\" rows=\"10\" maxlength=\"2000\" class=\"wpcf7-form-control wpcf7-textarea form__field form__message\" aria-invalid=\"false\" placeholder=\"Acerca de la ocupaci\u00f3n\" name=\"message\"><\/textarea><\/span>\n\t\t<\/p>\n\t<\/div>\n\t<div class=\"col-12\">\n\t\t<p><span class=\"wpcf7-form-control-wrap\" data-name=\"hcap-cf7\">\t\t<input\n\t\t\t\ttype=\"hidden\"\n\t\t\t\tclass=\"hcaptcha-widget-id\"\n\t\t\t\tname=\"hcaptcha-widget-id\"\n\t\t\t\tvalue=\"eyJzb3VyY2UiOlsiY29udGFjdC1mb3JtLTdcL3dwLWNvbnRhY3QtZm9ybS03LnBocCJdLCJmb3JtX2lkIjo1Mzl9-00e6f1afd7ff449248b06f116a8acaf2\">\n\t\t\t\t<span id=\"hcap_cf7-69d230fca973f6.70873596\" class=\"wpcf7-form-control h-captcha\"\n\t\t\tdata-sitekey=\"96464ff8-63f0-4b3e-b142-8ea80bb06e94\"\n\t\t\tdata-theme=\"light\"\n\t\t\tdata-size=\"normal\"\n\t\t\tdata-auto=\"false\"\n\t\t\tdata-ajax=\"false\"\n\t\t\tdata-force=\"false\">\n\t\t<\/span>\n\t\t<input type=\"hidden\" id=\"_wpnonce\" name=\"_wpnonce\" value=\"dc5043ebce\" \/><input type=\"hidden\" name=\"_wp_http_referer\" value=\"\/es\/wp-json\/wp\/v2\/pages\/2209\" \/><\/span><input class=\"wpcf7-form-control wpcf7-submit has-spinner form__submit\" type=\"submit\" value=\"Enviar\" \/>\n\t\t<\/p>\n\t<\/div>\n<\/div><p style=\"display: none !important;\" class=\"akismet-fields-container\" data-prefix=\"_wpcf7_ak_\"><label>\u0394<textarea name=\"_wpcf7_ak_hp_textarea\" cols=\"45\" rows=\"8\" maxlength=\"100\"><\/textarea><\/label><input type=\"hidden\" id=\"ak_js_1\" name=\"_wpcf7_ak_js\" value=\"83\"\/><script>document.getElementById( \"ak_js_1\" ).setAttribute( \"value\", ( new Date() ).getTime() );<\/script><\/p><div class=\"wpcf7-response-output\" aria-hidden=\"true\"><\/div>\n<input type=\"hidden\" name=\"trp-form-language\" value=\"es\"\/><\/form>\n<\/div>\n<\/div>\n\t\t\t\t\t\t<\/div>\n\t\t\t\t<\/div>\n\t\t\t\t\t<\/div>\n\t\t<\/div>\n\t\t\t\t\t<\/div>\n\t\t<\/section>\n\t\t<div class=\"elementor-element elementor-element-0756de5 e-flex e-con-boxed e-con e-parent\" data-id=\"0756de5\" data-element_type=\"container\" data-e-type=\"container\">\n\t\t\t\t\t<div class=\"e-con-inner\">\n\t\t\t\t<div class=\"elementor-element elementor-element-0c12a64 elementor-widget elementor-widget-helpo_button\" data-id=\"0c12a64\" data-element_type=\"widget\" data-e-type=\"widget\" data-widget_type=\"helpo_button.default\">\n\t\t\t\t<div class=\"elementor-widget-container\">\n\t\t\t\t\t\n        <div class=\"helpo_button_widget\">\n            <div class=\"helpo_button_container\">\n                <a class=\"helpo_button helpo_button--primary\" href=\"https:\/\/tva-foundation.org\/es\/mission\/\" target=\"_blank\">NUESTRA MISI\u00d3N<\/a>\n            <\/div>\n        <\/div>\n        \t\t\t\t<\/div>\n\t\t\t\t<\/div>\n\t\t\t\t\t<\/div>\n\t\t\t\t<\/div>\n\t\t\t\t<section class=\"elementor-section elementor-top-section elementor-element elementor-element-258326ca elementor-section-stretched elementor-section-full_width elementor-section-height-default elementor-section-height-default\" data-id=\"258326ca\" data-element_type=\"section\" data-e-type=\"section\" data-settings=\"{&quot;stretch_section&quot;:&quot;section-stretched&quot;}\">\n\t\t\t\t\t\t<div class=\"elementor-container elementor-column-gap-no\">\n\t\t\t\t\t<div class=\"elementor-column elementor-col-100 elementor-top-column elementor-element elementor-element-79637dae\" data-id=\"79637dae\" data-element_type=\"column\" data-e-type=\"column\">\n\t\t\t<div class=\"elementor-widget-wrap elementor-element-populated\">\n\t\t\t\t\t\t<div class=\"elementor-element elementor-element-6a2d32a1 elementor-widget elementor-widget-image\" data-id=\"6a2d32a1\" data-element_type=\"widget\" data-e-type=\"widget\" data-widget_type=\"image.default\">\n\t\t\t\t<div class=\"elementor-widget-container\">\n\t\t\t\t\t\t\t\t\t\t\t\t\t\t\t<img data-attachment-id=\"289\" data-permalink=\"https:\/\/tva-foundation.org\/es\/become-a-volunteer\/volunteer-2\/\" data-orig-file=\"https:\/\/tva-foundation.org\/wp-content\/uploads\/2020\/03\/volunteer-2.png\" data-orig-size=\"2000,1099\" data-comments-opened=\"1\" data-image-meta=\"{&quot;aperture&quot;:&quot;0&quot;,&quot;credit&quot;:&quot;&quot;,&quot;camera&quot;:&quot;&quot;,&quot;caption&quot;:&quot;&quot;,&quot;created_timestamp&quot;:&quot;0&quot;,&quot;copyright&quot;:&quot;&quot;,&quot;focal_length&quot;:&quot;0&quot;,&quot;iso&quot;:&quot;0&quot;,&quot;shutter_speed&quot;:&quot;0&quot;,&quot;title&quot;:&quot;&quot;,&quot;orientation&quot;:&quot;0&quot;}\" data-image-title=\"TvA International Foundation &amp;#8211; Help Save A Soul\" data-image-description=\"\" data-image-caption=\"&lt;p&gt;TvA International Foundation &amp;#8211; Help Save A Soul&lt;\/p&gt;\" data-medium-file=\"https:\/\/tva-foundation.org\/wp-content\/uploads\/2020\/03\/volunteer-2.png\" data-large-file=\"https:\/\/tva-foundation.org\/wp-content\/uploads\/2020\/03\/volunteer-2.png\" width=\"2000\" height=\"1099\" src=\"https:\/\/tva-foundation.org\/wp-content\/uploads\/2020\/03\/volunteer-2.png\" class=\"attachment-full size-full wp-image-289\" alt=\"TvA International Foundation - Help Save A Soul\" srcset=\"https:\/\/tva-foundation.org\/wp-content\/uploads\/2020\/03\/volunteer-2.png 2000w, https:\/\/tva-foundation.org\/wp-content\/uploads\/2020\/03\/volunteer-2-600x330.png 600w\" sizes=\"(max-width: 2000px) 100vw, 2000px\" \/>\t\t\t\t\t\t\t\t\t\t\t\t\t\t\t<\/div>\n\t\t\t\t<\/div>\n\t\t\t\t\t<\/div>\n\t\t<\/div>\n\t\t\t\t\t<\/div>\n\t\t<\/section>\n\t\t<div class=\"elementor-element elementor-element-7ccc4a4 e-flex e-con-boxed e-con e-parent\" data-id=\"7ccc4a4\" data-element_type=\"container\" data-e-type=\"container\">\n\t\t\t\t\t<div class=\"e-con-inner\">\n\t\t\t\t\t<\/div>\n\t\t\t\t<\/div>\n\t\t\t\t<\/div>","protected":false},"excerpt":{"rendered":"<p>Join our Journey of Compassion and Change!\u00a0 We are an awesome team, united by a shared passion for making a difference in the lives of animals and children. Every volunteer is a vital part of our family, contributing unique skills and boundless enthusiasm to our mission. Together, we create a ripple effect of kindness, fostering [&hellip;]<\/p>\n","protected":false},"author":38320787,"featured_media":20273,"parent":0,"menu_order":0,"comment_status":"closed","ping_status":"closed","template":"","meta":{"jetpack_post_was_ever_published":true,"footnotes":""},"class_list":["post-2209","page","type-page","status-publish","has-post-thumbnail","hentry"],"jetpack_likes_enabled":true,"jetpack_sharing_enabled":true,"jetpack_shortlink":"https:\/\/wp.me\/Pf58jH-zD","jetpack-related-posts":[],"_links":{"self":[{"href":"https:\/\/tva-foundation.org\/es\/wp-json\/wp\/v2\/pages\/2209","targetHints":{"allow":["GET"]}}],"collection":[{"href":"https:\/\/tva-foundation.org\/es\/wp-json\/wp\/v2\/pages"}],"about":[{"href":"https:\/\/tva-foundation.org\/es\/wp-json\/wp\/v2\/types\/page"}],"author":[{"embeddable":true,"href":"https:\/\/tva-foundation.org\/es\/wp-json\/wp\/v2\/users\/38320787"}],"replies":[{"embeddable":true,"href":"https:\/\/tva-foundation.org\/es\/wp-json\/wp\/v2\/comments?post=2209"}],"version-history":[{"count":73,"href":"https:\/\/tva-foundation.org\/es\/wp-json\/wp\/v2\/pages\/2209\/revisions"}],"predecessor-version":[{"id":20279,"href":"https:\/\/tva-foundation.org\/es\/wp-json\/wp\/v2\/pages\/2209\/revisions\/20279"}],"wp:featuredmedia":[{"embeddable":true,"href":"https:\/\/tva-foundation.org\/es\/wp-json\/wp\/v2\/media\/20273"}],"wp:attachment":[{"href":"https:\/\/tva-foundation.org\/es\/wp-json\/wp\/v2\/media?parent=2209"}],"curies":[{"name":"wp","href":"https:\/\/api.w.org\/{rel}","templated":true}]}}