{"id":2217,"date":"2020-03-25T03:34:43","date_gmt":"2020-03-25T03:34:43","guid":{"rendered":"https:\/\/helpocharity.artureanec.com\/?page_id=38"},"modified":"2024-02-24T09:50:52","modified_gmt":"2024-02-24T08:50:52","slug":"our-story","status":"publish","type":"page","link":"https:\/\/tva-foundation.org\/es\/our-story\/","title":{"rendered":"Nuestra historia"},"content":{"rendered":"<div data-elementor-type=\"wp-page\" data-elementor-id=\"2217\" class=\"elementor elementor-2217\" data-elementor-post-type=\"page\">\n\t\t\t\t\t\t<section class=\"elementor-section elementor-top-section elementor-element elementor-element-7a37a6ea elementor-section-stretched elementor-section-boxed elementor-section-height-default elementor-section-height-default\" data-id=\"7a37a6ea\" data-element_type=\"section\" data-e-type=\"section\" data-settings=\"{&quot;stretch_section&quot;:&quot;section-stretched&quot;}\">\n\t\t\t\t\t\t<div class=\"elementor-container elementor-column-gap-default\">\n\t\t\t\t\t<div class=\"elementor-column elementor-col-100 elementor-top-column elementor-element elementor-element-116b6bb2\" data-id=\"116b6bb2\" data-element_type=\"column\" data-e-type=\"column\">\n\t\t\t<div class=\"elementor-widget-wrap elementor-element-populated\">\n\t\t\t\t\t\t<div class=\"elementor-element elementor-element-531619fc elementor-widget elementor-widget-helpo_stories\" data-id=\"531619fc\" data-element_type=\"widget\" data-e-type=\"widget\" data-widget_type=\"helpo_stories.default\">\n\t\t\t\t<div class=\"elementor-widget-container\">\n\t\t\t\t\t\n        <div class=\"helpo_stories_widget\">\n            <div class=\"helpo_stories_wrapper\">\n                <div class=\"row\">\n                    \n                        <div class=\"col-md-10 offset-md-1 col-lg-12 offset-lg-0\">\n                            <div class=\"stories-item\">\n                                <div class=\"row align-items-center\">\n                                    <div class=\"col-lg-6 col-xl-5\">\n                                        <div class=\"img-box\">\n                                                                                            <img class=\"img--layout\" src=\"https:\/\/tva-foundation.org\/wp-content\/plugins\/helpo-plugin\/img\/story_1-layout.png\" alt=\"Image Layout\" \/>\n                                                \n                                            <div class=\"img-box__img\">\n                                                <img src=\"https:\/\/tva-foundation.org\/wp-content\/uploads\/2023\/12\/AB89AE64-0328-4E3F-AFD1-82B713FDFB5A-470x515.jpeg\" alt=\"TvA International Foundation\" \/>\n                                            <\/div>\n                                        <\/div>\n                                    <\/div>\n\n                                    <div class=\"col-lg-6 col-xl-6 offset-xl-1\">\n                                        <div class=\"heading heading--primary\">\n                                                                                            <span class=\"heading__pre-title\">01<\/span>\n                                                \n                                            <h2 class=\"heading__title helpo_heading\">\n                                                Leer <span>Nuestra historia<\/span>                                            <\/h2>\n                                        <\/div>\n\n                                        <p class=\"helpo_excerpt\">La princesa Theodora von Auersperg agradece enormemente la oportunidad de compartir con ustedes su historia y las causas que m\u00e1s le importan. - Los animales y los ni\u00f1os son nuestros mejores amigos y compa\u00f1eros. - Su inocencia y el precioso regalo de amor incondicional que nos dan a cambio son irremplazables y no tienen precio.<\/p>\n\n                                        <a class=\"helpo_button helpo_button--primary\" href=\"https:\/\/tva-foundation.org\/es\/stories\/our-story\/\">Leer el art\u00edculo<\/a>\n                                    <\/div>\n                                <\/div>\n                            <\/div>\n                        <\/div>\n                                        <\/div>\n            <\/div>\n\n                    <\/div>\n        \t\t\t\t<\/div>\n\t\t\t\t<\/div>\n\t\t\t\t\t<\/div>\n\t\t<\/div>\n\t\t\t\t\t<\/div>\n\t\t<\/section>\n\t\t<div class=\"elementor-element elementor-element-7b59df7 e-flex e-con-boxed e-con e-parent\" data-id=\"7b59df7\" data-element_type=\"container\" data-e-type=\"container\">\n\t\t\t\t\t<div class=\"e-con-inner\">\n\t\t\t\t\t<\/div>\n\t\t\t\t<\/div>\n\t\t<div class=\"elementor-element elementor-element-6ae20b3 e-flex e-con-boxed e-con e-parent\" data-id=\"6ae20b3\" data-element_type=\"container\" data-e-type=\"container\">\n\t\t\t\t\t<div class=\"e-con-inner\">\n\t\t\t\t\t<\/div>\n\t\t\t\t<\/div>\n\t\t\t\t<\/div>","protected":false},"excerpt":{"rendered":"","protected":false},"author":38320787,"featured_media":577,"parent":0,"menu_order":0,"comment_status":"closed","ping_status":"closed","template":"","meta":{"footnotes":""},"class_list":["post-2217","page","type-page","status-publish","has-post-thumbnail","hentry"],"jetpack_likes_enabled":true,"jetpack_sharing_enabled":true,"jetpack_shortlink":"https:\/\/wp.me\/Pf58jH-zL","jetpack-related-posts":[],"_links":{"self":[{"href":"https:\/\/tva-foundation.org\/es\/wp-json\/wp\/v2\/pages\/2217","targetHints":{"allow":["GET"]}}],"collection":[{"href":"https:\/\/tva-foundation.org\/es\/wp-json\/wp\/v2\/pages"}],"about":[{"href":"https:\/\/tva-foundation.org\/es\/wp-json\/wp\/v2\/types\/page"}],"author":[{"embeddable":true,"href":"https:\/\/tva-foundation.org\/es\/wp-json\/wp\/v2\/users\/38320787"}],"replies":[{"embeddable":true,"href":"https:\/\/tva-foundation.org\/es\/wp-json\/wp\/v2\/comments?post=2217"}],"version-history":[{"count":25,"href":"https:\/\/tva-foundation.org\/es\/wp-json\/wp\/v2\/pages\/2217\/revisions"}],"predecessor-version":[{"id":3854,"href":"https:\/\/tva-foundation.org\/es\/wp-json\/wp\/v2\/pages\/2217\/revisions\/3854"}],"wp:featuredmedia":[{"embeddable":true,"href":"https:\/\/tva-foundation.org\/es\/wp-json\/wp\/v2\/media\/577"}],"wp:attachment":[{"href":"https:\/\/tva-foundation.org\/es\/wp-json\/wp\/v2\/media?parent=2217"}],"curies":[{"name":"wp","href":"https:\/\/api.w.org\/{rel}","templated":true}]}}