{"id":23162,"date":"2026-03-12T15:05:56","date_gmt":"2026-03-12T14:05:56","guid":{"rendered":"https:\/\/tva-foundation.org\/?page_id=23162"},"modified":"2026-05-05T09:46:10","modified_gmt":"2026-05-05T07:46:10","slug":"visionary-voice","status":"publish","type":"page","link":"https:\/\/tva-foundation.org\/es\/visionary-voice\/","title":{"rendered":"Voz visionaria"},"content":{"rendered":"<div data-elementor-type=\"wp-page\" data-elementor-id=\"23162\" class=\"elementor elementor-23162\" data-elementor-post-type=\"page\">\n\t\t\t\t<div class=\"elementor-element elementor-element-b4525a6 e-flex e-con-boxed e-con e-parent\" data-id=\"b4525a6\" data-element_type=\"container\" data-e-type=\"container\">\n\t\t\t\t\t<div class=\"e-con-inner\">\n\t\t\t\t<div class=\"elementor-element elementor-element-859e2b6 elementor-widget elementor-widget-helpo_image\" data-id=\"859e2b6\" data-element_type=\"widget\" data-e-type=\"widget\" data-widget_type=\"helpo_image.default\">\n\t\t\t\t<div class=\"elementor-widget-container\">\n\t\t\t\t\t\n        <div class=\"helpo_image_widget\">\n            <div class=\"helpo_image_container helpo_bg_image_position_center_center\">\n                <img class=\"helpo_image_widget_main_image\" src=\"https:\/\/tva-foundation.org\/wp-content\/uploads\/2026\/03\/Image-10.jpeg\" alt=\"TvA International Foundation\" \/>\n\n                            <\/div>\n        <\/div>\n        \t\t\t\t<\/div>\n\t\t\t\t<\/div>\n\t\t\t\t\t<\/div>\n\t\t\t\t<\/div>\n\t\t<div class=\"elementor-element elementor-element-3918839 e-flex e-con-boxed e-con e-parent\" data-id=\"3918839\" data-element_type=\"container\" data-e-type=\"container\">\n\t\t\t\t\t<div class=\"e-con-inner\">\n\t\t\t\t<div class=\"elementor-element elementor-element-afd0971 elementor-widget elementor-widget-text-editor\" data-id=\"afd0971\" data-element_type=\"widget\" data-e-type=\"widget\" data-widget_type=\"text-editor.default\">\n\t\t\t\t<div class=\"elementor-widget-container\">\n\t\t\t\t\t\t\t\t\t<h6>\u00a0<\/h6><h6 style=\"text-align: center;\">Princesa Theodora von Auersperg - Una voz visionaria sobre humanidad y liderazgo<\/h6><p style=\"text-align: left;\"><strong>La Princesa Theodora von Auersperg es una voz visionaria sobre la humanidad y el liderazgo, dedicada a promover la compasi\u00f3n, el di\u00e1logo cultural y el liderazgo responsable en un mundo cambiante. Explora las fuerzas m\u00e1s profundas que conforman nuestras sociedades, nuestras responsabilidades y el futuro que estamos construyendo colectivamente.<\/strong><\/p><p>Como fundador y director general de <a href=\"chatgpt:\/\/generic-entity?number=0\">Fundaci\u00f3n Internacional Theodora von Auersperg<\/a>, Se dedica a promover una cultura global de compasi\u00f3n, liderazgo \u00e9tico y progreso centrado en el ser humano. Su trabajo a\u00fana filantrop\u00eda, cultura y responsabilidad social, creando plataformas que fomentan el di\u00e1logo, la colaboraci\u00f3n y la acci\u00f3n significativa.<\/p><p>A trav\u00e9s de iniciativas como <a href=\"chatgpt:\/\/generic-entity?number=1\">Esperanza for Life<\/a>, aboga por un mundo en el que la esperanza, la empat\u00eda y la responsabilidad sigan siendo pilares centrales del progreso humano.<\/p><p>Los discursos de la Princesa Theodora combinan la reflexi\u00f3n filos\u00f3fica con la perspicacia pr\u00e1ctica, invitando al p\u00fablico a reconsiderar el papel de la humanidad, el liderazgo y la conciencia en una era definida por el r\u00e1pido cambio tecnol\u00f3gico y la transformaci\u00f3n global.<\/p><p>Sus conferencias exploran temas como:<\/p><ul><li>El futuro de la inteligencia humana en la era de la inteligencia artificial<\/li><li>Liderazgo interior y soberan\u00eda del pensamiento<\/li><li>Compasi\u00f3n y responsabilidad como fuerzas rectoras de la sociedad<\/li><li>El papel de la cultura y la filantrop\u00eda en la construcci\u00f3n de un mundo m\u00e1s humano<\/li><\/ul><p>Con una voz que tiende puentes entre la reflexi\u00f3n intelectual y el prop\u00f3sito humanitario, la Princesa Theodora inspira al p\u00fablico en foros internacionales, cumbres de liderazgo, instituciones culturales y reuniones filantr\u00f3picas.<\/p><p><strong>Su mensaje<\/strong> es sencillo pero profundo:<\/p><p><strong><span style=\"color: #d5b448;\">\u201cEn \u00faltima instancia, el futuro de nuestro mundo no lo definir\u00e1 la tecnolog\u00eda, sino la profundidad de nuestra humanidad\u201d.\u201d<\/span><\/strong><\/p><p><img fetchpriority=\"high\" data-attachment-id=\"23139\" data-permalink=\"https:\/\/tva-foundation.org\/es\/familycrest\/\" data-orig-file=\"https:\/\/tva-foundation.org\/wp-content\/uploads\/2026\/03\/familycrest.jpeg\" data-orig-size=\"260,315\" data-comments-opened=\"1\" data-image-meta=\"{&quot;aperture&quot;:&quot;0&quot;,&quot;credit&quot;:&quot;&quot;,&quot;camera&quot;:&quot;&quot;,&quot;caption&quot;:&quot;&quot;,&quot;created_timestamp&quot;:&quot;0&quot;,&quot;copyright&quot;:&quot;&quot;,&quot;focal_length&quot;:&quot;0&quot;,&quot;iso&quot;:&quot;0&quot;,&quot;shutter_speed&quot;:&quot;0&quot;,&quot;title&quot;:&quot;&quot;,&quot;orientation&quot;:&quot;0&quot;}\" data-image-title=\"TvA Crest\" data-image-description=\"\" data-image-caption=\"\" data-large-file=\"https:\/\/tva-foundation.org\/wp-content\/uploads\/2026\/03\/familycrest.jpeg\" class=\"size-medium wp-image-23139 aligncenter\" src=\"https:\/\/tva-foundation.org\/wp-content\/uploads\/2026\/03\/familycrest-248x300.jpeg\" alt=\"TvA International Foundation\" width=\"248\" height=\"300\" srcset=\"https:\/\/tva-foundation.org\/wp-content\/uploads\/2026\/03\/familycrest-248x300.jpeg 248w, https:\/\/tva-foundation.org\/wp-content\/uploads\/2026\/03\/familycrest-10x12.jpeg 10w, https:\/\/tva-foundation.org\/wp-content\/uploads\/2026\/03\/familycrest.jpeg 260w\" sizes=\"(max-width: 248px) 100vw, 248px\" \/><\/p><h5 style=\"text-align: center;\">Conferencia magistral de la Princesa Theodora von Auersperg<\/h5><p style=\"text-align: center;\"><strong><em>Una voz visionaria sobre humanidad y liderazgo<\/em><\/strong><\/p><p>La Princesa Theodora von Auersperg pronuncia discursos que exploran el papel de los valores humanos, la responsabilidad y el liderazgo en la configuraci\u00f3n del futuro de nuestras sociedades.<\/p><p>Sus conferencias invitan al p\u00fablico a reflexionar sobre las fuerzas m\u00e1s profundas que definen el progreso, no s\u00f3lo el avance tecnol\u00f3gico, sino el poder duradero de la compasi\u00f3n, la conciencia y la conexi\u00f3n humana.<\/p><h6>1. Esperanza, compasi\u00f3n y futuro de la humanidad<\/h6><p><strong>Keynote principal<\/strong><\/p><p>En un mundo cada vez m\u00e1s definido por la aceleraci\u00f3n tecnol\u00f3gica y la incertidumbre global, la pregunta m\u00e1s importante sigue siendo profundamente humana: \u00bfqu\u00e9 tipo de futuro queremos construir?<\/p><p>Esta ponencia explora por qu\u00e9 la esperanza y la compasi\u00f3n no son ideales sentimentales, sino fuerzas esenciales que dan forma a sociedades resilientes y a un liderazgo responsable. A trav\u00e9s de la reflexi\u00f3n filos\u00f3fica y la perspectiva del mundo real, la Princesa Theodora invita al p\u00fablico a reconsiderar el papel de la empat\u00eda, la responsabilidad y la humanidad compartida en el futuro de nuestro mundo.<\/p><h6>2. La soberan\u00eda del pensamiento: Liderazgo interior en un mundo ruidoso<\/h6><p>El verdadero liderazgo no empieza con la autoridad, sino con la capacidad de pensar de forma independiente.<\/p><p>Esta ponencia explora la importancia de la independencia intelectual, la claridad de valores y el liderazgo interior en una \u00e9poca en la que abundan las opiniones pero escasea la reflexi\u00f3n. Reta al p\u00fablico a reclamar la soberan\u00eda de su propio pensamiento.<\/p><h6>3. Cuando la inteligencia necesita un coraz\u00f3n<\/h6><p>Valores humanos en la era de la inteligencia artificial<\/p><p>A medida que la inteligencia artificial reconfigura nuestro mundo, surge una pregunta esencial: \u00bfqu\u00e9 distingue a la inteligencia humana?<\/p><p>Esta ponencia explora las capacidades exclusivamente humanas de la empat\u00eda, la \u00e9tica, la imaginaci\u00f3n y la responsabilidad, y por qu\u00e9 ser\u00e1n cada vez m\u00e1s importantes en la era tecnol\u00f3gica que se avecina.<\/p><h6>4. La bondad como legado<\/h6><p>El poder silencioso que da forma al mundo<\/p><p>La historia suele celebrar el poder y la estrategia, pero las transformaciones m\u00e1s duraderas suelen tener sus ra\u00edces en la bondad.<\/p><p>Esta conferencia magistral reflexiona sobre la infravalorada influencia de la compasi\u00f3n, la generosidad y el valor moral como fuerzas que moldean a las personas, las comunidades y las sociedades.<\/p><h6>5. El viaje humano<\/h6><p>Humanidad compartida en un mundo dividido<\/p><p>A pesar de nuestras diferencias, compartimos el mismo viaje fundamental de la vida.<\/p><p>A partir de una reflexi\u00f3n filos\u00f3fica y una perspectiva global, esta ponencia invita al p\u00fablico a redescubrir el hilo humano com\u00fan que conecta culturas, naciones y generaciones.<\/p>\t\t\t\t\t\t\t\t<\/div>\n\t\t\t\t<\/div>\n\t\t\t\t\t<\/div>\n\t\t\t\t<\/div>\n\t\t<div class=\"elementor-element elementor-element-753fe444 e-flex e-con-boxed e-con e-parent\" data-id=\"753fe444\" data-element_type=\"container\" data-e-type=\"container\">\n\t\t\t\t\t<div class=\"e-con-inner\">\n\t\t\t\t<div class=\"elementor-element elementor-element-73246cd3 elementor-widget elementor-widget-text-editor\" data-id=\"73246cd3\" data-element_type=\"widget\" data-e-type=\"widget\" data-widget_type=\"text-editor.default\">\n\t\t\t\t<div class=\"elementor-widget-container\">\n\t\t\t\t\t\t\t\t\t<h5 style=\"text-align: center;\"><img class=\"aligncenter\" src=\"https:\/\/tva-foundation.org\/wp-content\/uploads\/2025\/12\/Logo_EFL_horizontal_GOLD_1000-300x113.png\" alt=\"TvA international Foundation\" width=\"300\" height=\"113\" \/><\/h5><h5 style=\"text-align: center;\"><img class=\"aligncenter\" src=\"https:\/\/tva-foundation.org\/wp-content\/uploads\/2025\/08\/Image-18.08.25-at-10.16-300x136.jpeg\" alt=\"TvA International Foundation\" width=\"300\" height=\"136\" \/><\/h5><h6 class=\"elementor-heading-title elementor-size-default\" style=\"text-align: center;\"><a href=\"https:\/\/donorbox.org\/esperanza-for-life-membership\" target=\"_blank\" rel=\"noopener\"><span style=\"color: #d5b448;\">\u00danase a la Comunidad Internacional \"Esperanza for Life\" - Hazte socio. Causa impacto. Celebra la vida.<\/span><\/a><\/h6>\t\t\t\t\t\t\t\t<\/div>\n\t\t\t\t<\/div>\n\t\t\t\t\t<\/div>\n\t\t\t\t<\/div>\n\t\t\t\t<\/div>","protected":false},"excerpt":{"rendered":"<p>\u00a0 Princess Theodora von Auersperg &#8211; A Visionary Voice on Humanity &amp; Leadership Princess Theodora von Auersperg is a visionary voice on humanity and leadership, dedicated to advancing compassion, cultural dialogue, and responsible leadership in a changing world. She is exploring the deeper forces that shape our societies, our responsibilities, and the future we are [&hellip;]<\/p>\n","protected":false},"author":38320787,"featured_media":23163,"parent":0,"menu_order":0,"comment_status":"closed","ping_status":"closed","template":"","meta":{"footnotes":""},"class_list":["post-23162","page","type-page","status-publish","has-post-thumbnail","hentry"],"jetpack_likes_enabled":true,"jetpack_sharing_enabled":true,"jetpack_shortlink":"https:\/\/wp.me\/Pf58jH-61A","jetpack-related-posts":[],"_links":{"self":[{"href":"https:\/\/tva-foundation.org\/es\/wp-json\/wp\/v2\/pages\/23162","targetHints":{"allow":["GET"]}}],"collection":[{"href":"https:\/\/tva-foundation.org\/es\/wp-json\/wp\/v2\/pages"}],"about":[{"href":"https:\/\/tva-foundation.org\/es\/wp-json\/wp\/v2\/types\/page"}],"author":[{"embeddable":true,"href":"https:\/\/tva-foundation.org\/es\/wp-json\/wp\/v2\/users\/38320787"}],"replies":[{"embeddable":true,"href":"https:\/\/tva-foundation.org\/es\/wp-json\/wp\/v2\/comments?post=23162"}],"version-history":[{"count":59,"href":"https:\/\/tva-foundation.org\/es\/wp-json\/wp\/v2\/pages\/23162\/revisions"}],"predecessor-version":[{"id":23569,"href":"https:\/\/tva-foundation.org\/es\/wp-json\/wp\/v2\/pages\/23162\/revisions\/23569"}],"wp:featuredmedia":[{"embeddable":true,"href":"https:\/\/tva-foundation.org\/es\/wp-json\/wp\/v2\/media\/23163"}],"wp:attachment":[{"href":"https:\/\/tva-foundation.org\/es\/wp-json\/wp\/v2\/media?parent=23162"}],"curies":[{"name":"wp","href":"https:\/\/api.w.org\/{rel}","templated":true}]}}