{"id":3078,"date":"2023-12-11T09:18:24","date_gmt":"2023-12-11T08:18:24","guid":{"rendered":"https:\/\/tva-foundation.org\/?page_id=3078"},"modified":"2025-12-10T18:08:46","modified_gmt":"2025-12-10T17:08:46","slug":"goodwill-ambassadors","status":"publish","type":"page","link":"https:\/\/tva-foundation.org\/es\/goodwill-ambassadors\/","title":{"rendered":"Embajadores de Buena Voluntad"},"content":{"rendered":"<div data-elementor-type=\"wp-page\" data-elementor-id=\"3078\" class=\"elementor elementor-3078\" data-elementor-post-type=\"page\">\n\t\t\t\t<div class=\"elementor-element elementor-element-9fc4a90 e-flex e-con-boxed e-con e-parent\" data-id=\"9fc4a90\" data-element_type=\"container\" data-e-type=\"container\">\n\t\t\t\t\t<div class=\"e-con-inner\">\n\t\t\t\t<div class=\"elementor-element elementor-element-3fa1bca elementor-widget elementor-widget-heading\" data-id=\"3fa1bca\" data-element_type=\"widget\" data-e-type=\"widget\" data-widget_type=\"heading.default\">\n\t\t\t\t<div class=\"elementor-widget-container\">\n\t\t\t\t\t<h4 class=\"elementor-heading-title elementor-size-default\">Conozca a nuestros Embajadores de Buena Voluntad: Campeones de la compasi\u00f3n y el cambio<\/h4>\t\t\t\t<\/div>\n\t\t\t\t<\/div>\n\t\t\t\t\t<\/div>\n\t\t\t\t<\/div>\n\t\t<div class=\"elementor-element elementor-element-75c225e e-flex e-con-boxed e-con e-parent\" data-id=\"75c225e\" data-element_type=\"container\" data-e-type=\"container\">\n\t\t\t\t\t<div class=\"e-con-inner\">\n\t\t\t\t<div class=\"elementor-element elementor-element-f8f87c6 elementor-widget elementor-widget-spacer\" data-id=\"f8f87c6\" data-element_type=\"widget\" data-e-type=\"widget\" data-widget_type=\"spacer.default\">\n\t\t\t\t<div class=\"elementor-widget-container\">\n\t\t\t\t\t\t\t<div class=\"elementor-spacer\">\n\t\t\t<div class=\"elementor-spacer-inner\"><\/div>\n\t\t<\/div>\n\t\t\t\t\t\t<\/div>\n\t\t\t\t<\/div>\n\t\t\t\t\t<\/div>\n\t\t\t\t<\/div>\n\t\t<div class=\"elementor-element elementor-element-ba1ac61 e-con-full e-flex e-con e-parent\" data-id=\"ba1ac61\" data-element_type=\"container\" data-e-type=\"container\">\n\t\t\t\t<div class=\"elementor-element elementor-element-8a3efb7 elementor-widget elementor-widget-text-editor\" data-id=\"8a3efb7\" data-element_type=\"widget\" data-e-type=\"widget\" data-widget_type=\"text-editor.default\">\n\t\t\t\t<div class=\"elementor-widget-container\">\n\t\t\t\t\t\t\t\t\t<p>En <strong>Fundaci\u00f3n Internacional TvA<\/strong>Estamos orgullosos de presentar a nuestros estimados Embajadores de Buena Voluntad, personas que encarnan el esp\u00edritu de compasi\u00f3n y act\u00faan como faros de cambio positivo. Estas notables personas comparten nuestro compromiso de marcar la diferencia en las vidas de animales y ni\u00f1os, y contribuyen con su influencia y dedicaci\u00f3n a ampliar nuestra misi\u00f3n.<\/p><p>Nuestros embajadores desempe\u00f1an un papel crucial en la difusi\u00f3n de la concienciaci\u00f3n, el fomento de la participaci\u00f3n de la comunidad y la defensa de las causas que apreciamos. Su pasi\u00f3n e influencia ampl\u00edan el alcance de nuestras iniciativas, inspirando a otros a unirse a nosotros para crear un mundo mejor.<\/p><p>Cada embajador aporta una perspectiva y unas capacidades \u00fanicas, unidos por un objetivo com\u00fan: ayudar y empoderar a los necesitados. Con su apoyo, pretendemos construir una comunidad mundial dedicada a la bondad, la empat\u00eda y la acci\u00f3n significativa.<\/p><p>Conozca a nuestros embajadores y d\u00e9jese inspirar por el impacto que est\u00e1n teniendo. Juntos, con su apoyo y el tuyo, podemos seguir creando un cambio positivo y construir un futuro en el que se valore y proteja cada vida.<\/p><p>\u00danase a nosotros para expresar nuestra gratitud a nuestros Embajadores por su dedicaci\u00f3n y por ser aliados inestimables en nuestra misi\u00f3n. Juntos, estamos marcando la diferencia.<img fetchpriority=\"high\" data-attachment-id=\"21554\" data-permalink=\"https:\/\/tva-foundation.org\/es\/3-1-1-2\/\" data-orig-file=\"https:\/\/tva-foundation.org\/wp-content\/uploads\/2025\/10\/3-1-1-1.jpeg\" data-orig-size=\"2560,1670\" data-comments-opened=\"1\" data-image-meta=\"{&quot;aperture&quot;:&quot;0&quot;,&quot;credit&quot;:&quot;&quot;,&quot;camera&quot;:&quot;&quot;,&quot;caption&quot;:&quot;&quot;,&quot;created_timestamp&quot;:&quot;0&quot;,&quot;copyright&quot;:&quot;&quot;,&quot;focal_length&quot;:&quot;0&quot;,&quot;iso&quot;:&quot;0&quot;,&quot;shutter_speed&quot;:&quot;0&quot;,&quot;title&quot;:&quot;&quot;,&quot;orientation&quot;:&quot;0&quot;}\" data-image-title=\"Princess Theodora von Auersperg\" data-image-description=\"\" data-image-caption=\"\" data-large-file=\"https:\/\/tva-foundation.org\/wp-content\/uploads\/2025\/10\/3-1-1-1-1024x668.jpeg\" class=\"size-medium wp-image-21554 aligncenter\" src=\"https:\/\/tva-foundation.org\/wp-content\/uploads\/2025\/10\/3-1-1-1-300x196.jpeg\" alt=\"TvA International Foundation\" width=\"300\" height=\"196\" srcset=\"https:\/\/tva-foundation.org\/wp-content\/uploads\/2025\/10\/3-1-1-1-300x196.jpeg 300w, https:\/\/tva-foundation.org\/wp-content\/uploads\/2025\/10\/3-1-1-1-1024x668.jpeg 1024w, https:\/\/tva-foundation.org\/wp-content\/uploads\/2025\/10\/3-1-1-1-768x501.jpeg 768w, https:\/\/tva-foundation.org\/wp-content\/uploads\/2025\/10\/3-1-1-1-1536x1002.jpeg 1536w, https:\/\/tva-foundation.org\/wp-content\/uploads\/2025\/10\/3-1-1-1-2048x1336.jpeg 2048w, https:\/\/tva-foundation.org\/wp-content\/uploads\/2025\/10\/3-1-1-1-18x12.jpeg 18w, https:\/\/tva-foundation.org\/wp-content\/uploads\/2025\/10\/3-1-1-1-600x391.jpeg 600w\" sizes=\"(max-width: 300px) 100vw, 300px\" \/><\/p><p style=\"text-align: center;\"><strong><span style=\"color: #d5b448;\">Princesa Theodora von Auersperg<\/span><\/strong><\/p>\t\t\t\t\t\t\t\t<\/div>\n\t\t\t\t<\/div>\n\t\t\t\t<\/div>\n\t\t<div class=\"elementor-element elementor-element-a10eb5b e-flex e-con-boxed e-con e-parent\" data-id=\"a10eb5b\" data-element_type=\"container\" data-e-type=\"container\">\n\t\t\t\t\t<div class=\"e-con-inner\">\n\t\t\t\t<div class=\"elementor-element elementor-element-fa3e042 elementor-widget elementor-widget-n-accordion\" data-id=\"fa3e042\" data-element_type=\"widget\" data-e-type=\"widget\" data-settings=\"{&quot;default_state&quot;:&quot;all_collapsed&quot;,&quot;max_items_expended&quot;:&quot;one&quot;,&quot;n_accordion_animation_duration&quot;:{&quot;unit&quot;:&quot;ms&quot;,&quot;size&quot;:400,&quot;sizes&quot;:[]}}\" data-widget_type=\"nested-accordion.default\">\n\t\t\t\t<div class=\"elementor-widget-container\">\n\t\t\t\t\t\t\t<div class=\"e-n-accordion\" aria-label=\"Acorde\u00f3n. Abra los enlaces con Intro o Espacio, ci\u00e9rrelos con Escape y navegue con las teclas de flecha.\">\n\t\t\t\t\t\t<details id=\"e-n-accordion-item-2620\" class=\"e-n-accordion-item\" >\n\t\t\t\t<summary class=\"e-n-accordion-item-title\" data-accordion-index=\"1\" tabindex=\"0\" aria-expanded=\"false\" aria-controls=\"e-n-accordion-item-2620\" >\n\t\t\t\t\t<span class='e-n-accordion-item-title-header'><div class=\"e-n-accordion-item-title-text\"> <b>C\u00edrculos de embajadores<\/b> <\/div><\/span>\n\t\t\t\t\t\t\t<span class='e-n-accordion-item-title-icon'>\n\t\t\t<span class='e-opened' ><i aria-hidden=\"true\" class=\"fas fa-minus\"><\/i><\/span>\n\t\t\t<span class='e-closed'><i aria-hidden=\"true\" class=\"fas fa-plus\"><\/i><\/span>\n\t\t<\/span>\n\n\t\t\t\t\t\t<\/summary>\n\t\t\t\t<div role=\"region\" aria-labelledby=\"e-n-accordion-item-2620\" class=\"elementor-element elementor-element-89bd2ce e-con-full e-flex e-con e-child\" data-id=\"89bd2ce\" data-element_type=\"container\" data-e-type=\"container\">\n\t\t<div role=\"region\" aria-labelledby=\"e-n-accordion-item-2620\" class=\"elementor-element elementor-element-2351435 e-flex e-con-boxed e-con e-child\" data-id=\"2351435\" data-element_type=\"container\" data-e-type=\"container\">\n\t\t\t\t\t<div class=\"e-con-inner\">\n\t\t\t\t<div class=\"elementor-element elementor-element-782e496 elementor-widget elementor-widget-text-editor\" data-id=\"782e496\" data-element_type=\"widget\" data-e-type=\"widget\" data-widget_type=\"text-editor.default\">\n\t\t\t\t<div class=\"elementor-widget-container\">\n\t\t\t\t\t\t\t\t\t<h5 data-start=\"1664\" data-end=\"1695\">\ud83c\udf1f <strong data-start=\"1671\" data-end=\"1693\">C\u00edrculos de embajadores<\/strong><\/h5><p class=\"\" data-start=\"1696\" data-end=\"1833\">Para personas y organizaciones que deseen asumir un papel de liderazgo en el avance de la misi\u00f3n de la Fundaci\u00f3n en pa\u00edses y comunidades.<\/p><p class=\"\" data-start=\"1835\" data-end=\"1872\"><strong data-start=\"1835\" data-end=\"1872\">S\u00f3lo por invitaci\u00f3n o solicitud<\/strong><\/p><ul data-start=\"1874\" data-end=\"2145\"><li class=\"\" data-start=\"1874\" data-end=\"1944\"><p class=\"\" data-start=\"1876\" data-end=\"1944\">Actuar como <strong>enlace local e internacional<\/strong> y portavoz de TvA International Foundation &amp; <em data-start=\"1924\" data-end=\"1944\">Esperanza for Life <\/em>Iniciativas y proyectos<\/p><\/li><li class=\"\" data-start=\"1945\" data-end=\"2021\"><p class=\"\" data-start=\"1947\" data-end=\"2021\">Coordenadas <strong data-start=\"1958\" data-end=\"1982\">iniciativas regionales e internacionales<\/strong> y representar a la Fundaci\u00f3n en actos<\/p><\/li><li class=\"\" data-start=\"2022\" data-end=\"2086\"><p class=\"\" data-start=\"2024\" data-end=\"2086\">Colaborar en <strong data-start=\"2039\" data-end=\"2086\">proyectos especiales y programas internacionales<\/strong><\/p><\/li><li class=\"\" data-start=\"2087\" data-end=\"2145\"><p class=\"\" data-start=\"2089\" data-end=\"2145\">\u00danete a <strong data-start=\"2094\" data-end=\"2145\">reuniones y mesas redondas exclusivas para directivos<\/strong><\/p><\/li><\/ul><blockquote data-start=\"2147\" data-end=\"2216\"><p data-start=\"2149\" data-end=\"2216\">\u00bfLe interesa ser embajador?<br data-start=\"2186\" data-end=\"2189\" \/><strong><span style=\"color: #d5b448;\"><a style=\"color: #d5b448;\" href=\"https:\/\/tva-foundation.org\/es\/contact\/\">SOLICITAR AQU\u00cd<\/a><\/span><\/strong><\/p><\/blockquote><hr class=\"\" data-start=\"2218\" data-end=\"2221\" \/><h6 data-start=\"2223\" data-end=\"2253\">\ud83e\udd1d <strong data-start=\"2230\" data-end=\"2251\">\u00bfListo para unirte a nosotros?<\/strong><\/h6><p class=\"\" data-start=\"2254\" data-end=\"2331\">Su viaje con nosotros empieza ahora.<br data-start=\"2286\" data-end=\"2289\" \/>Celebrar la vida. Crear impacto. Generar esperanza.<\/p><p class=\"\" data-start=\"2333\" data-end=\"2377\"><strong><span style=\"color: #d5b448;\"><a style=\"color: #d5b448;\" href=\"https:\/\/donorbox.org\/save-a-soul-membership\" target=\"_blank\" rel=\"noopener\">Afiliarse<\/a><\/span><\/strong><\/p>\t\t\t\t\t\t\t\t<\/div>\n\t\t\t\t<\/div>\n\t\t\t\t\t<\/div>\n\t\t\t\t<\/div>\n\t\t\t\t<\/div>\n\t\t\t\t\t<\/details>\n\t\t\t\t\t<\/div>\n\t\t\t\t\t\t<\/div>\n\t\t\t\t<\/div>\n\t\t\t\t\t<\/div>\n\t\t\t\t<\/div>\n\t\t<div class=\"elementor-element elementor-element-81f37ec e-flex e-con-boxed e-con e-parent\" data-id=\"81f37ec\" data-element_type=\"container\" data-e-type=\"container\">\n\t\t\t\t\t<div class=\"e-con-inner\">\n\t\t\t\t<div class=\"elementor-element elementor-element-175ff08 elementor-widget elementor-widget-spacer\" data-id=\"175ff08\" data-element_type=\"widget\" data-e-type=\"widget\" data-widget_type=\"spacer.default\">\n\t\t\t\t<div class=\"elementor-widget-container\">\n\t\t\t\t\t\t\t<div class=\"elementor-spacer\">\n\t\t\t<div class=\"elementor-spacer-inner\"><\/div>\n\t\t<\/div>\n\t\t\t\t\t\t<\/div>\n\t\t\t\t<\/div>\n\t\t\t\t\t<\/div>\n\t\t\t\t<\/div>\n\t\t<div class=\"elementor-element elementor-element-f00481f e-flex e-con-boxed e-con e-parent\" data-id=\"f00481f\" data-element_type=\"container\" data-e-type=\"container\">\n\t\t\t\t\t<div class=\"e-con-inner\">\n\t\t<div class=\"elementor-element elementor-element-f5a8722 e-con-full e-flex e-con e-child\" data-id=\"f5a8722\" data-element_type=\"container\" data-e-type=\"container\">\n\t\t\t\t<div class=\"elementor-element elementor-element-c039255 elementor-widget elementor-widget-image\" data-id=\"c039255\" data-element_type=\"widget\" data-e-type=\"widget\" data-widget_type=\"image.default\">\n\t\t\t\t<div class=\"elementor-widget-container\">\n\t\t\t\t\t\t\t\t\t\t\t\t\t\t\t<img data-attachment-id=\"21650\" data-permalink=\"https:\/\/tva-foundation.org\/es\/goodwill-ambassadors\/d1005598-6ff6-48b0-b094-56a2d6a95758\/\" data-orig-file=\"https:\/\/tva-foundation.org\/wp-content\/uploads\/2025\/11\/d1005598-6ff6-48b0-b094-56a2d6a95758.jpeg\" data-orig-size=\"618,905\" data-comments-opened=\"1\" data-image-meta=\"{&quot;aperture&quot;:&quot;0&quot;,&quot;credit&quot;:&quot;&quot;,&quot;camera&quot;:&quot;&quot;,&quot;caption&quot;:&quot;&quot;,&quot;created_timestamp&quot;:&quot;0&quot;,&quot;copyright&quot;:&quot;&quot;,&quot;focal_length&quot;:&quot;0&quot;,&quot;iso&quot;:&quot;0&quot;,&quot;shutter_speed&quot;:&quot;0&quot;,&quot;title&quot;:&quot;&quot;,&quot;orientation&quot;:&quot;0&quot;}\" data-image-title=\"Anjela Nedyalkov\" data-image-description=\"\" data-image-caption=\"\" data-large-file=\"https:\/\/tva-foundation.org\/wp-content\/uploads\/2025\/11\/d1005598-6ff6-48b0-b094-56a2d6a95758.jpeg\" width=\"205\" height=\"300\" src=\"https:\/\/tva-foundation.org\/wp-content\/uploads\/2025\/11\/d1005598-6ff6-48b0-b094-56a2d6a95758-205x300.jpeg\" class=\"attachment-medium size-medium wp-image-21650\" alt=\"TvA International Foundation\" srcset=\"https:\/\/tva-foundation.org\/wp-content\/uploads\/2025\/11\/d1005598-6ff6-48b0-b094-56a2d6a95758-205x300.jpeg 205w, https:\/\/tva-foundation.org\/wp-content\/uploads\/2025\/11\/d1005598-6ff6-48b0-b094-56a2d6a95758-8x12.jpeg 8w, https:\/\/tva-foundation.org\/wp-content\/uploads\/2025\/11\/d1005598-6ff6-48b0-b094-56a2d6a95758-600x879.jpeg 600w, https:\/\/tva-foundation.org\/wp-content\/uploads\/2025\/11\/d1005598-6ff6-48b0-b094-56a2d6a95758.jpeg 618w\" sizes=\"(max-width: 205px) 100vw, 205px\" \/>\t\t\t\t\t\t\t\t\t\t\t\t\t\t\t<\/div>\n\t\t\t\t<\/div>\n\t\t\t\t<\/div>\n\t\t<div class=\"elementor-element elementor-element-0646dbb e-con-full e-flex e-con e-child\" data-id=\"0646dbb\" data-element_type=\"container\" data-e-type=\"container\">\n\t\t\t\t<div class=\"elementor-element elementor-element-f661018 elementor-widget elementor-widget-text-editor\" data-id=\"f661018\" data-element_type=\"widget\" data-e-type=\"widget\" data-widget_type=\"text-editor.default\">\n\t\t\t\t<div class=\"elementor-widget-container\">\n\t\t\t\t\t\t\t\t\t<h6>\u00a0Anjela Nedyalkov<\/h6><p>Actriz<\/p><p>Embajador de las Artes y la Cultura<\/p><p>Defensora del bienestar animal e infantil<\/p><p><a href=\"https:\/\/en.wikipedia.org\/wiki\/Anjela_Nedyalkova\" target=\"_blank\" rel=\"noopener\">https:\/\/en.wikipedia.org\/wiki\/Anjela_Nedyalkova<\/a><\/p><p><a href=\"https:\/\/greensmithartists.com\/artist\/angela-nedyalkov\/\" target=\"_blank\" rel=\"noopener\">https:\/\/greensmithartists.com\/artist\/angela-nedyalkov\/<\/a><\/p><p>\u00a0<\/p>\t\t\t\t\t\t\t\t<\/div>\n\t\t\t\t<\/div>\n\t\t\t\t<\/div>\n\t\t\t\t\t<\/div>\n\t\t\t\t<\/div>\n\t\t<div class=\"elementor-element elementor-element-eaea82e e-flex e-con-boxed e-con e-parent\" data-id=\"eaea82e\" data-element_type=\"container\" data-e-type=\"container\">\n\t\t\t\t\t<div class=\"e-con-inner\">\n\t\t\t\t<div class=\"elementor-element elementor-element-52818a4 elementor-widget elementor-widget-spacer\" data-id=\"52818a4\" data-element_type=\"widget\" data-e-type=\"widget\" data-widget_type=\"spacer.default\">\n\t\t\t\t<div class=\"elementor-widget-container\">\n\t\t\t\t\t\t\t<div class=\"elementor-spacer\">\n\t\t\t<div class=\"elementor-spacer-inner\"><\/div>\n\t\t<\/div>\n\t\t\t\t\t\t<\/div>\n\t\t\t\t<\/div>\n\t\t\t\t\t<\/div>\n\t\t\t\t<\/div>\n\t\t<div class=\"elementor-element elementor-element-0d1423b e-con-full e-flex e-con e-parent\" data-id=\"0d1423b\" data-element_type=\"container\" data-e-type=\"container\">\n\t\t<div class=\"elementor-element elementor-element-f72e7f0 e-con-full e-flex e-con e-child\" data-id=\"f72e7f0\" data-element_type=\"container\" data-e-type=\"container\">\n\t\t\t\t<div class=\"elementor-element elementor-element-51795cc elementor-widget elementor-widget-image\" data-id=\"51795cc\" data-element_type=\"widget\" data-e-type=\"widget\" data-widget_type=\"image.default\">\n\t\t\t\t<div class=\"elementor-widget-container\">\n\t\t\t\t\t\t\t\t\t\t\t\t\t\t\t<img data-attachment-id=\"4058\" data-permalink=\"https:\/\/tva-foundation.org\/es\/goodwill-ambassadors\/a598ae45-8cb8-4881-a12d-f2b217d54ef7_1_201_a\/\" data-orig-file=\"https:\/\/tva-foundation.org\/wp-content\/uploads\/2024\/01\/A598AE45-8CB8-4881-A12D-F2B217D54EF7_1_201_a.jpeg\" data-orig-size=\"1125,1019\" data-comments-opened=\"1\" data-image-meta=\"{&quot;aperture&quot;:&quot;0&quot;,&quot;credit&quot;:&quot;&quot;,&quot;camera&quot;:&quot;&quot;,&quot;caption&quot;:&quot;&quot;,&quot;created_timestamp&quot;:&quot;0&quot;,&quot;copyright&quot;:&quot;&quot;,&quot;focal_length&quot;:&quot;0&quot;,&quot;iso&quot;:&quot;0&quot;,&quot;shutter_speed&quot;:&quot;0&quot;,&quot;title&quot;:&quot;&quot;,&quot;orientation&quot;:&quot;1&quot;}\" data-image-title=\"Goodwill Ambassador\" data-image-description=\"\" data-image-caption=\"\" data-large-file=\"https:\/\/tva-foundation.org\/wp-content\/uploads\/2024\/01\/A598AE45-8CB8-4881-A12D-F2B217D54EF7_1_201_a-1024x928.jpeg\" width=\"300\" height=\"272\" src=\"https:\/\/tva-foundation.org\/wp-content\/uploads\/2024\/01\/A598AE45-8CB8-4881-A12D-F2B217D54EF7_1_201_a-300x272.jpeg\" class=\"attachment-medium size-medium wp-image-4058\" alt=\"TvA International Foundation\" srcset=\"https:\/\/tva-foundation.org\/wp-content\/uploads\/2024\/01\/A598AE45-8CB8-4881-A12D-F2B217D54EF7_1_201_a-300x272.jpeg 300w, https:\/\/tva-foundation.org\/wp-content\/uploads\/2024\/01\/A598AE45-8CB8-4881-A12D-F2B217D54EF7_1_201_a-1024x928.jpeg 1024w, https:\/\/tva-foundation.org\/wp-content\/uploads\/2024\/01\/A598AE45-8CB8-4881-A12D-F2B217D54EF7_1_201_a-768x696.jpeg 768w, https:\/\/tva-foundation.org\/wp-content\/uploads\/2024\/01\/A598AE45-8CB8-4881-A12D-F2B217D54EF7_1_201_a-600x543.jpeg 600w, https:\/\/tva-foundation.org\/wp-content\/uploads\/2024\/01\/A598AE45-8CB8-4881-A12D-F2B217D54EF7_1_201_a.jpeg 1125w\" sizes=\"(max-width: 300px) 100vw, 300px\" \/>\t\t\t\t\t\t\t\t\t\t\t\t\t\t\t<\/div>\n\t\t\t\t<\/div>\n\t\t\t\t<\/div>\n\t\t<div class=\"elementor-element elementor-element-24ffce3 e-con-full e-flex e-con e-child\" data-id=\"24ffce3\" data-element_type=\"container\" data-e-type=\"container\">\n\t\t\t\t<div class=\"elementor-element elementor-element-1ec6d5f elementor-widget elementor-widget-text-editor\" data-id=\"1ec6d5f\" data-element_type=\"widget\" data-e-type=\"widget\" data-widget_type=\"text-editor.default\">\n\t\t\t\t<div class=\"elementor-widget-container\">\n\t\t\t\t\t\t\t\t\t<h6><strong>\u00a0 <\/strong><strong>Jenny Wong<\/strong><\/h6><p>\u00a0 Artista estadounidense de bellas artes \u00a0<\/p><p>\u00a0 Acuarelas\/Acr\u00edlicos\/Cer\u00e1mica<\/p><p>\u00a0 <a href=\"https:\/\/www.instagram.com\/artbyjennywong\" target=\"_blank\" rel=\"noopener\">Instagram\/ArtByJennyWong<\/a><\/p>\t\t\t\t\t\t\t\t<\/div>\n\t\t\t\t<\/div>\n\t\t\t\t<\/div>\n\t\t\t\t<\/div>\n\t\t<div class=\"elementor-element elementor-element-656e687 e-flex e-con-boxed e-con e-parent\" data-id=\"656e687\" data-element_type=\"container\" data-e-type=\"container\">\n\t\t\t\t\t<div class=\"e-con-inner\">\n\t\t\t\t<div class=\"elementor-element elementor-element-247edcc elementor-widget elementor-widget-spacer\" data-id=\"247edcc\" data-element_type=\"widget\" data-e-type=\"widget\" data-widget_type=\"spacer.default\">\n\t\t\t\t<div class=\"elementor-widget-container\">\n\t\t\t\t\t\t\t<div class=\"elementor-spacer\">\n\t\t\t<div class=\"elementor-spacer-inner\"><\/div>\n\t\t<\/div>\n\t\t\t\t\t\t<\/div>\n\t\t\t\t<\/div>\n\t\t\t\t\t<\/div>\n\t\t\t\t<\/div>\n\t\t<div class=\"elementor-element elementor-element-b43116b e-con-full e-flex e-con e-parent\" data-id=\"b43116b\" data-element_type=\"container\" data-e-type=\"container\">\n\t\t<div class=\"elementor-element elementor-element-8ae6aa7 e-con-full e-flex e-con e-child\" data-id=\"8ae6aa7\" data-element_type=\"container\" data-e-type=\"container\">\n\t\t\t\t<div class=\"elementor-element elementor-element-925313f elementor-widget elementor-widget-image\" data-id=\"925313f\" data-element_type=\"widget\" data-e-type=\"widget\" data-widget_type=\"image.default\">\n\t\t\t\t<div class=\"elementor-widget-container\">\n\t\t\t\t\t\t\t\t\t\t\t\t\t\t\t<img loading=\"lazy\" data-attachment-id=\"4105\" data-permalink=\"https:\/\/tva-foundation.org\/es\/goodwill-ambassadors\/fca5bd41-6c36-4fac-8f7d-8787df8daff3_4_5005_c\/\" data-orig-file=\"https:\/\/tva-foundation.org\/wp-content\/uploads\/2024\/01\/FCA5BD41-6C36-4FAC-8F7D-8787DF8DAFF3_4_5005_c.jpeg\" data-orig-size=\"300,450\" data-comments-opened=\"1\" data-image-meta=\"{&quot;aperture&quot;:&quot;0&quot;,&quot;credit&quot;:&quot;&quot;,&quot;camera&quot;:&quot;&quot;,&quot;caption&quot;:&quot;&quot;,&quot;created_timestamp&quot;:&quot;0&quot;,&quot;copyright&quot;:&quot;&quot;,&quot;focal_length&quot;:&quot;0&quot;,&quot;iso&quot;:&quot;0&quot;,&quot;shutter_speed&quot;:&quot;0&quot;,&quot;title&quot;:&quot;&quot;,&quot;orientation&quot;:&quot;0&quot;}\" data-image-title=\"Goodwill Ambassador\" data-image-description=\"\" data-image-caption=\"\" data-large-file=\"https:\/\/tva-foundation.org\/wp-content\/uploads\/2024\/01\/FCA5BD41-6C36-4FAC-8F7D-8787DF8DAFF3_4_5005_c.jpeg\" width=\"200\" height=\"300\" src=\"https:\/\/tva-foundation.org\/wp-content\/uploads\/2024\/01\/FCA5BD41-6C36-4FAC-8F7D-8787DF8DAFF3_4_5005_c-200x300.jpeg\" class=\"attachment-medium size-medium wp-image-4105\" alt=\"TvA International Foundation\" srcset=\"https:\/\/tva-foundation.org\/wp-content\/uploads\/2024\/01\/FCA5BD41-6C36-4FAC-8F7D-8787DF8DAFF3_4_5005_c-200x300.jpeg 200w, https:\/\/tva-foundation.org\/wp-content\/uploads\/2024\/01\/FCA5BD41-6C36-4FAC-8F7D-8787DF8DAFF3_4_5005_c.jpeg 300w\" sizes=\"(max-width: 200px) 100vw, 200px\" \/>\t\t\t\t\t\t\t\t\t\t\t\t\t\t\t<\/div>\n\t\t\t\t<\/div>\n\t\t\t\t<\/div>\n\t\t<div class=\"elementor-element elementor-element-21151f8 e-con-full e-flex e-con e-child\" data-id=\"21151f8\" data-element_type=\"container\" data-e-type=\"container\">\n\t\t\t\t<div class=\"elementor-element elementor-element-3af505f elementor-widget elementor-widget-text-editor\" data-id=\"3af505f\" data-element_type=\"widget\" data-e-type=\"widget\" data-widget_type=\"text-editor.default\">\n\t\t\t\t<div class=\"elementor-widget-container\">\n\t\t\t\t\t\t\t\t\t<h6><strong>Geoffrey Rodr\u00edguez<\/strong><\/h6><p>Experta internacional en belleza<\/p><p>Belleza\/Celebridades\/Moda Maquillaje\u00a0<\/p><p><a href=\"http:\/\/www.geoffreyrodriguez.com\" target=\"_blank\" rel=\"noopener\">www.GeoffreyRodriguez.com<\/a><\/p>\t\t\t\t\t\t\t\t<\/div>\n\t\t\t\t<\/div>\n\t\t\t\t<\/div>\n\t\t\t\t<\/div>\n\t\t<div class=\"elementor-element elementor-element-c60b68d e-flex e-con-boxed e-con e-parent\" data-id=\"c60b68d\" data-element_type=\"container\" data-e-type=\"container\">\n\t\t\t\t\t<div class=\"e-con-inner\">\n\t\t\t\t<div class=\"elementor-element elementor-element-9c0af34 elementor-widget elementor-widget-spacer\" data-id=\"9c0af34\" data-element_type=\"widget\" data-e-type=\"widget\" data-widget_type=\"spacer.default\">\n\t\t\t\t<div class=\"elementor-widget-container\">\n\t\t\t\t\t\t\t<div class=\"elementor-spacer\">\n\t\t\t<div class=\"elementor-spacer-inner\"><\/div>\n\t\t<\/div>\n\t\t\t\t\t\t<\/div>\n\t\t\t\t<\/div>\n\t\t\t\t\t<\/div>\n\t\t\t\t<\/div>\n\t\t<div class=\"elementor-element elementor-element-bccb912 e-flex e-con-boxed e-con e-parent\" data-id=\"bccb912\" data-element_type=\"container\" data-e-type=\"container\">\n\t\t\t\t\t<div class=\"e-con-inner\">\n\t\t\t\t\t<\/div>\n\t\t\t\t<\/div>\n\t\t\t\t<\/div>","protected":false},"excerpt":{"rendered":"<p>Meet Our Goodwill Ambassadors: Champions of Compassion and Change At TvA International Foundation, we are proud to introduce our esteemed Goodwill Ambassadors \u2014 individuals who embody the spirit of compassion and serve as beacons of positive change. These remarkable individuals share our commitment to making a difference in the lives of animals and children, contributing [&hellip;]<\/p>\n","protected":false},"author":38320787,"featured_media":4001,"parent":0,"menu_order":0,"comment_status":"closed","ping_status":"closed","template":"","meta":{"footnotes":""},"class_list":["post-3078","page","type-page","status-publish","has-post-thumbnail","hentry"],"jetpack_likes_enabled":true,"jetpack_sharing_enabled":true,"jetpack_shortlink":"https:\/\/wp.me\/Pf58jH-NE","jetpack-related-posts":[],"_links":{"self":[{"href":"https:\/\/tva-foundation.org\/es\/wp-json\/wp\/v2\/pages\/3078","targetHints":{"allow":["GET"]}}],"collection":[{"href":"https:\/\/tva-foundation.org\/es\/wp-json\/wp\/v2\/pages"}],"about":[{"href":"https:\/\/tva-foundation.org\/es\/wp-json\/wp\/v2\/types\/page"}],"author":[{"embeddable":true,"href":"https:\/\/tva-foundation.org\/es\/wp-json\/wp\/v2\/users\/38320787"}],"replies":[{"embeddable":true,"href":"https:\/\/tva-foundation.org\/es\/wp-json\/wp\/v2\/comments?post=3078"}],"version-history":[{"count":100,"href":"https:\/\/tva-foundation.org\/es\/wp-json\/wp\/v2\/pages\/3078\/revisions"}],"predecessor-version":[{"id":22021,"href":"https:\/\/tva-foundation.org\/es\/wp-json\/wp\/v2\/pages\/3078\/revisions\/22021"}],"wp:featuredmedia":[{"embeddable":true,"href":"https:\/\/tva-foundation.org\/es\/wp-json\/wp\/v2\/media\/4001"}],"wp:attachment":[{"href":"https:\/\/tva-foundation.org\/es\/wp-json\/wp\/v2\/media?parent=3078"}],"curies":[{"name":"wp","href":"https:\/\/api.w.org\/{rel}","templated":true}]}}