{"id":4264,"date":"2024-01-03T17:27:48","date_gmt":"2024-01-03T16:27:48","guid":{"rendered":"https:\/\/tva-foundation.org\/?page_id=4264"},"modified":"2026-03-19T09:02:44","modified_gmt":"2026-03-19T08:02:44","slug":"imprint","status":"publish","type":"page","link":"https:\/\/tva-foundation.org\/es\/imprint\/","title":{"rendered":"Pie de imprenta"},"content":{"rendered":"<div data-elementor-type=\"wp-page\" data-elementor-id=\"4264\" class=\"elementor elementor-4264\" data-elementor-post-type=\"page\">\n\t\t\t\t<div class=\"elementor-element elementor-element-84328a9 e-flex e-con-boxed e-con e-parent\" data-id=\"84328a9\" data-element_type=\"container\" data-e-type=\"container\">\n\t\t\t\t\t<div class=\"e-con-inner\">\n\t\t\t\t<div class=\"elementor-element elementor-element-6c342e8 elementor-widget elementor-widget-text-editor\" data-id=\"6c342e8\" data-element_type=\"widget\" data-e-type=\"widget\" data-widget_type=\"text-editor.default\">\n\t\t\t\t<div class=\"elementor-widget-container\">\n\t\t\t\t\t\t\t\t\t<p><strong><span style=\"color: #d5b448;\">| Fundaci\u00f3n Internacional Theodora von Auersperg |\u00a0<\/span><\/strong><\/p><p><strong><span style=\"color: #d5b448;\">| Por el bien de los animales y los ni\u00f1os Salvar un alma |<\/span><\/strong><\/p><p style=\"font-weight: 400;\">En<em> Fundaci\u00f3n Internacional TvA <\/em>es una organizaci\u00f3n independiente sin \u00e1nimo de lucro y no gubernamental, constituida de conformidad con la Ley de Entidades Jur\u00eddicas sin \u00c1nimo de Lucro (NPLEA) en Austria y Bulgaria, para el bien de los ni\u00f1os y los animales con el prop\u00f3sito y la dedicaci\u00f3n de apoyar proyectos de bienestar animal y ayuda a la infancia a trav\u00e9s de una amplia gama de actividades y eventos, al tiempo que construye una comunidad global de personas con ideas afines. <em>Fundaci\u00f3n Internacional TvA<\/em> se esfuerza por crear un mundo compasivo en el que se proteja la naturaleza, se cuide a los animales y se eduque a los ni\u00f1os, d\u00e1ndoles oportunidades de prosperar.<\/p><p style=\"font-weight: 400;\">La Fundaci\u00f3n TvA International cultiva <strong><span style=\"color: #d5b448;\"><em>\"Esperanza for Life\"<\/em>- Un movimiento mundial<\/span><\/strong> <em>- <\/em>al tiempo que impulsa la filantrop\u00eda y la cultura de la donaci\u00f3n hacia una nueva era defendiendo causas transformadoras, centr\u00e1ndose en la conservaci\u00f3n de la naturaleza, el bienestar de los animales y el apoyo a los ni\u00f1os necesitados.<\/p><p style=\"font-weight: 400;\">Nuestra <strong><span style=\"color: #d5b448;\"><em>G<\/em><em>lobal<\/em>\u00a0<em> \"Esperanza for Life\"<\/em> Comunidad<\/span><\/strong>- es una vibrante red de innovadores, visionarios, fil\u00e1ntropos, partes interesadas y organizaciones comprometidas con la mejora del mundo a trav\u00e9s de la filantrop\u00eda, las artes, la protecci\u00f3n del medio ambiente y los esfuerzos humanitarios.<\/p><p style=\"font-weight: 400; text-align: center;\"><strong><span style=\"color: #d5b448;\">Cuidar, respetar y proteger la naturaleza, sus criaturas y los ni\u00f1os necesitados. \u00a0<\/span><\/strong><\/p><p style=\"font-weight: 400;\">Cultivar un<strong><span style=\"color: #d5b448;\"> Global <em>\"Esperanza for Life\"<\/em> Comunidad - \"Celebra la vida\" - \"AYUDA\" Salvar un alma<\/span> - <\/strong><em>es la Fundaci\u00f3n TvA International<\/em><strong><span style=\"color: #d5b448;\"> Misi\u00f3n<\/span>.<\/strong><\/p><p style=\"font-weight: 400; text-align: center;\"><em>Fundaci\u00f3n Internacional TvA<\/em> <strong><span style=\"color: #d5b448;\">Objetivo<\/span><\/strong> es inspirar y capacitar a la pr\u00f3xima generaci\u00f3n para salvaguardar nuestro planeta y a sus hijos. \u00a0<\/p><p style=\"font-weight: 400; text-align: center;\"><strong><span style=\"color: #d5b448;\">Por un mundo mejor, por la vida salvaje, por la humanidad, por la naturaleza.<\/span><\/strong><\/p><p style=\"font-weight: 400;\"><em>Fundaci\u00f3n Internacional TvA<\/em><strong><span style=\"color: #d5b448;\"> abarca todos los seres vivos, la vida humana y toda la naturaleza en su belleza<\/span>. <\/strong><\/p><div><div><p>TvA International Foundation es una marca denominativa y figurativa de The Theodora von Auersperg International Association - Austria (Theodora von Auersperg Internationaler Verein) y Theodora von Auersperg International Foundation - Bulgaria.\u00a0<\/p><\/div><\/div><p style=\"font-weight: 400;\"><strong>Las contribuciones\/donaciones a la Fundaci\u00f3n Internacional Theodora von Auersperg son deducibles de impuestos en la medida en que lo permita la legislaci\u00f3n de su pa\u00eds.\u00a0<\/strong><\/p><p><strong>En cuanto a la responsabilidad del contenido:<\/strong>\u00a0Fundaci\u00f3n Internacional Theodora von Auersperg<\/p>\t\t\t\t\t\t\t\t<\/div>\n\t\t\t\t<\/div>\n\t\t\t\t\t<\/div>\n\t\t\t\t<\/div>\n\t\t<div class=\"elementor-element elementor-element-80c96a6 e-flex e-con-boxed e-con e-parent\" data-id=\"80c96a6\" data-element_type=\"container\" data-e-type=\"container\">\n\t\t\t\t\t<div class=\"e-con-inner\">\n\t\t\t\t<div class=\"elementor-element elementor-element-06dd626 elementor-widget elementor-widget-spacer\" data-id=\"06dd626\" data-element_type=\"widget\" data-e-type=\"widget\" data-widget_type=\"spacer.default\">\n\t\t\t\t<div class=\"elementor-widget-container\">\n\t\t\t\t\t\t\t<div class=\"elementor-spacer\">\n\t\t\t<div class=\"elementor-spacer-inner\"><\/div>\n\t\t<\/div>\n\t\t\t\t\t\t<\/div>\n\t\t\t\t<\/div>\n\t\t\t\t\t<\/div>\n\t\t\t\t<\/div>\n\t\t<div class=\"elementor-element elementor-element-fa10185 e-flex e-con-boxed e-con e-parent\" data-id=\"fa10185\" data-element_type=\"container\" data-e-type=\"container\">\n\t\t\t\t\t<div class=\"e-con-inner\">\n\t\t\t\t\t<\/div>\n\t\t\t\t<\/div>\n\t\t<div class=\"elementor-element elementor-element-19e7b50 e-flex e-con-boxed e-con e-parent\" data-id=\"19e7b50\" data-element_type=\"container\" data-e-type=\"container\">\n\t\t\t\t\t<div class=\"e-con-inner\">\n\t\t<div class=\"elementor-element elementor-element-8858d5b e-con-full e-flex e-con e-child\" data-id=\"8858d5b\" data-element_type=\"container\" data-e-type=\"container\">\n\t\t\t\t<div class=\"elementor-element elementor-element-ad288d2 elementor-widget elementor-widget-text-editor\" data-id=\"ad288d2\" data-element_type=\"widget\" data-e-type=\"widget\" data-widget_type=\"text-editor.default\">\n\t\t\t\t<div class=\"elementor-widget-container\">\n\t\t\t\t\t\t\t\t\t<ul><li><strong>Consejo de Administraci\u00f3n - Austria:<\/strong><\/li><li>Presidenta\/Jefa Visionaria: Princesa Theodora von Auersperg<\/li><li>Copresidente\/FOE: Michel Pharaon<\/li><\/ul><p><strong>T<\/strong> +43 1 286 2791 - <strong>e-Mail:<\/strong> SaveASoul@TvAFoundation.org\u00a0<\/p><p style=\"font-weight: 400;\"><strong>Oficina:<\/strong>\u00a0Radetzkystra\u00dfe 22\/12 - 1030 Wien\/Viena - Austria |<\/p><p style=\"font-weight: 400;\"><strong>N\u00famero de registro<\/strong> 1443604553 - <strong>IVA<\/strong><strong>-Nr.<\/strong>: ATU79848934<\/p><p style=\"font-weight: 400;\"><strong>Banco:<\/strong> Erste Bank der \u00f6sterreichischen Sparkassen AG\u00a0<\/p><p style=\"font-weight: 400;\"><strong>IBAN:<\/strong> AT39 2011 1848 9001 0600 \u00a0<\/p><p style=\"font-weight: 400;\"><strong>BIC\/SWIFT<\/strong>: GIBAATWWXXX<\/p><p style=\"font-weight: 400;\"><strong>PayPal:<\/strong> SaveASoul@TvAFoundation.org<img fetchpriority=\"high\" data-attachment-id=\"21856\" data-permalink=\"https:\/\/tva-foundation.org\/es\/qrcode\/\" data-orig-file=\"https:\/\/tva-foundation.org\/wp-content\/uploads\/2025\/11\/qrcode.png\" data-orig-size=\"500,500\" data-comments-opened=\"1\" data-image-meta=\"{&quot;aperture&quot;:&quot;0&quot;,&quot;credit&quot;:&quot;&quot;,&quot;camera&quot;:&quot;&quot;,&quot;caption&quot;:&quot;&quot;,&quot;created_timestamp&quot;:&quot;0&quot;,&quot;copyright&quot;:&quot;&quot;,&quot;focal_length&quot;:&quot;0&quot;,&quot;iso&quot;:&quot;0&quot;,&quot;shutter_speed&quot;:&quot;0&quot;,&quot;title&quot;:&quot;&quot;,&quot;orientation&quot;:&quot;0&quot;}\" data-image-title=\"PayPal QR code\" data-image-description=\"\" data-image-caption=\"\" data-medium-file=\"https:\/\/tva-foundation.org\/wp-content\/uploads\/2025\/11\/qrcode-300x300.png?crop=1\" data-large-file=\"https:\/\/tva-foundation.org\/wp-content\/uploads\/2025\/11\/qrcode.png\" class=\"alignnone size-medium wp-image-21856\" src=\"https:\/\/tva-foundation.org\/wp-content\/uploads\/2025\/11\/qrcode-300x300.png?crop=1\" alt=\"TvA International Foundation\" width=\"300\" height=\"300\" srcset=\"https:\/\/tva-foundation.org\/wp-content\/uploads\/2025\/11\/qrcode-300x300.png?crop=1 300w, https:\/\/tva-foundation.org\/wp-content\/uploads\/2025\/11\/qrcode-150x150.png?crop=1 150w, https:\/\/tva-foundation.org\/wp-content\/uploads\/2025\/11\/qrcode-12x12.png 12w, https:\/\/tva-foundation.org\/wp-content\/uploads\/2025\/11\/qrcode-100x100.png?crop=1 100w, https:\/\/tva-foundation.org\/wp-content\/uploads\/2025\/11\/qrcode.png 500w\" sizes=\"(max-width: 300px) 100vw, 300px\" \/><\/p>\t\t\t\t\t\t\t\t<\/div>\n\t\t\t\t<\/div>\n\t\t\t\t<\/div>\n\t\t<div class=\"elementor-element elementor-element-eb6b33d e-con-full e-flex e-con e-child\" data-id=\"eb6b33d\" data-element_type=\"container\" data-e-type=\"container\">\n\t\t\t\t<div class=\"elementor-element elementor-element-faa7c3e elementor-widget elementor-widget-text-editor\" data-id=\"faa7c3e\" data-element_type=\"widget\" data-e-type=\"widget\" data-widget_type=\"text-editor.default\">\n\t\t\t\t<div class=\"elementor-widget-container\">\n\t\t\t\t\t\t\t\t\t<ul><li><strong>Consejo de Administraci\u00f3n - Bulgaria:<\/strong><\/li><li>Directora Ejecutiva: Princesa Theodora von Auersperg<\/li><li>Copresidente\/FOE: Michel Pharaon<\/li><li>Medicina veterinaria\/Jefe de personal: Dra. Madlen Mateyna<\/li><\/ul><p><strong>T<\/strong> +43 1 286 2791 - <strong>e-Mail:<\/strong> SaveASoul@TvAFoundation.org |<\/p><p style=\"font-weight: 400;\"><strong>Oficina<\/strong>: Bulevar Eduard I. Totleben 31, Fl. 4\/Suite 14 - 1606 Sofia - Bulgaria |<\/p><p style=\"font-weight: 400;\"><strong>N\u00famero de registro<\/strong>: 207974200 - <strong>IVA<\/strong><strong>-Nr.:<\/strong> BG207974200<\/p><p style=\"font-weight: 400;\"><strong>Banco<\/strong>: Bulgarian American Credit Bank, Sof\u00eda, Bulgaria\u00a0<\/p><p><strong>IBAN: <\/strong>BG63BGUS91601412066400<\/p><p style=\"font-weight: 400;\"><strong>BIC\/SWIFT<\/strong>: BGUSBGSFXXX<\/p><p style=\"font-weight: 400;\"><strong>PayPal<\/strong>: SaveASoul@TvAFoundation.org<img fetchpriority=\"high\" data-attachment-id=\"21856\" data-permalink=\"https:\/\/tva-foundation.org\/es\/qrcode\/\" data-orig-file=\"https:\/\/tva-foundation.org\/wp-content\/uploads\/2025\/11\/qrcode.png\" data-orig-size=\"500,500\" data-comments-opened=\"1\" data-image-meta=\"{&quot;aperture&quot;:&quot;0&quot;,&quot;credit&quot;:&quot;&quot;,&quot;camera&quot;:&quot;&quot;,&quot;caption&quot;:&quot;&quot;,&quot;created_timestamp&quot;:&quot;0&quot;,&quot;copyright&quot;:&quot;&quot;,&quot;focal_length&quot;:&quot;0&quot;,&quot;iso&quot;:&quot;0&quot;,&quot;shutter_speed&quot;:&quot;0&quot;,&quot;title&quot;:&quot;&quot;,&quot;orientation&quot;:&quot;0&quot;}\" data-image-title=\"PayPal QR code\" data-image-description=\"\" data-image-caption=\"\" data-medium-file=\"https:\/\/tva-foundation.org\/wp-content\/uploads\/2025\/11\/qrcode-300x300.png?crop=1\" data-large-file=\"https:\/\/tva-foundation.org\/wp-content\/uploads\/2025\/11\/qrcode.png\" class=\"alignnone size-medium wp-image-21856\" src=\"https:\/\/tva-foundation.org\/wp-content\/uploads\/2025\/11\/qrcode-300x300.png?crop=1\" alt=\"TvA International Foundation\" width=\"300\" height=\"300\" srcset=\"https:\/\/tva-foundation.org\/wp-content\/uploads\/2025\/11\/qrcode-300x300.png?crop=1 300w, https:\/\/tva-foundation.org\/wp-content\/uploads\/2025\/11\/qrcode-150x150.png?crop=1 150w, https:\/\/tva-foundation.org\/wp-content\/uploads\/2025\/11\/qrcode-12x12.png 12w, https:\/\/tva-foundation.org\/wp-content\/uploads\/2025\/11\/qrcode-100x100.png?crop=1 100w, https:\/\/tva-foundation.org\/wp-content\/uploads\/2025\/11\/qrcode.png 500w\" sizes=\"(max-width: 300px) 100vw, 300px\" \/><\/p><p><strong>CENTRO ESPERANZA FOR LIFE EOOD - BULGARIA<\/strong><\/p><p><strong>Gerente:<\/strong> Dra. Madlen Mateyna - Jefa de personal\/Medicina veterinaria<\/p><p><strong>T<\/strong> +359 89 4533409 - <strong>Correo electr\u00f3nico<\/strong>: SaveASoul@TvAFoundation.org |<\/p><p><strong>Direcci\u00f3n: <\/strong>Zona Industrial Norte, calle Rogoshko Shose 6B, 4003 Plovdiv\u00a0<\/p><p style=\"font-weight: 400;\"><strong>N\u00famero de registro<\/strong>: 208677611 - <strong>IVA<\/strong><strong>-Nr.<\/strong>: BG208677611<\/p><p style=\"font-weight: 400;\"><strong>Banco<\/strong>: Bulgarian American Credit Bank, Plovdiv, Bulgaria\u00a0<\/p><p><strong>IBAN: <\/strong>BG18BGUS91601413606600<\/p><p style=\"font-weight: 400;\"><strong>BIC\/SWIFT<\/strong>: BGUSBGSFXXX<\/p>\t\t\t\t\t\t\t\t<\/div>\n\t\t\t\t<\/div>\n\t\t\t\t<\/div>\n\t\t\t\t\t<\/div>\n\t\t\t\t<\/div>\n\t\t<div class=\"elementor-element elementor-element-41958a7 e-flex e-con-boxed e-con e-parent\" data-id=\"41958a7\" data-element_type=\"container\" data-e-type=\"container\">\n\t\t\t\t\t<div class=\"e-con-inner\">\n\t\t\t\t<div class=\"elementor-element elementor-element-d64f478 elementor-widget elementor-widget-spacer\" data-id=\"d64f478\" data-element_type=\"widget\" data-e-type=\"widget\" data-widget_type=\"spacer.default\">\n\t\t\t\t<div class=\"elementor-widget-container\">\n\t\t\t\t\t\t\t<div class=\"elementor-spacer\">\n\t\t\t<div class=\"elementor-spacer-inner\"><\/div>\n\t\t<\/div>\n\t\t\t\t\t\t<\/div>\n\t\t\t\t<\/div>\n\t\t\t\t\t<\/div>\n\t\t\t\t<\/div>\n\t\t<div class=\"elementor-element elementor-element-a8f7898 e-flex e-con-boxed e-con e-parent\" data-id=\"a8f7898\" data-element_type=\"container\" data-e-type=\"container\">\n\t\t\t\t\t<div class=\"e-con-inner\">\n\t\t\t\t<div class=\"elementor-element elementor-element-8f3bbe4 elementor-widget elementor-widget-heading\" data-id=\"8f3bbe4\" data-element_type=\"widget\" data-e-type=\"widget\" data-widget_type=\"heading.default\">\n\t\t\t\t<div class=\"elementor-widget-container\">\n\t\t\t\t\t<h4 class=\"elementor-heading-title elementor-size-default\">Descargo de responsabilidad<\/h4>\t\t\t\t<\/div>\n\t\t\t\t<\/div>\n\t\t\t\t\t<\/div>\n\t\t\t\t<\/div>\n\t\t<div class=\"elementor-element elementor-element-efc2ca8 e-flex e-con-boxed e-con e-parent\" data-id=\"efc2ca8\" data-element_type=\"container\" data-e-type=\"container\">\n\t\t\t\t\t<div class=\"e-con-inner\">\n\t\t\t\t<div class=\"elementor-element elementor-element-c9b40bb elementor-widget elementor-widget-spacer\" data-id=\"c9b40bb\" data-element_type=\"widget\" data-e-type=\"widget\" data-widget_type=\"spacer.default\">\n\t\t\t\t<div class=\"elementor-widget-container\">\n\t\t\t\t\t\t\t<div class=\"elementor-spacer\">\n\t\t\t<div class=\"elementor-spacer-inner\"><\/div>\n\t\t<\/div>\n\t\t\t\t\t\t<\/div>\n\t\t\t\t<\/div>\n\t\t\t\t\t<\/div>\n\t\t\t\t<\/div>\n\t\t<div class=\"elementor-element elementor-element-d1c2179 e-flex e-con-boxed e-con e-parent\" data-id=\"d1c2179\" data-element_type=\"container\" data-e-type=\"container\">\n\t\t\t\t\t<div class=\"e-con-inner\">\n\t\t\t\t<div class=\"elementor-element elementor-element-531fd99 elementor-widget elementor-widget-text-editor\" data-id=\"531fd99\" data-element_type=\"widget\" data-e-type=\"widget\" data-widget_type=\"text-editor.default\">\n\t\t\t\t<div class=\"elementor-widget-container\">\n\t\t\t\t\t\t\t\t\t<div class=\"text-orange-500 markdown prose w-full break-words dark:prose-invert light\"><p>La informaci\u00f3n proporcionada en este sitio web tiene \u00fanicamente fines informativos generales.  Si bien nos esforzamos por mantener la informaci\u00f3n actualizada y precisa, no hacemos representaciones o garant\u00edas de ning\u00fan tipo, expresa o impl\u00edcita, acerca de la integridad, exactitud, fiabilidad, adecuaci\u00f3n o disponibilidad con respecto al sitio web o la informaci\u00f3n, productos, servicios o gr\u00e1ficos relacionados contenidos en este sitio web para cualquier prop\u00f3sito.  Por lo tanto, cualquier confianza que deposite en dicha informaci\u00f3n ser\u00e1 estrictamente por su cuenta y riesgo.<\/p><p>En ning\u00fan caso seremos responsables de cualquier p\u00e9rdida o da\u00f1o, incluidos, entre otros, p\u00e9rdidas o da\u00f1os indirectos o consecuentes, o cualquier p\u00e9rdida o da\u00f1o derivado de la p\u00e9rdida de datos o beneficios que se deriven del uso de este sitio web o est\u00e9n relacionados con \u00e9l.<\/p><p>A trav\u00e9s de este sitio web, puede enlazar con otros sitios web que no est\u00e1n bajo el control de <strong>Fundaci\u00f3n Internacional TvA<\/strong>.  No tenemos control alguno sobre la naturaleza, el contenido y la disponibilidad de dichos sitios.  La inclusi\u00f3n de cualquier enlace no implica necesariamente una recomendaci\u00f3n o aprobaci\u00f3n de las opiniones expresadas en ellos.<\/p><p><strong>Hacemos todo lo posible por mantener <a href=\"http:\/\/www.TvA-Foundation.org\" rel=\"nofollow\">http:\/\/www.TvA-Foundation.org<\/a> y que funcione sin problemas.  Sin embargo, la Fundaci\u00f3n TvA International no se responsabiliza de, ni ser\u00e1 responsable de <a href=\"http:\/\/www.TvA-Foundation.org\" rel=\"nofollow\">http:\/\/www.TvA-Foundation.org<\/a> no est\u00e1 disponible temporalmente debido a problemas t\u00e9cnicos ajenos a nuestra voluntad.<\/strong><\/p><\/div><div class=\"mb-2 py-2 px-3 border text-gray-600 rounded-md text-sm dark:text-gray-100 border-orange-500 bg-orange-500\/10\">\u00a0Para m\u00e1s informaci\u00f3n, consulte nuestro <a href=\"https:\/\/tva-foundation.org\/es\/terms-of-use\/\">Condiciones de uso<\/a> p\u00e1gina.<\/div>\t\t\t\t\t\t\t\t<\/div>\n\t\t\t\t<\/div>\n\t\t\t\t\t<\/div>\n\t\t\t\t<\/div>\n\t\t\t\t<\/div>","protected":false},"excerpt":{"rendered":"<p>|\u00a0Theodora von Auersperg \u00a0International \u00a0Foundation |\u00a0 | For the Good of Animals and Children | \u00a0 Save A Soul | The TvA International Foundation is an independent Non-Profit and Non-Governmental Organization, incorporated in compliance with the Non-Profit Legal Entities Act (NPLEA) in Austria and Bulgaria, for the Good of Children and Animals with the Purpose [&hellip;]<\/p>\n","protected":false},"author":38320787,"featured_media":4265,"parent":0,"menu_order":0,"comment_status":"closed","ping_status":"closed","template":"","meta":{"jetpack_post_was_ever_published":false,"footnotes":""},"class_list":["post-4264","page","type-page","status-publish","has-post-thumbnail","hentry"],"jetpack_likes_enabled":true,"jetpack_sharing_enabled":true,"jetpack_shortlink":"https:\/\/wp.me\/Pf58jH-16M","jetpack-related-posts":[],"_links":{"self":[{"href":"https:\/\/tva-foundation.org\/es\/wp-json\/wp\/v2\/pages\/4264","targetHints":{"allow":["GET"]}}],"collection":[{"href":"https:\/\/tva-foundation.org\/es\/wp-json\/wp\/v2\/pages"}],"about":[{"href":"https:\/\/tva-foundation.org\/es\/wp-json\/wp\/v2\/types\/page"}],"author":[{"embeddable":true,"href":"https:\/\/tva-foundation.org\/es\/wp-json\/wp\/v2\/users\/38320787"}],"replies":[{"embeddable":true,"href":"https:\/\/tva-foundation.org\/es\/wp-json\/wp\/v2\/comments?post=4264"}],"version-history":[{"count":100,"href":"https:\/\/tva-foundation.org\/es\/wp-json\/wp\/v2\/pages\/4264\/revisions"}],"predecessor-version":[{"id":23297,"href":"https:\/\/tva-foundation.org\/es\/wp-json\/wp\/v2\/pages\/4264\/revisions\/23297"}],"wp:featuredmedia":[{"embeddable":true,"href":"https:\/\/tva-foundation.org\/es\/wp-json\/wp\/v2\/media\/4265"}],"wp:attachment":[{"href":"https:\/\/tva-foundation.org\/es\/wp-json\/wp\/v2\/media?parent=4264"}],"curies":[{"name":"wp","href":"https:\/\/api.w.org\/{rel}","templated":true}]}}