{"id":4298,"date":"2024-01-03T18:07:38","date_gmt":"2024-01-03T17:07:38","guid":{"rendered":"https:\/\/tva-foundation.org\/?page_id=4298"},"modified":"2024-02-18T10:31:02","modified_gmt":"2024-02-18T09:31:02","slug":"cookies-policy","status":"publish","type":"page","link":"https:\/\/tva-foundation.org\/es\/cookies-policy\/","title":{"rendered":"Pol\u00edtica de cookies"},"content":{"rendered":"<div data-elementor-type=\"wp-page\" data-elementor-id=\"4298\" class=\"elementor elementor-4298\" data-elementor-post-type=\"page\">\n\t\t\t\t<div class=\"elementor-element elementor-element-84328a9 e-flex e-con-boxed e-con e-parent\" data-id=\"84328a9\" data-element_type=\"container\" data-e-type=\"container\">\n\t\t\t\t\t<div class=\"e-con-inner\">\n\t\t\t\t<div class=\"elementor-element elementor-element-6c342e8 elementor-widget elementor-widget-text-editor\" data-id=\"6c342e8\" data-element_type=\"widget\" data-e-type=\"widget\" data-widget_type=\"text-editor.default\">\n\t\t\t\t<div class=\"elementor-widget-container\">\n\t\t\t\t\t\t\t\t\t<p><strong>Pol\u00edtica de cookies:<\/strong><\/p><p>Este sitio web utiliza cookies para mejorar la experiencia del usuario y ofrecer servicios personalizados. Al utilizar este sitio web, usted acepta el uso de cookies de acuerdo con esta Pol\u00edtica de Cookies.<\/p><p>\u00a0<\/p><p><strong>\u00bfQu\u00e9 son las cookies?<\/strong><\/p><p>Las cookies son peque\u00f1os archivos de texto que se almacenan en su dispositivo cuando visita un sitio web. Se utilizan ampliamente para que los sitios web funcionen de forma eficiente y proporcionan informaci\u00f3n esencial a los propietarios de los sitios web.<\/p><p>\u00a0<\/p><p><strong>C\u00f3mo utilizamos las cookies:<\/strong><\/p><ul><li><p><strong>Cookies esenciales:<\/strong> Estas cookies son necesarias para el correcto funcionamiento del sitio web. Permiten funcionalidades b\u00e1sicas como la seguridad, la gesti\u00f3n de la red y la accesibilidad.<\/p><\/li><li><p><strong>Cookies anal\u00edticas\/de rendimiento:<\/strong> Estas cookies nos ayudan a comprender c\u00f3mo interact\u00faan los visitantes con nuestro sitio web mediante la recopilaci\u00f3n y notificaci\u00f3n de informaci\u00f3n de forma an\u00f3nima. Esta informaci\u00f3n nos permite mejorar el rendimiento del sitio web.<\/p><\/li><li><p><strong>Cookies de funcionalidad:<\/strong> Estas cookies permiten mejorar las funciones y la personalizaci\u00f3n, como recordar sus preferencias y elecciones.<\/p><\/li><li><p><strong>Cookies publicitarias:<\/strong> Podemos utilizar cookies publicitarias de terceros para ofrecerle anuncios que se ajusten a sus intereses. Estas cookies rastrean sus h\u00e1bitos de navegaci\u00f3n y nos ayudan a presentarle publicidad personalizada.<\/p><\/li><\/ul><p>\u00a0<\/p><p><strong>Gesti\u00f3n de cookies:<\/strong><\/p><p>Puede controlar y\/o eliminar las cookies como desee. Puede eliminar todas las cookies que ya est\u00e9n en su dispositivo y configurar su navegador para evitar que se instalen cookies. Sin embargo, tenga en cuenta que desactivar las cookies puede afectar a la funcionalidad de este sitio web.<\/p><p>\u00a0<\/p><p><strong>Cambios en esta pol\u00edtica:<\/strong><\/p><p>Podemos actualizar esta Pol\u00edtica de Cookies de vez en cuando para reflejar los cambios en la tecnolog\u00eda o los requisitos legales. Cualquier actualizaci\u00f3n ser\u00e1 publicada en esta p\u00e1gina, y su uso continuado del sitio web constituye su aceptaci\u00f3n de la pol\u00edtica actualizada.<\/p><p>\u00a0<\/p><p><strong>Informaci\u00f3n de contacto:<\/strong><\/p><p>Si tiene alguna pregunta sobre nuestra Pol\u00edtica de Cookies, p\u00f3ngase en contacto con nosotros a trav\u00e9s de nuestra <a href=\"https:\/\/tva-foundation.org\/es\/contact\/\">P\u00e1gina de contacto<\/a>.<\/p>\t\t\t\t\t\t\t\t<\/div>\n\t\t\t\t<\/div>\n\t\t\t\t\t<\/div>\n\t\t\t\t<\/div>\n\t\t<div class=\"elementor-element elementor-element-43ed57c e-flex e-con-boxed e-con e-parent\" data-id=\"43ed57c\" data-element_type=\"container\" data-e-type=\"container\">\n\t\t\t\t\t<div class=\"e-con-inner\">\n\t\t\t\t<div class=\"elementor-element elementor-element-bd98993 elementor-widget elementor-widget-spacer\" data-id=\"bd98993\" data-element_type=\"widget\" data-e-type=\"widget\" data-widget_type=\"spacer.default\">\n\t\t\t\t<div class=\"elementor-widget-container\">\n\t\t\t\t\t\t\t<div class=\"elementor-spacer\">\n\t\t\t<div class=\"elementor-spacer-inner\"><\/div>\n\t\t<\/div>\n\t\t\t\t\t\t<\/div>\n\t\t\t\t<\/div>\n\t\t\t\t\t<\/div>\n\t\t\t\t<\/div>\n\t\t\t\t<\/div>","protected":false},"excerpt":{"rendered":"<p>Cookies Policy: This website uses cookies to enhance the user experience and provide personalized services. By using this website, you agree to the use of cookies in accordance with this Cookies Policy. \u00a0 What are Cookies? Cookies are small text files that are stored on your device when you visit a website. They are widely [&hellip;]<\/p>\n","protected":false},"author":38320787,"featured_media":4299,"parent":0,"menu_order":0,"comment_status":"closed","ping_status":"closed","template":"","meta":{"jetpack_post_was_ever_published":false,"footnotes":""},"class_list":["post-4298","page","type-page","status-publish","has-post-thumbnail","hentry"],"jetpack_likes_enabled":true,"jetpack_sharing_enabled":true,"jetpack_shortlink":"https:\/\/wp.me\/Pf58jH-17k","jetpack-related-posts":[],"_links":{"self":[{"href":"https:\/\/tva-foundation.org\/es\/wp-json\/wp\/v2\/pages\/4298","targetHints":{"allow":["GET"]}}],"collection":[{"href":"https:\/\/tva-foundation.org\/es\/wp-json\/wp\/v2\/pages"}],"about":[{"href":"https:\/\/tva-foundation.org\/es\/wp-json\/wp\/v2\/types\/page"}],"author":[{"embeddable":true,"href":"https:\/\/tva-foundation.org\/es\/wp-json\/wp\/v2\/users\/38320787"}],"replies":[{"embeddable":true,"href":"https:\/\/tva-foundation.org\/es\/wp-json\/wp\/v2\/comments?post=4298"}],"version-history":[{"count":19,"href":"https:\/\/tva-foundation.org\/es\/wp-json\/wp\/v2\/pages\/4298\/revisions"}],"predecessor-version":[{"id":7997,"href":"https:\/\/tva-foundation.org\/es\/wp-json\/wp\/v2\/pages\/4298\/revisions\/7997"}],"wp:featuredmedia":[{"embeddable":true,"href":"https:\/\/tva-foundation.org\/es\/wp-json\/wp\/v2\/media\/4299"}],"wp:attachment":[{"href":"https:\/\/tva-foundation.org\/es\/wp-json\/wp\/v2\/media?parent=4298"}],"curies":[{"name":"wp","href":"https:\/\/api.w.org\/{rel}","templated":true}]}}