{"id":4321,"date":"2024-01-03T18:31:55","date_gmt":"2024-01-03T17:31:55","guid":{"rendered":"https:\/\/tva-foundation.org\/?page_id=4321"},"modified":"2025-12-19T15:10:33","modified_gmt":"2025-12-19T14:10:33","slug":"agb","status":"publish","type":"page","link":"https:\/\/tva-foundation.org\/es\/agb\/","title":{"rendered":"AGB\/Condiciones generales"},"content":{"rendered":"<div data-elementor-type=\"wp-page\" data-elementor-id=\"4321\" class=\"elementor elementor-4321\" data-elementor-post-type=\"page\">\n\t\t\t\t<div class=\"elementor-element elementor-element-3451dc6 e-flex e-con-boxed e-con e-parent\" data-id=\"3451dc6\" data-element_type=\"container\" data-e-type=\"container\">\n\t\t\t\t\t<div class=\"e-con-inner\">\n\t\t\t\t<div class=\"elementor-element elementor-element-32774b4 elementor-widget elementor-widget-heading\" data-id=\"32774b4\" data-element_type=\"widget\" data-e-type=\"widget\" data-widget_type=\"heading.default\">\n\t\t\t\t<div class=\"elementor-widget-container\">\n\t\t\t\t\t<h4 class=\"elementor-heading-title elementor-size-default\">Allgemeine Gesch\u00e4ftsbedingungen (AGB) - T\u00e9rminos y condiciones<\/h4>\t\t\t\t<\/div>\n\t\t\t\t<\/div>\n\t\t\t\t\t<\/div>\n\t\t\t\t<\/div>\n\t\t<div class=\"elementor-element elementor-element-0e77d6f e-flex e-con-boxed e-con e-parent\" data-id=\"0e77d6f\" data-element_type=\"container\" data-e-type=\"container\">\n\t\t\t\t\t<div class=\"e-con-inner\">\n\t\t\t\t<div class=\"elementor-element elementor-element-3f66eaa elementor-widget elementor-widget-spacer\" data-id=\"3f66eaa\" data-element_type=\"widget\" data-e-type=\"widget\" data-widget_type=\"spacer.default\">\n\t\t\t\t<div class=\"elementor-widget-container\">\n\t\t\t\t\t\t\t<div class=\"elementor-spacer\">\n\t\t\t<div class=\"elementor-spacer-inner\"><\/div>\n\t\t<\/div>\n\t\t\t\t\t\t<\/div>\n\t\t\t\t<\/div>\n\t\t\t\t\t<\/div>\n\t\t\t\t<\/div>\n\t\t<div class=\"elementor-element elementor-element-84328a9 e-flex e-con-boxed e-con e-parent\" data-id=\"84328a9\" data-element_type=\"container\" data-e-type=\"container\">\n\t\t\t\t\t<div class=\"e-con-inner\">\n\t\t\t\t<div class=\"elementor-element elementor-element-6c342e8 elementor-widget elementor-widget-text-editor\" data-id=\"6c342e8\" data-element_type=\"widget\" data-e-type=\"widget\" data-widget_type=\"text-editor.default\">\n\t\t\t\t<div class=\"elementor-widget-container\">\n\t\t\t\t\t\t\t\t\t<p><strong>1. Geltungsbereich (\u00c1mbito de aplicaci\u00f3n):<\/strong><\/p><p>Estas Condiciones Generales de Contrataci\u00f3n (AGB) regulan el uso del sitio web <a href=\"http:\/\/www.TvA-Foundation.org\" rel=\"nofollow\">http:\/\/www.TvA-Foundation.org<\/a> (en adelante \"Sitio Web\") por el Usuario.<\/p><p>(Las presentes Condiciones Generales regulan el uso del <a href=\"http:\/\/www.TvA-Foundation.org\" rel=\"nofollow\">http:\/\/www.TvA-Foundation.org<\/a> sitio web (en adelante, el \"Sitio Web\") por los usuarios).<\/p><p><strong>2. Nutzung der Website (Uso del sitio web):<\/strong><\/p><p>a) El sitio web contiene informaci\u00f3n sobre las actividades y proyectos de la Comisi\u00f3n Europea. <strong>Fundaci\u00f3n Internacional Theodora von Auersperg<\/strong> (nachfolgend \"Organizaci\u00f3n\").<\/p><p>(a) El Sitio Web est\u00e1 destinado a informar sobre las actividades y proyectos de <strong>Fundaci\u00f3n Internacional Theodora von Auersperg<\/strong> (en adelante, la \"Organizaci\u00f3n\").<\/p><p>b) Los usuarios se comprometen a utilizar el sitio web \u00fanicamente para fines no comerciales.<\/p><p>(b) Los usuarios se comprometen a utilizar el Sitio Web \u00fanicamente con fines l\u00edcitos y no comerciales.<\/p><p><strong>3. Haftungsausschluss (Descargo de responsabilidad):<\/strong><\/p><p>a) La Organizaci\u00f3n no se responsabiliza de la exactitud, integridad o actualidad de la informaci\u00f3n proporcionada en el Sitio Web.<\/p><p>(a) La Organizaci\u00f3n no garantiza la exactitud, integridad o actualidad de la informaci\u00f3n proporcionada en el Sitio Web.<\/p><p>b) Die Organisation haftet nicht f\u00fcr Sch\u00e4den, die durch die Nutzung der Website oder die Unm\u00f6glichkeit der Nutzung entstehen.<\/p><p>(b) La Organizaci\u00f3n no se hace responsable de los da\u00f1os derivados del uso o de la imposibilidad de uso del Sitio Web.<\/p><p><strong>4. Datenschutz (Protecci\u00f3n de datos):<\/strong><\/p><p>El tratamiento de datos personales se lleva a cabo de conformidad con las normas de la UE. <a href=\"https:\/\/tva-foundation.org\/es\/privacy-policy\/\">Datenschutzerkl\u00e4rung<\/a>.<\/p><p>(El uso de datos personales est\u00e1 sujeto a las disposiciones de la <a href=\"https:\/\/tva-foundation.org\/es\/privacy-policy\/\">Pol\u00edtica de privacidad<\/a>.)<\/p><p><strong>5. \u00c4nderungen der AGB (Modificaciones de las Condiciones Generales):<\/strong><\/p><p>Die Organisation beh\u00e4lt sich das Recht vor, diese AGB jederzeit zu \u00e4ndern. Los usuarios ser\u00e1n informados puntualmente de las modificaciones.<\/p><p>(La Organizaci\u00f3n se reserva el derecho de modificar estas Condiciones Generales en cualquier momento. Los usuarios ser\u00e1n informados oportunamente de los cambios).<\/p><p><strong>6. Schlussbestimmungen (Disposiciones finales):<\/strong><\/p><p>Es gilt \u00f6sterreichisches oder bulgarisches Recht. La sede de la organizaci\u00f3n es Sof\u00eda (Bulgaria).<\/p><p>(Se aplica la legislaci\u00f3n austriaca o b\u00falgara. El fuero competente es el domicilio social de la Organizaci\u00f3n en Sof\u00eda, Bulgaria).<\/p><p>M\u00e1s detalles en <a href=\"https:\/\/tva-foundation.org\/es\/terms-of-use\/\"><strong>Condiciones de uso<\/strong><\/a><\/p>\t\t\t\t\t\t\t\t<\/div>\n\t\t\t\t<\/div>\n\t\t\t\t\t<\/div>\n\t\t\t\t<\/div>\n\t\t<div class=\"elementor-element elementor-element-43ed57c e-flex e-con-boxed e-con e-parent\" data-id=\"43ed57c\" data-element_type=\"container\" data-e-type=\"container\">\n\t\t\t\t\t<div class=\"e-con-inner\">\n\t\t\t\t<div class=\"elementor-element elementor-element-bd98993 elementor-widget elementor-widget-spacer\" data-id=\"bd98993\" data-element_type=\"widget\" data-e-type=\"widget\" data-widget_type=\"spacer.default\">\n\t\t\t\t<div class=\"elementor-widget-container\">\n\t\t\t\t\t\t\t<div class=\"elementor-spacer\">\n\t\t\t<div class=\"elementor-spacer-inner\"><\/div>\n\t\t<\/div>\n\t\t\t\t\t\t<\/div>\n\t\t\t\t<\/div>\n\t\t\t\t\t<\/div>\n\t\t\t\t<\/div>\n\t\t\t\t<\/div>","protected":false},"excerpt":{"rendered":"<p>Allgemeine Gesch\u00e4ftsbedingungen (AGB) &#8211; Terms and Conditions 1. Geltungsbereich (Scope of Application): Diese Allgemeinen Gesch\u00e4ftsbedingungen (AGB) regeln die Nutzung der Website <a href=\"http:\/\/www.TvA-Foundation.org\" rel=\"nofollow\">http:\/\/www.TvA-Foundation.org<\/a> (nachfolgend &#8220;Website&#8221;) durch die Nutzer. (These Terms and Conditions govern the use of the <a href=\"http:\/\/www.TvA-Foundation.org\" rel=\"nofollow\">http:\/\/www.TvA-Foundation.org<\/a> website (hereinafter &#8220;Website&#8221;) by users.) 2. Nutzung der Website (Use of the Website): a) Die Website dient der [&hellip;]<\/p>\n","protected":false},"author":38320787,"featured_media":441,"parent":0,"menu_order":0,"comment_status":"closed","ping_status":"closed","template":"","meta":{"footnotes":""},"class_list":["post-4321","page","type-page","status-publish","has-post-thumbnail","hentry"],"jetpack_likes_enabled":true,"jetpack_sharing_enabled":true,"jetpack_shortlink":"https:\/\/wp.me\/Pf58jH-17H","jetpack-related-posts":[],"_links":{"self":[{"href":"https:\/\/tva-foundation.org\/es\/wp-json\/wp\/v2\/pages\/4321","targetHints":{"allow":["GET"]}}],"collection":[{"href":"https:\/\/tva-foundation.org\/es\/wp-json\/wp\/v2\/pages"}],"about":[{"href":"https:\/\/tva-foundation.org\/es\/wp-json\/wp\/v2\/types\/page"}],"author":[{"embeddable":true,"href":"https:\/\/tva-foundation.org\/es\/wp-json\/wp\/v2\/users\/38320787"}],"replies":[{"embeddable":true,"href":"https:\/\/tva-foundation.org\/es\/wp-json\/wp\/v2\/comments?post=4321"}],"version-history":[{"count":43,"href":"https:\/\/tva-foundation.org\/es\/wp-json\/wp\/v2\/pages\/4321\/revisions"}],"predecessor-version":[{"id":22141,"href":"https:\/\/tva-foundation.org\/es\/wp-json\/wp\/v2\/pages\/4321\/revisions\/22141"}],"wp:featuredmedia":[{"embeddable":true,"href":"https:\/\/tva-foundation.org\/es\/wp-json\/wp\/v2\/media\/441"}],"wp:attachment":[{"href":"https:\/\/tva-foundation.org\/es\/wp-json\/wp\/v2\/media?parent=4321"}],"curies":[{"name":"wp","href":"https:\/\/api.w.org\/{rel}","templated":true}]}}