{"id":4331,"date":"2024-01-03T18:48:43","date_gmt":"2024-01-03T17:48:43","guid":{"rendered":"https:\/\/tva-foundation.org\/?page_id=4331"},"modified":"2025-03-07T10:05:55","modified_gmt":"2025-03-07T09:05:55","slug":"terms-of-use","status":"publish","type":"page","link":"https:\/\/tva-foundation.org\/es\/terms-of-use\/","title":{"rendered":"Condiciones generales"},"content":{"rendered":"<div data-elementor-type=\"wp-page\" data-elementor-id=\"4331\" class=\"elementor elementor-4331\" data-elementor-post-type=\"page\">\n\t\t\t\t<div class=\"elementor-element elementor-element-84328a9 e-flex e-con-boxed e-con e-parent\" data-id=\"84328a9\" data-element_type=\"container\" data-e-type=\"container\">\n\t\t\t\t\t<div class=\"e-con-inner\">\n\t\t\t\t<div class=\"elementor-element elementor-element-6c342e8 elementor-widget elementor-widget-text-editor\" data-id=\"6c342e8\" data-element_type=\"widget\" data-e-type=\"widget\" data-widget_type=\"text-editor.default\">\n\t\t\t\t<div class=\"elementor-widget-container\">\n\t\t\t\t\t\t\t\t\t<div class=\"elementor-element elementor-element-a8f7898 e-flex e-con-boxed e-con e-parent\" data-id=\"a8f7898\" data-element_type=\"container\" data-settings=\"{&quot;content_width&quot;:&quot;boxed&quot;}\" data-core-v316-plus=\"true\"><div class=\"e-con-inner\"><div class=\"elementor-element elementor-element-8f3bbe4 elementor-widget elementor-widget-heading\" data-id=\"8f3bbe4\" data-element_type=\"widget\" data-widget_type=\"heading.default\"><div class=\"elementor-widget-container\"><h4 class=\"elementor-heading-title elementor-size-default\">Descargo de responsabilidad<\/h4><\/div><\/div><\/div><\/div><div class=\"elementor-element elementor-element-efc2ca8 e-flex e-con-boxed e-con e-parent\" data-id=\"efc2ca8\" data-element_type=\"container\" data-settings=\"{&quot;content_width&quot;:&quot;boxed&quot;}\" data-core-v316-plus=\"true\"><div class=\"e-con-inner\"><div class=\"elementor-element elementor-element-c9b40bb elementor-widget elementor-widget-spacer\" data-id=\"c9b40bb\" data-element_type=\"widget\" data-widget_type=\"spacer.default\"><div class=\"elementor-widget-container\"><div class=\"elementor-spacer\"><div class=\"elementor-spacer-inner\">La informaci\u00f3n proporcionada en este sitio web tiene \u00fanicamente fines informativos generales.  Si bien nos esforzamos por mantener la informaci\u00f3n actualizada y precisa, no hacemos representaciones o garant\u00edas de ning\u00fan tipo, expresa o impl\u00edcita, acerca de la integridad, exactitud, fiabilidad, adecuaci\u00f3n o disponibilidad con respecto al sitio web o la informaci\u00f3n, productos, servicios o gr\u00e1ficos relacionados contenidos en este sitio web para cualquier prop\u00f3sito.  Por lo tanto, cualquier confianza que deposite en dicha informaci\u00f3n ser\u00e1 estrictamente por su cuenta y riesgo.<\/div><\/div><\/div><\/div><\/div><\/div><div class=\"elementor-element elementor-element-d1c2179 e-flex e-con-boxed e-con e-parent\" data-id=\"d1c2179\" data-element_type=\"container\" data-settings=\"{&quot;content_width&quot;:&quot;boxed&quot;}\" data-core-v316-plus=\"true\"><div class=\"e-con-inner\"><div class=\"elementor-element elementor-element-531fd99 elementor-widget elementor-widget-text-editor\" data-id=\"531fd99\" data-element_type=\"widget\" data-widget_type=\"text-editor.default\"><div class=\"elementor-widget-container\"><div class=\"text-orange-500 markdown prose w-full break-words dark:prose-invert light\"><p>En ning\u00fan caso seremos responsables de cualquier p\u00e9rdida o da\u00f1o, incluidos, entre otros, p\u00e9rdidas o da\u00f1os indirectos o consecuentes, o cualquier p\u00e9rdida o da\u00f1o derivado de la p\u00e9rdida de datos o beneficios que se deriven del uso de este sitio web o est\u00e9n relacionados con \u00e9l.<\/p><p>A trav\u00e9s de este sitio web, puede enlazar con otros sitios web que no est\u00e1n bajo el control de <strong>Fundaci\u00f3n Internacional TvA<\/strong>.  No tenemos control alguno sobre la naturaleza, el contenido y la disponibilidad de dichos sitios.  La inclusi\u00f3n de cualquier enlace no implica necesariamente una recomendaci\u00f3n o aprobaci\u00f3n de las opiniones expresadas en ellos.<\/p><p><strong>Hacemos todo lo posible por mantener <a href=\"http:\/\/www.TvAFoundation.org\" rel=\"nofollow noopener\" target=\"_blank\">http:\/\/www.TvAFoundation.org<\/a> y que funcione sin problemas.  Sin embargo, la Fundaci\u00f3n TvA International no se responsabiliza de, ni ser\u00e1 responsable de <a href=\"http:\/\/www.TvAFoundation.org\" rel=\"nofollow noopener\" target=\"_blank\">http:\/\/www.TvAFoundation.org<\/a> no est\u00e1 disponible temporalmente debido a problemas t\u00e9cnicos ajenos a nuestra voluntad.<\/strong><\/p><\/div><\/div><\/div><\/div><\/div><p><strong>1. 1. Aceptaci\u00f3n de las condiciones:<\/strong><\/p><ul><li>Al acceder y utilizar <a href=\"http:\/\/www.TvAFoundation.org\" rel=\"nofollow\">http:\/\/www.TvAFoundation.org<\/a> (el \"Sitio Web\"), usted acepta cumplir y quedar vinculado por las presentes Condiciones de Uso. Si no est\u00e1 de acuerdo con alguna parte de estas condiciones, le rogamos que no utilice el Sitio Web.<\/li><\/ul><p><strong>2. Conducta del usuario:<\/strong><\/p><ul><li>a) Usted se compromete a utilizar el Sitio Web con fines l\u00edcitos y adecuados.<\/li><li>b) Usted es responsable de todo el contenido que publique o cargue en el Sitio Web, y no debe violar ninguna ley aplicable ni infringir los derechos de terceros.<\/li><\/ul><p><strong>3. Propiedad intelectual:<\/strong><\/p><ul><li>a) Todo el contenido del Sitio Web, incluidos textos, gr\u00e1ficos, logotipos, im\u00e1genes y software, es propiedad de <strong>Fundaci\u00f3n Internacional Theodora von Auersperg<\/strong> y est\u00e1 protegido por las leyes de propiedad intelectual.<\/li><li>b) No podr\u00e1 reproducir, distribuir, modificar o utilizar de cualquier otro modo ning\u00fan contenido del sitio web sin el consentimiento previo por escrito.<\/li><\/ul><p><strong>4. Privacidad:<\/strong><\/p><ul><li>El uso que usted haga del sitio web tambi\u00e9n se rige por nuestra pol\u00edtica de privacidad. <a href=\"https:\/\/tva-foundation.org\/es\/privacy-policy\/\">Pol\u00edtica de privacidad<\/a>que explica c\u00f3mo recopilamos, utilizamos y revelamos su informaci\u00f3n personal.<\/li><\/ul><p><strong>5. Enlaces de terceros:<\/strong><\/p><ul><li>El Sitio Web puede contener enlaces a sitios web de terceros. <strong>Fundaci\u00f3n Internacional TvA<\/strong> no es responsable del contenido o las pr\u00e1cticas de estos sitios web, y su inclusi\u00f3n no implica aprobaci\u00f3n.<\/li><\/ul><p><strong>6. Limitaci\u00f3n de responsabilidad:<\/strong><\/p><ul><li>a) <strong>Fundaci\u00f3n Internacional TvA<\/strong> no se hace responsable de ning\u00fan da\u00f1o directo, indirecto, incidental, consecuente o punitivo derivado del uso que usted haga del Sitio Web.<\/li><li>b) El Sitio Web se proporciona \"tal cual\", y <strong>Fundaci\u00f3n Internacional TvA<\/strong> no ofrece garant\u00edas, expresas o impl\u00edcitas, sobre su exactitud, integridad o adecuaci\u00f3n a un fin determinado.<\/li><\/ul><p><strong>7. Modificaciones de las condiciones:<\/strong><\/p><ul><li><strong>Fundaci\u00f3n Internacional TvA<\/strong> se reserva el derecho de actualizar o modificar estas Condiciones de uso en cualquier momento. Los cambios entrar\u00e1n en vigor inmediatamente despu\u00e9s de su publicaci\u00f3n en el sitio web. El uso continuado del sitio web implica la aceptaci\u00f3n de las condiciones modificadas.<\/li><\/ul><p><strong>8. Ley aplicable:<\/strong><\/p><ul><li>Estas condiciones de uso se rigen e interpretan de acuerdo con las leyes de Austria y Bulgaria. Cualquier disputa que surja bajo o en relaci\u00f3n con estos t\u00e9rminos estar\u00e1 sujeta a la jurisdicci\u00f3n exclusiva de los tribunales de Austria o Bulgaria.<\/li><\/ul>\t\t\t\t\t\t\t\t<\/div>\n\t\t\t\t<\/div>\n\t\t\t\t\t<\/div>\n\t\t\t\t<\/div>\n\t\t\t\t<\/div>","protected":false},"excerpt":{"rendered":"<p>Disclaimer The information provided on this website is for general informational purposes only. \u00a0While we strive to keep the information up-to-date and accurate, we make no representations or warranties of any kind, express or implied, about the completeness, accuracy, reliability, suitability, or availability with respect to website or the information, products, services, or related graphics [&hellip;]<\/p>\n","protected":false},"author":38320787,"featured_media":4332,"parent":0,"menu_order":0,"comment_status":"closed","ping_status":"closed","template":"","meta":{"footnotes":""},"class_list":["post-4331","page","type-page","status-publish","has-post-thumbnail","hentry"],"jetpack_likes_enabled":true,"jetpack_sharing_enabled":true,"jetpack_shortlink":"https:\/\/wp.me\/Pf58jH-17R","jetpack-related-posts":[],"_links":{"self":[{"href":"https:\/\/tva-foundation.org\/es\/wp-json\/wp\/v2\/pages\/4331","targetHints":{"allow":["GET"]}}],"collection":[{"href":"https:\/\/tva-foundation.org\/es\/wp-json\/wp\/v2\/pages"}],"about":[{"href":"https:\/\/tva-foundation.org\/es\/wp-json\/wp\/v2\/types\/page"}],"author":[{"embeddable":true,"href":"https:\/\/tva-foundation.org\/es\/wp-json\/wp\/v2\/users\/38320787"}],"replies":[{"embeddable":true,"href":"https:\/\/tva-foundation.org\/es\/wp-json\/wp\/v2\/comments?post=4331"}],"version-history":[{"count":53,"href":"https:\/\/tva-foundation.org\/es\/wp-json\/wp\/v2\/pages\/4331\/revisions"}],"predecessor-version":[{"id":16424,"href":"https:\/\/tva-foundation.org\/es\/wp-json\/wp\/v2\/pages\/4331\/revisions\/16424"}],"wp:featuredmedia":[{"embeddable":true,"href":"https:\/\/tva-foundation.org\/es\/wp-json\/wp\/v2\/media\/4332"}],"wp:attachment":[{"href":"https:\/\/tva-foundation.org\/es\/wp-json\/wp\/v2\/media?parent=4331"}],"curies":[{"name":"wp","href":"https:\/\/api.w.org\/{rel}","templated":true}]}}