{"id":6678,"date":"2024-01-19T17:57:14","date_gmt":"2024-01-19T16:57:14","guid":{"rendered":"https:\/\/tva-foundation.org\/terms\/"},"modified":"2024-02-07T09:47:46","modified_gmt":"2024-02-07T08:47:46","slug":"shipping-delivery","status":"publish","type":"page","link":"https:\/\/tva-foundation.org\/es\/shipping-delivery\/","title":{"rendered":"Env\u00edo y entrega"},"content":{"rendered":"<div data-elementor-type=\"wp-page\" data-elementor-id=\"6678\" class=\"elementor elementor-6678\" data-elementor-post-type=\"page\">\n\t\t\t\t<div class=\"elementor-element elementor-element-cfc9a01 e-flex e-con-boxed e-con e-parent\" data-id=\"cfc9a01\" data-element_type=\"container\" data-e-type=\"container\">\n\t\t\t\t\t<div class=\"e-con-inner\">\n\t\t\t\t<div class=\"elementor-element elementor-element-85362aa elementor-widget elementor-widget-text-editor\" data-id=\"85362aa\" data-element_type=\"widget\" data-e-type=\"widget\" data-widget_type=\"text-editor.default\">\n\t\t\t\t<div class=\"elementor-widget-container\">\n\t\t\t\t\t\t\t\t\t<h5><strong>ENV\u00cdO:<\/strong><\/h5><p><strong>Nota: <\/strong>Los precios indicados en las p\u00e1ginas de productos incluyen el impuesto sobre el valor a\u00f1adido (IVA) legal y otros componentes del precio.<\/p><p><strong>ENVIAMOS A:<\/strong><\/p><p>Austria, Alemania, Suiza, Liechtenstein, Italia, Espa\u00f1a (excepto Canarias), Francia (continental), Pa\u00edses Bajos, Luxemburgo, B\u00e9lgica, Irlanda, Suecia, Finlandia, Dinamarca, Portugal, Polonia, Rep\u00fablica Checa, Bulgaria, Ruman\u00eda, Croacia, Hungr\u00eda, Letonia, Estonia, Lituania, Eslovaquia, Eslovenia, Grecia.<\/p><p>Para env\u00edos a pa\u00edses no incluidos en la lista anterior, p\u00f3ngase en contacto con nosotros directamente.<\/p><p>No realizamos env\u00edos a apartados de correos ni a centros de entrega\/recogida.<\/p><p>Trabajamos con varios proveedores de servicios de env\u00edo. No podemos controlar individualmente qu\u00e9 proveedor de servicios enviar\u00e1 espec\u00edficamente su paquete. Dependiendo de cu\u00e1ndo est\u00e9 listo su paquete para el env\u00edo y de la regi\u00f3n a la que se env\u00ede el pedido, lo entregamos al proveedor de servicios que pueda entregarlo lo antes posible.<\/p><p>Para paquetes especialmente grandes, colaboramos con la empresa de log\u00edstica DACHSER.<\/p><p>En cuanto haya completado el pedido, \u00e9ste pasar\u00e1 directamente a producci\u00f3n. Una vez que su pedido se haya producido por completo y est\u00e9 listo para su env\u00edo, recibir\u00e1 una confirmaci\u00f3n de env\u00edo por correo electr\u00f3nico.<\/p><p>Una vez que su paquete haya salido de nuestras instalaciones, recibir\u00e1 un enlace de seguimiento, desde el que podr\u00e1 saber exactamente qu\u00e9 proveedor de servicios le entregar\u00e1 el paquete. Normalmente, realizamos la entrega en un plazo de 10 d\u00edas laborables desde el momento de su pedido.<\/p><p>\u00a0<\/p><h5><strong>REVOCACI\u00d3N: <\/strong><\/h5><p>Dado que todos los art\u00edculos fabricados por nosotros son por encargo, productos individuales hechos a medida, quedan excluidos de la revocaci\u00f3n.<\/p><p>\u00a0<\/p><h5><strong>ANULACI\u00d3N\/DEVOLUCIONES:\u00a0<\/strong><\/h5><p>Dado que ofrecemos casi exclusivamente productos personalizados y por encargo, \u00e9stos est\u00e1n exentos de la pol\u00edtica de cambios habitual.<\/p><p>Para cumplir nuestros plazos de entrega y mantenerlos lo m\u00e1s cortos posible, la producci\u00f3n de su pedido comienza inmediatamente despu\u00e9s de su recepci\u00f3n. Por lo tanto, no es posible realizar cambios o cancelar su pedido posteriormente. Al tratarse de productos hechos a medida, tampoco se aceptan devoluciones.<\/p><p>Sin embargo, su satisfacci\u00f3n es muy importante para nosotros. Si no est\u00e1 satisfecho con alguno de sus productos, env\u00edenos un correo electr\u00f3nico a saveasoul@tvafoundation.org. Por favor, adjunte 2-3 fotos del producto recibido directamente a su correo electr\u00f3nico y explique brevemente por qu\u00e9 no est\u00e1 satisfecho. Estaremos encantados de estudiar individualmente una soluci\u00f3n adecuada para usted.<\/p><p>Los gastos de env\u00edo originales no son reembolsables. Usted es responsable de los gastos de env\u00edo y manipulaci\u00f3n de la devoluci\u00f3n, que no se reembolsar\u00e1n.<\/p><section id=\"shopify-section-template--16054537486490__main\" class=\"shopify-section page-section\"><div class=\"page page--narrow\" data-section-id=\"template--16054537486490__main\" data-section-type=\"page\"><div class=\"page__inner\"><div class=\"site-container\"><div class=\"page__rte ff-body rte rte--page\"><p class=\"p5\">LA MERCANC\u00cdA INTERNACIONAL ES VENTA FINAL Y NO ADMITE CAMBIOS NI DEVOLUCIONES.<\/p><p>\u00a0<\/p><\/div><\/div><\/div><\/div><\/section><h5><strong>FORMAS DE PAGO:<\/strong><\/h5><p><strong>ACEPTAMOS:<\/strong> Visa, Mastercard, American Express, Discover, ApplePay y PayPal.<\/p>\t\t\t\t\t\t\t\t<\/div>\n\t\t\t\t<\/div>\n\t\t\t\t\t<\/div>\n\t\t\t\t<\/div>\n\t\t\t\t<\/div>","protected":false},"excerpt":{"rendered":"<p>SHIPPING: Note: The prices given on product pages are inclusive of statutory value-added tax (VAT) and other price components. WE SHIP TO: Austria, Germany, Switzerland, Liechtenstein, Italy, Spain (except Canary Islands), France (Mainland), Netherlands, Luxemburg, Belgium, Irland, Sweden, Finnland, Denmark, Portugal, Poland, Czech Republic, Bulgaria, Romania, Croatia, Hungary, Latvia, Estonia, Lithuania, Slovakia, Slovenia, Greece For [&hellip;]<\/p>\n","protected":false},"author":38320789,"featured_media":7515,"parent":0,"menu_order":0,"comment_status":"closed","ping_status":"closed","template":"","meta":{"jetpack_post_was_ever_published":true,"footnotes":""},"class_list":["post-6678","page","type-page","status-publish","has-post-thumbnail","hentry"],"jetpack_likes_enabled":true,"jetpack_sharing_enabled":true,"jetpack_shortlink":"https:\/\/wp.me\/Pf58jH-1JI","jetpack-related-posts":[],"_links":{"self":[{"href":"https:\/\/tva-foundation.org\/es\/wp-json\/wp\/v2\/pages\/6678","targetHints":{"allow":["GET"]}}],"collection":[{"href":"https:\/\/tva-foundation.org\/es\/wp-json\/wp\/v2\/pages"}],"about":[{"href":"https:\/\/tva-foundation.org\/es\/wp-json\/wp\/v2\/types\/page"}],"author":[{"embeddable":true,"href":"https:\/\/tva-foundation.org\/es\/wp-json\/wp\/v2\/users\/38320789"}],"replies":[{"embeddable":true,"href":"https:\/\/tva-foundation.org\/es\/wp-json\/wp\/v2\/comments?post=6678"}],"version-history":[{"count":49,"href":"https:\/\/tva-foundation.org\/es\/wp-json\/wp\/v2\/pages\/6678\/revisions"}],"predecessor-version":[{"id":7600,"href":"https:\/\/tva-foundation.org\/es\/wp-json\/wp\/v2\/pages\/6678\/revisions\/7600"}],"wp:featuredmedia":[{"embeddable":true,"href":"https:\/\/tva-foundation.org\/es\/wp-json\/wp\/v2\/media\/7515"}],"wp:attachment":[{"href":"https:\/\/tva-foundation.org\/es\/wp-json\/wp\/v2\/media?parent=6678"}],"curies":[{"name":"wp","href":"https:\/\/api.w.org\/{rel}","templated":true}]}}