{"id":8005,"date":"2024-02-23T09:41:12","date_gmt":"2024-02-23T08:41:12","guid":{"rendered":"https:\/\/tva-foundation.org\/?page_id=8005"},"modified":"2026-01-19T18:28:16","modified_gmt":"2026-01-19T17:28:16","slug":"projects","status":"publish","type":"page","link":"https:\/\/tva-foundation.org\/es\/projects\/","title":{"rendered":"PROYECTOS"},"content":{"rendered":"<div data-elementor-type=\"wp-page\" data-elementor-id=\"8005\" class=\"elementor elementor-8005\" data-elementor-post-type=\"page\">\n\t\t\t\t<div class=\"elementor-element elementor-element-2c1a4b6 e-flex e-con-boxed e-con e-parent\" data-id=\"2c1a4b6\" data-element_type=\"container\" data-e-type=\"container\">\n\t\t\t\t\t<div class=\"e-con-inner\">\n\t\t\t\t<div class=\"elementor-element elementor-element-2e635f7 elementor-widget elementor-widget-heading\" data-id=\"2e635f7\" data-element_type=\"widget\" data-e-type=\"widget\" data-widget_type=\"heading.default\">\n\t\t\t\t<div class=\"elementor-widget-container\">\n\t\t\t\t\t<h4 class=\"elementor-heading-title elementor-size-default\">Proyectos de impacto regional<\/h4>\t\t\t\t<\/div>\n\t\t\t\t<\/div>\n\t\t\t\t\t<\/div>\n\t\t\t\t<\/div>\n\t\t<div class=\"elementor-element elementor-element-0edb6e2 e-flex e-con-boxed e-con e-parent\" data-id=\"0edb6e2\" data-element_type=\"container\" data-e-type=\"container\">\n\t\t\t\t\t<div class=\"e-con-inner\">\n\t\t\t\t<div class=\"elementor-element elementor-element-82bfdae elementor-widget elementor-widget-spacer\" data-id=\"82bfdae\" data-element_type=\"widget\" data-e-type=\"widget\" data-widget_type=\"spacer.default\">\n\t\t\t\t<div class=\"elementor-widget-container\">\n\t\t\t\t\t\t\t<div class=\"elementor-spacer\">\n\t\t\t<div class=\"elementor-spacer-inner\"><\/div>\n\t\t<\/div>\n\t\t\t\t\t\t<\/div>\n\t\t\t\t<\/div>\n\t\t\t\t\t<\/div>\n\t\t\t\t<\/div>\n\t\t<div class=\"elementor-element elementor-element-d9fd988 e-flex e-con-boxed e-con e-parent\" data-id=\"d9fd988\" data-element_type=\"container\" data-e-type=\"container\">\n\t\t\t\t\t<div class=\"e-con-inner\">\n\t\t\t\t<div class=\"elementor-element elementor-element-0e56096 elementor-widget elementor-widget-text-editor\" data-id=\"0e56096\" data-element_type=\"widget\" data-e-type=\"widget\" data-widget_type=\"text-editor.default\">\n\t\t\t\t<div class=\"elementor-widget-container\">\n\t\t\t\t\t\t\t\t\t<p>Embarcarse en un viaje de impacto regional - objetivo principal <strong>BULGARIA<\/strong> - mientras nos adentramos en el coraz\u00f3n de <strong>Fundaci\u00f3n Internacional Theodora von Auersperg<\/strong> proyectos diversos.  Nuestro compromiso con el cambio positivo se extiende a todos los rincones del planeta, y en esta p\u00e1gina descubrir\u00e1 las iniciativas que est\u00e1n forjando un futuro mejor en regiones concretas. Desde el fomento del desarrollo comunitario hasta la respuesta a retos \u00fanicos, cada proyecto es un testimonio de nuestra dedicaci\u00f3n a lograr un impacto duradero all\u00ed donde m\u00e1s importa. Acomp\u00e1\u00f1enos en la exploraci\u00f3n de estos esfuerzos regionales y participe en el viaje transformador en el que trabajamos para crear un mundo mejor: un proyecto, una regi\u00f3n cada vez.<\/p>\t\t\t\t\t\t\t\t<\/div>\n\t\t\t\t<\/div>\n\t\t\t\t\t<\/div>\n\t\t\t\t<\/div>\n\t\t<div class=\"elementor-element elementor-element-95a8ad7 e-flex e-con-boxed e-con e-parent\" data-id=\"95a8ad7\" data-element_type=\"container\" data-e-type=\"container\">\n\t\t\t\t\t<div class=\"e-con-inner\">\n\t\t\t\t<div class=\"elementor-element elementor-element-3f00f05 elementor-widget elementor-widget-spacer\" data-id=\"3f00f05\" data-element_type=\"widget\" data-e-type=\"widget\" data-widget_type=\"spacer.default\">\n\t\t\t\t<div class=\"elementor-widget-container\">\n\t\t\t\t\t\t\t<div class=\"elementor-spacer\">\n\t\t\t<div class=\"elementor-spacer-inner\"><\/div>\n\t\t<\/div>\n\t\t\t\t\t\t<\/div>\n\t\t\t\t<\/div>\n\t\t\t\t\t<\/div>\n\t\t\t\t<\/div>\n\t\t<div class=\"elementor-element elementor-element-38d7a80 e-flex e-con-boxed e-con e-parent\" data-id=\"38d7a80\" data-element_type=\"container\" data-e-type=\"container\">\n\t\t\t\t\t<div class=\"e-con-inner\">\n\t\t\t\t<div class=\"elementor-element elementor-element-9a852c1 elementor-widget elementor-widget-helpo_causes_listing\" data-id=\"9a852c1\" data-element_type=\"widget\" data-e-type=\"widget\" data-widget_type=\"helpo_causes_listing.default\">\n\t\t\t\t<div class=\"elementor-widget-container\">\n\t\t\t\t\t\n        <div class=\"helpo_causes_listing_widget\">\n            <div class=\"helpo_causes_listing_wrapper helpo_view_type_1 helpo_columns_3\">\n                \n                    <div class=\"helpo_causes_list_item\">\n                        <div class=\"helpo_causes_list_wrapper\">\n                                                            <div class=\"helpo_info_container\">\n                                    <div class=\"helpo_causes_list_content_container\">\n                                        <h6 class=\"helpo_post_title\">\n                                            <a href=\"https:\/\/tva-foundation.org\/es\/causes\/protection-safety-and-happiness\/\">Protecci\u00f3n, seguridad y felicidad<\/a>\n                                        <\/h6>\n\n                                        <p class=\"helpo_post_excerpt\">Una causa para cada ni\u00f1o<\/p>\n                                    <\/div>\n\n                                    <div class=\"helpo_featured_image_container\">\n                                        <div class=\"helpo_category_container\">\n                                        <span class=\"helpo_category\">Seguridad<\/span>\n                                    <\/div>\n\n                                        <img src=\"https:\/\/tva-foundation.org\/wp-content\/uploads\/2024\/01\/E3BF93FC-D7AC-4CC0-8561-CA3C69C00B0E-640x490.jpeg\" alt=\"TvA International Foundation\" \/>\n                                    <\/div>\n\n                                                                    <\/div>\n\n                                <div class=\"helpo_donate_button_container\">\n                                    <a href=\"https:\/\/tva-foundation.org\/es\/causes\/protection-safety-and-happiness\/\" class=\"helpo_button helpo_button--primary\">+ Donar<\/a>\n                                <\/div>\n                                                        <\/div>\n                    <\/div>\n                    \n                    <div class=\"helpo_causes_list_item\">\n                        <div class=\"helpo_causes_list_wrapper\">\n                                                            <div class=\"helpo_info_container\">\n                                    <div class=\"helpo_causes_list_content_container\">\n                                        <h6 class=\"helpo_post_title\">\n                                            <a href=\"https:\/\/tva-foundation.org\/es\/causes\/esperanze-for-life-center-bulgaria\/\">Centro Esperanza for Life\u2122 - Bulgaria<\/a>\n                                        <\/h6>\n\n                                        <p class=\"helpo_post_excerpt\">Un santuario para la curaci\u00f3n\r\n\r\n<\/p>\n                                    <\/div>\n\n                                    <div class=\"helpo_featured_image_container\">\n                                        <div class=\"helpo_category_container\">\n                                        <span class=\"helpo_category\">Salud<\/span>\n                                    <\/div>\n\n                                        <img src=\"https:\/\/tva-foundation.org\/wp-content\/uploads\/2025\/05\/439B2688-426B-4242-9D91-6A658981C838-640x490.jpg\" alt=\"TvA International Foundation\" \/>\n                                    <\/div>\n\n                                                                    <\/div>\n\n                                <div class=\"helpo_donate_button_container\">\n                                    <a href=\"https:\/\/tva-foundation.org\/es\/causes\/esperanze-for-life-center-bulgaria\/\" class=\"helpo_button helpo_button--primary\">+ Donar<\/a>\n                                <\/div>\n                                                        <\/div>\n                    <\/div>\n                    \n                    <div class=\"helpo_causes_list_item\">\n                        <div class=\"helpo_causes_list_wrapper\">\n                                                            <div class=\"helpo_info_container\">\n                                    <div class=\"helpo_causes_list_content_container\">\n                                        <h6 class=\"helpo_post_title\">\n                                            <a href=\"https:\/\/tva-foundation.org\/es\/causes\/esperanza-for-life-veterinary-ambulatory\/\">Ambulatorio veterinario Esperanza de Vida\u2122 - Plovdiv, Bulgaria<\/a>\n                                        <\/h6>\n\n                                        <p class=\"helpo_post_excerpt\">Centro veterinario ambulatorio de alto impacto\r\n<\/p>\n                                    <\/div>\n\n                                    <div class=\"helpo_featured_image_container\">\n                                        <div class=\"helpo_category_container\">\n                                        <span class=\"helpo_category\">Salud<\/span>\n                                    <\/div>\n\n                                        <img src=\"https:\/\/tva-foundation.org\/wp-content\/uploads\/2026\/01\/Image-8-640x490.jpeg\" alt=\"TvA International Foundation\" \/>\n                                    <\/div>\n\n                                                                    <\/div>\n\n                                <div class=\"helpo_donate_button_container\">\n                                    <a href=\"https:\/\/tva-foundation.org\/es\/causes\/esperanza-for-life-veterinary-ambulatory\/\" class=\"helpo_button helpo_button--primary\">+ Donar<\/a>\n                                <\/div>\n                                                        <\/div>\n                    <\/div>\n                                <\/div>\n\n                            <div class=\"helpo_pagination\">\n                                    <\/div>\n                        <\/div>\n        \t\t\t\t<\/div>\n\t\t\t\t<\/div>\n\t\t\t\t\t<\/div>\n\t\t\t\t<\/div>\n\t\t<div class=\"elementor-element elementor-element-45b32a6 e-flex e-con-boxed e-con e-parent\" data-id=\"45b32a6\" data-element_type=\"container\" data-e-type=\"container\">\n\t\t\t\t\t<div class=\"e-con-inner\">\n\t\t\t\t<div class=\"elementor-element elementor-element-5bbcbba elementor-widget elementor-widget-helpo_button\" data-id=\"5bbcbba\" data-element_type=\"widget\" data-e-type=\"widget\" data-widget_type=\"helpo_button.default\">\n\t\t\t\t<div class=\"elementor-widget-container\">\n\t\t\t\t\t\n        <div class=\"helpo_button_widget\">\n            <div class=\"helpo_button_container\">\n                <a class=\"helpo_button helpo_button--primary\" href=\"https:\/\/tva-foundation.org\/es\/our-causes\/\" target=\"_blank\">NUESTRAS CAUSAS<\/a>\n            <\/div>\n        <\/div>\n        \t\t\t\t<\/div>\n\t\t\t\t<\/div>\n\t\t\t\t\t<\/div>\n\t\t\t\t<\/div>\n\t\t\t\t<\/div>","protected":false},"excerpt":{"rendered":"<p>Regional Impact Projects Embark on a journey of regional impact &#8211; main focus BULGARIA &#8211; as we delve into the heart of Theodora von Auersperg International Foundation&#8217;s diverse projects. \u00a0Our commitment to positive change extends to every corner of the globe, and on this page, you&#8217;ll discover the initiatives that are shaping a brighter future [&hellip;]<\/p>\n","protected":false},"author":38320787,"featured_media":8011,"parent":0,"menu_order":0,"comment_status":"closed","ping_status":"closed","template":"","meta":{"jetpack_post_was_ever_published":false,"footnotes":""},"class_list":["post-8005","page","type-page","status-publish","has-post-thumbnail","hentry"],"jetpack_likes_enabled":true,"jetpack_sharing_enabled":true,"jetpack_shortlink":"https:\/\/wp.me\/Pf58jH-257","jetpack-related-posts":[],"_links":{"self":[{"href":"https:\/\/tva-foundation.org\/es\/wp-json\/wp\/v2\/pages\/8005","targetHints":{"allow":["GET"]}}],"collection":[{"href":"https:\/\/tva-foundation.org\/es\/wp-json\/wp\/v2\/pages"}],"about":[{"href":"https:\/\/tva-foundation.org\/es\/wp-json\/wp\/v2\/types\/page"}],"author":[{"embeddable":true,"href":"https:\/\/tva-foundation.org\/es\/wp-json\/wp\/v2\/users\/38320787"}],"replies":[{"embeddable":true,"href":"https:\/\/tva-foundation.org\/es\/wp-json\/wp\/v2\/comments?post=8005"}],"version-history":[{"count":60,"href":"https:\/\/tva-foundation.org\/es\/wp-json\/wp\/v2\/pages\/8005\/revisions"}],"predecessor-version":[{"id":22558,"href":"https:\/\/tva-foundation.org\/es\/wp-json\/wp\/v2\/pages\/8005\/revisions\/22558"}],"wp:featuredmedia":[{"embeddable":true,"href":"https:\/\/tva-foundation.org\/es\/wp-json\/wp\/v2\/media\/8011"}],"wp:attachment":[{"href":"https:\/\/tva-foundation.org\/es\/wp-json\/wp\/v2\/media?parent=8005"}],"curies":[{"name":"wp","href":"https:\/\/api.w.org\/{rel}","templated":true}]}}