{"id":8320,"date":"2024-04-16T18:39:54","date_gmt":"2024-04-16T16:39:54","guid":{"rendered":"https:\/\/tva-foundation.org\/?page_id=8320"},"modified":"2024-06-15T17:43:12","modified_gmt":"2024-06-15T15:43:12","slug":"partnership-opportunities","status":"publish","type":"page","link":"https:\/\/tva-foundation.org\/es\/partnership-opportunities\/","title":{"rendered":"Oportunidades de asociaci\u00f3n"},"content":{"rendered":"<div data-elementor-type=\"wp-page\" data-elementor-id=\"8320\" class=\"elementor elementor-8320\" data-elementor-post-type=\"page\">\n\t\t\t\t<div class=\"elementor-element elementor-element-ab54848 e-flex e-con-boxed e-con e-parent\" data-id=\"ab54848\" data-element_type=\"container\" data-e-type=\"container\">\n\t\t\t\t\t<div class=\"e-con-inner\">\n\t\t\t\t<div class=\"elementor-element elementor-element-1ffcccf elementor-widget elementor-widget-heading\" data-id=\"1ffcccf\" data-element_type=\"widget\" data-e-type=\"widget\" data-widget_type=\"heading.default\">\n\t\t\t\t<div class=\"elementor-widget-container\">\n\t\t\t\t\t<h4 class=\"elementor-heading-title elementor-size-default\">Bienvenido a nuestra p\u00e1gina de oportunidades de asociaci\u00f3n <\/h4>\t\t\t\t<\/div>\n\t\t\t\t<\/div>\n\t\t\t\t\t<\/div>\n\t\t\t\t<\/div>\n\t\t<div class=\"elementor-element elementor-element-619d69a e-flex e-con-boxed e-con e-parent\" data-id=\"619d69a\" data-element_type=\"container\" data-e-type=\"container\">\n\t\t\t\t\t<div class=\"e-con-inner\">\n\t\t\t\t<div class=\"elementor-element elementor-element-e6dedc3 elementor-widget elementor-widget-spacer\" data-id=\"e6dedc3\" data-element_type=\"widget\" data-e-type=\"widget\" data-widget_type=\"spacer.default\">\n\t\t\t\t<div class=\"elementor-widget-container\">\n\t\t\t\t\t\t\t<div class=\"elementor-spacer\">\n\t\t\t<div class=\"elementor-spacer-inner\"><\/div>\n\t\t<\/div>\n\t\t\t\t\t\t<\/div>\n\t\t\t\t<\/div>\n\t\t\t\t\t<\/div>\n\t\t\t\t<\/div>\n\t\t<div class=\"elementor-element elementor-element-e82d4df e-flex e-con-boxed e-con e-parent\" data-id=\"e82d4df\" data-element_type=\"container\" data-e-type=\"container\">\n\t\t\t\t\t<div class=\"e-con-inner\">\n\t\t\t\t<div class=\"elementor-element elementor-element-cd71437 elementor-widget elementor-widget-text-editor\" data-id=\"cd71437\" data-element_type=\"widget\" data-e-type=\"widget\" data-widget_type=\"text-editor.default\">\n\t\t\t\t<div class=\"elementor-widget-container\">\n\t\t\t\t\t\t\t\t\t<p>Creemos que la colaboraci\u00f3n es clave para impulsar un impacto y una innovaci\u00f3n significativos.<\/p><p>Asociarse con nosotros abre la puerta a un mundo de posibilidades en el que podemos combinar nuestros puntos fuertes para alcanzar objetivos comunes.<\/p><p>Explore las diversas oportunidades de asociaci\u00f3n que le ofrecemos a continuaci\u00f3n y descubra c\u00f3mo podemos crear juntos algo extraordinario.<\/p><p>\u00a0<\/p>\t\t\t\t\t\t\t\t<\/div>\n\t\t\t\t<\/div>\n\t\t\t\t\t<\/div>\n\t\t\t\t<\/div>\n\t\t<div class=\"elementor-element elementor-element-26865ca e-flex e-con-boxed e-con e-parent\" data-id=\"26865ca\" data-element_type=\"container\" data-e-type=\"container\">\n\t\t\t\t\t<div class=\"e-con-inner\">\n\t\t\t\t<div class=\"elementor-element elementor-element-e12d624 elementor-widget elementor-widget-heading\" data-id=\"e12d624\" data-element_type=\"widget\" data-e-type=\"widget\" data-widget_type=\"heading.default\">\n\t\t\t\t<div class=\"elementor-widget-container\">\n\t\t\t\t\t<h4 class=\"elementor-heading-title elementor-size-default\">\u00bfPor qu\u00e9 asociarse con nosotros?<\/h4>\t\t\t\t<\/div>\n\t\t\t\t<\/div>\n\t\t\t\t\t<\/div>\n\t\t\t\t<\/div>\n\t\t<div class=\"elementor-element elementor-element-d00ec37 e-flex e-con-boxed e-con e-parent\" data-id=\"d00ec37\" data-element_type=\"container\" data-e-type=\"container\">\n\t\t\t\t\t<div class=\"e-con-inner\">\n\t\t\t\t<div class=\"elementor-element elementor-element-d9b7f34 elementor-widget elementor-widget-spacer\" data-id=\"d9b7f34\" data-element_type=\"widget\" data-e-type=\"widget\" data-widget_type=\"spacer.default\">\n\t\t\t\t<div class=\"elementor-widget-container\">\n\t\t\t\t\t\t\t<div class=\"elementor-spacer\">\n\t\t\t<div class=\"elementor-spacer-inner\"><\/div>\n\t\t<\/div>\n\t\t\t\t\t\t<\/div>\n\t\t\t\t<\/div>\n\t\t\t\t\t<\/div>\n\t\t\t\t<\/div>\n\t\t<div class=\"elementor-element elementor-element-48664bc e-flex e-con-boxed e-con e-parent\" data-id=\"48664bc\" data-element_type=\"container\" data-e-type=\"container\">\n\t\t\t\t\t<div class=\"e-con-inner\">\n\t\t\t\t<div class=\"elementor-element elementor-element-3733c58 elementor-widget elementor-widget-text-editor\" data-id=\"3733c58\" data-element_type=\"widget\" data-e-type=\"widget\" data-widget_type=\"text-editor.default\">\n\t\t\t\t<div class=\"elementor-widget-container\">\n\t\t\t\t\t\t\t\t\t<ul><li><p><strong><span style=\"color: #d5b448;\">Visi\u00f3n compartida:<\/span><\/strong> Alinee su marca con nuestra misi\u00f3n y nuestros valores, demostrando su compromiso de marcar la diferencia.<\/p><\/li><li><p><strong><span style=\"color: #d5b448;\">Alcance ampliado:<\/span> <\/strong>Acceda a nuestra audiencia y redes para amplificar su mensaje y aumentar la visibilidad de su marca.<\/p><\/li><li><p><strong><span style=\"color: #d5b448;\">Soluciones innovadoras:<\/span> <\/strong>Aunar nuestros recursos y conocimientos para desarrollar soluciones innovadoras que aborden retos clave e impulsen cambios positivos.<\/p><\/li><li><p><strong><span style=\"color: #d5b448;\">Asociaci\u00f3n de marcas: <\/span><\/strong>Benef\u00edciese de una asociaci\u00f3n de marca positiva y mejore su reputaci\u00f3n asoci\u00e1ndose con una organizaci\u00f3n de confianza y respetada.<\/p><\/li><\/ul>\t\t\t\t\t\t\t\t<\/div>\n\t\t\t\t<\/div>\n\t\t\t\t\t<\/div>\n\t\t\t\t<\/div>\n\t\t<div class=\"elementor-element elementor-element-c89a5b9 e-flex e-con-boxed e-con e-parent\" data-id=\"c89a5b9\" data-element_type=\"container\" data-e-type=\"container\">\n\t\t\t\t\t<div class=\"e-con-inner\">\n\t\t\t\t<div class=\"elementor-element elementor-element-33da7a0 elementor-widget elementor-widget-spacer\" data-id=\"33da7a0\" data-element_type=\"widget\" data-e-type=\"widget\" data-widget_type=\"spacer.default\">\n\t\t\t\t<div class=\"elementor-widget-container\">\n\t\t\t\t\t\t\t<div class=\"elementor-spacer\">\n\t\t\t<div class=\"elementor-spacer-inner\"><\/div>\n\t\t<\/div>\n\t\t\t\t\t\t<\/div>\n\t\t\t\t<\/div>\n\t\t\t\t\t<\/div>\n\t\t\t\t<\/div>\n\t\t<div class=\"elementor-element elementor-element-a37890a e-flex e-con-boxed e-con e-parent\" data-id=\"a37890a\" data-element_type=\"container\" data-e-type=\"container\">\n\t\t\t\t\t<div class=\"e-con-inner\">\n\t\t\t\t<div class=\"elementor-element elementor-element-e37535e elementor-widget elementor-widget-heading\" data-id=\"e37535e\" data-element_type=\"widget\" data-e-type=\"widget\" data-widget_type=\"heading.default\">\n\t\t\t\t<div class=\"elementor-widget-container\">\n\t\t\t\t\t<h4 class=\"elementor-heading-title elementor-size-default\">Formas de asociarse<\/h4>\t\t\t\t<\/div>\n\t\t\t\t<\/div>\n\t\t\t\t\t<\/div>\n\t\t\t\t<\/div>\n\t\t<div class=\"elementor-element elementor-element-f0a0d78 e-flex e-con-boxed e-con e-parent\" data-id=\"f0a0d78\" data-element_type=\"container\" data-e-type=\"container\">\n\t\t\t\t\t<div class=\"e-con-inner\">\n\t\t\t\t<div class=\"elementor-element elementor-element-d550c75 elementor-widget elementor-widget-spacer\" data-id=\"d550c75\" data-element_type=\"widget\" data-e-type=\"widget\" data-widget_type=\"spacer.default\">\n\t\t\t\t<div class=\"elementor-widget-container\">\n\t\t\t\t\t\t\t<div class=\"elementor-spacer\">\n\t\t\t<div class=\"elementor-spacer-inner\"><\/div>\n\t\t<\/div>\n\t\t\t\t\t\t<\/div>\n\t\t\t\t<\/div>\n\t\t\t\t\t<\/div>\n\t\t\t\t<\/div>\n\t\t<div class=\"elementor-element elementor-element-a88d5e4 e-flex e-con-boxed e-con e-parent\" data-id=\"a88d5e4\" data-element_type=\"container\" data-e-type=\"container\">\n\t\t\t\t\t<div class=\"e-con-inner\">\n\t\t\t\t<div class=\"elementor-element elementor-element-7315f78 elementor-widget elementor-widget-text-editor\" data-id=\"7315f78\" data-element_type=\"widget\" data-e-type=\"widget\" data-widget_type=\"text-editor.default\">\n\t\t\t\t<div class=\"elementor-widget-container\">\n\t\t\t\t\t\t\t\t\t<ol><li><p><strong><span style=\"color: #d5b448;\">Alianza estrat\u00e9gica: <\/span><\/strong>Colaborar en iniciativas estrat\u00e9gicas a largo plazo que aprovechen nuestros respectivos puntos fuertes y recursos para alcanzar objetivos comunes.<\/p><\/li><li><p><strong><span style=\"color: #d5b448;\">Patrocinio del programa: <\/span><\/strong>Apoye programas, eventos o iniciativas espec\u00edficas que se alineen con los valores y objetivos de su marca, ganando visibilidad y reconocimiento como socio valioso.<\/p><\/li><li><p><strong><span style=\"color: #d5b448;\">Colaboraci\u00f3n de contenidos:<\/span> <\/strong>Cree conjuntamente contenidos como art\u00edculos, v\u00eddeos o seminarios web que ofrezcan informaci\u00f3n valiosa y atraigan a nuestra audiencia com\u00fan.<\/p><\/li><li><p><strong><span style=\"color: #d5b448;\">Campa\u00f1as conjuntas de marketing:<\/span> <\/strong>Lanza campa\u00f1as de marketing conjuntas para promocionar productos, servicios o causas, aprovechando las plataformas y canales de cada uno para lograr el m\u00e1ximo impacto.<\/p><\/li><li><p><strong><span style=\"color: #d5b448;\">Integraci\u00f3n de productos: <\/span><\/strong>Explorar oportunidades de integraci\u00f3n de productos o de marca compartida para crear ofertas innovadoras que aporten valor a\u00f1adido a los clientes.<\/p><\/li><\/ol>\t\t\t\t\t\t\t\t<\/div>\n\t\t\t\t<\/div>\n\t\t\t\t\t<\/div>\n\t\t\t\t<\/div>\n\t\t<div class=\"elementor-element elementor-element-f045859 e-flex e-con-boxed e-con e-parent\" data-id=\"f045859\" data-element_type=\"container\" data-e-type=\"container\">\n\t\t\t\t\t<div class=\"e-con-inner\">\n\t\t\t\t<div class=\"elementor-element elementor-element-a2cee2d elementor-widget elementor-widget-spacer\" data-id=\"a2cee2d\" data-element_type=\"widget\" data-e-type=\"widget\" data-widget_type=\"spacer.default\">\n\t\t\t\t<div class=\"elementor-widget-container\">\n\t\t\t\t\t\t\t<div class=\"elementor-spacer\">\n\t\t\t<div class=\"elementor-spacer-inner\"><\/div>\n\t\t<\/div>\n\t\t\t\t\t\t<\/div>\n\t\t\t\t<\/div>\n\t\t\t\t\t<\/div>\n\t\t\t\t<\/div>\n\t\t<div class=\"elementor-element elementor-element-4e7dfcd e-flex e-con-boxed e-con e-parent\" data-id=\"4e7dfcd\" data-element_type=\"container\" data-e-type=\"container\">\n\t\t\t\t\t<div class=\"e-con-inner\">\n\t\t\t\t<div class=\"elementor-element elementor-element-a541d5e elementor-widget elementor-widget-heading\" data-id=\"a541d5e\" data-element_type=\"widget\" data-e-type=\"widget\" data-widget_type=\"heading.default\">\n\t\t\t\t<div class=\"elementor-widget-container\">\n\t\t\t\t\t<h4 class=\"elementor-heading-title elementor-size-default\">Participa<\/h4>\t\t\t\t<\/div>\n\t\t\t\t<\/div>\n\t\t\t\t\t<\/div>\n\t\t\t\t<\/div>\n\t\t<div class=\"elementor-element elementor-element-149501e e-flex e-con-boxed e-con e-parent\" data-id=\"149501e\" data-element_type=\"container\" data-e-type=\"container\">\n\t\t\t\t\t<div class=\"e-con-inner\">\n\t\t\t\t<div class=\"elementor-element elementor-element-9aee2b1 elementor-widget elementor-widget-spacer\" data-id=\"9aee2b1\" data-element_type=\"widget\" data-e-type=\"widget\" data-widget_type=\"spacer.default\">\n\t\t\t\t<div class=\"elementor-widget-container\">\n\t\t\t\t\t\t\t<div class=\"elementor-spacer\">\n\t\t\t<div class=\"elementor-spacer-inner\"><\/div>\n\t\t<\/div>\n\t\t\t\t\t\t<\/div>\n\t\t\t\t<\/div>\n\t\t\t\t\t<\/div>\n\t\t\t\t<\/div>\n\t\t<div class=\"elementor-element elementor-element-7cae253 e-flex e-con-boxed e-con e-parent\" data-id=\"7cae253\" data-element_type=\"container\" data-e-type=\"container\">\n\t\t\t\t\t<div class=\"e-con-inner\">\n\t\t\t\t<div class=\"elementor-element elementor-element-3dcbd2c elementor-widget elementor-widget-text-editor\" data-id=\"3dcbd2c\" data-element_type=\"widget\" data-e-type=\"widget\" data-widget_type=\"text-editor.default\">\n\t\t\t\t<div class=\"elementor-widget-container\">\n\t\t\t\t\t\t\t\t\t<p>\u00bfListo para explorar oportunidades de asociaci\u00f3n?<\/p><p>Estamos deseando hablar de c\u00f3mo podemos colaborar para alcanzar nuestros objetivos mutuos.<\/p><p><strong><span style=\"color: #d5b448;\"><a style=\"color: #d5b448;\" href=\"https:\/\/tva-foundation.org\/es\/contact\/\">P\u00f3ngase en contacto con nosotros<\/a><\/span><\/strong> hoy mismo para iniciar la conversaci\u00f3n y liberar el potencial de la colaboraci\u00f3n.<\/p>\t\t\t\t\t\t\t\t<\/div>\n\t\t\t\t<\/div>\n\t\t\t\t\t<\/div>\n\t\t\t\t<\/div>\n\t\t<div class=\"elementor-element elementor-element-d5650bb e-flex e-con-boxed e-con e-parent\" data-id=\"d5650bb\" data-element_type=\"container\" data-e-type=\"container\">\n\t\t\t\t\t<div class=\"e-con-inner\">\n\t\t\t\t<div class=\"elementor-element elementor-element-a102e45 elementor-widget elementor-widget-spacer\" data-id=\"a102e45\" data-element_type=\"widget\" data-e-type=\"widget\" data-widget_type=\"spacer.default\">\n\t\t\t\t<div class=\"elementor-widget-container\">\n\t\t\t\t\t\t\t<div class=\"elementor-spacer\">\n\t\t\t<div class=\"elementor-spacer-inner\"><\/div>\n\t\t<\/div>\n\t\t\t\t\t\t<\/div>\n\t\t\t\t<\/div>\n\t\t\t\t\t<\/div>\n\t\t\t\t<\/div>\n\t\t<div class=\"elementor-element elementor-element-e46e371 e-flex e-con-boxed e-con e-parent\" data-id=\"e46e371\" data-element_type=\"container\" data-e-type=\"container\">\n\t\t\t\t\t<div class=\"e-con-inner\">\n\t\t\t\t<div class=\"elementor-element elementor-element-e3ca177 elementor-widget elementor-widget-helpo_button\" data-id=\"e3ca177\" data-element_type=\"widget\" data-e-type=\"widget\" data-widget_type=\"helpo_button.default\">\n\t\t\t\t<div class=\"elementor-widget-container\">\n\t\t\t\t\t\n        <div class=\"helpo_button_widget\">\n            <div class=\"helpo_button_container\">\n                <a class=\"helpo_button helpo_button--primary\" href=\"https:\/\/tva-foundation.org\/es\/sponsorship-opportunities\/\" target=\"_blank\">OPORTUNIDADES DE PATROCINIO<\/a>\n            <\/div>\n        <\/div>\n        \t\t\t\t<\/div>\n\t\t\t\t<\/div>\n\t\t\t\t\t<\/div>\n\t\t\t\t<\/div>\n\t\t\t\t<\/div>","protected":false},"excerpt":{"rendered":"<p>Welcome to our Partnership Opportunities page! We believe that collaboration is key to driving meaningful impact and innovation. Partnering with us opens the door to a world of possibilities where we can combine our strengths to achieve shared goals. Explore the diverse partnership opportunities below and discover how we can create something extraordinary together. Why [&hellip;]<\/p>\n","protected":false},"author":38320787,"featured_media":8544,"parent":0,"menu_order":0,"comment_status":"closed","ping_status":"closed","template":"","meta":{"footnotes":""},"class_list":["post-8320","page","type-page","status-publish","has-post-thumbnail","hentry"],"jetpack_likes_enabled":true,"jetpack_sharing_enabled":true,"jetpack_shortlink":"https:\/\/wp.me\/Pf58jH-2ac","jetpack-related-posts":[],"_links":{"self":[{"href":"https:\/\/tva-foundation.org\/es\/wp-json\/wp\/v2\/pages\/8320","targetHints":{"allow":["GET"]}}],"collection":[{"href":"https:\/\/tva-foundation.org\/es\/wp-json\/wp\/v2\/pages"}],"about":[{"href":"https:\/\/tva-foundation.org\/es\/wp-json\/wp\/v2\/types\/page"}],"author":[{"embeddable":true,"href":"https:\/\/tva-foundation.org\/es\/wp-json\/wp\/v2\/users\/38320787"}],"replies":[{"embeddable":true,"href":"https:\/\/tva-foundation.org\/es\/wp-json\/wp\/v2\/comments?post=8320"}],"version-history":[{"count":67,"href":"https:\/\/tva-foundation.org\/es\/wp-json\/wp\/v2\/pages\/8320\/revisions"}],"predecessor-version":[{"id":11371,"href":"https:\/\/tva-foundation.org\/es\/wp-json\/wp\/v2\/pages\/8320\/revisions\/11371"}],"wp:featuredmedia":[{"embeddable":true,"href":"https:\/\/tva-foundation.org\/es\/wp-json\/wp\/v2\/media\/8544"}],"wp:attachment":[{"href":"https:\/\/tva-foundation.org\/es\/wp-json\/wp\/v2\/media?parent=8320"}],"curies":[{"name":"wp","href":"https:\/\/api.w.org\/{rel}","templated":true}]}}