{"id":17154,"date":"2025-03-23T10:35:43","date_gmt":"2025-03-23T09:35:43","guid":{"rendered":"https:\/\/tva-foundation.org\/?post_type=product&#038;p=17154"},"modified":"2025-08-11T18:39:45","modified_gmt":"2025-08-11T16:39:45","slug":"admission-entire-program-excluding-charity-gala-dinner-sofia-global-summit-oct-1-4-2025","status":"publish","type":"product","link":"https:\/\/tva-foundation.org\/es\/producto\/admission-entire-program-excluding-charity-gala-dinner-sofia-global-summit-oct-1-4-2025\/","title":{"rendered":"Admisi\u00f3n: Programa completo (EXCLUIDA la cena de gala ben\u00e9fica) - Sofia Global Innovation, Philanthropy &amp; Arts Summit - 1-4 de octubre de 2025 - POSPUESTO"},"content":{"rendered":"<p>\ud83d\udcbc\u00a0<strong><em>Incluye:<\/em><\/strong><\/p>\n<ul>\n<li>Acceso a todas las sesiones, paneles y eventos de networking de la Cumbre<\/li>\n<li>Asientos reservados en el\u00a0<strong><em>Esperanza for Life\u2122<\/em> Concierto multimedia<\/strong><\/li>\n<li>Kit para delegados con material del programa<\/li>\n<li>Informe de impacto posterior al evento y seguimiento de la creaci\u00f3n de redes<\/li>\n<\/ul>\n<p><strong>Pol\u00edtica de cancelaci\u00f3n: Los reembolsos por cancelaciones se emitir\u00e1n hasta 10 d\u00edas laborables antes del evento, sujetos a una tasa de cancelaci\u00f3n de 25%.<\/strong><\/p>","protected":false},"excerpt":{"rendered":"<ul>\n<li>\n<h6><strong><span style=\"color: #d5b448;\">Cumbre Mundial de Sof\u00eda sobre Econom\u00eda, Filantrop\u00eda y Arte - Esperanza for Life\u2122.<\/span><\/strong><\/h6>\n<\/li>\n<li><strong>Participantes internacionales y locales:<\/strong> <strong>\u20ac2,250<\/strong><strong>\u00a0por persona<\/strong><\/li>\n<li><span style=\"color: #d5b448;\"><strong>Oferta especial por reserva anticipada - V\u00e1lida hasta el 31 de agosto de 2025: 1.750 euros por persona<\/strong><\/span><\/li>\n<li><span style=\"color: #808080;\"><strong>Para paquetes de patrocinio de alto nivel, p\u00f3ngase directamente en contacto con nosotros.<\/strong><br \/>\n<\/span><\/li>\n<li><span style=\"color: #d5b448;\"><strong><a style=\"color: #d5b448;\" href=\"https:\/\/tva-foundation.org\/es\/events\/global-economics-philanthropy-arts-summit-sofia-bulgaria\/\">CUMBRE DE REVISI\u00d3N<\/a><\/strong><\/span><\/li>\n<\/ul>","protected":false},"featured_media":16607,"comment_status":"open","ping_status":"closed","template":"","meta":{"jetpack_publicize_message":"","jetpack_publicize_feature_enabled":true,"jetpack_social_post_already_shared":true,"jetpack_social_options":{"image_generator_settings":{"template":"highway","default_image_id":0,"font":"","enabled":false},"version":2},"_wpas_customize_per_network":false},"product_brand":[],"product_cat":[1467,1465],"product_tag":[1388,1509,1519,1511,1542,1543,1518,1520,1510],"class_list":{"0":"post-17154","1":"product","2":"type-product","3":"status-publish","4":"has-post-thumbnail","6":"product_cat-event-tickets","7":"product_cat-events","8":"product_tag-charity","9":"product_tag-event","10":"product_tag-events","11":"product_tag-fundaraising","12":"product_tag-global-summit","13":"product_tag-sofia","14":"product_tag-ticket","15":"product_tag-tickets","16":"product_tag-tva-foundation","18":"first","19":"instock","20":"taxable","21":"shipping-taxable","22":"purchasable","23":"product-type-simple"},"jetpack_publicize_connections":[],"jetpack_likes_enabled":true,"jetpack_sharing_enabled":true,"jetpack-related-posts":[],"_links":{"self":[{"href":"https:\/\/tva-foundation.org\/es\/wp-json\/wp\/v2\/product\/17154","targetHints":{"allow":["GET"]}}],"collection":[{"href":"https:\/\/tva-foundation.org\/es\/wp-json\/wp\/v2\/product"}],"about":[{"href":"https:\/\/tva-foundation.org\/es\/wp-json\/wp\/v2\/types\/product"}],"replies":[{"embeddable":true,"href":"https:\/\/tva-foundation.org\/es\/wp-json\/wp\/v2\/comments?post=17154"}],"wp:featuredmedia":[{"embeddable":true,"href":"https:\/\/tva-foundation.org\/es\/wp-json\/wp\/v2\/media\/16607"}],"wp:attachment":[{"href":"https:\/\/tva-foundation.org\/es\/wp-json\/wp\/v2\/media?parent=17154"}],"wp:term":[{"taxonomy":"product_brand","embeddable":true,"href":"https:\/\/tva-foundation.org\/es\/wp-json\/wp\/v2\/product_brand?post=17154"},{"taxonomy":"product_cat","embeddable":true,"href":"https:\/\/tva-foundation.org\/es\/wp-json\/wp\/v2\/product_cat?post=17154"},{"taxonomy":"product_tag","embeddable":true,"href":"https:\/\/tva-foundation.org\/es\/wp-json\/wp\/v2\/product_tag?post=17154"}],"curies":[{"name":"wp","href":"https:\/\/api.w.org\/{rel}","templated":true}]}}