{"id":17155,"date":"2025-03-23T09:45:25","date_gmt":"2025-03-23T08:45:25","guid":{"rendered":"https:\/\/tva-foundation.org\/?post_type=product&#038;p=17155"},"modified":"2025-08-11T18:40:32","modified_gmt":"2025-08-11T16:40:32","slug":"admission-oct2-sofia-global-economics-philanthropy-art-summit","status":"publish","type":"product","link":"https:\/\/tva-foundation.org\/es\/producto\/admission-oct2-sofia-global-economics-philanthropy-art-summit\/","title":{"rendered":"Admisi\u00f3n: 2 de octubre - Sofia Global Innovation, Philanthropy &amp; Arts Summit, 1-4 de octubre de 2025 - POSPUESTO"},"content":{"rendered":"<p>\ud83d\udcbc\u00a0<strong><em>Incluye:<\/em><\/strong><\/p>\n<ul>\n<li>\u00a0<strong>Ma\u00f1ana - 9:00 - 11:00<\/strong><br \/>\n<strong>Lugar de celebraci\u00f3n: Teatro Nacional Ivan Vazov (o lugar similar)<\/strong><img fetchpriority=\"high\" data-attachment-id=\"16836\" data-permalink=\"https:\/\/tva-foundation.org\/es\/?attachment_id=16836\" data-orig-file=\"https:\/\/tva-foundation.org\/wp-content\/uploads\/2025\/03\/225B494D-0113-40A2-97F6-B9C5A73A6184.jpeg\" data-orig-size=\"1792,1024\" data-comments-opened=\"1\" data-image-meta=\"{&quot;aperture&quot;:&quot;0&quot;,&quot;credit&quot;:&quot;&quot;,&quot;camera&quot;:&quot;&quot;,&quot;caption&quot;:&quot;&quot;,&quot;created_timestamp&quot;:&quot;0&quot;,&quot;copyright&quot;:&quot;&quot;,&quot;focal_length&quot;:&quot;0&quot;,&quot;iso&quot;:&quot;0&quot;,&quot;shutter_speed&quot;:&quot;0&quot;,&quot;title&quot;:&quot;&quot;,&quot;orientation&quot;:&quot;1&quot;}\" data-image-title=\"Global Economics, Philanthropy &amp;#038; Arts Summit &amp;#8211; Sofia, Bulgaria\" data-image-description=\"\" data-image-caption=\"\" data-large-file=\"https:\/\/tva-foundation.org\/wp-content\/uploads\/2025\/03\/225B494D-0113-40A2-97F6-B9C5A73A6184-1024x585.jpeg\" class=\"size-medium wp-image-16836 aligncenter lazyautosizes lazyloaded\" src=\"https:\/\/tva-foundation.org\/wp-content\/uploads\/2025\/03\/225B494D-0113-40A2-97F6-B9C5A73A6184-300x171.jpeg\" sizes=\"300px\" srcset=\"https:\/\/tva-foundation.org\/wp-content\/uploads\/2025\/03\/225B494D-0113-40A2-97F6-B9C5A73A6184-300x171.jpeg 300w, https:\/\/tva-foundation.org\/wp-content\/uploads\/2025\/03\/225B494D-0113-40A2-97F6-B9C5A73A6184-1024x585.jpeg 1024w, https:\/\/tva-foundation.org\/wp-content\/uploads\/2025\/03\/225B494D-0113-40A2-97F6-B9C5A73A6184-768x439.jpeg 768w, https:\/\/tva-foundation.org\/wp-content\/uploads\/2025\/03\/225B494D-0113-40A2-97F6-B9C5A73A6184-1536x878.jpeg 1536w, https:\/\/tva-foundation.org\/wp-content\/uploads\/2025\/03\/225B494D-0113-40A2-97F6-B9C5A73A6184-18x10.jpeg 18w, https:\/\/tva-foundation.org\/wp-content\/uploads\/2025\/03\/225B494D-0113-40A2-97F6-B9C5A73A6184-600x343.jpeg 600w, https:\/\/tva-foundation.org\/wp-content\/uploads\/2025\/03\/225B494D-0113-40A2-97F6-B9C5A73A6184.jpeg.webp 1792w\" alt=\"TvA International Foundation\" width=\"300\" height=\"171\" data-medium-file=\"https:\/\/tva-foundation.org\/wp-content\/uploads\/2025\/03\/225B494D-0113-40A2-97F6-B9C5A73A6184-300x171.jpeg\" data-src=\"https:\/\/tva-foundation.org\/wp-content\/uploads\/2025\/03\/225B494D-0113-40A2-97F6-B9C5A73A6184-300x171.jpeg\" data-srcset=\"https:\/\/tva-foundation.org\/wp-content\/uploads\/2025\/03\/225B494D-0113-40A2-97F6-B9C5A73A6184-300x171.jpeg 300w, https:\/\/tva-foundation.org\/wp-content\/uploads\/2025\/03\/225B494D-0113-40A2-97F6-B9C5A73A6184-1024x585.jpeg 1024w, https:\/\/tva-foundation.org\/wp-content\/uploads\/2025\/03\/225B494D-0113-40A2-97F6-B9C5A73A6184-768x439.jpeg 768w, https:\/\/tva-foundation.org\/wp-content\/uploads\/2025\/03\/225B494D-0113-40A2-97F6-B9C5A73A6184-1536x878.jpeg 1536w, https:\/\/tva-foundation.org\/wp-content\/uploads\/2025\/03\/225B494D-0113-40A2-97F6-B9C5A73A6184-18x10.jpeg 18w, https:\/\/tva-foundation.org\/wp-content\/uploads\/2025\/03\/225B494D-0113-40A2-97F6-B9C5A73A6184-600x343.jpeg 600w, https:\/\/tva-foundation.org\/wp-content\/uploads\/2025\/03\/225B494D-0113-40A2-97F6-B9C5A73A6184.jpeg.webp 1792w\" data-sizes=\"auto\" data-eio-rwidth=\"300\" data-eio-rheight=\"171\" data-srcset-webp=\"https:\/\/tva-foundation.org\/wp-content\/uploads\/2025\/03\/225B494D-0113-40A2-97F6-B9C5A73A6184-300x171.jpeg 300w, https:\/\/tva-foundation.org\/wp-content\/uploads\/2025\/03\/225B494D-0113-40A2-97F6-B9C5A73A6184-1024x585.jpeg 1024w, https:\/\/tva-foundation.org\/wp-content\/uploads\/2025\/03\/225B494D-0113-40A2-97F6-B9C5A73A6184-768x439.jpeg 768w, https:\/\/tva-foundation.org\/wp-content\/uploads\/2025\/03\/225B494D-0113-40A2-97F6-B9C5A73A6184-1536x878.jpeg 1536w, https:\/\/tva-foundation.org\/wp-content\/uploads\/2025\/03\/225B494D-0113-40A2-97F6-B9C5A73A6184-18x10.jpeg 18w, https:\/\/tva-foundation.org\/wp-content\/uploads\/2025\/03\/225B494D-0113-40A2-97F6-B9C5A73A6184-600x343.jpeg 600w, https:\/\/tva-foundation.org\/wp-content\/uploads\/2025\/03\/225B494D-0113-40A2-97F6-B9C5A73A6184.jpeg.webp 1792w\" \/><\/p>\n<ul>\n<li><strong>Inauguraci\u00f3n de la Cumbre y discurso de apertura:<\/strong>\u00a0<em>Celebrar la vida a trav\u00e9s de la innovaci\u00f3n, la filantrop\u00eda y el arte<\/em>\n<ul>\n<li>Discursos de l\u00edderes mundiales y b\u00falgaros (innovaci\u00f3n, filantrop\u00eda, arte y sostenibilidad)<\/li>\n<\/ul>\n<\/li>\n<\/ul>\n<p>\u2615\u00a0<strong>Pausa caf\u00e9 - 11:00 - 11:30<\/strong><\/p>\n<p>\ud83d\udccd\u00a0<strong>\u00daltima hora de la ma\u00f1ana - 11:30 - 13:00<\/strong><\/p>\n<ul>\n<li><strong>Panel de apertura: Filantrop\u00eda mundial y empresas para el bien social - Tendencias y oportunidades<\/strong><\/li>\n<\/ul>\n<p>\ud83c\udf7d\ufe0f\u00a0<strong>Pausa para comer - 13:00 - 14:00<\/strong><\/p>\n<ul>\n<li><strong>Almuerzo de trabajo en red y exposiciones de arte interactivas<\/strong><br \/>\n<em>(Arte con impacto e iniciativas empresariales filantr\u00f3picas)<\/em><\/li>\n<\/ul>\n<p>\ud83d\udccd\u00a0<strong>Tarde - 14:00 - 16:00<\/strong><\/p>\n<ul>\n<li><strong>Sesiones de trabajo - Mesas redondas:<\/strong>\n<ul>\n<li><em>Integraci\u00f3n de las artes y la filantrop\u00eda en modelos empresariales sostenibles<\/em><\/li>\n<li><em>Innovaciones regionales en inversi\u00f3n e impacto social<\/em>\u00a0<em>(responsabilidad corporativa, business for good)<\/em><\/li>\n<\/ul>\n<\/li>\n<\/ul>\n<\/li>\n<\/ul>\n<p><strong>Pol\u00edtica de cancelaci\u00f3n: Los reembolsos por cancelaciones se emitir\u00e1n hasta 10 d\u00edas laborables antes del evento, sujetos a una tasa de cancelaci\u00f3n de 25%.<\/strong><\/p>","protected":false},"excerpt":{"rendered":"<ul>\n<li>\n<h6><strong><span style=\"color: #d5b448;\">Cumbre Mundial Sof\u00eda de Econom\u00eda, Filantrop\u00eda y Arte - Esperanza de Vida<\/span><\/strong><\/h6>\n<ul>\n<li><strong>Admisi\u00f3n de participantes internacionales y locales:<\/strong>\u00a0<strong>850 euros por persona y d\u00eda<\/strong><strong>:<\/strong><\/li>\n<li><span style=\"color: #d5b448;\"><strong>Oferta especial por reserva anticipada - V\u00e1lida hasta el 31 de agosto de 2025: 750 euros por persona y d\u00eda<\/strong><\/span><\/li>\n<li>Entradas de un d\u00eda <strong>no incluya<\/strong> el programa vespertino.<\/li>\n<li><span style=\"color: #808080;\"><strong>Para paquetes de patrocinio de alto nivel, p\u00f3ngase directamente en contacto con nosotros.<\/strong><br \/>\n<\/span><\/li>\n<li><span style=\"color: #d5b448;\"><strong><a style=\"color: #d5b448;\" href=\"https:\/\/tva-foundation.org\/es\/events\/global-economics-philanthropy-arts-summit-sofia-bulgaria\/\">CUMBRE DE REVISI\u00d3N<\/a><\/strong><\/span><\/li>\n<\/ul>\n<\/li>\n<\/ul>","protected":false},"featured_media":16603,"comment_status":"open","ping_status":"closed","template":"","meta":{"jetpack_post_was_ever_published":false,"jetpack_publicize_message":"","jetpack_publicize_feature_enabled":true,"jetpack_social_post_already_shared":true,"jetpack_social_options":{"image_generator_settings":{"template":"highway","default_image_id":0,"font":"","enabled":false},"version":2},"_wpas_customize_per_network":false},"product_brand":[],"product_cat":[1467,1465],"product_tag":[1388,1509,1519,1511,1542,1543,1518,1520,1510],"class_list":{"0":"post-17155","1":"product","2":"type-product","3":"status-publish","4":"has-post-thumbnail","6":"product_cat-event-tickets","7":"product_cat-events","8":"product_tag-charity","9":"product_tag-event","10":"product_tag-events","11":"product_tag-fundaraising","12":"product_tag-global-summit","13":"product_tag-sofia","14":"product_tag-ticket","15":"product_tag-tickets","16":"product_tag-tva-foundation","18":"first","19":"instock","20":"taxable","21":"shipping-taxable","22":"purchasable","23":"product-type-simple"},"jetpack_publicize_connections":[],"jetpack_likes_enabled":true,"jetpack_sharing_enabled":true,"jetpack-related-posts":[],"_links":{"self":[{"href":"https:\/\/tva-foundation.org\/es\/wp-json\/wp\/v2\/product\/17155","targetHints":{"allow":["GET"]}}],"collection":[{"href":"https:\/\/tva-foundation.org\/es\/wp-json\/wp\/v2\/product"}],"about":[{"href":"https:\/\/tva-foundation.org\/es\/wp-json\/wp\/v2\/types\/product"}],"replies":[{"embeddable":true,"href":"https:\/\/tva-foundation.org\/es\/wp-json\/wp\/v2\/comments?post=17155"}],"wp:featuredmedia":[{"embeddable":true,"href":"https:\/\/tva-foundation.org\/es\/wp-json\/wp\/v2\/media\/16603"}],"wp:attachment":[{"href":"https:\/\/tva-foundation.org\/es\/wp-json\/wp\/v2\/media?parent=17155"}],"wp:term":[{"taxonomy":"product_brand","embeddable":true,"href":"https:\/\/tva-foundation.org\/es\/wp-json\/wp\/v2\/product_brand?post=17155"},{"taxonomy":"product_cat","embeddable":true,"href":"https:\/\/tva-foundation.org\/es\/wp-json\/wp\/v2\/product_cat?post=17155"},{"taxonomy":"product_tag","embeddable":true,"href":"https:\/\/tva-foundation.org\/es\/wp-json\/wp\/v2\/product_tag?post=17155"}],"curies":[{"name":"wp","href":"https:\/\/api.w.org\/{rel}","templated":true}]}}