{"id":17175,"date":"2025-03-21T11:00:01","date_gmt":"2025-03-21T10:00:01","guid":{"rendered":"https:\/\/tva-foundation.org\/?post_type=product&#038;p=17175"},"modified":"2025-08-11T18:43:10","modified_gmt":"2025-08-11T16:43:10","slug":"seat-sponsor-oct-2-charity-gala-dinner-sofia-global-economics-philanthropy-arts-summit-oct-1-4-2025","status":"publish","type":"product","link":"https:\/\/tva-foundation.org\/es\/producto\/seat-sponsor-oct-2-charity-gala-dinner-sofia-global-economics-philanthropy-arts-summit-oct-1-4-2025\/","title":{"rendered":"Asiento Patrocinador: 2 de octubre - CENA DE GALA DE LA CARIDAD - Sofia Global Innovation, Philanthropy &amp; Arts Summit, 1-4 de octubre de 2025 - POSPUESTO"},"content":{"rendered":"<ul>\n<li><span style=\"color: #d5b448;\"><strong><em>Esperanza for Life\u2122<\/em> Gala ben\u00e9fica <\/strong>(250-300 Invitados) - <strong>\"Una velada para celebrar la vida, el don y la gracia\"<\/strong><\/span>\n<ul>\n<li>C\u00f3ctel de alfombra roja<\/li>\n<li>Experiencia gastron\u00f3mica<\/li>\n<li><strong>Subasta en directo y llamamiento principal<\/strong>\u00a0<em>(Subasta en l\u00ednea durante todo el evento)<\/em><\/li>\n<li>Actuaciones musicales y entrega de premios<\/li>\n<li><strong>Networking empresarial y filantr\u00f3pico despu\u00e9s de la cena (22:00 - 24:00)<\/strong><br \/>\n<em>(Para patrocinadores, inversores y principales partes interesadas)<\/em><\/li>\n<\/ul>\n<\/li>\n<\/ul>\n<p><strong>Pol\u00edtica de cancelaci\u00f3n: Los reembolsos por cancelaciones se emitir\u00e1n hasta 10 d\u00edas laborables antes del evento, sujetos a una tasa de cancelaci\u00f3n de 25%.<\/strong><\/p>","protected":false},"excerpt":{"rendered":"<ul>\n<li>\n<h6><strong><span style=\"color: #d5b448;\">Cumbre Mundial de Sof\u00eda sobre Econom\u00eda, Filantrop\u00eda y Arte - Esperanza for Live\u2122.<\/span><\/strong><\/h6>\n<ul style=\"font-weight: 400;\">\n<li><strong>Cena de gala ben\u00e9fica - Esperanza for Life\u2122 -\u00a0<span style=\"color: #d5b448;\">\"Una velada para celebrar la vida, la generosidad y la gracia\"<\/span><\/strong><\/li>\n<li><strong>Patrocinador individual de asiento: 1.000 euros\/asiento - <span style=\"color: #d5b448;\">Oferta especial por reserva anticipada - v\u00e1lida hasta el 31 de agosto de 2025: 750,00 euros\/asiento<\/span><\/strong><\/li>\n<li><strong>Reconocimiento en el programa del evento (para compras de m\u00e1s de 2 plazas).<\/strong><\/li>\n<li><strong>Para paquetes de patrocinio de alto nivel, p\u00f3ngase directamente en contacto con nosotros.<br \/>\n<\/strong>Esta compra se considera una donaci\u00f3n. Solicite directamente un recibo de donaci\u00f3n por separado.<\/li>\n<li>\n<h6><strong style=\"color: #d5b448; font-size: 16px;\"><a style=\"color: #d5b448;\" href=\"https:\/\/tva-foundation.org\/es\/events\/global-economics-philanthropy-arts-summit-sofia-bulgaria\/\">CUMBRE DE REVISI\u00d3N<\/a><\/strong><\/h6>\n<\/li>\n<\/ul>\n<\/li>\n<\/ul>","protected":false},"featured_media":16857,"comment_status":"open","ping_status":"closed","template":"","meta":{"jetpack_publicize_message":"","jetpack_publicize_feature_enabled":true,"jetpack_social_post_already_shared":true,"jetpack_social_options":{"image_generator_settings":{"template":"highway","default_image_id":0,"font":"","enabled":false},"version":2},"_wpas_customize_per_network":false},"product_brand":[],"product_cat":[1467,1465],"product_tag":[1388,1509,1519,1511,1542,1543,1518,1520,1510],"class_list":{"0":"post-17175","1":"product","2":"type-product","3":"status-publish","4":"has-post-thumbnail","6":"product_cat-event-tickets","7":"product_cat-events","8":"product_tag-charity","9":"product_tag-event","10":"product_tag-events","11":"product_tag-fundaraising","12":"product_tag-global-summit","13":"product_tag-sofia","14":"product_tag-ticket","15":"product_tag-tickets","16":"product_tag-tva-foundation","18":"first","19":"instock","20":"taxable","21":"shipping-taxable","22":"purchasable","23":"product-type-simple"},"jetpack_publicize_connections":[],"jetpack_likes_enabled":true,"jetpack_sharing_enabled":true,"jetpack-related-posts":[],"_links":{"self":[{"href":"https:\/\/tva-foundation.org\/es\/wp-json\/wp\/v2\/product\/17175","targetHints":{"allow":["GET"]}}],"collection":[{"href":"https:\/\/tva-foundation.org\/es\/wp-json\/wp\/v2\/product"}],"about":[{"href":"https:\/\/tva-foundation.org\/es\/wp-json\/wp\/v2\/types\/product"}],"replies":[{"embeddable":true,"href":"https:\/\/tva-foundation.org\/es\/wp-json\/wp\/v2\/comments?post=17175"}],"wp:featuredmedia":[{"embeddable":true,"href":"https:\/\/tva-foundation.org\/es\/wp-json\/wp\/v2\/media\/16857"}],"wp:attachment":[{"href":"https:\/\/tva-foundation.org\/es\/wp-json\/wp\/v2\/media?parent=17175"}],"wp:term":[{"taxonomy":"product_brand","embeddable":true,"href":"https:\/\/tva-foundation.org\/es\/wp-json\/wp\/v2\/product_brand?post=17175"},{"taxonomy":"product_cat","embeddable":true,"href":"https:\/\/tva-foundation.org\/es\/wp-json\/wp\/v2\/product_cat?post=17175"},{"taxonomy":"product_tag","embeddable":true,"href":"https:\/\/tva-foundation.org\/es\/wp-json\/wp\/v2\/product_tag?post=17175"}],"curies":[{"name":"wp","href":"https:\/\/api.w.org\/{rel}","templated":true}]}}