{"id":6152,"date":"2025-07-04T10:44:06","date_gmt":"2025-07-04T08:44:06","guid":{"rendered":"https:\/\/tva-foundation.org\/?post_type=product&#038;p=6152"},"modified":"2026-03-22T19:19:40","modified_gmt":"2026-03-22T18:19:40","slug":"rose-garden","status":"publish","type":"product","link":"https:\/\/tva-foundation.org\/es\/producto\/rose-garden\/","title":{"rendered":"JARD\u00cdN DE ROSAS"},"content":{"rendered":"<h6><strong>Presentamos \"Rose Garden\", una edici\u00f3n limitada de Mandala Fine Art Print que florece con elegancia y belleza atemporal.<\/strong><\/h6>\n<p>Delicados p\u00e9talos e intrincados patrones se entrelazan, creando una sinfon\u00eda visual que recuerda a un exuberante jard\u00edn de rosas en plena floraci\u00f3n. La rica y armoniosa paleta de colores captura la esencia del romanticismo y la tranquilidad, aportando un toque de sofisticaci\u00f3n floral a su espacio.<\/p>\n<p>Eleva tu entorno con este exclusivo estampado, donde el mandala \"Jard\u00edn de rosas\" te invita a sumergirte en el cautivador encanto de la flor m\u00e1s preciada de la naturaleza.<\/p>\n<p>Impregne su espacio con la gracia perdurable de esta obra maestra de edici\u00f3n limitada.<\/p>","protected":false},"excerpt":{"rendered":"<h6><strong>Edici\u00f3n limitada del Mandala de la Princesa Theodora von Auersperg<\/strong><\/h6>\n<p>Simbolizando la naturaleza c\u00edclica de la vida, el universo y los diversos aspectos de la existencia, los mandalas representan el orden y el equilibrio en el cosmos. Creados como obras de arte, expresan creatividad e individualidad. Crear o contemplar un mandala suele considerarse una pr\u00e1ctica meditativa. La naturaleza repetitiva de los patrones puede ayudar a calmar la mente y promover un sentido de concentraci\u00f3n y atenci\u00f3n plena.<\/p>\n<p><strong>Precio con gastos de env\u00edo incluidos<\/strong><\/p>","protected":false},"featured_media":5368,"comment_status":"open","ping_status":"closed","template":"","meta":{"jetpack_post_was_ever_published":false,"jetpack_publicize_message":"","jetpack_publicize_feature_enabled":true,"jetpack_social_post_already_shared":true,"jetpack_social_options":{"image_generator_settings":{"template":"highway","default_image_id":0,"font":"","enabled":false},"version":2},"_wpas_customize_per_network":false},"product_brand":[],"product_cat":[1450,1402],"product_tag":[1451,1452,1454,1455,1457,1453,1460],"class_list":{"0":"post-6152","1":"product","2":"type-product","3":"status-publish","4":"has-post-thumbnail","6":"product_cat-art","7":"product_cat-mandalas","8":"product_tag-art","9":"product_tag-fine-art","10":"product_tag-limited-edition","11":"product_tag-mandala","12":"product_tag-princess-theodora","13":"product_tag-print","14":"product_tag-rose-garden","16":"first","17":"instock","18":"taxable","19":"shipping-taxable","20":"purchasable","21":"product-type-simple"},"jetpack_publicize_connections":[],"jetpack_likes_enabled":true,"jetpack_sharing_enabled":true,"jetpack-related-posts":[],"_links":{"self":[{"href":"https:\/\/tva-foundation.org\/es\/wp-json\/wp\/v2\/product\/6152","targetHints":{"allow":["GET"]}}],"collection":[{"href":"https:\/\/tva-foundation.org\/es\/wp-json\/wp\/v2\/product"}],"about":[{"href":"https:\/\/tva-foundation.org\/es\/wp-json\/wp\/v2\/types\/product"}],"replies":[{"embeddable":true,"href":"https:\/\/tva-foundation.org\/es\/wp-json\/wp\/v2\/comments?post=6152"}],"wp:featuredmedia":[{"embeddable":true,"href":"https:\/\/tva-foundation.org\/es\/wp-json\/wp\/v2\/media\/5368"}],"wp:attachment":[{"href":"https:\/\/tva-foundation.org\/es\/wp-json\/wp\/v2\/media?parent=6152"}],"wp:term":[{"taxonomy":"product_brand","embeddable":true,"href":"https:\/\/tva-foundation.org\/es\/wp-json\/wp\/v2\/product_brand?post=6152"},{"taxonomy":"product_cat","embeddable":true,"href":"https:\/\/tva-foundation.org\/es\/wp-json\/wp\/v2\/product_cat?post=6152"},{"taxonomy":"product_tag","embeddable":true,"href":"https:\/\/tva-foundation.org\/es\/wp-json\/wp\/v2\/product_tag?post=6152"}],"curies":[{"name":"wp","href":"https:\/\/api.w.org\/{rel}","templated":true}]}}