{"id":790,"date":"2025-07-04T04:27:15","date_gmt":"2025-07-04T02:27:15","guid":{"rendered":"https:\/\/helpocharity.artureanec.com\/?post_type=product&#038;p=790"},"modified":"2025-08-11T18:54:05","modified_gmt":"2025-08-11T16:54:05","slug":"harmony","status":"publish","type":"product","link":"https:\/\/tva-foundation.org\/es\/producto\/harmony\/","title":{"rendered":"ARMON\u00cdA"},"content":{"rendered":"<h6><strong>Presentamos \"Harmony\", un Mandala de edici\u00f3n limitada que teje un intrincado tapiz de equilibrio y serenidad.<\/strong><\/h6>\n<p>Delicados motivos se entrelazan, creando una sinfon\u00eda visual que captura la esencia de la tranquilidad y el equilibrio. La armoniosa paleta de colores y el meticuloso dise\u00f1o invitan a la contemplaci\u00f3n, ofreciendo un momento de paz y equilibrio a cualquier espacio.<\/p>\n<p>Eleve su entorno con este exclusivo estampado, donde el arte de \"Harmony\" se convierte en un cautivador punto focal, aportando una sensaci\u00f3n de calma y elegancia consciente a su hogar.<\/p>\n<p>Sum\u00e9rgete en el Mandala de edici\u00f3n limitada \"Harmony\" y deja que su tranquila belleza transforme tu espacio en un santuario de equilibrio.<\/p>\n<p>&nbsp;<\/p>","protected":false},"excerpt":{"rendered":"<h6><strong>Edici\u00f3n limitada del Mandala de la Princesa Theodora von Auersperg <\/strong><\/h6>\n<p>Simbolizando la naturaleza c\u00edclica de la vida, el universo y los diversos aspectos de la existencia, los mandalas representan el orden y el equilibrio en el cosmos. Creados como obras de arte, expresan creatividad e individualidad. Crear o contemplar un mandala suele considerarse una pr\u00e1ctica meditativa. La naturaleza repetitiva de los patrones puede ayudar a calmar la mente y promover un sentido de concentraci\u00f3n y atenci\u00f3n plena.<\/p>\n<p><strong>Precio con gastos de env\u00edo incluidos<\/strong><\/p>","protected":false},"featured_media":5370,"comment_status":"open","ping_status":"closed","template":"","meta":{"jetpack_post_was_ever_published":false,"jetpack_publicize_message":"","jetpack_publicize_feature_enabled":true,"jetpack_social_post_already_shared":true,"jetpack_social_options":{"image_generator_settings":{"template":"highway","default_image_id":0,"font":"","enabled":false},"version":2},"_wpas_customize_per_network":false},"product_brand":[],"product_cat":[1450,1402],"product_tag":[1451,1452,1462,1454,1455,1457,1453],"class_list":{"0":"post-790","1":"product","2":"type-product","3":"status-publish","4":"has-post-thumbnail","6":"product_cat-art","7":"product_cat-mandalas","8":"product_tag-art","9":"product_tag-fine-art","10":"product_tag-harmony","11":"product_tag-limited-edition","12":"product_tag-mandala","13":"product_tag-princess-theodora","14":"product_tag-print","16":"first","17":"instock","18":"taxable","19":"shipping-taxable","20":"purchasable","21":"product-type-simple"},"jetpack_publicize_connections":[],"jetpack_likes_enabled":true,"jetpack_sharing_enabled":true,"jetpack-related-posts":[],"_links":{"self":[{"href":"https:\/\/tva-foundation.org\/es\/wp-json\/wp\/v2\/product\/790","targetHints":{"allow":["GET"]}}],"collection":[{"href":"https:\/\/tva-foundation.org\/es\/wp-json\/wp\/v2\/product"}],"about":[{"href":"https:\/\/tva-foundation.org\/es\/wp-json\/wp\/v2\/types\/product"}],"replies":[{"embeddable":true,"href":"https:\/\/tva-foundation.org\/es\/wp-json\/wp\/v2\/comments?post=790"}],"wp:featuredmedia":[{"embeddable":true,"href":"https:\/\/tva-foundation.org\/es\/wp-json\/wp\/v2\/media\/5370"}],"wp:attachment":[{"href":"https:\/\/tva-foundation.org\/es\/wp-json\/wp\/v2\/media?parent=790"}],"wp:term":[{"taxonomy":"product_brand","embeddable":true,"href":"https:\/\/tva-foundation.org\/es\/wp-json\/wp\/v2\/product_brand?post=790"},{"taxonomy":"product_cat","embeddable":true,"href":"https:\/\/tva-foundation.org\/es\/wp-json\/wp\/v2\/product_cat?post=790"},{"taxonomy":"product_tag","embeddable":true,"href":"https:\/\/tva-foundation.org\/es\/wp-json\/wp\/v2\/product_tag?post=790"}],"curies":[{"name":"wp","href":"https:\/\/api.w.org\/{rel}","templated":true}]}}