{"id":19543,"date":"2025-06-02T12:15:13","date_gmt":"2025-06-02T10:15:13","guid":{"rendered":"https:\/\/tva-foundation.org\/?page_id=19543"},"modified":"2025-12-26T13:49:37","modified_gmt":"2025-12-26T12:49:37","slug":"esperanza-for-life-brand","status":"publish","type":"page","link":"https:\/\/tva-foundation.org\/fr\/esperanza-for-life-brand\/","title":{"rendered":"Esperanza for Life\u2122 - Marque - Concept"},"content":{"rendered":"<div data-elementor-type=\"wp-page\" data-elementor-id=\"19543\" class=\"elementor elementor-19543\" data-elementor-post-type=\"page\">\n\t\t\t\t<div class=\"elementor-element elementor-element-f7b39bc e-flex e-con-boxed e-con e-parent\" data-id=\"f7b39bc\" data-element_type=\"container\" data-e-type=\"container\">\n\t\t\t\t\t<div class=\"e-con-inner\">\n\t\t\t\t<div class=\"elementor-element elementor-element-b88e245 elementor-widget elementor-widget-heading\" data-id=\"b88e245\" data-element_type=\"widget\" data-e-type=\"widget\" data-widget_type=\"heading.default\">\n\t\t\t\t<div class=\"elementor-widget-container\">\n\t\t\t\t\t<h4 class=\"elementor-heading-title elementor-size-default\">\ud83c\udf1f Esperanza for Life\u2122 - Une marque consciente avec une mission spirituelle -\n\nPropuls\u00e9 par la Fondation internationale Theodora von Auersperg (TvA)\n<\/h4>\t\t\t\t<\/div>\n\t\t\t\t<\/div>\n\t\t\t\t\t<\/div>\n\t\t\t\t<\/div>\n\t\t<div class=\"elementor-element elementor-element-1f85b7f e-flex e-con-boxed e-con e-parent\" data-id=\"1f85b7f\" data-element_type=\"container\" data-e-type=\"container\">\n\t\t\t\t\t<div class=\"e-con-inner\">\n\t\t\t\t<div class=\"elementor-element elementor-element-1bb96ef elementor-widget elementor-widget-spacer\" data-id=\"1bb96ef\" data-element_type=\"widget\" data-e-type=\"widget\" data-widget_type=\"spacer.default\">\n\t\t\t\t<div class=\"elementor-widget-container\">\n\t\t\t\t\t\t\t<div class=\"elementor-spacer\">\n\t\t\t<div class=\"elementor-spacer-inner\"><\/div>\n\t\t<\/div>\n\t\t\t\t\t\t<\/div>\n\t\t\t\t<\/div>\n\t\t\t\t\t<\/div>\n\t\t\t\t<\/div>\n\t\t<div class=\"elementor-element elementor-element-f26f221 e-flex e-con-boxed e-con e-parent\" data-id=\"f26f221\" data-element_type=\"container\" data-e-type=\"container\">\n\t\t\t\t\t<div class=\"e-con-inner\">\n\t\t\t\t<div class=\"elementor-element elementor-element-77a2dd8 elementor-widget elementor-widget-image\" data-id=\"77a2dd8\" data-element_type=\"widget\" data-e-type=\"widget\" data-widget_type=\"image.default\">\n\t\t\t\t<div class=\"elementor-widget-container\">\n\t\t\t\t\t\t\t\t\t\t\t\t\t\t\t<img fetchpriority=\"high\" data-attachment-id=\"19544\" data-permalink=\"https:\/\/tva-foundation.org\/fr\/esperanza-for-life-brand\/ef70afe5-90b6-4bd8-a905-91916f9ef118_1_102_o\/\" data-orig-file=\"https:\/\/tva-foundation.org\/wp-content\/uploads\/2025\/06\/EF70AFE5-90B6-4BD8-A905-91916F9EF118_1_102_o.jpeg\" data-orig-size=\"1024,1024\" data-comments-opened=\"1\" data-image-meta=\"{&quot;aperture&quot;:&quot;0&quot;,&quot;credit&quot;:&quot;&quot;,&quot;camera&quot;:&quot;&quot;,&quot;caption&quot;:&quot;&quot;,&quot;created_timestamp&quot;:&quot;0&quot;,&quot;copyright&quot;:&quot;&quot;,&quot;focal_length&quot;:&quot;0&quot;,&quot;iso&quot;:&quot;0&quot;,&quot;shutter_speed&quot;:&quot;0&quot;,&quot;title&quot;:&quot;&quot;,&quot;orientation&quot;:&quot;1&quot;}\" data-image-title=\"Esperanza for Life Brand\" data-image-description=\"\" data-image-caption=\"\" data-medium-file=\"https:\/\/tva-foundation.org\/wp-content\/uploads\/2025\/06\/EF70AFE5-90B6-4BD8-A905-91916F9EF118_1_102_o-300x300.jpeg?crop=1\" data-large-file=\"https:\/\/tva-foundation.org\/wp-content\/uploads\/2025\/06\/EF70AFE5-90B6-4BD8-A905-91916F9EF118_1_102_o.jpeg\" width=\"1024\" height=\"1024\" src=\"https:\/\/tva-foundation.org\/wp-content\/uploads\/2025\/06\/EF70AFE5-90B6-4BD8-A905-91916F9EF118_1_102_o.jpeg\" class=\"attachment-large size-large wp-image-19544\" alt=\"TvA International Foundation\" srcset=\"https:\/\/tva-foundation.org\/wp-content\/uploads\/2025\/06\/EF70AFE5-90B6-4BD8-A905-91916F9EF118_1_102_o.jpeg 1024w, https:\/\/tva-foundation.org\/wp-content\/uploads\/2025\/06\/EF70AFE5-90B6-4BD8-A905-91916F9EF118_1_102_o-300x300.jpeg?crop=1 300w, https:\/\/tva-foundation.org\/wp-content\/uploads\/2025\/06\/EF70AFE5-90B6-4BD8-A905-91916F9EF118_1_102_o-150x150.jpeg?crop=1 150w, https:\/\/tva-foundation.org\/wp-content\/uploads\/2025\/06\/EF70AFE5-90B6-4BD8-A905-91916F9EF118_1_102_o-768x768.jpeg 768w, https:\/\/tva-foundation.org\/wp-content\/uploads\/2025\/06\/EF70AFE5-90B6-4BD8-A905-91916F9EF118_1_102_o-12x12.jpeg 12w, https:\/\/tva-foundation.org\/wp-content\/uploads\/2025\/06\/EF70AFE5-90B6-4BD8-A905-91916F9EF118_1_102_o-600x600.jpeg?crop=1 600w, https:\/\/tva-foundation.org\/wp-content\/uploads\/2025\/06\/EF70AFE5-90B6-4BD8-A905-91916F9EF118_1_102_o-100x100.jpeg?crop=1 100w\" sizes=\"(max-width: 1024px) 100vw, 1024px\" \/>\t\t\t\t\t\t\t\t\t\t\t\t\t\t\t<\/div>\n\t\t\t\t<\/div>\n\t\t\t\t\t<\/div>\n\t\t\t\t<\/div>\n\t\t<div class=\"elementor-element elementor-element-528a9241 e-flex e-con-boxed e-con e-parent\" data-id=\"528a9241\" data-element_type=\"container\" data-e-type=\"container\">\n\t\t\t\t\t<div class=\"e-con-inner\">\n\t\t\t\t<div class=\"elementor-element elementor-element-7d8e1913 elementor-widget elementor-widget-text-editor\" data-id=\"7d8e1913\" data-element_type=\"widget\" data-e-type=\"widget\" data-widget_type=\"text-editor.default\">\n\t\t\t\t<div class=\"elementor-widget-container\">\n\t\t\t\t\t\t\t\t\t<p style=\"font-weight: 400;\"><strong><span style=\"color: #d5b448;\"><img data-attachment-id=\"22229\" data-permalink=\"https:\/\/tva-foundation.org\/fr\/logo_efl_tva_horizontal_gold_1000\/\" data-orig-file=\"https:\/\/tva-foundation.org\/wp-content\/uploads\/2025\/12\/Logo_EFL_TVA_horizontal_GOLD_1000.png\" data-orig-size=\"1001,378\" data-comments-opened=\"1\" data-image-meta=\"{&quot;aperture&quot;:&quot;0&quot;,&quot;credit&quot;:&quot;&quot;,&quot;camera&quot;:&quot;&quot;,&quot;caption&quot;:&quot;&quot;,&quot;created_timestamp&quot;:&quot;0&quot;,&quot;copyright&quot;:&quot;&quot;,&quot;focal_length&quot;:&quot;0&quot;,&quot;iso&quot;:&quot;0&quot;,&quot;shutter_speed&quot;:&quot;0&quot;,&quot;title&quot;:&quot;&quot;,&quot;orientation&quot;:&quot;0&quot;}\" data-image-title=\"Esperanza for Life\" data-image-description=\"\" data-image-caption=\"\" data-medium-file=\"https:\/\/tva-foundation.org\/wp-content\/uploads\/2025\/12\/Logo_EFL_TVA_horizontal_GOLD_1000-300x113.png\" data-large-file=\"https:\/\/tva-foundation.org\/wp-content\/uploads\/2025\/12\/Logo_EFL_TVA_horizontal_GOLD_1000.png\" class=\"size-medium wp-image-22229 aligncenter\" src=\"https:\/\/tva-foundation.org\/wp-content\/uploads\/2025\/12\/Logo_EFL_TVA_horizontal_GOLD_1000-300x113.png\" alt=\"TvA International Foundation\" width=\"300\" height=\"113\" srcset=\"https:\/\/tva-foundation.org\/wp-content\/uploads\/2025\/12\/Logo_EFL_TVA_horizontal_GOLD_1000-300x113.png 300w, https:\/\/tva-foundation.org\/wp-content\/uploads\/2025\/12\/Logo_EFL_TVA_horizontal_GOLD_1000-768x290.png 768w, https:\/\/tva-foundation.org\/wp-content\/uploads\/2025\/12\/Logo_EFL_TVA_horizontal_GOLD_1000-18x7.png 18w, https:\/\/tva-foundation.org\/wp-content\/uploads\/2025\/12\/Logo_EFL_TVA_horizontal_GOLD_1000-600x227.png 600w, https:\/\/tva-foundation.org\/wp-content\/uploads\/2025\/12\/Logo_EFL_TVA_horizontal_GOLD_1000.png 1001w\" sizes=\"(max-width: 300px) 100vw, 300px\" \/>Esperanza for Life\u2122 - powered by the TvA International Foundation - \u00a0<\/span><\/strong>est plus qu'une marque - c'est un mouvement n\u00e9 de l'amour, de la gu\u00e9rison et d'un objectif. Ancr\u00e9e dans la vision humanitaire de la Fondation internationale TvA, Esperanza for Life allie la beaut\u00e9, la conscience et la philanthropie d'une mani\u00e8re qui \u00e9l\u00e8ve \u00e0 la fois l'individu et le monde.<\/p><p style=\"font-weight: 400;\"><strong><span style=\"color: #d5b448;\">Esperanza for Life\u2122<\/span><\/strong>\u00a0cr\u00e9\u00e9e sous l'\u00e9gide de la Fondation internationale Theodora von Auersperg. Cette marque r\u00e9unit les mondes du luxe conscient, de la philanthropie sinc\u00e8re et de l'objectif global.<\/p><p style=\"font-weight: 400;\">A la base,<strong><span style=\"color: #d5b448;\"> Esperanza for Life\u2122 <\/span><\/strong>est une c\u00e9l\u00e9bration de la vie, de la beaut\u00e9 et de l'espoir - une marque con\u00e7ue pour \u00e9lever les individus tout en g\u00e9n\u00e9rant un soutien durable pour les centres de soins holistiques, le bien-\u00eatre des enfants et des animaux, ainsi que les arts transformateurs et les initiatives \u00e9ducatives dans le monde entier.<\/p><h6 style=\"font-weight: 400;\"><strong>\u2728 Notre essence<\/strong><\/h6><p style=\"font-weight: 400;\">Inspir\u00e9e par la signification du mot \"Esperanza\" - espoir - notre marque canalise l'\u00e9l\u00e9gance et l'intention dans chaque produit. Des th\u00e9s de bien-\u00eatre aux accents dor\u00e9s aux soins de la peau c\u00e9lestes, en passant par les journaux intimes et les kits de cr\u00e9ativit\u00e9 pour enfants, chaque produit est porteur d'un message de lumi\u00e8re.<\/p><h6 style=\"font-weight: 400;\"><strong>\ud83d\udc9b Notre mission<\/strong><\/h6><p style=\"font-weight: 400;\">C\u00e9l\u00e9brer la vie et sauver des vies - en canalisant l'\u00e9nergie de la consommation consciente dans une empreinte mondiale tangible. Chaque achat soutient directement :<\/p><ul><li style=\"font-weight: 400;\">Esperanza for Life\u2122 Centers - Bulgarie<\/li><li>Concerts et \u00e9v\u00e9nements qui gu\u00e9rissent et cr\u00e9ent des liens par le biais des arts<\/li><li>Le Mouvement mondial Esperanza for Life\u2122 - sensibiliser, inspirer la g\u00e9n\u00e9rosit\u00e9 et faire \u00e9voluer la culture de la philanthropie.<\/li><\/ul><h6 style=\"font-weight: 400;\"><strong>\ud83c\udf0d Notre vision<\/strong><\/h6><p style=\"font-weight: 400;\">Inviter des partenaires qui partagent nos valeurs \u00e0 introduire Esperanza for Life dans les foyers, les c\u0153urs et les march\u00e9s - par le biais de licences de produits, de co-branding et de collaborations ax\u00e9es sur l'objectif.<\/p><p style=\"font-weight: 400;\">C'est de la beaut\u00e9 qui a du sens. De la philanthropie avec du style. L'espoir dans les moindres d\u00e9tails.<\/p><p style=\"font-weight: 400;\">Rejoignez-nous. Cr\u00e9ons ensemble un monde plus lumineux et plus conscient.<\/p><p><img data-attachment-id=\"19563\" data-permalink=\"https:\/\/tva-foundation.org\/fr\/5655b2de-0fa4-4878-8ff5-400f63998d9b\/\" data-orig-file=\"https:\/\/tva-foundation.org\/wp-content\/uploads\/2025\/06\/5655B2DE-0FA4-4878-8FF5-400F63998D9B.jpeg\" data-orig-size=\"1024,1536\" data-comments-opened=\"1\" data-image-meta=\"{&quot;aperture&quot;:&quot;0&quot;,&quot;credit&quot;:&quot;&quot;,&quot;camera&quot;:&quot;&quot;,&quot;caption&quot;:&quot;&quot;,&quot;created_timestamp&quot;:&quot;0&quot;,&quot;copyright&quot;:&quot;&quot;,&quot;focal_length&quot;:&quot;0&quot;,&quot;iso&quot;:&quot;0&quot;,&quot;shutter_speed&quot;:&quot;0&quot;,&quot;title&quot;:&quot;&quot;,&quot;orientation&quot;:&quot;1&quot;}\" data-image-title=\"Esperanza for Life Brand\" data-image-description=\"\" data-image-caption=\"\" data-medium-file=\"https:\/\/tva-foundation.org\/wp-content\/uploads\/2025\/06\/5655B2DE-0FA4-4878-8FF5-400F63998D9B-200x300.jpeg\" data-large-file=\"https:\/\/tva-foundation.org\/wp-content\/uploads\/2025\/06\/5655B2DE-0FA4-4878-8FF5-400F63998D9B-683x1024.jpeg\" class=\"size-medium wp-image-19563 aligncenter\" src=\"https:\/\/tva-foundation.org\/wp-content\/uploads\/2025\/06\/5655B2DE-0FA4-4878-8FF5-400F63998D9B-200x300.jpeg\" alt=\"TvA International Foundation\" width=\"200\" height=\"300\" srcset=\"https:\/\/tva-foundation.org\/wp-content\/uploads\/2025\/06\/5655B2DE-0FA4-4878-8FF5-400F63998D9B-200x300.jpeg 200w, https:\/\/tva-foundation.org\/wp-content\/uploads\/2025\/06\/5655B2DE-0FA4-4878-8FF5-400F63998D9B-683x1024.jpeg 683w, https:\/\/tva-foundation.org\/wp-content\/uploads\/2025\/06\/5655B2DE-0FA4-4878-8FF5-400F63998D9B-768x1152.jpeg 768w, https:\/\/tva-foundation.org\/wp-content\/uploads\/2025\/06\/5655B2DE-0FA4-4878-8FF5-400F63998D9B-8x12.jpeg 8w, https:\/\/tva-foundation.org\/wp-content\/uploads\/2025\/06\/5655B2DE-0FA4-4878-8FF5-400F63998D9B-600x900.jpeg 600w, https:\/\/tva-foundation.org\/wp-content\/uploads\/2025\/06\/5655B2DE-0FA4-4878-8FF5-400F63998D9B.jpeg 1024w\" sizes=\"(max-width: 200px) 100vw, 200px\" \/><\/p><p style=\"font-weight: 400; text-align: center;\"><strong>\"Une c\u00e9l\u00e9bration de la vie. Un engagement pour la lumi\u00e8re\"<\/strong><\/p><p style=\"font-weight: 400; text-align: center;\"><strong><span style=\"color: #d5b448;\">Positionnement de la marque : <\/span><\/strong><\/p><p style=\"font-weight: 400; text-align: center;\"><strong>\"Un style de vie n\u00e9 de la philanthropie, engag\u00e9 dans l'espoir, la gu\u00e9rison et l'\u00e9l\u00e9vation de l'esprit humain\".<\/strong><\/p><p><img loading=\"lazy\" data-attachment-id=\"20381\" data-permalink=\"https:\/\/tva-foundation.org\/fr\/17000442-05be-4e28-85c8-4d76ab3b5c5c_1_102_o\/\" data-orig-file=\"https:\/\/tva-foundation.org\/wp-content\/uploads\/2025\/07\/17000442-05BE-4E28-85C8-4D76AB3B5C5C_1_102_o.jpeg\" data-orig-size=\"1080,1080\" data-comments-opened=\"1\" data-image-meta=\"{&quot;aperture&quot;:&quot;0&quot;,&quot;credit&quot;:&quot;&quot;,&quot;camera&quot;:&quot;&quot;,&quot;caption&quot;:&quot;&quot;,&quot;created_timestamp&quot;:&quot;0&quot;,&quot;copyright&quot;:&quot;&quot;,&quot;focal_length&quot;:&quot;0&quot;,&quot;iso&quot;:&quot;0&quot;,&quot;shutter_speed&quot;:&quot;0&quot;,&quot;title&quot;:&quot;&quot;,&quot;orientation&quot;:&quot;1&quot;}\" data-image-title=\"Brand\" data-image-description=\"\" data-image-caption=\"\" data-medium-file=\"https:\/\/tva-foundation.org\/wp-content\/uploads\/2025\/07\/17000442-05BE-4E28-85C8-4D76AB3B5C5C_1_102_o-300x300.jpeg?crop=1\" data-large-file=\"https:\/\/tva-foundation.org\/wp-content\/uploads\/2025\/07\/17000442-05BE-4E28-85C8-4D76AB3B5C5C_1_102_o-1024x1024.jpeg\" class=\"size-medium wp-image-20381 aligncenter\" src=\"https:\/\/tva-foundation.org\/wp-content\/uploads\/2025\/07\/17000442-05BE-4E28-85C8-4D76AB3B5C5C_1_102_o-300x300.jpeg?crop=1\" alt=\"TvA International Foundation\" width=\"300\" height=\"300\" srcset=\"https:\/\/tva-foundation.org\/wp-content\/uploads\/2025\/07\/17000442-05BE-4E28-85C8-4D76AB3B5C5C_1_102_o-300x300.jpeg?crop=1 300w, https:\/\/tva-foundation.org\/wp-content\/uploads\/2025\/07\/17000442-05BE-4E28-85C8-4D76AB3B5C5C_1_102_o-1024x1024.jpeg 1024w, https:\/\/tva-foundation.org\/wp-content\/uploads\/2025\/07\/17000442-05BE-4E28-85C8-4D76AB3B5C5C_1_102_o-150x150.jpeg?crop=1 150w, https:\/\/tva-foundation.org\/wp-content\/uploads\/2025\/07\/17000442-05BE-4E28-85C8-4D76AB3B5C5C_1_102_o-768x768.jpeg 768w, https:\/\/tva-foundation.org\/wp-content\/uploads\/2025\/07\/17000442-05BE-4E28-85C8-4D76AB3B5C5C_1_102_o-12x12.jpeg 12w, https:\/\/tva-foundation.org\/wp-content\/uploads\/2025\/07\/17000442-05BE-4E28-85C8-4D76AB3B5C5C_1_102_o-600x600.jpeg?crop=1 600w, https:\/\/tva-foundation.org\/wp-content\/uploads\/2025\/07\/17000442-05BE-4E28-85C8-4D76AB3B5C5C_1_102_o-100x100.jpeg?crop=1 100w, https:\/\/tva-foundation.org\/wp-content\/uploads\/2025\/07\/17000442-05BE-4E28-85C8-4D76AB3B5C5C_1_102_o.jpeg 1080w\" sizes=\"(max-width: 300px) 100vw, 300px\" \/><\/p><h6 style=\"text-align: center;\"><span style=\"color: #d5b448;\"><span style=\"color: #333333;\">POUR LES POSSIBILIT\u00c9S DE PARTENARIAT OU DE LICENCE, VEUILLEZ VOUS RENSEIGNER DIRECTEMENT.<\/span> <a style=\"color: #d5b448;\" href=\"https:\/\/tva-foundation.org\/fr\/contact\/\"><span style=\"text-decoration: underline;\">ICI<\/span><\/a><\/span><\/h6><h6 class=\"elementor-heading-title elementor-size-default\" style=\"text-align: center;\"><a href=\"https:\/\/donorbox.org\/save-a-soul-membership\" target=\"_blank\" rel=\"noopener\"><span style=\"color: #d5b448;\">Rejoignez la communaut\u00e9 internationale \"Esperanza for Life\"! - Devenez membre. Ayez un impact. C\u00e9l\u00e9brez la vie.<\/span><\/a><\/h6><h6 style=\"text-align: center;\">\u00a0<\/h6>\t\t\t\t\t\t\t\t<\/div>\n\t\t\t\t<\/div>\n\t\t\t\t\t<\/div>\n\t\t\t\t<\/div>\n\t\t\t\t<\/div>","protected":false},"excerpt":{"rendered":"<p>\ud83c\udf1f Esperanza for Life\u2122 \u2014 A Conscious Brand with a Soulful Mission &#8211; Powered by the Theodora von Auersperg (TvA) International Foundation Esperanza for Life\u2122 &#8211; powered by the TvA International Foundation &#8211; \u00a0is more than a brand \u2014 it is a movement born from love, healing, and purpose. Rooted in the humanitarian vision of [&hellip;]<\/p>\n","protected":false},"author":38320787,"featured_media":19546,"parent":0,"menu_order":0,"comment_status":"closed","ping_status":"closed","template":"","meta":{"jetpack_post_was_ever_published":false,"footnotes":""},"class_list":["post-19543","page","type-page","status-publish","has-post-thumbnail","hentry"],"jetpack_likes_enabled":true,"jetpack_sharing_enabled":true,"jetpack_shortlink":"https:\/\/wp.me\/Pf58jH-55d","jetpack-related-posts":[],"_links":{"self":[{"href":"https:\/\/tva-foundation.org\/fr\/wp-json\/wp\/v2\/pages\/19543","targetHints":{"allow":["GET"]}}],"collection":[{"href":"https:\/\/tva-foundation.org\/fr\/wp-json\/wp\/v2\/pages"}],"about":[{"href":"https:\/\/tva-foundation.org\/fr\/wp-json\/wp\/v2\/types\/page"}],"author":[{"embeddable":true,"href":"https:\/\/tva-foundation.org\/fr\/wp-json\/wp\/v2\/users\/38320787"}],"replies":[{"embeddable":true,"href":"https:\/\/tva-foundation.org\/fr\/wp-json\/wp\/v2\/comments?post=19543"}],"version-history":[{"count":81,"href":"https:\/\/tva-foundation.org\/fr\/wp-json\/wp\/v2\/pages\/19543\/revisions"}],"predecessor-version":[{"id":22241,"href":"https:\/\/tva-foundation.org\/fr\/wp-json\/wp\/v2\/pages\/19543\/revisions\/22241"}],"wp:featuredmedia":[{"embeddable":true,"href":"https:\/\/tva-foundation.org\/fr\/wp-json\/wp\/v2\/media\/19546"}],"wp:attachment":[{"href":"https:\/\/tva-foundation.org\/fr\/wp-json\/wp\/v2\/media?parent=19543"}],"curies":[{"name":"wp","href":"https:\/\/api.w.org\/{rel}","templated":true}]}}