{"id":22,"date":"2020-03-25T04:32:27","date_gmt":"2020-03-25T03:32:27","guid":{"rendered":"https:\/\/helpocharity.artureanec.com\/?page_id=22"},"modified":"2026-01-19T16:28:44","modified_gmt":"2026-01-19T15:28:44","slug":"our-causes","status":"publish","type":"page","link":"https:\/\/tva-foundation.org\/fr\/our-causes\/","title":{"rendered":"Nos causes"},"content":{"rendered":"<div data-elementor-type=\"wp-page\" data-elementor-id=\"22\" class=\"elementor elementor-22\" data-elementor-post-type=\"page\">\n\t\t\t\t<div class=\"elementor-element elementor-element-11dbfab e-flex e-con-boxed e-con e-parent\" data-id=\"11dbfab\" data-element_type=\"container\" data-e-type=\"container\">\n\t\t\t\t\t<div class=\"e-con-inner\">\n\t\t\t\t<div class=\"elementor-element elementor-element-a57f24e elementor-widget elementor-widget-spacer\" data-id=\"a57f24e\" data-element_type=\"widget\" data-e-type=\"widget\" data-widget_type=\"spacer.default\">\n\t\t\t\t<div class=\"elementor-widget-container\">\n\t\t\t\t\t\t\t<div class=\"elementor-spacer\">\n\t\t\t<div class=\"elementor-spacer-inner\"><\/div>\n\t\t<\/div>\n\t\t\t\t\t\t<\/div>\n\t\t\t\t<\/div>\n\t\t\t\t\t<\/div>\n\t\t\t\t<\/div>\n\t\t<div class=\"elementor-element elementor-element-41fae63 e-flex e-con-boxed e-con e-parent\" data-id=\"41fae63\" data-element_type=\"container\" data-e-type=\"container\">\n\t\t\t\t\t<div class=\"e-con-inner\">\n\t\t\t\t<div class=\"elementor-element elementor-element-aed4ea1 elementor-widget elementor-widget-spacer\" data-id=\"aed4ea1\" data-element_type=\"widget\" data-e-type=\"widget\" data-widget_type=\"spacer.default\">\n\t\t\t\t<div class=\"elementor-widget-container\">\n\t\t\t\t\t\t\t<div class=\"elementor-spacer\">\n\t\t\t<div class=\"elementor-spacer-inner\"><\/div>\n\t\t<\/div>\n\t\t\t\t\t\t<\/div>\n\t\t\t\t<\/div>\n\t\t\t\t\t<\/div>\n\t\t\t\t<\/div>\n\t\t<div class=\"elementor-element elementor-element-36062d8 e-flex e-con-boxed e-con e-parent\" data-id=\"36062d8\" data-element_type=\"container\" data-e-type=\"container\">\n\t\t\t\t\t<div class=\"e-con-inner\">\n\t\t\t\t<div class=\"elementor-element elementor-element-90e19dc elementor-widget elementor-widget-heading\" data-id=\"90e19dc\" data-element_type=\"widget\" data-e-type=\"widget\" data-widget_type=\"heading.default\">\n\t\t\t\t<div class=\"elementor-widget-container\">\n\t\t\t\t\t<h4 class=\"elementor-heading-title elementor-size-default\">Bienvenue \u00e0 nos causes !<\/h4>\t\t\t\t<\/div>\n\t\t\t\t<\/div>\n\t\t\t\t\t<\/div>\n\t\t\t\t<\/div>\n\t\t<div class=\"elementor-element elementor-element-4271faf e-flex e-con-boxed e-con e-parent\" data-id=\"4271faf\" data-element_type=\"container\" data-e-type=\"container\">\n\t\t\t\t\t<div class=\"e-con-inner\">\n\t\t\t\t<div class=\"elementor-element elementor-element-89df1cf elementor-widget elementor-widget-spacer\" data-id=\"89df1cf\" data-element_type=\"widget\" data-e-type=\"widget\" data-widget_type=\"spacer.default\">\n\t\t\t\t<div class=\"elementor-widget-container\">\n\t\t\t\t\t\t\t<div class=\"elementor-spacer\">\n\t\t\t<div class=\"elementor-spacer-inner\"><\/div>\n\t\t<\/div>\n\t\t\t\t\t\t<\/div>\n\t\t\t\t<\/div>\n\t\t\t\t\t<\/div>\n\t\t\t\t<\/div>\n\t\t<div class=\"elementor-element elementor-element-2407520 e-flex e-con-boxed e-con e-parent\" data-id=\"2407520\" data-element_type=\"container\" data-e-type=\"container\">\n\t\t\t\t\t<div class=\"e-con-inner\">\n\t\t\t\t<div class=\"elementor-element elementor-element-3f25483 elementor-widget elementor-widget-text-editor\" data-id=\"3f25483\" data-element_type=\"widget\" data-e-type=\"widget\" data-widget_type=\"text-editor.default\">\n\t\t\t\t<div class=\"elementor-widget-container\">\n\t\t\t\t\t\t\t\t\t<p>D\u00e9couvrez les battements de c\u0153ur de notre mission sur le site <strong>\"Nos causes<\/strong> o\u00f9 chaque cause que nous d\u00e9fendons t\u00e9moigne de notre engagement en faveur d'un changement positif. Nos initiatives couvrent diverses r\u00e9gions et se concentrent sur <strong>BULGARIE<\/strong>, L'objectif est d'am\u00e9liorer la qualit\u00e9 de vie des citoyens, de relever des d\u00e9fis uniques et d'encourager des changements significatifs. Explorez les diff\u00e9rentes causes qui d\u00e9finissent les <strong>Fondation internationale Theodora von Auersperg<\/strong>y compris nos projets d\u00e9di\u00e9s dans des r\u00e9gions sp\u00e9cifiques. D\u00e9couvrez comment, ensemble, nous avons un impact durable dans les domaines qui comptent le plus. <strong>Rejoignez-nous pour cr\u00e9er un monde meilleur, une cause et une r\u00e9gion \u00e0 la fois.<img fetchpriority=\"high\" data-attachment-id=\"20286\" data-permalink=\"https:\/\/tva-foundation.org\/fr\/our-causes\/3362f1ed-0c69-4f6b-895c-518880f270e8\/\" data-orig-file=\"https:\/\/tva-foundation.org\/wp-content\/uploads\/2025\/07\/3362F1ED-0C69-4F6B-895C-518880F270E8.jpeg\" data-orig-size=\"728,408\" data-comments-opened=\"1\" data-image-meta=\"{&quot;aperture&quot;:&quot;0&quot;,&quot;credit&quot;:&quot;&quot;,&quot;camera&quot;:&quot;&quot;,&quot;caption&quot;:&quot;&quot;,&quot;created_timestamp&quot;:&quot;0&quot;,&quot;copyright&quot;:&quot;&quot;,&quot;focal_length&quot;:&quot;0&quot;,&quot;iso&quot;:&quot;0&quot;,&quot;shutter_speed&quot;:&quot;0&quot;,&quot;title&quot;:&quot;&quot;,&quot;orientation&quot;:&quot;0&quot;}\" data-image-title=\"Our Causes\" data-image-description=\"\" data-image-caption=\"\" data-large-file=\"https:\/\/tva-foundation.org\/wp-content\/uploads\/2025\/07\/3362F1ED-0C69-4F6B-895C-518880F270E8.jpeg\" class=\"size-medium wp-image-20286 aligncenter\" src=\"https:\/\/tva-foundation.org\/wp-content\/uploads\/2025\/07\/3362F1ED-0C69-4F6B-895C-518880F270E8-300x168.jpeg\" alt=\"TvA International Foundation\" width=\"300\" height=\"168\" srcset=\"https:\/\/tva-foundation.org\/wp-content\/uploads\/2025\/07\/3362F1ED-0C69-4F6B-895C-518880F270E8-300x168.jpeg 300w, https:\/\/tva-foundation.org\/wp-content\/uploads\/2025\/07\/3362F1ED-0C69-4F6B-895C-518880F270E8-18x10.jpeg 18w, https:\/\/tva-foundation.org\/wp-content\/uploads\/2025\/07\/3362F1ED-0C69-4F6B-895C-518880F270E8-600x336.jpeg 600w, https:\/\/tva-foundation.org\/wp-content\/uploads\/2025\/07\/3362F1ED-0C69-4F6B-895C-518880F270E8.jpeg 728w\" sizes=\"(max-width: 300px) 100vw, 300px\" \/>\u00a0<\/strong><\/p>\t\t\t\t\t\t\t\t<\/div>\n\t\t\t\t<\/div>\n\t\t\t\t\t<\/div>\n\t\t\t\t<\/div>\n\t\t\t\t<section class=\"elementor-section elementor-top-section elementor-element elementor-element-1f9ae7b0 elementor-section-stretched elementor-section-boxed elementor-section-height-default elementor-section-height-default\" data-id=\"1f9ae7b0\" data-element_type=\"section\" data-e-type=\"section\" data-settings=\"{&quot;stretch_section&quot;:&quot;section-stretched&quot;,&quot;background_background&quot;:&quot;classic&quot;}\">\n\t\t\t\t\t\t<div class=\"elementor-container elementor-column-gap-default\">\n\t\t\t\t\t<div class=\"elementor-column elementor-col-100 elementor-top-column elementor-element elementor-element-3e1172b6\" data-id=\"3e1172b6\" data-element_type=\"column\" data-e-type=\"column\">\n\t\t\t<div class=\"elementor-widget-wrap elementor-element-populated\">\n\t\t\t\t\t\t<div class=\"elementor-element elementor-element-1104d69d elementor-widget elementor-widget-helpo_causes_listing\" data-id=\"1104d69d\" data-element_type=\"widget\" data-e-type=\"widget\" id=\"our-causes\" data-widget_type=\"helpo_causes_listing.default\">\n\t\t\t\t<div class=\"elementor-widget-container\">\n\t\t\t\t\t\n        <div class=\"helpo_causes_listing_widget\">\n            <div class=\"helpo_causes_listing_wrapper helpo_view_type_1 helpo_columns_2\">\n                \n                    <div class=\"helpo_causes_list_item\">\n                        <div class=\"helpo_causes_list_wrapper\">\n                                                            <div class=\"helpo_info_container\">\n                                    <div class=\"helpo_causes_list_content_container\">\n                                        <h6 class=\"helpo_post_title\">\n                                            <a href=\"https:\/\/tva-foundation.org\/fr\/causes\/esperanza-for-life-veterinary-ambulatory\/\">Ambulatoire v\u00e9t\u00e9rinaire Esperanza for Life\u2122 - Plovdiv, Bulgarie<\/a>\n                                        <\/h6>\n\n                                        <p class=\"helpo_post_excerpt\">Centre v\u00e9t\u00e9rinaire ambulatoire \u00e0 fort impact\r\n<\/p>\n                                    <\/div>\n\n                                    <div class=\"helpo_featured_image_container\">\n                                        <div class=\"helpo_category_container\">\n                                        <span class=\"helpo_category\">Sant\u00e9<\/span>\n                                    <\/div>\n\n                                        <img src=\"https:\/\/tva-foundation.org\/wp-content\/uploads\/2026\/01\/Image-8-960x734.jpeg\" alt=\"TvA International Foundation\" \/>\n                                    <\/div>\n\n                                                                    <\/div>\n\n                                <div class=\"helpo_donate_button_container\">\n                                    <a href=\"https:\/\/tva-foundation.org\/fr\/causes\/esperanza-for-life-veterinary-ambulatory\/\" class=\"helpo_button helpo_button--primary\">+ Faire un don<\/a>\n                                <\/div>\n                                                        <\/div>\n                    <\/div>\n                    \n                    <div class=\"helpo_causes_list_item\">\n                        <div class=\"helpo_causes_list_wrapper\">\n                                                            <div class=\"helpo_info_container\">\n                                    <div class=\"helpo_causes_list_content_container\">\n                                        <h6 class=\"helpo_post_title\">\n                                            <a href=\"https:\/\/tva-foundation.org\/fr\/causes\/esperanze-for-life-center-bulgaria\/\">Esperanza for Life\u2122 Center - Bulgarie<\/a>\n                                        <\/h6>\n\n                                        <p class=\"helpo_post_excerpt\">Un sanctuaire pour la gu\u00e9rison\r\n\r\n<\/p>\n                                    <\/div>\n\n                                    <div class=\"helpo_featured_image_container\">\n                                        <div class=\"helpo_category_container\">\n                                        <span class=\"helpo_category\">Sant\u00e9<\/span>\n                                    <\/div>\n\n                                        <img src=\"https:\/\/tva-foundation.org\/wp-content\/uploads\/2025\/05\/439B2688-426B-4242-9D91-6A658981C838-960x734.jpg\" alt=\"TvA International Foundation\" \/>\n                                    <\/div>\n\n                                                                    <\/div>\n\n                                <div class=\"helpo_donate_button_container\">\n                                    <a href=\"https:\/\/tva-foundation.org\/fr\/causes\/esperanze-for-life-center-bulgaria\/\" class=\"helpo_button helpo_button--primary\">+ Faire un don<\/a>\n                                <\/div>\n                                                        <\/div>\n                    <\/div>\n                    \n                    <div class=\"helpo_causes_list_item\">\n                        <div class=\"helpo_causes_list_wrapper\">\n                                                            <div class=\"helpo_info_container\">\n                                    <div class=\"helpo_causes_list_content_container\">\n                                        <h6 class=\"helpo_post_title\">\n                                            <a href=\"https:\/\/tva-foundation.org\/fr\/causes\/protection-safety-and-happiness\/\">Protection, s\u00e9curit\u00e9 et bonheur<\/a>\n                                        <\/h6>\n\n                                        <p class=\"helpo_post_excerpt\">Une cause pour chaque enfant<\/p>\n                                    <\/div>\n\n                                    <div class=\"helpo_featured_image_container\">\n                                        <div class=\"helpo_category_container\">\n                                        <span class=\"helpo_category\">S\u00e9curit\u00e9<\/span>\n                                    <\/div>\n\n                                        <img src=\"https:\/\/tva-foundation.org\/wp-content\/uploads\/2024\/01\/E3BF93FC-D7AC-4CC0-8561-CA3C69C00B0E-960x734.jpeg\" alt=\"TvA International Foundation\" \/>\n                                    <\/div>\n\n                                                                    <\/div>\n\n                                <div class=\"helpo_donate_button_container\">\n                                    <a href=\"https:\/\/tva-foundation.org\/fr\/causes\/protection-safety-and-happiness\/\" class=\"helpo_button helpo_button--primary\">+ Faire un don<\/a>\n                                <\/div>\n                                                        <\/div>\n                    <\/div>\n                    \n                    <div class=\"helpo_causes_list_item\">\n                        <div class=\"helpo_causes_list_wrapper\">\n                                                            <div class=\"helpo_info_container\">\n                                    <div class=\"helpo_causes_list_content_container\">\n                                        <h6 class=\"helpo_post_title\">\n                                            <a href=\"https:\/\/tva-foundation.org\/fr\/causes\/liberation-compassion\/\">Lib\u00e9ration et compassion<\/a>\n                                        <\/h6>\n\n                                        <p class=\"helpo_post_excerpt\">Une cause pour les refuges d'animaux <\/p>\n                                    <\/div>\n\n                                    <div class=\"helpo_featured_image_container\">\n                                        <div class=\"helpo_category_container\">\n                                        <span class=\"helpo_category\">Faune et flore<\/span>\n                                    <\/div>\n\n                                        <img src=\"https:\/\/tva-foundation.org\/wp-content\/uploads\/2024\/01\/D89FE0E0-9EEF-4E07-B64F-FCBEEAC214DE-960x734.jpeg\" alt=\"TvA International Foundation\" \/>\n                                    <\/div>\n\n                                                                    <\/div>\n\n                                <div class=\"helpo_donate_button_container\">\n                                    <a href=\"https:\/\/tva-foundation.org\/fr\/causes\/liberation-compassion\/\" class=\"helpo_button helpo_button--primary\">+ Faire un don<\/a>\n                                <\/div>\n                                                        <\/div>\n                    <\/div>\n                                <\/div>\n\n                            <div class=\"helpo_pagination\">\n                    \n\t<nav class=\"navigation pagination\" aria-label=\"Pagination des publications\">\n\t\t<h2 class=\"screen-reader-text\">Pagination des publications<\/h2>\n\t\t<div class=\"nav-links\"><span aria-label=\"Page 1\" aria-current=\"page\" class=\"page-numbers current\" data-no-translation-aria-label=\"\">1<\/span>\n<a aria-label=\"Page 2\" class=\"page-numbers\" href=\"https:\/\/tva-foundation.org\/fr\/wp-json\/wp\/v2\/pages\/22\/page\/2\/\" data-no-translation-aria-label=\"\">2<\/a>\n<a aria-label=\"Page 3\" class=\"page-numbers\" href=\"https:\/\/tva-foundation.org\/fr\/wp-json\/wp\/v2\/pages\/22\/page\/3\/\" data-no-translation-aria-label=\"\">3<\/a>\n<a class=\"next page-numbers\" href=\"https:\/\/tva-foundation.org\/fr\/wp-json\/wp\/v2\/pages\/22\/page\/2\/\">Next<i class=\"fa fa-angle-right\" aria-hidden=\"true\"><\/i><\/a><\/div>\n\t<\/nav>                <\/div>\n                        <\/div>\n        \t\t\t\t<\/div>\n\t\t\t\t<\/div>\n\t\t\t\t<div class=\"elementor-element elementor-element-cd91353 elementor-widget elementor-widget-html\" data-id=\"cd91353\" data-element_type=\"widget\" data-e-type=\"widget\" data-widget_type=\"html.default\">\n\t\t\t\t<div class=\"elementor-widget-container\">\n\t\t\t\t\t<script>\njQuery('#our-causes .helpo_donate_button_container a').click(function(e) {\n    e.preventDefault();\n   jQuery('#main-donate a').click();\n});\n    \n<\/script>\t\t\t\t<\/div>\n\t\t\t\t<\/div>\n\t\t\t\t\t<\/div>\n\t\t<\/div>\n\t\t\t\t\t<\/div>\n\t\t<\/section>\n\t\t<div class=\"elementor-element elementor-element-8250293 e-flex e-con-boxed e-con e-parent\" data-id=\"8250293\" data-element_type=\"container\" data-e-type=\"container\">\n\t\t\t\t\t<div class=\"e-con-inner\">\n\t\t\t\t<div class=\"elementor-element elementor-element-3c9ea7d elementor-widget elementor-widget-helpo_button\" data-id=\"3c9ea7d\" data-element_type=\"widget\" data-e-type=\"widget\" data-widget_type=\"helpo_button.default\">\n\t\t\t\t<div class=\"elementor-widget-container\">\n\t\t\t\t\t\n        <div class=\"helpo_button_widget\">\n            <div class=\"helpo_button_container\">\n                <a class=\"helpo_button helpo_button--primary\" href=\"https:\/\/tva-foundation.org\/fr\/projects\/\" target=\"_blank\">PROJETS R\u00c9GIONAUX<\/a>\n            <\/div>\n        <\/div>\n        \t\t\t\t<\/div>\n\t\t\t\t<\/div>\n\t\t\t\t\t<\/div>\n\t\t\t\t<\/div>\n\t\t\t\t<\/div>","protected":false},"excerpt":{"rendered":"<p>Welcome to Our Causes! Discover the heartbeat of our mission on the &#8220;Our Causes&#8221; page, where each cause we champion serves as a testament to our commitment to positive change. Our initiatives span diverse regions, addressing unique challenges and fostering impactful change. Explore the various causes that define Theodora von Auersperg International Foundation, including our [&hellip;]<\/p>\n","protected":false},"author":38320787,"featured_media":20425,"parent":0,"menu_order":0,"comment_status":"closed","ping_status":"closed","template":"","meta":{"footnotes":""},"class_list":["post-22","page","type-page","status-publish","has-post-thumbnail","hentry"],"jetpack_likes_enabled":true,"jetpack_sharing_enabled":true,"jetpack_shortlink":"https:\/\/wp.me\/Pf58jH-m","jetpack-related-posts":[],"_links":{"self":[{"href":"https:\/\/tva-foundation.org\/fr\/wp-json\/wp\/v2\/pages\/22","targetHints":{"allow":["GET"]}}],"collection":[{"href":"https:\/\/tva-foundation.org\/fr\/wp-json\/wp\/v2\/pages"}],"about":[{"href":"https:\/\/tva-foundation.org\/fr\/wp-json\/wp\/v2\/types\/page"}],"author":[{"embeddable":true,"href":"https:\/\/tva-foundation.org\/fr\/wp-json\/wp\/v2\/users\/38320787"}],"replies":[{"embeddable":true,"href":"https:\/\/tva-foundation.org\/fr\/wp-json\/wp\/v2\/comments?post=22"}],"version-history":[{"count":60,"href":"https:\/\/tva-foundation.org\/fr\/wp-json\/wp\/v2\/pages\/22\/revisions"}],"predecessor-version":[{"id":22525,"href":"https:\/\/tva-foundation.org\/fr\/wp-json\/wp\/v2\/pages\/22\/revisions\/22525"}],"wp:featuredmedia":[{"embeddable":true,"href":"https:\/\/tva-foundation.org\/fr\/wp-json\/wp\/v2\/media\/20425"}],"wp:attachment":[{"href":"https:\/\/tva-foundation.org\/fr\/wp-json\/wp\/v2\/media?parent=22"}],"curies":[{"name":"wp","href":"https:\/\/api.w.org\/{rel}","templated":true}]}}