{"id":4298,"date":"2024-01-03T18:07:38","date_gmt":"2024-01-03T17:07:38","guid":{"rendered":"https:\/\/tva-foundation.org\/?page_id=4298"},"modified":"2024-02-18T10:31:02","modified_gmt":"2024-02-18T09:31:02","slug":"cookies-policy","status":"publish","type":"page","link":"https:\/\/tva-foundation.org\/fr\/cookies-policy\/","title":{"rendered":"Politique en mati\u00e8re de cookies"},"content":{"rendered":"<div data-elementor-type=\"wp-page\" data-elementor-id=\"4298\" class=\"elementor elementor-4298\" data-elementor-post-type=\"page\">\n\t\t\t\t<div class=\"elementor-element elementor-element-84328a9 e-flex e-con-boxed e-con e-parent\" data-id=\"84328a9\" data-element_type=\"container\" data-e-type=\"container\">\n\t\t\t\t\t<div class=\"e-con-inner\">\n\t\t\t\t<div class=\"elementor-element elementor-element-6c342e8 elementor-widget elementor-widget-text-editor\" data-id=\"6c342e8\" data-element_type=\"widget\" data-e-type=\"widget\" data-widget_type=\"text-editor.default\">\n\t\t\t\t<div class=\"elementor-widget-container\">\n\t\t\t\t\t\t\t\t\t<p><strong>Politique en mati\u00e8re de cookies :<\/strong><\/p><p>Ce site web utilise des cookies pour am\u00e9liorer l'exp\u00e9rience de l'utilisateur et fournir des services personnalis\u00e9s. En utilisant ce site web, vous acceptez l'utilisation de cookies conform\u00e9ment \u00e0 la pr\u00e9sente politique en mati\u00e8re de cookies.<\/p><p>\u00a0<\/p><p><strong>Qu'est-ce qu'un cookie ?<\/strong><\/p><p>Les cookies sont de petits fichiers texte qui sont stock\u00e9s sur votre appareil lorsque vous visitez un site web. Ils sont largement utilis\u00e9s pour assurer le bon fonctionnement des sites web et fournir des informations essentielles \u00e0 leurs propri\u00e9taires.<\/p><p>\u00a0<\/p><p><strong>Comment nous utilisons les cookies :<\/strong><\/p><ul><li><p><strong>Cookies essentiels :<\/strong> Ces cookies sont n\u00e9cessaires au bon fonctionnement du site web. Ils permettent des fonctionnalit\u00e9s essentielles telles que la s\u00e9curit\u00e9, la gestion du r\u00e9seau et l'accessibilit\u00e9.<\/p><\/li><li><p><strong>Cookies analytiques\/de performance :<\/strong> Ces cookies nous aident \u00e0 comprendre comment les visiteurs interagissent avec notre site web en collectant et en rapportant des informations de mani\u00e8re anonyme. Ces informations nous permettent d'am\u00e9liorer les performances du site web.<\/p><\/li><li><p><strong>Cookies de fonctionnalit\u00e9 :<\/strong> Ces cookies permettent d'am\u00e9liorer les fonctionnalit\u00e9s et la personnalisation, comme la m\u00e9morisation de vos pr\u00e9f\u00e9rences et de vos choix.<\/p><\/li><li><p><strong>Cookies publicitaires :<\/strong> Nous pouvons utiliser des cookies publicitaires de tiers pour diffuser des publicit\u00e9s correspondant \u00e0 vos centres d'int\u00e9r\u00eat. Ces cookies suivent vos habitudes de navigation et nous aident \u00e0 vous pr\u00e9senter des publicit\u00e9s cibl\u00e9es.<\/p><\/li><\/ul><p>\u00a0<\/p><p><strong>Gestion des cookies :<\/strong><\/p><p>Vous pouvez contr\u00f4ler et\/ou supprimer les cookies comme vous le souhaitez. Vous pouvez supprimer tous les cookies qui se trouvent d\u00e9j\u00e0 sur votre appareil et configurer les param\u00e8tres de votre navigateur pour emp\u00eacher l'installation de cookies. Toutefois, veuillez noter que la d\u00e9sactivation des cookies peut affecter la fonctionnalit\u00e9 de ce site web.<\/p><p>\u00a0<\/p><p><strong>Modifications de la pr\u00e9sente politique :<\/strong><\/p><p>Nous pouvons mettre \u00e0 jour cette politique en mati\u00e8re de cookies de temps \u00e0 autre pour refl\u00e9ter les changements technologiques ou les exigences l\u00e9gales. Toute mise \u00e0 jour sera publi\u00e9e sur cette page et votre utilisation continue du site web constitue votre acceptation de la politique mise \u00e0 jour.<\/p><p>\u00a0<\/p><p><strong>Informations de contact :<\/strong><\/p><p>Si vous avez des questions concernant notre politique en mati\u00e8re de cookies, veuillez nous contacter par l'interm\u00e9diaire de notre site web. <a href=\"https:\/\/tva-foundation.org\/fr\/contact\/\">Page de contact<\/a>.<\/p>\t\t\t\t\t\t\t\t<\/div>\n\t\t\t\t<\/div>\n\t\t\t\t\t<\/div>\n\t\t\t\t<\/div>\n\t\t<div class=\"elementor-element elementor-element-43ed57c e-flex e-con-boxed e-con e-parent\" data-id=\"43ed57c\" data-element_type=\"container\" data-e-type=\"container\">\n\t\t\t\t\t<div class=\"e-con-inner\">\n\t\t\t\t<div class=\"elementor-element elementor-element-bd98993 elementor-widget elementor-widget-spacer\" data-id=\"bd98993\" data-element_type=\"widget\" data-e-type=\"widget\" data-widget_type=\"spacer.default\">\n\t\t\t\t<div class=\"elementor-widget-container\">\n\t\t\t\t\t\t\t<div class=\"elementor-spacer\">\n\t\t\t<div class=\"elementor-spacer-inner\"><\/div>\n\t\t<\/div>\n\t\t\t\t\t\t<\/div>\n\t\t\t\t<\/div>\n\t\t\t\t\t<\/div>\n\t\t\t\t<\/div>\n\t\t\t\t<\/div>","protected":false},"excerpt":{"rendered":"<p>Cookies Policy: This website uses cookies to enhance the user experience and provide personalized services. By using this website, you agree to the use of cookies in accordance with this Cookies Policy. \u00a0 What are Cookies? Cookies are small text files that are stored on your device when you visit a website. They are widely [&hellip;]<\/p>\n","protected":false},"author":38320787,"featured_media":4299,"parent":0,"menu_order":0,"comment_status":"closed","ping_status":"closed","template":"","meta":{"footnotes":""},"class_list":["post-4298","page","type-page","status-publish","has-post-thumbnail","hentry"],"jetpack_likes_enabled":true,"jetpack_sharing_enabled":true,"jetpack_shortlink":"https:\/\/wp.me\/Pf58jH-17k","jetpack-related-posts":[],"_links":{"self":[{"href":"https:\/\/tva-foundation.org\/fr\/wp-json\/wp\/v2\/pages\/4298","targetHints":{"allow":["GET"]}}],"collection":[{"href":"https:\/\/tva-foundation.org\/fr\/wp-json\/wp\/v2\/pages"}],"about":[{"href":"https:\/\/tva-foundation.org\/fr\/wp-json\/wp\/v2\/types\/page"}],"author":[{"embeddable":true,"href":"https:\/\/tva-foundation.org\/fr\/wp-json\/wp\/v2\/users\/38320787"}],"replies":[{"embeddable":true,"href":"https:\/\/tva-foundation.org\/fr\/wp-json\/wp\/v2\/comments?post=4298"}],"version-history":[{"count":19,"href":"https:\/\/tva-foundation.org\/fr\/wp-json\/wp\/v2\/pages\/4298\/revisions"}],"predecessor-version":[{"id":7997,"href":"https:\/\/tva-foundation.org\/fr\/wp-json\/wp\/v2\/pages\/4298\/revisions\/7997"}],"wp:featuredmedia":[{"embeddable":true,"href":"https:\/\/tva-foundation.org\/fr\/wp-json\/wp\/v2\/media\/4299"}],"wp:attachment":[{"href":"https:\/\/tva-foundation.org\/fr\/wp-json\/wp\/v2\/media?parent=4298"}],"curies":[{"name":"wp","href":"https:\/\/api.w.org\/{rel}","templated":true}]}}