{"id":8005,"date":"2024-02-23T09:41:12","date_gmt":"2024-02-23T08:41:12","guid":{"rendered":"https:\/\/tva-foundation.org\/?page_id=8005"},"modified":"2026-01-19T18:28:16","modified_gmt":"2026-01-19T17:28:16","slug":"projects","status":"publish","type":"page","link":"https:\/\/tva-foundation.org\/fr\/projects\/","title":{"rendered":"PROJETS"},"content":{"rendered":"<div data-elementor-type=\"wp-page\" data-elementor-id=\"8005\" class=\"elementor elementor-8005\" data-elementor-post-type=\"page\">\n\t\t\t\t<div class=\"elementor-element elementor-element-2c1a4b6 e-flex e-con-boxed e-con e-parent\" data-id=\"2c1a4b6\" data-element_type=\"container\" data-e-type=\"container\">\n\t\t\t\t\t<div class=\"e-con-inner\">\n\t\t\t\t<div class=\"elementor-element elementor-element-2e635f7 elementor-widget elementor-widget-heading\" data-id=\"2e635f7\" data-element_type=\"widget\" data-e-type=\"widget\" data-widget_type=\"heading.default\">\n\t\t\t\t<div class=\"elementor-widget-container\">\n\t\t\t\t\t<h4 class=\"elementor-heading-title elementor-size-default\">Projets \u00e0 impact r\u00e9gional<\/h4>\t\t\t\t<\/div>\n\t\t\t\t<\/div>\n\t\t\t\t\t<\/div>\n\t\t\t\t<\/div>\n\t\t<div class=\"elementor-element elementor-element-0edb6e2 e-flex e-con-boxed e-con e-parent\" data-id=\"0edb6e2\" data-element_type=\"container\" data-e-type=\"container\">\n\t\t\t\t\t<div class=\"e-con-inner\">\n\t\t\t\t<div class=\"elementor-element elementor-element-82bfdae elementor-widget elementor-widget-spacer\" data-id=\"82bfdae\" data-element_type=\"widget\" data-e-type=\"widget\" data-widget_type=\"spacer.default\">\n\t\t\t\t<div class=\"elementor-widget-container\">\n\t\t\t\t\t\t\t<div class=\"elementor-spacer\">\n\t\t\t<div class=\"elementor-spacer-inner\"><\/div>\n\t\t<\/div>\n\t\t\t\t\t\t<\/div>\n\t\t\t\t<\/div>\n\t\t\t\t\t<\/div>\n\t\t\t\t<\/div>\n\t\t<div class=\"elementor-element elementor-element-d9fd988 e-flex e-con-boxed e-con e-parent\" data-id=\"d9fd988\" data-element_type=\"container\" data-e-type=\"container\">\n\t\t\t\t\t<div class=\"e-con-inner\">\n\t\t\t\t<div class=\"elementor-element elementor-element-0e56096 elementor-widget elementor-widget-text-editor\" data-id=\"0e56096\" data-element_type=\"widget\" data-e-type=\"widget\" data-widget_type=\"text-editor.default\">\n\t\t\t\t<div class=\"elementor-widget-container\">\n\t\t\t\t\t\t\t\t\t<p>S'embarquer pour un voyage d'impact r\u00e9gional - axe principal <strong>BULGARIE<\/strong> - en nous plongeant au c\u0153ur de la <strong>Fondation internationale Theodora von Auersperg<\/strong> divers projets.  Notre engagement en faveur d'un changement positif s'\u00e9tend \u00e0 tous les coins du globe. Sur cette page, vous d\u00e9couvrirez les initiatives qui fa\u00e7onnent un avenir meilleur dans des r\u00e9gions sp\u00e9cifiques. Qu'il s'agisse de favoriser le d\u00e9veloppement des communaut\u00e9s ou de relever des d\u00e9fis particuliers, chaque projet t\u00e9moigne de notre volont\u00e9 d'avoir un impact durable l\u00e0 o\u00f9 cela compte le plus. Rejoignez-nous dans l'exploration de ces projets r\u00e9gionaux et participez \u00e0 l'aventure de la transformation, alors que nous travaillons \u00e0 la cr\u00e9ation d'un monde meilleur, un projet, une r\u00e9gion \u00e0 la fois.<\/p>\t\t\t\t\t\t\t\t<\/div>\n\t\t\t\t<\/div>\n\t\t\t\t\t<\/div>\n\t\t\t\t<\/div>\n\t\t<div class=\"elementor-element elementor-element-95a8ad7 e-flex e-con-boxed e-con e-parent\" data-id=\"95a8ad7\" data-element_type=\"container\" data-e-type=\"container\">\n\t\t\t\t\t<div class=\"e-con-inner\">\n\t\t\t\t<div class=\"elementor-element elementor-element-3f00f05 elementor-widget elementor-widget-spacer\" data-id=\"3f00f05\" data-element_type=\"widget\" data-e-type=\"widget\" data-widget_type=\"spacer.default\">\n\t\t\t\t<div class=\"elementor-widget-container\">\n\t\t\t\t\t\t\t<div class=\"elementor-spacer\">\n\t\t\t<div class=\"elementor-spacer-inner\"><\/div>\n\t\t<\/div>\n\t\t\t\t\t\t<\/div>\n\t\t\t\t<\/div>\n\t\t\t\t\t<\/div>\n\t\t\t\t<\/div>\n\t\t<div class=\"elementor-element elementor-element-38d7a80 e-flex e-con-boxed e-con e-parent\" data-id=\"38d7a80\" data-element_type=\"container\" data-e-type=\"container\">\n\t\t\t\t\t<div class=\"e-con-inner\">\n\t\t\t\t<div class=\"elementor-element elementor-element-9a852c1 elementor-widget elementor-widget-helpo_causes_listing\" data-id=\"9a852c1\" data-element_type=\"widget\" data-e-type=\"widget\" data-widget_type=\"helpo_causes_listing.default\">\n\t\t\t\t<div class=\"elementor-widget-container\">\n\t\t\t\t\t\n        <div class=\"helpo_causes_listing_widget\">\n            <div class=\"helpo_causes_listing_wrapper helpo_view_type_1 helpo_columns_3\">\n                \n                    <div class=\"helpo_causes_list_item\">\n                        <div class=\"helpo_causes_list_wrapper\">\n                                                            <div class=\"helpo_info_container\">\n                                    <div class=\"helpo_causes_list_content_container\">\n                                        <h6 class=\"helpo_post_title\">\n                                            <a href=\"https:\/\/tva-foundation.org\/fr\/causes\/protection-safety-and-happiness\/\">Protection, s\u00e9curit\u00e9 et bonheur<\/a>\n                                        <\/h6>\n\n                                        <p class=\"helpo_post_excerpt\">Une cause pour chaque enfant<\/p>\n                                    <\/div>\n\n                                    <div class=\"helpo_featured_image_container\">\n                                        <div class=\"helpo_category_container\">\n                                        <span class=\"helpo_category\">S\u00e9curit\u00e9<\/span>\n                                    <\/div>\n\n                                        <img src=\"https:\/\/tva-foundation.org\/wp-content\/uploads\/2024\/01\/E3BF93FC-D7AC-4CC0-8561-CA3C69C00B0E-640x490.jpeg\" alt=\"TvA International Foundation\" \/>\n                                    <\/div>\n\n                                                                    <\/div>\n\n                                <div class=\"helpo_donate_button_container\">\n                                    <a href=\"https:\/\/tva-foundation.org\/fr\/causes\/protection-safety-and-happiness\/\" class=\"helpo_button helpo_button--primary\">+ Faire un don<\/a>\n                                <\/div>\n                                                        <\/div>\n                    <\/div>\n                    \n                    <div class=\"helpo_causes_list_item\">\n                        <div class=\"helpo_causes_list_wrapper\">\n                                                            <div class=\"helpo_info_container\">\n                                    <div class=\"helpo_causes_list_content_container\">\n                                        <h6 class=\"helpo_post_title\">\n                                            <a href=\"https:\/\/tva-foundation.org\/fr\/causes\/esperanze-for-life-center-bulgaria\/\">Esperanza for Life\u2122 Center - Bulgarie<\/a>\n                                        <\/h6>\n\n                                        <p class=\"helpo_post_excerpt\">Un sanctuaire pour la gu\u00e9rison\r\n\r\n<\/p>\n                                    <\/div>\n\n                                    <div class=\"helpo_featured_image_container\">\n                                        <div class=\"helpo_category_container\">\n                                        <span class=\"helpo_category\">Sant\u00e9<\/span>\n                                    <\/div>\n\n                                        <img src=\"https:\/\/tva-foundation.org\/wp-content\/uploads\/2025\/05\/439B2688-426B-4242-9D91-6A658981C838-640x490.jpg\" alt=\"TvA International Foundation\" \/>\n                                    <\/div>\n\n                                                                    <\/div>\n\n                                <div class=\"helpo_donate_button_container\">\n                                    <a href=\"https:\/\/tva-foundation.org\/fr\/causes\/esperanze-for-life-center-bulgaria\/\" class=\"helpo_button helpo_button--primary\">+ Faire un don<\/a>\n                                <\/div>\n                                                        <\/div>\n                    <\/div>\n                    \n                    <div class=\"helpo_causes_list_item\">\n                        <div class=\"helpo_causes_list_wrapper\">\n                                                            <div class=\"helpo_info_container\">\n                                    <div class=\"helpo_causes_list_content_container\">\n                                        <h6 class=\"helpo_post_title\">\n                                            <a href=\"https:\/\/tva-foundation.org\/fr\/causes\/esperanza-for-life-veterinary-ambulatory\/\">Ambulatoire v\u00e9t\u00e9rinaire Esperanza for Life\u2122 - Plovdiv, Bulgarie<\/a>\n                                        <\/h6>\n\n                                        <p class=\"helpo_post_excerpt\">Centre v\u00e9t\u00e9rinaire ambulatoire \u00e0 fort impact\r\n<\/p>\n                                    <\/div>\n\n                                    <div class=\"helpo_featured_image_container\">\n                                        <div class=\"helpo_category_container\">\n                                        <span class=\"helpo_category\">Sant\u00e9<\/span>\n                                    <\/div>\n\n                                        <img src=\"https:\/\/tva-foundation.org\/wp-content\/uploads\/2026\/01\/Image-8-640x490.jpeg\" alt=\"TvA International Foundation\" \/>\n                                    <\/div>\n\n                                                                    <\/div>\n\n                                <div class=\"helpo_donate_button_container\">\n                                    <a href=\"https:\/\/tva-foundation.org\/fr\/causes\/esperanza-for-life-veterinary-ambulatory\/\" class=\"helpo_button helpo_button--primary\">+ Faire un don<\/a>\n                                <\/div>\n                                                        <\/div>\n                    <\/div>\n                                <\/div>\n\n                            <div class=\"helpo_pagination\">\n                                    <\/div>\n                        <\/div>\n        \t\t\t\t<\/div>\n\t\t\t\t<\/div>\n\t\t\t\t\t<\/div>\n\t\t\t\t<\/div>\n\t\t<div class=\"elementor-element elementor-element-45b32a6 e-flex e-con-boxed e-con e-parent\" data-id=\"45b32a6\" data-element_type=\"container\" data-e-type=\"container\">\n\t\t\t\t\t<div class=\"e-con-inner\">\n\t\t\t\t<div class=\"elementor-element elementor-element-5bbcbba elementor-widget elementor-widget-helpo_button\" data-id=\"5bbcbba\" data-element_type=\"widget\" data-e-type=\"widget\" data-widget_type=\"helpo_button.default\">\n\t\t\t\t<div class=\"elementor-widget-container\">\n\t\t\t\t\t\n        <div class=\"helpo_button_widget\">\n            <div class=\"helpo_button_container\">\n                <a class=\"helpo_button helpo_button--primary\" href=\"https:\/\/tva-foundation.org\/fr\/our-causes\/\" target=\"_blank\">NOS CAUSES<\/a>\n            <\/div>\n        <\/div>\n        \t\t\t\t<\/div>\n\t\t\t\t<\/div>\n\t\t\t\t\t<\/div>\n\t\t\t\t<\/div>\n\t\t\t\t<\/div>","protected":false},"excerpt":{"rendered":"<p>Regional Impact Projects Embark on a journey of regional impact &#8211; main focus BULGARIA &#8211; as we delve into the heart of Theodora von Auersperg International Foundation&#8217;s diverse projects. \u00a0Our commitment to positive change extends to every corner of the globe, and on this page, you&#8217;ll discover the initiatives that are shaping a brighter future [&hellip;]<\/p>\n","protected":false},"author":38320787,"featured_media":8011,"parent":0,"menu_order":0,"comment_status":"closed","ping_status":"closed","template":"","meta":{"footnotes":""},"class_list":["post-8005","page","type-page","status-publish","has-post-thumbnail","hentry"],"jetpack_likes_enabled":true,"jetpack_sharing_enabled":true,"jetpack_shortlink":"https:\/\/wp.me\/Pf58jH-257","jetpack-related-posts":[],"_links":{"self":[{"href":"https:\/\/tva-foundation.org\/fr\/wp-json\/wp\/v2\/pages\/8005","targetHints":{"allow":["GET"]}}],"collection":[{"href":"https:\/\/tva-foundation.org\/fr\/wp-json\/wp\/v2\/pages"}],"about":[{"href":"https:\/\/tva-foundation.org\/fr\/wp-json\/wp\/v2\/types\/page"}],"author":[{"embeddable":true,"href":"https:\/\/tva-foundation.org\/fr\/wp-json\/wp\/v2\/users\/38320787"}],"replies":[{"embeddable":true,"href":"https:\/\/tva-foundation.org\/fr\/wp-json\/wp\/v2\/comments?post=8005"}],"version-history":[{"count":60,"href":"https:\/\/tva-foundation.org\/fr\/wp-json\/wp\/v2\/pages\/8005\/revisions"}],"predecessor-version":[{"id":22558,"href":"https:\/\/tva-foundation.org\/fr\/wp-json\/wp\/v2\/pages\/8005\/revisions\/22558"}],"wp:featuredmedia":[{"embeddable":true,"href":"https:\/\/tva-foundation.org\/fr\/wp-json\/wp\/v2\/media\/8011"}],"wp:attachment":[{"href":"https:\/\/tva-foundation.org\/fr\/wp-json\/wp\/v2\/media?parent=8005"}],"curies":[{"name":"wp","href":"https:\/\/api.w.org\/{rel}","templated":true}]}}