{"id":17155,"date":"2025-03-23T09:45:25","date_gmt":"2025-03-23T08:45:25","guid":{"rendered":"https:\/\/tva-foundation.org\/?post_type=product&#038;p=17155"},"modified":"2025-08-11T18:40:32","modified_gmt":"2025-08-11T16:40:32","slug":"admission-oct2-sofia-global-economics-philanthropy-art-summit","status":"publish","type":"product","link":"https:\/\/tva-foundation.org\/fr\/produit\/admission-oct2-sofia-global-economics-philanthropy-art-summit\/","title":{"rendered":"Admission : 2 octobre - Sofia Global Innovation, Philanthropy &amp; Arts Summit, 1-4 octobre 2025 - REPORT\u00c9"},"content":{"rendered":"<p>\ud83d\udcbc\u00a0<strong><em>Comprend :<\/em><\/strong><\/p>\n<ul>\n<li>\u00a0<strong>Matin - 9h00 - 11h00<\/strong><br \/>\n<strong>Lieu : Th\u00e9\u00e2tre national Ivan Vazov (ou lieu similaire)<\/strong><img fetchpriority=\"high\" data-attachment-id=\"16836\" data-permalink=\"https:\/\/tva-foundation.org\/fr\/?attachment_id=16836\" data-orig-file=\"https:\/\/tva-foundation.org\/wp-content\/uploads\/2025\/03\/225B494D-0113-40A2-97F6-B9C5A73A6184.jpeg\" data-orig-size=\"1792,1024\" data-comments-opened=\"1\" data-image-meta=\"{&quot;aperture&quot;:&quot;0&quot;,&quot;credit&quot;:&quot;&quot;,&quot;camera&quot;:&quot;&quot;,&quot;caption&quot;:&quot;&quot;,&quot;created_timestamp&quot;:&quot;0&quot;,&quot;copyright&quot;:&quot;&quot;,&quot;focal_length&quot;:&quot;0&quot;,&quot;iso&quot;:&quot;0&quot;,&quot;shutter_speed&quot;:&quot;0&quot;,&quot;title&quot;:&quot;&quot;,&quot;orientation&quot;:&quot;1&quot;}\" data-image-title=\"Global Economics, Philanthropy &amp;#038; Arts Summit &amp;#8211; Sofia, Bulgaria\" data-image-description=\"\" data-image-caption=\"\" data-large-file=\"https:\/\/tva-foundation.org\/wp-content\/uploads\/2025\/03\/225B494D-0113-40A2-97F6-B9C5A73A6184-1024x585.jpeg\" class=\"size-medium wp-image-16836 aligncenter lazyautosizes lazyloaded\" src=\"https:\/\/tva-foundation.org\/wp-content\/uploads\/2025\/03\/225B494D-0113-40A2-97F6-B9C5A73A6184-300x171.jpeg\" sizes=\"300px\" srcset=\"https:\/\/tva-foundation.org\/wp-content\/uploads\/2025\/03\/225B494D-0113-40A2-97F6-B9C5A73A6184-300x171.jpeg 300w, https:\/\/tva-foundation.org\/wp-content\/uploads\/2025\/03\/225B494D-0113-40A2-97F6-B9C5A73A6184-1024x585.jpeg 1024w, https:\/\/tva-foundation.org\/wp-content\/uploads\/2025\/03\/225B494D-0113-40A2-97F6-B9C5A73A6184-768x439.jpeg 768w, https:\/\/tva-foundation.org\/wp-content\/uploads\/2025\/03\/225B494D-0113-40A2-97F6-B9C5A73A6184-1536x878.jpeg 1536w, https:\/\/tva-foundation.org\/wp-content\/uploads\/2025\/03\/225B494D-0113-40A2-97F6-B9C5A73A6184-18x10.jpeg 18w, https:\/\/tva-foundation.org\/wp-content\/uploads\/2025\/03\/225B494D-0113-40A2-97F6-B9C5A73A6184-600x343.jpeg 600w, https:\/\/tva-foundation.org\/wp-content\/uploads\/2025\/03\/225B494D-0113-40A2-97F6-B9C5A73A6184.jpeg.webp 1792w\" alt=\"TvA International Foundation\" width=\"300\" height=\"171\" data-medium-file=\"https:\/\/tva-foundation.org\/wp-content\/uploads\/2025\/03\/225B494D-0113-40A2-97F6-B9C5A73A6184-300x171.jpeg\" data-src=\"https:\/\/tva-foundation.org\/wp-content\/uploads\/2025\/03\/225B494D-0113-40A2-97F6-B9C5A73A6184-300x171.jpeg\" data-srcset=\"https:\/\/tva-foundation.org\/wp-content\/uploads\/2025\/03\/225B494D-0113-40A2-97F6-B9C5A73A6184-300x171.jpeg 300w, https:\/\/tva-foundation.org\/wp-content\/uploads\/2025\/03\/225B494D-0113-40A2-97F6-B9C5A73A6184-1024x585.jpeg 1024w, https:\/\/tva-foundation.org\/wp-content\/uploads\/2025\/03\/225B494D-0113-40A2-97F6-B9C5A73A6184-768x439.jpeg 768w, https:\/\/tva-foundation.org\/wp-content\/uploads\/2025\/03\/225B494D-0113-40A2-97F6-B9C5A73A6184-1536x878.jpeg 1536w, https:\/\/tva-foundation.org\/wp-content\/uploads\/2025\/03\/225B494D-0113-40A2-97F6-B9C5A73A6184-18x10.jpeg 18w, https:\/\/tva-foundation.org\/wp-content\/uploads\/2025\/03\/225B494D-0113-40A2-97F6-B9C5A73A6184-600x343.jpeg 600w, https:\/\/tva-foundation.org\/wp-content\/uploads\/2025\/03\/225B494D-0113-40A2-97F6-B9C5A73A6184.jpeg.webp 1792w\" data-sizes=\"auto\" data-eio-rwidth=\"300\" data-eio-rheight=\"171\" data-srcset-webp=\"https:\/\/tva-foundation.org\/wp-content\/uploads\/2025\/03\/225B494D-0113-40A2-97F6-B9C5A73A6184-300x171.jpeg 300w, https:\/\/tva-foundation.org\/wp-content\/uploads\/2025\/03\/225B494D-0113-40A2-97F6-B9C5A73A6184-1024x585.jpeg 1024w, https:\/\/tva-foundation.org\/wp-content\/uploads\/2025\/03\/225B494D-0113-40A2-97F6-B9C5A73A6184-768x439.jpeg 768w, https:\/\/tva-foundation.org\/wp-content\/uploads\/2025\/03\/225B494D-0113-40A2-97F6-B9C5A73A6184-1536x878.jpeg 1536w, https:\/\/tva-foundation.org\/wp-content\/uploads\/2025\/03\/225B494D-0113-40A2-97F6-B9C5A73A6184-18x10.jpeg 18w, https:\/\/tva-foundation.org\/wp-content\/uploads\/2025\/03\/225B494D-0113-40A2-97F6-B9C5A73A6184-600x343.jpeg 600w, https:\/\/tva-foundation.org\/wp-content\/uploads\/2025\/03\/225B494D-0113-40A2-97F6-B9C5A73A6184.jpeg.webp 1792w\" \/><\/p>\n<ul>\n<li><strong>Ouverture du sommet et discours d'ouverture :<\/strong>\u00a0<em>C\u00e9l\u00e9brer la vie par l'innovation, la philanthropie et les arts<\/em>\n<ul>\n<li>Discours d'ouverture prononc\u00e9s par des leaders d'opinion bulgares et internationaux (innovation, philanthropie, arts et d\u00e9veloppement durable)<\/li>\n<\/ul>\n<\/li>\n<\/ul>\n<p>\u2615\u00a0<strong>Pause caf\u00e9 - 11h00 - 11h30<\/strong><\/p>\n<p>\ud83d\udccd\u00a0<strong>Fin de matin\u00e9e - 11h30 - 13h00<\/strong><\/p>\n<ul>\n<li><strong>Panel d'ouverture : Philanthropie mondiale et entreprises pour le bien social - Tendances et opportunit\u00e9s<\/strong><\/li>\n<\/ul>\n<p>\ud83c\udf7d\ufe0f\u00a0<strong>Pause d\u00e9jeuner - 13h00 - 14h00<\/strong><\/p>\n<ul>\n<li><strong>D\u00e9jeuner de mise en r\u00e9seau et expositions artistiques interactives<\/strong><br \/>\n<em>(pr\u00e9sentant des \u0153uvres d'art \u00e0 impact et des initiatives commerciales philanthropiques)<\/em><\/li>\n<\/ul>\n<p>\ud83d\udccd\u00a0<strong>Apr\u00e8s-midi - 14h00 - 16h00<\/strong><\/p>\n<ul>\n<li><strong>Sessions en petits groupes - Discussions en panel :<\/strong>\n<ul>\n<li><em>Int\u00e9grer les arts et la philanthropie dans des mod\u00e8les \u00e9conomiques durables<\/em><\/li>\n<li><em>Innovations r\u00e9gionales en mati\u00e8re d'impact social et d'investissement<\/em>\u00a0<em>(responsabilit\u00e9 des entreprises, business for good)<\/em><\/li>\n<\/ul>\n<\/li>\n<\/ul>\n<\/li>\n<\/ul>\n<p><strong>Politique d'annulation : Les remboursements en cas d'annulation seront effectu\u00e9s jusqu'\u00e0 10 jours ouvrables avant l'\u00e9v\u00e9nement, moyennant des frais d'annulation de 25%.<\/strong><\/p>","protected":false},"excerpt":{"rendered":"<ul>\n<li>\n<h6><strong><span style=\"color: #d5b448;\">Sommet mondial de Sofia sur l'\u00e9conomie, la philanthropie et les arts - Esperanza for Life<\/span><\/strong><\/h6>\n<ul>\n<li><strong>Participants internationaux et locaux Admission :<\/strong>\u00a0<strong>850 \u20ac par personne\/par jour<\/strong><strong>:<\/strong><\/li>\n<li><span style=\"color: #d5b448;\"><strong>Offre sp\u00e9ciale \"Early Bird\" - valable jusqu'au 31 ao\u00fbt 2025 : \u20ac750 par personne\/par jour<\/strong><\/span><\/li>\n<li>Billets journaliers <strong>ne pas inclure<\/strong> le programme de la soir\u00e9e.<\/li>\n<li><span style=\"color: #808080;\"><strong>Pour les parrainages d'entreprise de niveau sup\u00e9rieur, veuillez nous contacter directement.<\/strong><br \/>\n<\/span><\/li>\n<li><span style=\"color: #d5b448;\"><strong><a style=\"color: #d5b448;\" href=\"https:\/\/tva-foundation.org\/fr\/events\/global-economics-philanthropy-arts-summit-sofia-bulgaria\/\">SOMMET DE L'EXAMEN<\/a><\/strong><\/span><\/li>\n<\/ul>\n<\/li>\n<\/ul>","protected":false},"featured_media":16603,"comment_status":"open","ping_status":"closed","template":"","meta":{"jetpack_publicize_message":"","jetpack_publicize_feature_enabled":true,"jetpack_social_post_already_shared":true,"jetpack_social_options":{"image_generator_settings":{"template":"highway","default_image_id":0,"font":"","enabled":false},"version":2},"_wpas_customize_per_network":false},"product_brand":[],"product_cat":[1467,1465],"product_tag":[1388,1509,1519,1511,1542,1543,1518,1520,1510],"class_list":{"0":"post-17155","1":"product","2":"type-product","3":"status-publish","4":"has-post-thumbnail","6":"product_cat-event-tickets","7":"product_cat-events","8":"product_tag-charity","9":"product_tag-event","10":"product_tag-events","11":"product_tag-fundaraising","12":"product_tag-global-summit","13":"product_tag-sofia","14":"product_tag-ticket","15":"product_tag-tickets","16":"product_tag-tva-foundation","18":"first","19":"instock","20":"taxable","21":"shipping-taxable","22":"purchasable","23":"product-type-simple"},"jetpack_publicize_connections":[],"jetpack_likes_enabled":true,"jetpack_sharing_enabled":true,"jetpack-related-posts":[],"_links":{"self":[{"href":"https:\/\/tva-foundation.org\/fr\/wp-json\/wp\/v2\/product\/17155","targetHints":{"allow":["GET"]}}],"collection":[{"href":"https:\/\/tva-foundation.org\/fr\/wp-json\/wp\/v2\/product"}],"about":[{"href":"https:\/\/tva-foundation.org\/fr\/wp-json\/wp\/v2\/types\/product"}],"replies":[{"embeddable":true,"href":"https:\/\/tva-foundation.org\/fr\/wp-json\/wp\/v2\/comments?post=17155"}],"wp:featuredmedia":[{"embeddable":true,"href":"https:\/\/tva-foundation.org\/fr\/wp-json\/wp\/v2\/media\/16603"}],"wp:attachment":[{"href":"https:\/\/tva-foundation.org\/fr\/wp-json\/wp\/v2\/media?parent=17155"}],"wp:term":[{"taxonomy":"product_brand","embeddable":true,"href":"https:\/\/tva-foundation.org\/fr\/wp-json\/wp\/v2\/product_brand?post=17155"},{"taxonomy":"product_cat","embeddable":true,"href":"https:\/\/tva-foundation.org\/fr\/wp-json\/wp\/v2\/product_cat?post=17155"},{"taxonomy":"product_tag","embeddable":true,"href":"https:\/\/tva-foundation.org\/fr\/wp-json\/wp\/v2\/product_tag?post=17155"}],"curies":[{"name":"wp","href":"https:\/\/api.w.org\/{rel}","templated":true}]}}