{"id":17168,"date":"2025-03-22T10:55:07","date_gmt":"2025-03-22T09:55:07","guid":{"rendered":"https:\/\/tva-foundation.org\/?post_type=product&#038;p=17168"},"modified":"2025-08-11T18:41:58","modified_gmt":"2025-08-11T16:41:58","slug":"admission-oct-3-sofia-global-economics-philanthropy-arts-summit-oct-1-4-2025","status":"publish","type":"product","link":"https:\/\/tva-foundation.org\/fr\/produit\/admission-oct-3-sofia-global-economics-philanthropy-arts-summit-oct-1-4-2025\/","title":{"rendered":"Admission : 3 octobre - Sofia Global Innovation, Philanthropy &amp; Arts Summit, 1-4 octobre 2025 - REPORT\u00c9"},"content":{"rendered":"<p>\ud83d\udcbc\u00a0<strong><em>Comprend :<\/em><\/strong><\/p>\n<ul>\n<li><strong>Matin - 9h30 - 11h00<\/strong><br \/>\n<strong>Lieu : Lieu historique\/culturel (\u00e0 confirmer)<\/strong><img fetchpriority=\"high\" data-attachment-id=\"16842\" data-permalink=\"https:\/\/tva-foundation.org\/fr\/?attachment_id=16842\" data-orig-file=\"https:\/\/tva-foundation.org\/wp-content\/uploads\/2025\/03\/96C08EA7-8807-4DC5-806B-F26E7193AE92.jpeg\" data-orig-size=\"1792,1024\" data-comments-opened=\"1\" data-image-meta=\"{&quot;aperture&quot;:&quot;0&quot;,&quot;credit&quot;:&quot;&quot;,&quot;camera&quot;:&quot;&quot;,&quot;caption&quot;:&quot;&quot;,&quot;created_timestamp&quot;:&quot;0&quot;,&quot;copyright&quot;:&quot;&quot;,&quot;focal_length&quot;:&quot;0&quot;,&quot;iso&quot;:&quot;0&quot;,&quot;shutter_speed&quot;:&quot;0&quot;,&quot;title&quot;:&quot;&quot;,&quot;orientation&quot;:&quot;1&quot;}\" data-image-title=\"Global Economics, Philanthropy &amp;#038; Arts Summit &amp;#8211; Sofia, Bulgaria\" data-image-description=\"\" data-image-caption=\"\" data-large-file=\"https:\/\/tva-foundation.org\/wp-content\/uploads\/2025\/03\/96C08EA7-8807-4DC5-806B-F26E7193AE92-1024x585.jpeg\" class=\"size-medium wp-image-16842 aligncenter lazyautosizes lazyloaded\" src=\"https:\/\/tva-foundation.org\/wp-content\/uploads\/2025\/03\/96C08EA7-8807-4DC5-806B-F26E7193AE92-300x171.jpeg\" sizes=\"300px\" srcset=\"https:\/\/tva-foundation.org\/wp-content\/uploads\/2025\/03\/96C08EA7-8807-4DC5-806B-F26E7193AE92-300x171.jpeg 300w, https:\/\/tva-foundation.org\/wp-content\/uploads\/2025\/03\/96C08EA7-8807-4DC5-806B-F26E7193AE92-1024x585.jpeg 1024w, https:\/\/tva-foundation.org\/wp-content\/uploads\/2025\/03\/96C08EA7-8807-4DC5-806B-F26E7193AE92-768x439.jpeg 768w, https:\/\/tva-foundation.org\/wp-content\/uploads\/2025\/03\/96C08EA7-8807-4DC5-806B-F26E7193AE92-1536x878.jpeg 1536w, https:\/\/tva-foundation.org\/wp-content\/uploads\/2025\/03\/96C08EA7-8807-4DC5-806B-F26E7193AE92-18x10.jpeg 18w, https:\/\/tva-foundation.org\/wp-content\/uploads\/2025\/03\/96C08EA7-8807-4DC5-806B-F26E7193AE92-600x343.jpeg 600w, https:\/\/tva-foundation.org\/wp-content\/uploads\/2025\/03\/96C08EA7-8807-4DC5-806B-F26E7193AE92.jpeg.webp 1792w\" alt=\"TvA International Foundation\" width=\"300\" height=\"171\" data-medium-file=\"https:\/\/tva-foundation.org\/wp-content\/uploads\/2025\/03\/96C08EA7-8807-4DC5-806B-F26E7193AE92-300x171.jpeg\" data-src=\"https:\/\/tva-foundation.org\/wp-content\/uploads\/2025\/03\/96C08EA7-8807-4DC5-806B-F26E7193AE92-300x171.jpeg\" data-srcset=\"https:\/\/tva-foundation.org\/wp-content\/uploads\/2025\/03\/96C08EA7-8807-4DC5-806B-F26E7193AE92-300x171.jpeg 300w, https:\/\/tva-foundation.org\/wp-content\/uploads\/2025\/03\/96C08EA7-8807-4DC5-806B-F26E7193AE92-1024x585.jpeg 1024w, https:\/\/tva-foundation.org\/wp-content\/uploads\/2025\/03\/96C08EA7-8807-4DC5-806B-F26E7193AE92-768x439.jpeg 768w, https:\/\/tva-foundation.org\/wp-content\/uploads\/2025\/03\/96C08EA7-8807-4DC5-806B-F26E7193AE92-1536x878.jpeg 1536w, https:\/\/tva-foundation.org\/wp-content\/uploads\/2025\/03\/96C08EA7-8807-4DC5-806B-F26E7193AE92-18x10.jpeg 18w, https:\/\/tva-foundation.org\/wp-content\/uploads\/2025\/03\/96C08EA7-8807-4DC5-806B-F26E7193AE92-600x343.jpeg 600w, https:\/\/tva-foundation.org\/wp-content\/uploads\/2025\/03\/96C08EA7-8807-4DC5-806B-F26E7193AE92.jpeg.webp 1792w\" data-sizes=\"auto\" data-eio-rwidth=\"300\" data-eio-rheight=\"171\" data-srcset-webp=\"https:\/\/tva-foundation.org\/wp-content\/uploads\/2025\/03\/96C08EA7-8807-4DC5-806B-F26E7193AE92-300x171.jpeg 300w, https:\/\/tva-foundation.org\/wp-content\/uploads\/2025\/03\/96C08EA7-8807-4DC5-806B-F26E7193AE92-1024x585.jpeg 1024w, https:\/\/tva-foundation.org\/wp-content\/uploads\/2025\/03\/96C08EA7-8807-4DC5-806B-F26E7193AE92-768x439.jpeg 768w, https:\/\/tva-foundation.org\/wp-content\/uploads\/2025\/03\/96C08EA7-8807-4DC5-806B-F26E7193AE92-1536x878.jpeg 1536w, https:\/\/tva-foundation.org\/wp-content\/uploads\/2025\/03\/96C08EA7-8807-4DC5-806B-F26E7193AE92-18x10.jpeg 18w, https:\/\/tva-foundation.org\/wp-content\/uploads\/2025\/03\/96C08EA7-8807-4DC5-806B-F26E7193AE92-600x343.jpeg 600w, https:\/\/tva-foundation.org\/wp-content\/uploads\/2025\/03\/96C08EA7-8807-4DC5-806B-F26E7193AE92.jpeg.webp 1792w\" \/><\/p>\n<ul>\n<li><strong>Ateliers interactifs et groupes de r\u00e9flexion :<\/strong>\n<ul>\n<li><em>Concevoir des mod\u00e8les philanthropiques durables - Entreprises, impact et dons<\/em><\/li>\n<li><em>L'art en tant que plaidoyer : Histoires de r\u00e9ussite d'innovateurs locaux et mondiaux<\/em><\/li>\n<\/ul>\n<\/li>\n<\/ul>\n<p>\u2615\u00a0<strong>Pause caf\u00e9 - 11h00 - 11h30<\/strong><\/p>\n<p>\ud83d\udccd\u00a0<strong>Fin de matin\u00e9e - 11h30 - 13h00<\/strong><\/p>\n<ul>\n<li><strong>Discussion informelle :<\/strong>\u00a0<em>Leadership en mati\u00e8re d'impact social et \u00e9conomique transformateur<\/em><\/li>\n<\/ul>\n<p>\ud83c\udf7d\ufe0f\u00a0<strong>Pause d\u00e9jeuner - 13h00 - 14h00<\/strong><\/p>\n<ul>\n<li><strong>Brunch de r\u00e9seautage avec des expositions d'art vivant et d'innovation commerciale<\/strong><\/li>\n<\/ul>\n<p>\ud83d\udccd\u00a0<strong>Apr\u00e8s-midi - 14h00 - 16h00<\/strong><\/p>\n<ul>\n<li><strong>Tables rondes :<\/strong>\n<ul>\n<li><em>Renforcer les initiatives locales par des investissements strat\u00e9giques<\/em><\/li>\n<li><em>Tirer parti de la technologie pour la philanthropie mondiale et la pr\u00e9servation de la culture<\/em><\/li>\n<\/ul>\n<\/li>\n<\/ul>\n<p><strong>\ud83d\udccdAlternate Program :<\/strong><\/p>\n<ul>\n<li>Visites guid\u00e9es de sites culturels et expositions\u00a0<em>(Pour les d\u00e9l\u00e9gu\u00e9s int\u00e9ress\u00e9s par l'engagement historique\/culturel)<\/em><\/li>\n<\/ul>\n<\/li>\n<\/ul>\n<p><strong>Politique d'annulation : Les remboursements en cas d'annulation seront effectu\u00e9s jusqu'\u00e0 10 jours ouvrables avant l'\u00e9v\u00e9nement, moyennant des frais d'annulation de 25%.<\/strong><\/p>","protected":false},"excerpt":{"rendered":"<ul>\n<li>\n<h6><strong><span style=\"color: #d5b448;\">Sommet mondial de Sofia sur l'\u00e9conomie, la philanthropie et les arts - Esperanza for Life<\/span><\/strong><\/h6>\n<ul>\n<li><strong>Participants internationaux et locaux Admission :<\/strong>\u00a0<strong>850 \u20ac par personne\/par jour<\/strong><strong>:<\/strong><\/li>\n<li><span style=\"color: #d5b448;\"><strong>Offre sp\u00e9ciale \"Early Bird\" - valable jusqu'au 31 ao\u00fbt 2025 : \u20ac750 par personne\/par jour<\/strong><\/span><\/li>\n<li>Billets journaliers <strong>ne pas inclure<\/strong> le programme de la soir\u00e9e.<\/li>\n<li><span style=\"color: #808080;\"><strong>Pour les parrainages d'entreprise de niveau sup\u00e9rieur, veuillez nous contacter directement.<\/strong><br \/>\n<\/span><\/li>\n<li><span style=\"color: #d5b448;\"><strong><a style=\"color: #d5b448;\" href=\"https:\/\/tva-foundation.org\/fr\/events\/global-economics-philanthropy-arts-summit-sofia-bulgaria\/\">SOMMET DE L'EXAMEN<\/a><\/strong><\/span><\/li>\n<\/ul>\n<\/li>\n<\/ul>","protected":false},"featured_media":16603,"comment_status":"open","ping_status":"closed","template":"","meta":{"jetpack_publicize_message":"","jetpack_publicize_feature_enabled":true,"jetpack_social_post_already_shared":true,"jetpack_social_options":{"image_generator_settings":{"template":"highway","default_image_id":0,"font":"","enabled":false},"version":2},"_wpas_customize_per_network":false},"product_brand":[],"product_cat":[1467,1465],"product_tag":[1388,1509,1519,1511,1542,1543,1518,1520,1510],"class_list":{"0":"post-17168","1":"product","2":"type-product","3":"status-publish","4":"has-post-thumbnail","6":"product_cat-event-tickets","7":"product_cat-events","8":"product_tag-charity","9":"product_tag-event","10":"product_tag-events","11":"product_tag-fundaraising","12":"product_tag-global-summit","13":"product_tag-sofia","14":"product_tag-ticket","15":"product_tag-tickets","16":"product_tag-tva-foundation","18":"first","19":"instock","20":"taxable","21":"shipping-taxable","22":"purchasable","23":"product-type-simple"},"jetpack_publicize_connections":[],"jetpack_likes_enabled":true,"jetpack_sharing_enabled":true,"jetpack-related-posts":[],"_links":{"self":[{"href":"https:\/\/tva-foundation.org\/fr\/wp-json\/wp\/v2\/product\/17168","targetHints":{"allow":["GET"]}}],"collection":[{"href":"https:\/\/tva-foundation.org\/fr\/wp-json\/wp\/v2\/product"}],"about":[{"href":"https:\/\/tva-foundation.org\/fr\/wp-json\/wp\/v2\/types\/product"}],"replies":[{"embeddable":true,"href":"https:\/\/tva-foundation.org\/fr\/wp-json\/wp\/v2\/comments?post=17168"}],"wp:featuredmedia":[{"embeddable":true,"href":"https:\/\/tva-foundation.org\/fr\/wp-json\/wp\/v2\/media\/16603"}],"wp:attachment":[{"href":"https:\/\/tva-foundation.org\/fr\/wp-json\/wp\/v2\/media?parent=17168"}],"wp:term":[{"taxonomy":"product_brand","embeddable":true,"href":"https:\/\/tva-foundation.org\/fr\/wp-json\/wp\/v2\/product_brand?post=17168"},{"taxonomy":"product_cat","embeddable":true,"href":"https:\/\/tva-foundation.org\/fr\/wp-json\/wp\/v2\/product_cat?post=17168"},{"taxonomy":"product_tag","embeddable":true,"href":"https:\/\/tva-foundation.org\/fr\/wp-json\/wp\/v2\/product_tag?post=17168"}],"curies":[{"name":"wp","href":"https:\/\/api.w.org\/{rel}","templated":true}]}}