{"id":20390,"date":"2025-07-05T19:35:18","date_gmt":"2025-07-05T17:35:18","guid":{"rendered":"https:\/\/tva-foundation.org\/?post_type=product&#038;p=20390"},"modified":"2026-03-22T19:16:37","modified_gmt":"2026-03-22T18:16:37","slug":"stardust","status":"publish","type":"product","link":"https:\/\/tva-foundation.org\/fr\/produit\/stardust\/","title":{"rendered":"STARDUST"},"content":{"rendered":"<h6 data-start=\"87\" data-end=\"130\"><strong data-start=\"87\" data-end=\"130\">\"Poussi\u00e8re d'\u00e9toiles\" - Un mandala de merveilles cosmiques<\/strong><\/h6>\n<p data-start=\"132\" data-end=\"455\"><em data-start=\"132\" data-end=\"142\">Poussi\u00e8re d'\u00e9toiles<\/em> est un mandala qui \u00e9voque le myst\u00e8re et la majest\u00e9 de l'univers - une symphonie visuelle de lumi\u00e8re, de mouvement et de connexion infinie. Inspir\u00e9 par la poussi\u00e8re c\u00e9leste \u00e0 partir de laquelle les \u00e9toiles naissent et \u00e0 laquelle tout retourne, il nous rappelle que nous sommes faits des m\u00eames particules lumineuses qui dansent \u00e0 travers les galaxies.<\/p>\n<p data-start=\"457\" data-end=\"754\">Sa g\u00e9om\u00e9trie complexe scintille de motifs c\u00e9lestes - \u00e9clats rayonnants, constellations en spirale et filaments d\u00e9licats qui font \u00e9cho \u00e0 la chor\u00e9graphie silencieuse du cosmos. Les nuances d'indigo profond, d'or chatoyant et de violet \u00e9th\u00e9r\u00e9 s'unissent dans une harmonie qui \u00e9voque \u00e0 la fois le ciel nocturne et la lumi\u00e8re int\u00e9rieure.<\/p>\n<p data-start=\"756\" data-end=\"997\">Ce mandala est \u00e0 la fois une m\u00e9ditation et un miroir : un portail vers les \u00e9toiles et un reflet de notre propre potentiel illimit\u00e9. <em data-start=\"875\" data-end=\"885\">Poussi\u00e8re d'\u00e9toiles<\/em> vous invite \u00e0 vous connecter \u00e0 l'immensit\u00e9 int\u00e9rieure - \u00e0 vous rappeler que vous n'\u00eates pas seulement dans l'univers, mais que vous en faites partie.<\/p>","protected":false},"excerpt":{"rendered":"<h6><strong>Impression d'art Mandala en \u00e9dition limit\u00e9e par la princesse Theodora von Auersperg<\/strong><\/h6>\n<p>Symbolisant la nature cyclique de la vie, de l'univers et des diff\u00e9rents aspects de l'existence, les mandalas repr\u00e9sentent l'ordre et l'\u00e9quilibre dans le cosmos. Cr\u00e9\u00e9s comme des \u0153uvres d'art, ils expriment la cr\u00e9ativit\u00e9 et l'individualit\u00e9. La cr\u00e9ation ou la contemplation d'un mandala est souvent consid\u00e9r\u00e9e comme une pratique m\u00e9ditative. La nature r\u00e9p\u00e9titive des motifs peut aider \u00e0 calmer l'esprit et \u00e0 promouvoir un sentiment de concentration et de pleine conscience.<\/p>\n<p><strong>Prix incluant les frais d'exp\u00e9dition et de manutention<\/strong><\/p>","protected":false},"featured_media":20393,"comment_status":"open","ping_status":"closed","template":"","meta":{"jetpack_publicize_message":"","jetpack_publicize_feature_enabled":true,"jetpack_social_post_already_shared":true,"jetpack_social_options":{"image_generator_settings":{"template":"highway","default_image_id":0,"font":"","enabled":false},"version":2},"_wpas_customize_per_network":false},"product_brand":[],"product_cat":[1450,1402],"product_tag":[1451,1456,1452,1454,1455,1457,1453],"class_list":{"0":"post-20390","1":"product","2":"type-product","3":"status-publish","4":"has-post-thumbnail","6":"product_cat-art","7":"product_cat-mandalas","8":"product_tag-art","9":"product_tag-colourful-world","10":"product_tag-fine-art","11":"product_tag-limited-edition","12":"product_tag-mandala","13":"product_tag-princess-theodora","14":"product_tag-print","16":"first","17":"instock","18":"taxable","19":"shipping-taxable","20":"purchasable","21":"product-type-simple"},"jetpack_publicize_connections":[],"jetpack_likes_enabled":true,"jetpack_sharing_enabled":true,"jetpack-related-posts":[],"_links":{"self":[{"href":"https:\/\/tva-foundation.org\/fr\/wp-json\/wp\/v2\/product\/20390","targetHints":{"allow":["GET"]}}],"collection":[{"href":"https:\/\/tva-foundation.org\/fr\/wp-json\/wp\/v2\/product"}],"about":[{"href":"https:\/\/tva-foundation.org\/fr\/wp-json\/wp\/v2\/types\/product"}],"replies":[{"embeddable":true,"href":"https:\/\/tva-foundation.org\/fr\/wp-json\/wp\/v2\/comments?post=20390"}],"wp:featuredmedia":[{"embeddable":true,"href":"https:\/\/tva-foundation.org\/fr\/wp-json\/wp\/v2\/media\/20393"}],"wp:attachment":[{"href":"https:\/\/tva-foundation.org\/fr\/wp-json\/wp\/v2\/media?parent=20390"}],"wp:term":[{"taxonomy":"product_brand","embeddable":true,"href":"https:\/\/tva-foundation.org\/fr\/wp-json\/wp\/v2\/product_brand?post=20390"},{"taxonomy":"product_cat","embeddable":true,"href":"https:\/\/tva-foundation.org\/fr\/wp-json\/wp\/v2\/product_cat?post=20390"},{"taxonomy":"product_tag","embeddable":true,"href":"https:\/\/tva-foundation.org\/fr\/wp-json\/wp\/v2\/product_tag?post=20390"}],"curies":[{"name":"wp","href":"https:\/\/api.w.org\/{rel}","templated":true}]}}