{"id":6880,"date":"2025-03-23T10:45:36","date_gmt":"2025-03-23T09:45:36","guid":{"rendered":"https:\/\/tva-foundation.org\/?post_type=product&#038;p=6880"},"modified":"2025-08-11T18:38:43","modified_gmt":"2025-08-11T16:38:43","slug":"admission-entire-program-including-charity-gala-dinner","status":"publish","type":"product","link":"https:\/\/tva-foundation.org\/fr\/produit\/admission-entire-program-including-charity-gala-dinner\/","title":{"rendered":"Admission : Programme complet (Y COMPRIS le d\u00eener de gala) - Sofia Global Innovation, Philanthropy &amp; Arts Summit - 1-4 octobre 2025 - REPORT\u00c9"},"content":{"rendered":"<p>\ud83d\udc8e\u00a0<strong><em>Comprend :<\/em><\/strong><\/p>\n<ul>\n<li>Acc\u00e8s \u00e0 toutes les sessions du Sommet, aux panels et aux \u00e9v\u00e9nements de mise en r\u00e9seau<\/li>\n<li>Acc\u00e8s VIP \u00e0 la\u00a0<strong>D\u00eener de gala de bienfaisance<\/strong><\/li>\n<li>Places assises de premier choix \u00e0 la\u00a0<strong><em>Esperanza for Life\u2122<\/em> Concert multim\u00e9dia<\/strong><\/li>\n<li>Acc\u00e8s exclusif au salon VIP et aux r\u00e9ceptions de r\u00e9seautage<\/li>\n<li>Kit du d\u00e9l\u00e9gu\u00e9 avec le mat\u00e9riel du programme<\/li>\n<li>Rapport d'impact post-\u00e9v\u00e9nement et suivi de la mise en r\u00e9seau<\/li>\n<\/ul>\n<p><strong>Politique d'annulation : Les remboursements en cas d'annulation seront effectu\u00e9s jusqu'\u00e0 10 jours ouvrables avant l'\u00e9v\u00e9nement, moyennant des frais d'annulation de 25%.<\/strong><\/p>","protected":false},"excerpt":{"rendered":"<ul>\n<li>\n<h6><strong><span style=\"color: #d5b448;\">Sommet mondial de l'\u00e9conomie, de la philanthropie et des arts de Sofia - Esperanza for Life\u2122<\/span><\/strong><\/h6>\n<\/li>\n<li><strong>Participants internationaux et locaux :<\/strong> <strong>\u20ac3,000<\/strong><strong>\u00a0par personne<\/strong><\/li>\n<li><span style=\"color: #d5b448;\"><strong>Offre sp\u00e9ciale \"Early Bird\" - valable jusqu'au 31 ao\u00fbt 2025 : \u20ac2,550 par personne<\/strong><\/span><\/li>\n<li><span style=\"color: #808080;\"><strong>Pour les parrainages d'entreprise de niveau sup\u00e9rieur, veuillez nous contacter directement.<\/strong><br \/>\n<\/span><\/li>\n<li><span style=\"color: #d5b448;\"><strong><a style=\"color: #d5b448;\" href=\"https:\/\/tva-foundation.org\/fr\/events\/global-economics-philanthropy-arts-summit-sofia-bulgaria\/\">SOMMET DE L'EXAMEN<\/a><\/strong><\/span><\/li>\n<\/ul>","protected":false},"featured_media":16607,"comment_status":"open","ping_status":"closed","template":"","meta":{"jetpack_publicize_message":"","jetpack_publicize_feature_enabled":true,"jetpack_social_post_already_shared":true,"jetpack_social_options":{"image_generator_settings":{"template":"highway","default_image_id":0,"font":"","enabled":false},"version":2},"_wpas_customize_per_network":false},"product_brand":[],"product_cat":[1467,1465],"product_tag":[1388,1509,1519,1511,1542,1543,1518,1520,1510],"class_list":{"0":"post-6880","1":"product","2":"type-product","3":"status-publish","4":"has-post-thumbnail","6":"product_cat-event-tickets","7":"product_cat-events","8":"product_tag-charity","9":"product_tag-event","10":"product_tag-events","11":"product_tag-fundaraising","12":"product_tag-global-summit","13":"product_tag-sofia","14":"product_tag-ticket","15":"product_tag-tickets","16":"product_tag-tva-foundation","18":"first","19":"instock","20":"taxable","21":"shipping-taxable","22":"purchasable","23":"product-type-simple"},"jetpack_publicize_connections":[],"jetpack_likes_enabled":true,"jetpack_sharing_enabled":true,"jetpack-related-posts":[],"_links":{"self":[{"href":"https:\/\/tva-foundation.org\/fr\/wp-json\/wp\/v2\/product\/6880","targetHints":{"allow":["GET"]}}],"collection":[{"href":"https:\/\/tva-foundation.org\/fr\/wp-json\/wp\/v2\/product"}],"about":[{"href":"https:\/\/tva-foundation.org\/fr\/wp-json\/wp\/v2\/types\/product"}],"replies":[{"embeddable":true,"href":"https:\/\/tva-foundation.org\/fr\/wp-json\/wp\/v2\/comments?post=6880"}],"wp:featuredmedia":[{"embeddable":true,"href":"https:\/\/tva-foundation.org\/fr\/wp-json\/wp\/v2\/media\/16607"}],"wp:attachment":[{"href":"https:\/\/tva-foundation.org\/fr\/wp-json\/wp\/v2\/media?parent=6880"}],"wp:term":[{"taxonomy":"product_brand","embeddable":true,"href":"https:\/\/tva-foundation.org\/fr\/wp-json\/wp\/v2\/product_brand?post=6880"},{"taxonomy":"product_cat","embeddable":true,"href":"https:\/\/tva-foundation.org\/fr\/wp-json\/wp\/v2\/product_cat?post=6880"},{"taxonomy":"product_tag","embeddable":true,"href":"https:\/\/tva-foundation.org\/fr\/wp-json\/wp\/v2\/product_tag?post=6880"}],"curies":[{"name":"wp","href":"https:\/\/api.w.org\/{rel}","templated":true}]}}