{"id":19543,"date":"2025-06-02T12:15:13","date_gmt":"2025-06-02T10:15:13","guid":{"rendered":"https:\/\/tva-foundation.org\/?page_id=19543"},"modified":"2025-12-26T13:49:37","modified_gmt":"2025-12-26T12:49:37","slug":"esperanza-for-life-brand","status":"publish","type":"page","link":"https:\/\/tva-foundation.org\/it\/esperanza-for-life-brand\/","title":{"rendered":"Esperanza for Life\u2122 - Marchio - Concetto"},"content":{"rendered":"<div data-elementor-type=\"wp-page\" data-elementor-id=\"19543\" class=\"elementor elementor-19543\" data-elementor-post-type=\"page\">\n\t\t\t\t<div class=\"elementor-element elementor-element-f7b39bc e-flex e-con-boxed e-con e-parent\" data-id=\"f7b39bc\" data-element_type=\"container\" data-e-type=\"container\">\n\t\t\t\t\t<div class=\"e-con-inner\">\n\t\t\t\t<div class=\"elementor-element elementor-element-b88e245 elementor-widget elementor-widget-heading\" data-id=\"b88e245\" data-element_type=\"widget\" data-e-type=\"widget\" data-widget_type=\"heading.default\">\n\t\t\t\t<div class=\"elementor-widget-container\">\n\t\t\t\t\t<h4 class=\"elementor-heading-title elementor-size-default\">\ud83c\udf1f Esperanza for Life\u2122 - Un marchio consapevole con una missione animata\n\nAlimentato dalla Fondazione Internazionale Theodora von Auersperg (TvA)\n<\/h4>\t\t\t\t<\/div>\n\t\t\t\t<\/div>\n\t\t\t\t\t<\/div>\n\t\t\t\t<\/div>\n\t\t<div class=\"elementor-element elementor-element-1f85b7f e-flex e-con-boxed e-con e-parent\" data-id=\"1f85b7f\" data-element_type=\"container\" data-e-type=\"container\">\n\t\t\t\t\t<div class=\"e-con-inner\">\n\t\t\t\t<div class=\"elementor-element elementor-element-1bb96ef elementor-widget elementor-widget-spacer\" data-id=\"1bb96ef\" data-element_type=\"widget\" data-e-type=\"widget\" data-widget_type=\"spacer.default\">\n\t\t\t\t<div class=\"elementor-widget-container\">\n\t\t\t\t\t\t\t<div class=\"elementor-spacer\">\n\t\t\t<div class=\"elementor-spacer-inner\"><\/div>\n\t\t<\/div>\n\t\t\t\t\t\t<\/div>\n\t\t\t\t<\/div>\n\t\t\t\t\t<\/div>\n\t\t\t\t<\/div>\n\t\t<div class=\"elementor-element elementor-element-f26f221 e-flex e-con-boxed e-con e-parent\" data-id=\"f26f221\" data-element_type=\"container\" data-e-type=\"container\">\n\t\t\t\t\t<div class=\"e-con-inner\">\n\t\t\t\t<div class=\"elementor-element elementor-element-77a2dd8 elementor-widget elementor-widget-image\" data-id=\"77a2dd8\" data-element_type=\"widget\" data-e-type=\"widget\" data-widget_type=\"image.default\">\n\t\t\t\t<div class=\"elementor-widget-container\">\n\t\t\t\t\t\t\t\t\t\t\t\t\t\t\t<img fetchpriority=\"high\" data-attachment-id=\"19544\" data-permalink=\"https:\/\/tva-foundation.org\/it\/esperanza-for-life-brand\/ef70afe5-90b6-4bd8-a905-91916f9ef118_1_102_o\/\" data-orig-file=\"https:\/\/tva-foundation.org\/wp-content\/uploads\/2025\/06\/EF70AFE5-90B6-4BD8-A905-91916F9EF118_1_102_o.jpeg\" data-orig-size=\"1024,1024\" data-comments-opened=\"1\" data-image-meta=\"{&quot;aperture&quot;:&quot;0&quot;,&quot;credit&quot;:&quot;&quot;,&quot;camera&quot;:&quot;&quot;,&quot;caption&quot;:&quot;&quot;,&quot;created_timestamp&quot;:&quot;0&quot;,&quot;copyright&quot;:&quot;&quot;,&quot;focal_length&quot;:&quot;0&quot;,&quot;iso&quot;:&quot;0&quot;,&quot;shutter_speed&quot;:&quot;0&quot;,&quot;title&quot;:&quot;&quot;,&quot;orientation&quot;:&quot;1&quot;}\" data-image-title=\"Esperanza for Life Brand\" data-image-description=\"\" data-image-caption=\"\" data-large-file=\"https:\/\/tva-foundation.org\/wp-content\/uploads\/2025\/06\/EF70AFE5-90B6-4BD8-A905-91916F9EF118_1_102_o.jpeg\" width=\"1024\" height=\"1024\" src=\"https:\/\/tva-foundation.org\/wp-content\/uploads\/2025\/06\/EF70AFE5-90B6-4BD8-A905-91916F9EF118_1_102_o.jpeg\" class=\"attachment-large size-large wp-image-19544\" alt=\"TvA International Foundation\" srcset=\"https:\/\/tva-foundation.org\/wp-content\/uploads\/2025\/06\/EF70AFE5-90B6-4BD8-A905-91916F9EF118_1_102_o.jpeg 1024w, https:\/\/tva-foundation.org\/wp-content\/uploads\/2025\/06\/EF70AFE5-90B6-4BD8-A905-91916F9EF118_1_102_o-300x300.jpeg?crop=1 300w, https:\/\/tva-foundation.org\/wp-content\/uploads\/2025\/06\/EF70AFE5-90B6-4BD8-A905-91916F9EF118_1_102_o-150x150.jpeg?crop=1 150w, https:\/\/tva-foundation.org\/wp-content\/uploads\/2025\/06\/EF70AFE5-90B6-4BD8-A905-91916F9EF118_1_102_o-768x768.jpeg 768w, https:\/\/tva-foundation.org\/wp-content\/uploads\/2025\/06\/EF70AFE5-90B6-4BD8-A905-91916F9EF118_1_102_o-12x12.jpeg 12w, https:\/\/tva-foundation.org\/wp-content\/uploads\/2025\/06\/EF70AFE5-90B6-4BD8-A905-91916F9EF118_1_102_o-600x600.jpeg?crop=1 600w, https:\/\/tva-foundation.org\/wp-content\/uploads\/2025\/06\/EF70AFE5-90B6-4BD8-A905-91916F9EF118_1_102_o-100x100.jpeg?crop=1 100w\" sizes=\"(max-width: 1024px) 100vw, 1024px\" \/>\t\t\t\t\t\t\t\t\t\t\t\t\t\t\t<\/div>\n\t\t\t\t<\/div>\n\t\t\t\t\t<\/div>\n\t\t\t\t<\/div>\n\t\t<div class=\"elementor-element elementor-element-528a9241 e-flex e-con-boxed e-con e-parent\" data-id=\"528a9241\" data-element_type=\"container\" data-e-type=\"container\">\n\t\t\t\t\t<div class=\"e-con-inner\">\n\t\t\t\t<div class=\"elementor-element elementor-element-7d8e1913 elementor-widget elementor-widget-text-editor\" data-id=\"7d8e1913\" data-element_type=\"widget\" data-e-type=\"widget\" data-widget_type=\"text-editor.default\">\n\t\t\t\t<div class=\"elementor-widget-container\">\n\t\t\t\t\t\t\t\t\t<p style=\"font-weight: 400;\"><strong><span style=\"color: #d5b448;\"><img data-attachment-id=\"22229\" data-permalink=\"https:\/\/tva-foundation.org\/it\/logo_efl_tva_horizontal_gold_1000\/\" data-orig-file=\"https:\/\/tva-foundation.org\/wp-content\/uploads\/2025\/12\/Logo_EFL_TVA_horizontal_GOLD_1000.png\" data-orig-size=\"1001,378\" data-comments-opened=\"1\" data-image-meta=\"{&quot;aperture&quot;:&quot;0&quot;,&quot;credit&quot;:&quot;&quot;,&quot;camera&quot;:&quot;&quot;,&quot;caption&quot;:&quot;&quot;,&quot;created_timestamp&quot;:&quot;0&quot;,&quot;copyright&quot;:&quot;&quot;,&quot;focal_length&quot;:&quot;0&quot;,&quot;iso&quot;:&quot;0&quot;,&quot;shutter_speed&quot;:&quot;0&quot;,&quot;title&quot;:&quot;&quot;,&quot;orientation&quot;:&quot;0&quot;}\" data-image-title=\"Esperanza for Life\" data-image-description=\"\" data-image-caption=\"\" data-large-file=\"https:\/\/tva-foundation.org\/wp-content\/uploads\/2025\/12\/Logo_EFL_TVA_horizontal_GOLD_1000.png\" class=\"size-medium wp-image-22229 aligncenter\" src=\"https:\/\/tva-foundation.org\/wp-content\/uploads\/2025\/12\/Logo_EFL_TVA_horizontal_GOLD_1000-300x113.png\" alt=\"TvA International Foundation\" width=\"300\" height=\"113\" srcset=\"https:\/\/tva-foundation.org\/wp-content\/uploads\/2025\/12\/Logo_EFL_TVA_horizontal_GOLD_1000-300x113.png 300w, https:\/\/tva-foundation.org\/wp-content\/uploads\/2025\/12\/Logo_EFL_TVA_horizontal_GOLD_1000-768x290.png 768w, https:\/\/tva-foundation.org\/wp-content\/uploads\/2025\/12\/Logo_EFL_TVA_horizontal_GOLD_1000-18x7.png 18w, https:\/\/tva-foundation.org\/wp-content\/uploads\/2025\/12\/Logo_EFL_TVA_horizontal_GOLD_1000-600x227.png 600w, https:\/\/tva-foundation.org\/wp-content\/uploads\/2025\/12\/Logo_EFL_TVA_horizontal_GOLD_1000.png 1001w\" sizes=\"(max-width: 300px) 100vw, 300px\" \/>Esperanza for Life\u2122 - alimentato dalla Fondazione TVA International - \u00a0<\/span><\/strong>\u00e8 pi\u00f9 di un marchio: \u00e8 un movimento nato dall'amore, dalla guarigione e dallo scopo. Radicato nella visione umanitaria della TvA International Foundation, Esperanza for Life unisce bellezza, consapevolezza e filantropia in un modo che eleva sia l'individuo che il mondo.<\/p><p style=\"font-weight: 400;\"><strong><span style=\"color: #d5b448;\">Esperanza for Life\u2122<\/span><\/strong>\u00a0creato sotto l'egida della Fondazione Internazionale Theodora von Auersperg. Questo marchio riunisce i mondi del lusso consapevole, della filantropia sincera e degli obiettivi globali.<\/p><p style=\"font-weight: 400;\">Il cuore del progetto,<strong><span style=\"color: #d5b448;\"> Esperanza for Life\u2122 <\/span><\/strong>\u00e8 una celebrazione della vita, della bellezza e della speranza, un marchio progettato per elevare gli individui e al tempo stesso generare un sostegno sostenibile per i centri di cura olistici, per il benessere dei bambini e degli animali e per le iniziative artistiche ed educative di trasformazione in tutto il mondo.<\/p><h6 style=\"font-weight: 400;\"><strong>\u2728 La nostra essenza<\/strong><\/h6><p style=\"font-weight: 400;\">Ispirato dal significato di \"Esperanza\" - speranza - il nostro marchio incanala eleganza e intenzione in ogni prodotto. Dai t\u00e8 benessere profumati d'oro e dai trattamenti per la pelle celestiali ai diari per l'anima e ai kit per la creativit\u00e0 dei bambini, ogni offerta porta con s\u00e9 un messaggio di luce.<\/p><h6 style=\"font-weight: 400;\"><strong>\ud83d\udc9b La nostra missione<\/strong><\/h6><p style=\"font-weight: 400;\">Per celebrare la vita e salvare vite umane, incanalando l'energia del consumo consapevole in un'impronta globale tangibile. Ogni acquisto sostiene direttamente:<\/p><ul><li style=\"font-weight: 400;\">Centri Esperanza per la Vita\u2122 - Bulgaria<\/li><li>Concerti ed eventi che curano e connettono attraverso le arti<\/li><li>Il Movimento Globale Esperanza for Life\u2122: sensibilizzare, ispirare la generosit\u00e0 e cambiare la cultura della filantropia.<\/li><\/ul><h6 style=\"font-weight: 400;\"><strong>\ud83c\udf0d La nostra visione<\/strong><\/h6><p style=\"font-weight: 400;\">Invitare partner affini che condividono i nostri valori a portare Esperanza for Life nelle case, nei cuori e nei mercati, attraverso licenze di prodotti, co-branding e collaborazioni mirate.<\/p><p style=\"font-weight: 400;\">Questa \u00e8 bellezza con significato. Filantropia con stile. Speranza in ogni dettaglio.<\/p><p style=\"font-weight: 400;\">Unitevi a noi. Creiamo insieme un mondo pi\u00f9 luminoso e consapevole.<\/p><p><img data-attachment-id=\"19563\" data-permalink=\"https:\/\/tva-foundation.org\/it\/5655b2de-0fa4-4878-8ff5-400f63998d9b\/\" data-orig-file=\"https:\/\/tva-foundation.org\/wp-content\/uploads\/2025\/06\/5655B2DE-0FA4-4878-8FF5-400F63998D9B.jpeg\" data-orig-size=\"1024,1536\" data-comments-opened=\"1\" data-image-meta=\"{&quot;aperture&quot;:&quot;0&quot;,&quot;credit&quot;:&quot;&quot;,&quot;camera&quot;:&quot;&quot;,&quot;caption&quot;:&quot;&quot;,&quot;created_timestamp&quot;:&quot;0&quot;,&quot;copyright&quot;:&quot;&quot;,&quot;focal_length&quot;:&quot;0&quot;,&quot;iso&quot;:&quot;0&quot;,&quot;shutter_speed&quot;:&quot;0&quot;,&quot;title&quot;:&quot;&quot;,&quot;orientation&quot;:&quot;1&quot;}\" data-image-title=\"Esperanza for Life Brand\" data-image-description=\"\" data-image-caption=\"\" data-large-file=\"https:\/\/tva-foundation.org\/wp-content\/uploads\/2025\/06\/5655B2DE-0FA4-4878-8FF5-400F63998D9B-683x1024.jpeg\" class=\"size-medium wp-image-19563 aligncenter\" src=\"https:\/\/tva-foundation.org\/wp-content\/uploads\/2025\/06\/5655B2DE-0FA4-4878-8FF5-400F63998D9B-200x300.jpeg\" alt=\"TvA International Foundation\" width=\"200\" height=\"300\" srcset=\"https:\/\/tva-foundation.org\/wp-content\/uploads\/2025\/06\/5655B2DE-0FA4-4878-8FF5-400F63998D9B-200x300.jpeg 200w, https:\/\/tva-foundation.org\/wp-content\/uploads\/2025\/06\/5655B2DE-0FA4-4878-8FF5-400F63998D9B-683x1024.jpeg 683w, https:\/\/tva-foundation.org\/wp-content\/uploads\/2025\/06\/5655B2DE-0FA4-4878-8FF5-400F63998D9B-768x1152.jpeg 768w, https:\/\/tva-foundation.org\/wp-content\/uploads\/2025\/06\/5655B2DE-0FA4-4878-8FF5-400F63998D9B-8x12.jpeg 8w, https:\/\/tva-foundation.org\/wp-content\/uploads\/2025\/06\/5655B2DE-0FA4-4878-8FF5-400F63998D9B-600x900.jpeg 600w, https:\/\/tva-foundation.org\/wp-content\/uploads\/2025\/06\/5655B2DE-0FA4-4878-8FF5-400F63998D9B.jpeg 1024w\" sizes=\"(max-width: 200px) 100vw, 200px\" \/><\/p><p style=\"font-weight: 400; text-align: center;\"><strong>\"Una celebrazione della vita. Un impegno per la luce\".<\/strong><\/p><p style=\"font-weight: 400; text-align: center;\"><strong><span style=\"color: #d5b448;\">Posizionamento del marchio: <\/span><\/strong><\/p><p style=\"font-weight: 400; text-align: center;\"><strong>\"Uno stile di vita nato dalla filantropia, impegnato nella speranza, nella guarigione e nell'elevazione dello spirito umano\".<\/strong><\/p><p><img loading=\"lazy\" data-attachment-id=\"20381\" data-permalink=\"https:\/\/tva-foundation.org\/it\/17000442-05be-4e28-85c8-4d76ab3b5c5c_1_102_o\/\" data-orig-file=\"https:\/\/tva-foundation.org\/wp-content\/uploads\/2025\/07\/17000442-05BE-4E28-85C8-4D76AB3B5C5C_1_102_o.jpeg\" data-orig-size=\"1080,1080\" data-comments-opened=\"1\" data-image-meta=\"{&quot;aperture&quot;:&quot;0&quot;,&quot;credit&quot;:&quot;&quot;,&quot;camera&quot;:&quot;&quot;,&quot;caption&quot;:&quot;&quot;,&quot;created_timestamp&quot;:&quot;0&quot;,&quot;copyright&quot;:&quot;&quot;,&quot;focal_length&quot;:&quot;0&quot;,&quot;iso&quot;:&quot;0&quot;,&quot;shutter_speed&quot;:&quot;0&quot;,&quot;title&quot;:&quot;&quot;,&quot;orientation&quot;:&quot;1&quot;}\" data-image-title=\"Brand\" data-image-description=\"\" data-image-caption=\"\" data-large-file=\"https:\/\/tva-foundation.org\/wp-content\/uploads\/2025\/07\/17000442-05BE-4E28-85C8-4D76AB3B5C5C_1_102_o-1024x1024.jpeg\" class=\"size-medium wp-image-20381 aligncenter\" src=\"https:\/\/tva-foundation.org\/wp-content\/uploads\/2025\/07\/17000442-05BE-4E28-85C8-4D76AB3B5C5C_1_102_o-300x300.jpeg?crop=1\" alt=\"TvA International Foundation\" width=\"300\" height=\"300\" srcset=\"https:\/\/tva-foundation.org\/wp-content\/uploads\/2025\/07\/17000442-05BE-4E28-85C8-4D76AB3B5C5C_1_102_o-300x300.jpeg?crop=1 300w, https:\/\/tva-foundation.org\/wp-content\/uploads\/2025\/07\/17000442-05BE-4E28-85C8-4D76AB3B5C5C_1_102_o-1024x1024.jpeg 1024w, https:\/\/tva-foundation.org\/wp-content\/uploads\/2025\/07\/17000442-05BE-4E28-85C8-4D76AB3B5C5C_1_102_o-150x150.jpeg?crop=1 150w, https:\/\/tva-foundation.org\/wp-content\/uploads\/2025\/07\/17000442-05BE-4E28-85C8-4D76AB3B5C5C_1_102_o-768x768.jpeg 768w, https:\/\/tva-foundation.org\/wp-content\/uploads\/2025\/07\/17000442-05BE-4E28-85C8-4D76AB3B5C5C_1_102_o-12x12.jpeg 12w, https:\/\/tva-foundation.org\/wp-content\/uploads\/2025\/07\/17000442-05BE-4E28-85C8-4D76AB3B5C5C_1_102_o-600x600.jpeg?crop=1 600w, https:\/\/tva-foundation.org\/wp-content\/uploads\/2025\/07\/17000442-05BE-4E28-85C8-4D76AB3B5C5C_1_102_o-100x100.jpeg?crop=1 100w, https:\/\/tva-foundation.org\/wp-content\/uploads\/2025\/07\/17000442-05BE-4E28-85C8-4D76AB3B5C5C_1_102_o.jpeg 1080w\" sizes=\"(max-width: 300px) 100vw, 300px\" \/><\/p><h6 style=\"text-align: center;\"><span style=\"color: #d5b448;\"><span style=\"color: #333333;\">PER OPPORTUNIT\u00c0 DI PARTNERSHIP O DI LICENZA SI PREGA DI INFORMARSI DIRETTAMENTE<\/span> <a style=\"color: #d5b448;\" href=\"https:\/\/tva-foundation.org\/it\/contact\/\"><span style=\"text-decoration: underline;\">QUI<\/span><\/a><\/span><\/h6><h6 class=\"elementor-heading-title elementor-size-default\" style=\"text-align: center;\"><a href=\"https:\/\/donorbox.org\/save-a-soul-membership\" target=\"_blank\" rel=\"noopener\"><span style=\"color: #d5b448;\">Unisciti alla comunit\u00e0 internazionale \"Esperanza for Life\"! - Diventate membri. Impatta. Celebra la vita.<\/span><\/a><\/h6><h6 style=\"text-align: center;\">\u00a0<\/h6>\t\t\t\t\t\t\t\t<\/div>\n\t\t\t\t<\/div>\n\t\t\t\t\t<\/div>\n\t\t\t\t<\/div>\n\t\t\t\t<\/div>","protected":false},"excerpt":{"rendered":"<p>\ud83c\udf1f Esperanza for Life\u2122 \u2014 A Conscious Brand with a Soulful Mission &#8211; Powered by the Theodora von Auersperg (TvA) International Foundation Esperanza for Life\u2122 &#8211; powered by the TvA International Foundation &#8211; \u00a0is more than a brand \u2014 it is a movement born from love, healing, and purpose. Rooted in the humanitarian vision of [&hellip;]<\/p>\n","protected":false},"author":38320787,"featured_media":19546,"parent":0,"menu_order":0,"comment_status":"closed","ping_status":"closed","template":"","meta":{"footnotes":""},"class_list":["post-19543","page","type-page","status-publish","has-post-thumbnail","hentry"],"jetpack_likes_enabled":true,"jetpack_sharing_enabled":true,"jetpack_shortlink":"https:\/\/wp.me\/Pf58jH-55d","jetpack-related-posts":[],"_links":{"self":[{"href":"https:\/\/tva-foundation.org\/it\/wp-json\/wp\/v2\/pages\/19543","targetHints":{"allow":["GET"]}}],"collection":[{"href":"https:\/\/tva-foundation.org\/it\/wp-json\/wp\/v2\/pages"}],"about":[{"href":"https:\/\/tva-foundation.org\/it\/wp-json\/wp\/v2\/types\/page"}],"author":[{"embeddable":true,"href":"https:\/\/tva-foundation.org\/it\/wp-json\/wp\/v2\/users\/38320787"}],"replies":[{"embeddable":true,"href":"https:\/\/tva-foundation.org\/it\/wp-json\/wp\/v2\/comments?post=19543"}],"version-history":[{"count":81,"href":"https:\/\/tva-foundation.org\/it\/wp-json\/wp\/v2\/pages\/19543\/revisions"}],"predecessor-version":[{"id":22241,"href":"https:\/\/tva-foundation.org\/it\/wp-json\/wp\/v2\/pages\/19543\/revisions\/22241"}],"wp:featuredmedia":[{"embeddable":true,"href":"https:\/\/tva-foundation.org\/it\/wp-json\/wp\/v2\/media\/19546"}],"wp:attachment":[{"href":"https:\/\/tva-foundation.org\/it\/wp-json\/wp\/v2\/media?parent=19543"}],"curies":[{"name":"wp","href":"https:\/\/api.w.org\/{rel}","templated":true}]}}