{"id":4264,"date":"2024-01-03T17:27:48","date_gmt":"2024-01-03T16:27:48","guid":{"rendered":"https:\/\/tva-foundation.org\/?page_id=4264"},"modified":"2026-04-29T17:32:27","modified_gmt":"2026-04-29T15:32:27","slug":"imprint","status":"publish","type":"page","link":"https:\/\/tva-foundation.org\/it\/imprint\/","title":{"rendered":"Impronta"},"content":{"rendered":"<div data-elementor-type=\"wp-page\" data-elementor-id=\"4264\" class=\"elementor elementor-4264\" data-elementor-post-type=\"page\">\n\t\t\t\t<div class=\"elementor-element elementor-element-84328a9 e-flex e-con-boxed e-con e-parent\" data-id=\"84328a9\" data-element_type=\"container\" data-e-type=\"container\">\n\t\t\t\t\t<div class=\"e-con-inner\">\n\t\t\t\t<div class=\"elementor-element elementor-element-6c342e8 elementor-widget elementor-widget-text-editor\" data-id=\"6c342e8\" data-element_type=\"widget\" data-e-type=\"widget\" data-widget_type=\"text-editor.default\">\n\t\t\t\t<div class=\"elementor-widget-container\">\n\t\t\t\t\t\t\t\t\t<p><strong><span style=\"color: #d5b448;\">| Fondazione Internazionale Theodora von Auersperg |\u00a0<\/span><\/strong><\/p><p><strong><span style=\"color: #d5b448;\">| Per il bene degli animali e dei bambini | Save A Soul |<\/span><\/strong><\/p><p style=\"font-weight: 400;\">Il<em> Fondazione TvA International <\/em>\u00e8 un'organizzazione indipendente senza scopo di lucro e non governativa, costituita in conformit\u00e0 con la legge sulle entit\u00e0 legali senza scopo di lucro (NPLEA) in Austria e Bulgaria, per il bene dei bambini e degli animali, con l'obiettivo e la dedizione di sostenere progetti di benessere degli animali e di aiuto ai bambini attraverso una vasta gamma di attivit\u00e0 ed eventi, costruendo al contempo una comunit\u00e0 globale di persone che la pensano allo stesso modo. <em>Fondazione TvA International<\/em> si impegna a creare un mondo compassionevole in cui la natura sia protetta, gli animali siano curati e i bambini siano nutriti e abbiano l'opportunit\u00e0 di crescere.<\/p><p style=\"font-weight: 400;\">La Fondazione TvA International coltiva <strong><span style=\"color: #d5b448;\"><em>\"Esperanza for Life\"<\/em>- Un movimento globale<\/span><\/strong> <em>- <\/em>e nel contempo promuovere la filantropia e la cultura del dono in una nuova era, sostenendo cause trasformative, con particolare attenzione alla conservazione della natura, al benessere degli animali e al sostegno dei bambini bisognosi.<\/p><p style=\"font-weight: 400;\">Il nostro <strong><span style=\"color: #d5b448;\"><em>G<\/em><em>lobale<\/em>\u00a0<em> \"Esperanza for Life\"<\/em> Comunit\u00e0<\/span><\/strong>- \u00e8 una vivace rete di innovatori, visionari, filantropi, stakeholder e organizzazioni impegnati a migliorare il mondo attraverso la filantropia, le arti, la protezione dell'ambiente e gli sforzi umanitari.<\/p><p style=\"font-weight: 400; text-align: center;\"><strong><span style=\"color: #d5b448;\">Rispettare e proteggere la natura, le sue creature e i bambini in difficolt\u00e0. \u00a0<\/span><\/strong><\/p><p style=\"font-weight: 400;\">Crescere un<strong><span style=\"color: #d5b448;\"> Globale <em>\"Esperanza for Life\"<\/em> Comunit\u00e0 - \"Celebrare la vita\" - \"AIUTARE\" A SALVARE UN'ANIMA<\/span> - <\/strong><em>\u00e8 la Fondazione TvA International<\/em><strong><span style=\"color: #d5b448;\"> Missione<\/span>.<\/strong><\/p><p style=\"font-weight: 400; text-align: center;\"><em>Fondazione TvA International<\/em> <strong><span style=\"color: #d5b448;\">Obiettivo<\/span><\/strong> \u00e8 quello di ispirare e responsabilizzare la prossima generazione per salvaguardare il nostro pianeta e i suoi figli. \u00a0<\/p><p style=\"font-weight: 400; text-align: center;\"><strong><span style=\"color: #d5b448;\">Per un mondo migliore, per la fauna selvatica, per l'umanit\u00e0, per la natura.<\/span><\/strong><\/p><p style=\"font-weight: 400;\"><em>Fondazione TvA International<\/em><strong><span style=\"color: #d5b448;\"> abbraccia tutte le creature viventi, la vita umana e l'intera natura nella sua bellezza<\/span>. <\/strong><\/p><div><div><p>TvA International Foundation \u00e8 un marchio verbale e figurativo di The Theodora von Auersperg International Association - Austria (Theodora von Auersperg Internationaler Verein) e Theodora von Auersperg International Foundation - Bulgaria.\u00a0<\/p><\/div><\/div><p style=\"font-weight: 400;\"><strong>I contributi\/donazioni alla Fondazione Internazionale Theodora von Auersperg sono deducibili dalle tasse nella misura consentita dalla legge del vostro Paese.\u00a0<\/strong><\/p><p><strong>In termini di responsabilit\u00e0 dei contenuti:<\/strong>\u00a0Fondazione internazionale Theodora von Auersperg<\/p>\t\t\t\t\t\t\t\t<\/div>\n\t\t\t\t<\/div>\n\t\t\t\t\t<\/div>\n\t\t\t\t<\/div>\n\t\t<div class=\"elementor-element elementor-element-80c96a6 e-flex e-con-boxed e-con e-parent\" data-id=\"80c96a6\" data-element_type=\"container\" data-e-type=\"container\">\n\t\t\t\t\t<div class=\"e-con-inner\">\n\t\t\t\t<div class=\"elementor-element elementor-element-06dd626 elementor-widget elementor-widget-spacer\" data-id=\"06dd626\" data-element_type=\"widget\" data-e-type=\"widget\" data-widget_type=\"spacer.default\">\n\t\t\t\t<div class=\"elementor-widget-container\">\n\t\t\t\t\t\t\t<div class=\"elementor-spacer\">\n\t\t\t<div class=\"elementor-spacer-inner\"><\/div>\n\t\t<\/div>\n\t\t\t\t\t\t<\/div>\n\t\t\t\t<\/div>\n\t\t\t\t\t<\/div>\n\t\t\t\t<\/div>\n\t\t<div class=\"elementor-element elementor-element-fa10185 e-flex e-con-boxed e-con e-parent\" data-id=\"fa10185\" data-element_type=\"container\" data-e-type=\"container\">\n\t\t\t\t\t<div class=\"e-con-inner\">\n\t\t\t\t\t<\/div>\n\t\t\t\t<\/div>\n\t\t<div class=\"elementor-element elementor-element-19e7b50 e-flex e-con-boxed e-con e-parent\" data-id=\"19e7b50\" data-element_type=\"container\" data-e-type=\"container\">\n\t\t\t\t\t<div class=\"e-con-inner\">\n\t\t<div class=\"elementor-element elementor-element-8858d5b e-con-full e-flex e-con e-child\" data-id=\"8858d5b\" data-element_type=\"container\" data-e-type=\"container\">\n\t\t\t\t<div class=\"elementor-element elementor-element-ad288d2 elementor-widget elementor-widget-text-editor\" data-id=\"ad288d2\" data-element_type=\"widget\" data-e-type=\"widget\" data-widget_type=\"text-editor.default\">\n\t\t\t\t<div class=\"elementor-widget-container\">\n\t\t\t\t\t\t\t\t\t<ul><li><strong>Consiglio direttivo - Austria:<\/strong><\/li><li>Presidente\/Capo visionario: Principessa Theodora von Auersperg<\/li><li>Copresidente\/CFO: Michel Pharaon<\/li><\/ul><p><strong>T<\/strong> +43 1 286 2791 - <strong>e-mail:<\/strong> SaveASoul@TvAFoundation.org\u00a0<\/p><p style=\"font-weight: 400;\"><strong>Ufficio:<\/strong>\u00a0Radetzkystra\u00dfe 22\/12 - 1030 Wien\/Vienna - Austria |<\/p><p style=\"font-weight: 400;\"><strong>Numero di registrazione:<\/strong> 1443604553 - <strong>IVA<\/strong><strong>-Nr.<\/strong>: ATU79848934<\/p><p style=\"font-weight: 400;\"><strong>Banca:<\/strong> Erste Bank der \u00f6sterreichischen Sparkassen AG\u00a0<\/p><p style=\"font-weight: 400;\"><strong>IBAN:<\/strong> AT39 2011 1848 9001 0600 \u00a0<\/p><p style=\"font-weight: 400;\"><strong>BIC\/SWIFT<\/strong>: GIBAATWWXXX<\/p><p style=\"font-weight: 400;\"><strong>PayPal:<\/strong> SaveASoul@TvAFoundation.org<img fetchpriority=\"high\" data-attachment-id=\"21856\" data-permalink=\"https:\/\/tva-foundation.org\/it\/qrcode\/\" data-orig-file=\"https:\/\/tva-foundation.org\/wp-content\/uploads\/2025\/11\/qrcode.png\" data-orig-size=\"500,500\" data-comments-opened=\"1\" data-image-meta=\"{&quot;aperture&quot;:&quot;0&quot;,&quot;credit&quot;:&quot;&quot;,&quot;camera&quot;:&quot;&quot;,&quot;caption&quot;:&quot;&quot;,&quot;created_timestamp&quot;:&quot;0&quot;,&quot;copyright&quot;:&quot;&quot;,&quot;focal_length&quot;:&quot;0&quot;,&quot;iso&quot;:&quot;0&quot;,&quot;shutter_speed&quot;:&quot;0&quot;,&quot;title&quot;:&quot;&quot;,&quot;orientation&quot;:&quot;0&quot;}\" data-image-title=\"PayPal QR code\" data-image-description=\"\" data-image-caption=\"\" data-large-file=\"https:\/\/tva-foundation.org\/wp-content\/uploads\/2025\/11\/qrcode.png\" class=\"alignnone size-medium wp-image-21856\" src=\"https:\/\/tva-foundation.org\/wp-content\/uploads\/2025\/11\/qrcode-300x300.png?crop=1\" alt=\"TvA International Foundation\" width=\"300\" height=\"300\" srcset=\"https:\/\/tva-foundation.org\/wp-content\/uploads\/2025\/11\/qrcode-300x300.png?crop=1 300w, https:\/\/tva-foundation.org\/wp-content\/uploads\/2025\/11\/qrcode-150x150.png?crop=1 150w, https:\/\/tva-foundation.org\/wp-content\/uploads\/2025\/11\/qrcode-12x12.png 12w, https:\/\/tva-foundation.org\/wp-content\/uploads\/2025\/11\/qrcode-100x100.png?crop=1 100w, https:\/\/tva-foundation.org\/wp-content\/uploads\/2025\/11\/qrcode.png 500w\" sizes=\"(max-width: 300px) 100vw, 300px\" \/><\/p>\t\t\t\t\t\t\t\t<\/div>\n\t\t\t\t<\/div>\n\t\t\t\t<\/div>\n\t\t<div class=\"elementor-element elementor-element-eb6b33d e-con-full e-flex e-con e-child\" data-id=\"eb6b33d\" data-element_type=\"container\" data-e-type=\"container\">\n\t\t\t\t<div class=\"elementor-element elementor-element-faa7c3e elementor-widget elementor-widget-text-editor\" data-id=\"faa7c3e\" data-element_type=\"widget\" data-e-type=\"widget\" data-widget_type=\"text-editor.default\">\n\t\t\t\t<div class=\"elementor-widget-container\">\n\t\t\t\t\t\t\t\t\t<ul><li><strong>Consiglio di amministrazione - Bulgaria:<\/strong><\/li><li>Direttore esecutivo: Principessa Theodora von Auersperg<\/li><li>Copresidente\/CFO: Michel Pharaon<\/li><li>Medicina veterinaria\/Capo dello staff: Dr. Madlen Mateyna<\/li><\/ul><p><strong>T<\/strong> +43 1 286 2791 - <strong>e-mail:<\/strong> SaveASoul@TvAFoundation.org |<\/p><p style=\"font-weight: 400;\"><strong>Ufficio<\/strong>: 31 Eduard I. Totleben Blvd., Fl. 4\/Suite 14 - 1606 Sofia - Bulgaria |<\/p><p style=\"font-weight: 400;\"><strong>Numero di registrazione<\/strong>: 207974200 - <strong>IVA<\/strong><strong>-Nr:<\/strong> BG207974200<\/p><p style=\"font-weight: 400;\"><strong>Banca<\/strong>: Bulgarian American Credit Bank, Sofia, Bulgaria\u00a0<\/p><p><strong>IBAN: <\/strong>BG63BGUS91601412066400<\/p><p style=\"font-weight: 400;\"><strong>BIC\/SWIFT<\/strong>: BGUSBGSFXXX<\/p><p style=\"font-weight: 400;\"><strong>PayPal<\/strong>: SaveASoul@TvAFoundation.org<img fetchpriority=\"high\" data-attachment-id=\"21856\" data-permalink=\"https:\/\/tva-foundation.org\/it\/qrcode\/\" data-orig-file=\"https:\/\/tva-foundation.org\/wp-content\/uploads\/2025\/11\/qrcode.png\" data-orig-size=\"500,500\" data-comments-opened=\"1\" data-image-meta=\"{&quot;aperture&quot;:&quot;0&quot;,&quot;credit&quot;:&quot;&quot;,&quot;camera&quot;:&quot;&quot;,&quot;caption&quot;:&quot;&quot;,&quot;created_timestamp&quot;:&quot;0&quot;,&quot;copyright&quot;:&quot;&quot;,&quot;focal_length&quot;:&quot;0&quot;,&quot;iso&quot;:&quot;0&quot;,&quot;shutter_speed&quot;:&quot;0&quot;,&quot;title&quot;:&quot;&quot;,&quot;orientation&quot;:&quot;0&quot;}\" data-image-title=\"PayPal QR code\" data-image-description=\"\" data-image-caption=\"\" data-large-file=\"https:\/\/tva-foundation.org\/wp-content\/uploads\/2025\/11\/qrcode.png\" class=\"alignnone size-medium wp-image-21856\" src=\"https:\/\/tva-foundation.org\/wp-content\/uploads\/2025\/11\/qrcode-300x300.png?crop=1\" alt=\"TvA International Foundation\" width=\"300\" height=\"300\" srcset=\"https:\/\/tva-foundation.org\/wp-content\/uploads\/2025\/11\/qrcode-300x300.png?crop=1 300w, https:\/\/tva-foundation.org\/wp-content\/uploads\/2025\/11\/qrcode-150x150.png?crop=1 150w, https:\/\/tva-foundation.org\/wp-content\/uploads\/2025\/11\/qrcode-12x12.png 12w, https:\/\/tva-foundation.org\/wp-content\/uploads\/2025\/11\/qrcode-100x100.png?crop=1 100w, https:\/\/tva-foundation.org\/wp-content\/uploads\/2025\/11\/qrcode.png 500w\" sizes=\"(max-width: 300px) 100vw, 300px\" \/><\/p><p><strong>CENTRO ESPERANZA FOR LIFE EOOD - BULGARIA<\/strong><\/p><p><strong>Manager:<\/strong> Dr. Madlen Mateyna - Capo del personale\/Medicina veterinaria<\/p><p><strong>T<\/strong> +359 87 7752877 - <strong>e-mail<\/strong>: SaveASoul@TvAFoundation.org |<\/p><p><strong>Indirizzo: <\/strong>Zona industriale settentrionale, via Rogoshko Shose 6B, 4003 Plovdiv\u00a0<\/p><p style=\"font-weight: 400;\"><strong>Numero di registrazione<\/strong>: 208677611 - <strong>IVA<\/strong><strong>-Nr.<\/strong>: BG208677611<\/p><p style=\"font-weight: 400;\"><strong>Banca<\/strong>: Bulgarian American Credit Bank, Plovdiv, Bulgaria\u00a0<\/p><p><strong>IBAN: <\/strong>BG18BGUS91601413606600<\/p><p style=\"font-weight: 400;\"><strong>BIC\/SWIFT<\/strong>: BGUSBGSFXXX<\/p>\t\t\t\t\t\t\t\t<\/div>\n\t\t\t\t<\/div>\n\t\t\t\t<\/div>\n\t\t\t\t\t<\/div>\n\t\t\t\t<\/div>\n\t\t<div class=\"elementor-element elementor-element-41958a7 e-flex e-con-boxed e-con e-parent\" data-id=\"41958a7\" data-element_type=\"container\" data-e-type=\"container\">\n\t\t\t\t\t<div class=\"e-con-inner\">\n\t\t\t\t<div class=\"elementor-element elementor-element-d64f478 elementor-widget elementor-widget-spacer\" data-id=\"d64f478\" data-element_type=\"widget\" data-e-type=\"widget\" data-widget_type=\"spacer.default\">\n\t\t\t\t<div class=\"elementor-widget-container\">\n\t\t\t\t\t\t\t<div class=\"elementor-spacer\">\n\t\t\t<div class=\"elementor-spacer-inner\"><\/div>\n\t\t<\/div>\n\t\t\t\t\t\t<\/div>\n\t\t\t\t<\/div>\n\t\t\t\t\t<\/div>\n\t\t\t\t<\/div>\n\t\t<div class=\"elementor-element elementor-element-a8f7898 e-flex e-con-boxed e-con e-parent\" data-id=\"a8f7898\" data-element_type=\"container\" data-e-type=\"container\">\n\t\t\t\t\t<div class=\"e-con-inner\">\n\t\t\t\t<div class=\"elementor-element elementor-element-8f3bbe4 elementor-widget elementor-widget-heading\" data-id=\"8f3bbe4\" data-element_type=\"widget\" data-e-type=\"widget\" data-widget_type=\"heading.default\">\n\t\t\t\t<div class=\"elementor-widget-container\">\n\t\t\t\t\t<h4 class=\"elementor-heading-title elementor-size-default\">Esclusione di responsabilit\u00e0<\/h4>\t\t\t\t<\/div>\n\t\t\t\t<\/div>\n\t\t\t\t\t<\/div>\n\t\t\t\t<\/div>\n\t\t<div class=\"elementor-element elementor-element-efc2ca8 e-flex e-con-boxed e-con e-parent\" data-id=\"efc2ca8\" data-element_type=\"container\" data-e-type=\"container\">\n\t\t\t\t\t<div class=\"e-con-inner\">\n\t\t\t\t<div class=\"elementor-element elementor-element-c9b40bb elementor-widget elementor-widget-spacer\" data-id=\"c9b40bb\" data-element_type=\"widget\" data-e-type=\"widget\" data-widget_type=\"spacer.default\">\n\t\t\t\t<div class=\"elementor-widget-container\">\n\t\t\t\t\t\t\t<div class=\"elementor-spacer\">\n\t\t\t<div class=\"elementor-spacer-inner\"><\/div>\n\t\t<\/div>\n\t\t\t\t\t\t<\/div>\n\t\t\t\t<\/div>\n\t\t\t\t\t<\/div>\n\t\t\t\t<\/div>\n\t\t<div class=\"elementor-element elementor-element-d1c2179 e-flex e-con-boxed e-con e-parent\" data-id=\"d1c2179\" data-element_type=\"container\" data-e-type=\"container\">\n\t\t\t\t\t<div class=\"e-con-inner\">\n\t\t\t\t<div class=\"elementor-element elementor-element-531fd99 elementor-widget elementor-widget-text-editor\" data-id=\"531fd99\" data-element_type=\"widget\" data-e-type=\"widget\" data-widget_type=\"text-editor.default\">\n\t\t\t\t<div class=\"elementor-widget-container\">\n\t\t\t\t\t\t\t\t\t<div class=\"text-orange-500 markdown prose w-full break-words dark:prose-invert light\"><p>Le informazioni fornite in questo sito web sono solo a scopo informativo generale.  Pur impegnandoci a mantenere le informazioni aggiornate e precise, non forniamo alcuna dichiarazione o garanzia di alcun tipo, espressa o implicita, circa la completezza, l'accuratezza, l'affidabilit\u00e0, l'idoneit\u00e0 o la disponibilit\u00e0 rispetto al sito web o alle informazioni, ai prodotti, ai servizi o alla relativa grafica contenuti in questo sito web per qualsiasi scopo.  Qualsiasi affidamento fatto su tali informazioni \u00e8 quindi strettamente a rischio dell'utente.<\/p><p>In nessun caso saremo responsabili per qualsiasi perdita o danno, inclusi, senza limitazioni, perdite o danni indiretti o consequenziali, o qualsiasi perdita o danno derivante da perdita di dati o profitti derivanti da, o in connessione con, l'uso di questo sito web.<\/p><p>Attraverso questo sito web \u00e8 possibile collegarsi ad altri siti web che non sono sotto il controllo di <strong>Fondazione TvA International<\/strong>.  Non abbiamo alcun controllo sulla natura, il contenuto e la disponibilit\u00e0 di tali siti.  L'inclusione di qualsiasi link non implica necessariamente una raccomandazione o l'approvazione delle opinioni espresse in essi.<\/p><p><strong>Ci sforziamo di mantenere <a href=\"http:\/\/www.TvA-Foundation.org\" rel=\"nofollow\">http:\/\/www.TvA-Foundation.org<\/a> e funzionante senza problemi.  Tuttavia, TvA International Foundation non si assume alcuna responsabilit\u00e0 per, e non sar\u00e0 responsabile per <a href=\"http:\/\/www.TvA-Foundation.org\" rel=\"nofollow\">http:\/\/www.TvA-Foundation.org<\/a> temporaneamente non disponibile a causa di problemi tecnici che esulano dal nostro controllo.<\/strong><\/p><\/div><div class=\"mb-2 py-2 px-3 border text-gray-600 rounded-md text-sm dark:text-gray-100 border-orange-500 bg-orange-500\/10\">\u00a0Per ulteriori dettagli vi rimandiamo al nostro <a href=\"https:\/\/tva-foundation.org\/it\/terms-of-use\/\">Condizioni di utilizzo<\/a> pagina.<\/div>\t\t\t\t\t\t\t\t<\/div>\n\t\t\t\t<\/div>\n\t\t\t\t\t<\/div>\n\t\t\t\t<\/div>\n\t\t\t\t<\/div>","protected":false},"excerpt":{"rendered":"<p>|\u00a0Theodora von Auersperg \u00a0International \u00a0Foundation |\u00a0 | For the Good of Animals and Children | \u00a0 Save A Soul | The TvA International Foundation is an independent Non-Profit and Non-Governmental Organization, incorporated in compliance with the Non-Profit Legal Entities Act (NPLEA) in Austria and Bulgaria, for the Good of Children and Animals with the Purpose [&hellip;]<\/p>\n","protected":false},"author":38320787,"featured_media":4265,"parent":0,"menu_order":0,"comment_status":"closed","ping_status":"closed","template":"","meta":{"footnotes":""},"class_list":["post-4264","page","type-page","status-publish","has-post-thumbnail","hentry"],"jetpack_likes_enabled":true,"jetpack_sharing_enabled":true,"jetpack_shortlink":"https:\/\/wp.me\/Pf58jH-16M","jetpack-related-posts":[],"_links":{"self":[{"href":"https:\/\/tva-foundation.org\/it\/wp-json\/wp\/v2\/pages\/4264","targetHints":{"allow":["GET"]}}],"collection":[{"href":"https:\/\/tva-foundation.org\/it\/wp-json\/wp\/v2\/pages"}],"about":[{"href":"https:\/\/tva-foundation.org\/it\/wp-json\/wp\/v2\/types\/page"}],"author":[{"embeddable":true,"href":"https:\/\/tva-foundation.org\/it\/wp-json\/wp\/v2\/users\/38320787"}],"replies":[{"embeddable":true,"href":"https:\/\/tva-foundation.org\/it\/wp-json\/wp\/v2\/comments?post=4264"}],"version-history":[{"count":100,"href":"https:\/\/tva-foundation.org\/it\/wp-json\/wp\/v2\/pages\/4264\/revisions"}],"predecessor-version":[{"id":23540,"href":"https:\/\/tva-foundation.org\/it\/wp-json\/wp\/v2\/pages\/4264\/revisions\/23540"}],"wp:featuredmedia":[{"embeddable":true,"href":"https:\/\/tva-foundation.org\/it\/wp-json\/wp\/v2\/media\/4265"}],"wp:attachment":[{"href":"https:\/\/tva-foundation.org\/it\/wp-json\/wp\/v2\/media?parent=4264"}],"curies":[{"name":"wp","href":"https:\/\/api.w.org\/{rel}","templated":true}]}}