{"id":6152,"date":"2025-07-04T10:44:06","date_gmt":"2025-07-04T08:44:06","guid":{"rendered":"https:\/\/tva-foundation.org\/?post_type=product&#038;p=6152"},"modified":"2026-03-22T19:19:40","modified_gmt":"2026-03-22T18:19:40","slug":"rose-garden","status":"publish","type":"product","link":"https:\/\/tva-foundation.org\/it\/prodotto\/rose-garden\/","title":{"rendered":"GIARDINO DELLE ROSE"},"content":{"rendered":"<h6><strong>Vi presentiamo \"Rose Garden\", una stampa Mandala Fine Art in edizione limitata che fiorisce con eleganza e bellezza senza tempo.<\/strong><\/h6>\n<p>Delicati petali e intricati motivi si intrecciano, creando una sinfonia visiva che ricorda un rigoglioso roseto in piena fioritura. La ricca e armoniosa palette di colori cattura l'essenza del romanticismo e della tranquillit\u00e0, portando un tocco di raffinatezza floreale al vostro spazio.<\/p>\n<p>Elevate i vostri ambienti con questa stampa esclusiva, dove il mandala \"Rose Garden\" vi invita a immergervi nel fascino accattivante della fioritura pi\u00f9 amata della natura.<\/p>\n<p>Impreziosite il vostro spazio con la grazia duratura di questo capolavoro in edizione limitata.<\/p>","protected":false},"excerpt":{"rendered":"<h6><strong>Stampa d'arte del Mandala in edizione limitata della Principessa Theodora von Auersperg<\/strong><\/h6>\n<p>Simboleggiando la natura ciclica della vita, dell'universo e dei vari aspetti dell'esistenza, i mandala rappresentano l'ordine e l'equilibrio del cosmo. Creati come opere d'arte, esprimono creativit\u00e0 e individualit\u00e0. Creare o contemplare un mandala \u00e8 spesso considerato una pratica meditativa. La natura ripetitiva degli schemi pu\u00f2 aiutare a calmare la mente e a promuovere un senso di concentrazione e consapevolezza.<\/p>\n<p><strong>Prezzo comprensivo di spese di spedizione<\/strong><\/p>","protected":false},"featured_media":5368,"comment_status":"open","ping_status":"closed","template":"","meta":{"jetpack_publicize_message":"","jetpack_publicize_feature_enabled":true,"jetpack_social_post_already_shared":true,"jetpack_social_options":{"image_generator_settings":{"template":"highway","default_image_id":0,"font":"","enabled":false},"version":2},"_wpas_customize_per_network":false},"product_brand":[],"product_cat":[1450,1402],"product_tag":[1451,1452,1454,1455,1457,1453,1460],"class_list":{"0":"post-6152","1":"product","2":"type-product","3":"status-publish","4":"has-post-thumbnail","6":"product_cat-art","7":"product_cat-mandalas","8":"product_tag-art","9":"product_tag-fine-art","10":"product_tag-limited-edition","11":"product_tag-mandala","12":"product_tag-princess-theodora","13":"product_tag-print","14":"product_tag-rose-garden","16":"first","17":"instock","18":"taxable","19":"shipping-taxable","20":"purchasable","21":"product-type-simple"},"jetpack_publicize_connections":[],"jetpack_likes_enabled":true,"jetpack_sharing_enabled":true,"jetpack-related-posts":[],"_links":{"self":[{"href":"https:\/\/tva-foundation.org\/it\/wp-json\/wp\/v2\/product\/6152","targetHints":{"allow":["GET"]}}],"collection":[{"href":"https:\/\/tva-foundation.org\/it\/wp-json\/wp\/v2\/product"}],"about":[{"href":"https:\/\/tva-foundation.org\/it\/wp-json\/wp\/v2\/types\/product"}],"replies":[{"embeddable":true,"href":"https:\/\/tva-foundation.org\/it\/wp-json\/wp\/v2\/comments?post=6152"}],"wp:featuredmedia":[{"embeddable":true,"href":"https:\/\/tva-foundation.org\/it\/wp-json\/wp\/v2\/media\/5368"}],"wp:attachment":[{"href":"https:\/\/tva-foundation.org\/it\/wp-json\/wp\/v2\/media?parent=6152"}],"wp:term":[{"taxonomy":"product_brand","embeddable":true,"href":"https:\/\/tva-foundation.org\/it\/wp-json\/wp\/v2\/product_brand?post=6152"},{"taxonomy":"product_cat","embeddable":true,"href":"https:\/\/tva-foundation.org\/it\/wp-json\/wp\/v2\/product_cat?post=6152"},{"taxonomy":"product_tag","embeddable":true,"href":"https:\/\/tva-foundation.org\/it\/wp-json\/wp\/v2\/product_tag?post=6152"}],"curies":[{"name":"wp","href":"https:\/\/api.w.org\/{rel}","templated":true}]}}